{"id":10024,"date":"2014-12-07T19:02:48","date_gmt":"2014-12-07T19:02:48","guid":{"rendered":"http:\/\/www.aic-iac.org\/?page_id=10024"},"modified":"2025-07-02T10:33:43","modified_gmt":"2025-07-02T10:33:43","slug":"archives-des-assemblees-generales","status":"publish","type":"page","link":"https:\/\/www.aic-iac.org\/en\/activite\/archives-des-assemblees-generales\/","title":{"rendered":"General Assembly Archives","raw":"General Assembly Archives"},"content":{"rendered":"<table>\n<tbody>\n<tr>\n<td colspan=\"2\"><a href=\"https:\/\/www.aic-iac.org\/en\/academy\/iac-council\/img_0659\/\" rel=\"attachment wp-att-25057\"><img loading=\"lazy\" decoding=\"async\" class=\"alignright size-full wp-image-25057\" src=\"https:\/\/www.aic-iac.org\/wp-content\/uploads\/IMG_0659.jpg\" alt=\"\" width=\"3000\" height=\"2000\" srcset=\"https:\/\/www.aic-iac.org\/wp-content\/uploads\/IMG_0659.jpg 3000w, https:\/\/www.aic-iac.org\/wp-content\/uploads\/IMG_0659-300x200.jpg 300w, https:\/\/www.aic-iac.org\/wp-content\/uploads\/IMG_0659-940x627.jpg 940w\" sizes=\"(max-width: 3000px) 100vw, 3000px\" \/><\/a><\/td>\n<\/tr>\n<tr>\n<td>\n<p class=\"p1\">The first general assembly of the IAC was held in 1954 at the Ariana Museum in Geneva. That year, 14 participants from 14 countries attended.<\/p>\n<p>Since then, biennial General Assemblies have helped build the spirit and the network of the Academy around the world.<\/p>\n<\/td>\n<td>\n<p class=\"p1\">Soon you will be able to explore the archive of past programs and conferences, and also see images of the exhibitions and events organized at the Assemblies.<\/p>\n<p>&nbsp;<\/p>\n<p>&nbsp;<\/p>\n<\/td>\n<\/tr>\n<\/tbody>\n<\/table>\n<table>\n<tbody>\n<tr>\n<td>\n<p><span style=\"text-decoration: underline;\">Previous general assemblies<\/span><\/p>\n<p><a href=\"https:\/\/alcobaca-caldas2024.aic-iac.org\/\">2024 Alcoba\u00e7a &amp; Caldas da Rainha, Portugal<\/a><br \/><a href=\"https:\/\/geneve2022.aic-iac.org\/\">2022 Geneva, Switzerland<\/a><br \/><a href=\"https:\/\/rovaniemi-posio2021.aic-iac.org\/\">2020 Rovaniemi\/Posio, Finland<\/a><br \/>2018 New Taipei City, Chinese Taipei<br \/><a href=\"https:\/\/barcelona2016.aic-iac.org\">2016 \u00a0Barcelona, Spain<\/a><a href=\"https:\/\/www.aic-iac.org\/wp-content\/uploads\/iac2014_F04_spreads.pdf\"><br \/>2014 \u00a0Dublin, Ireland<\/a><br \/><a href=\"https:\/\/www.aic-iac.org\/en\/accueil\/subscriptions\/activity\/general-assembly-archives\/2012-santa-fe-usa\/\">2012 \u00a0Santa Fe, United States<\/a><br \/>2010 \u00a0Paris, France<br \/><a href=\"https:\/\/www.aic-iac.org\/oldsite\/archive\/assemblies\/china\/2008xian.html\">2008 \u00a0Xi&#8217;an, China<\/a><br \/>2006 \u00a0Riga, Latvia<br \/>2004 \u00a0Icheon,\u00a0Korea<br \/>2002 \u00a0Athens, Greece<br \/>2000 \u00a0Frechen, Germany<br \/>1998 \u00a0Waterloo, Canada<br \/>1996 \u00a0Nagoya &amp; Saga, Japan<br \/>1994 \u00a0Prague, Czech Republic<br \/>1992 \u00a0Istanbul, Turkey<br \/>1990 \u00a0Edinburgh, United Kingdom<br \/>1988 \u00a0Sydney, Australia<br \/>1986 \u00a0Valencia, Spains<br \/>1984 \u00a0Boston, United States<br \/>1983 \u00a0Z\u00fcrich &amp; Ittigen, Switzerland<br \/>1982 \u00a0Sikl\u00f3s, Hungary<br \/><a href=\"https:\/\/www.aic-iac.org\/wp-content\/uploads\/histoire1981-program.pdf\">1981 \u00a0Paris, France<\/a><br \/>1980 \u00a0Kyoto, Japan<br \/>1979 \u00a0Barcelona, Spain<br \/>1978 \u00a0Geneva, Switzerland<br \/>1977 \u00a0Faenza, Italy<br \/>1976 \u00a0Vallauris, France<br \/>1975 \u00a0Brussels, Belgium<br \/>1974 \u00a0Z\u00fcrich, Switzerland<br \/>1973 \u00a0Banff, Canada<br \/>1972 \u00a0London, United Kingdom<br \/>1971 \u00a0Geneva, Switzerland<br \/>1970 \u00a0Prague, Czech Republic<br \/>1969 \u00a0Stuttgart, Germany<br \/><a href=\"https:\/\/www.aic-iac.org\/wp-content\/uploads\/histoire1968program.pdf\">1968 \u00a0Faenza, Italy<\/a><br \/>1967 \u00a0Istanbul, Turkey<br \/>1966 \u00a0Geneva, Switzerland<br \/>1965 \u00a0Geneva, Switzerland<br \/>1964 \u00a0Geneva, Switzerland<br \/>1963 \u00a0Geneva, Switzerland<br \/>1962 \u00a0Geneva, Switzerland<br \/>1961 \u00a0Geneva, Switzerland<br \/>1960 \u00a0Geneva, Switzerland<br \/>1959 \u00a0Oostende, Belgium<br \/>1958 \u00a0Geneva, Switzerland<br \/>1957 \u00a0Geneva, Switzerland<br \/>1956 \u00a0Geneva, Switzerland<br \/>1955 \u00a0Geneva, Switzerland<br \/>1954 \u00a0Geneva, Switzerland<\/p>\n<\/td>\n<\/tr>\n<tr>\n<td>\n<p><span style=\"text-decoration: underline;\">\u00a0<\/span><\/p>\n<\/td>\n<\/tr>\n<\/tbody>\n<\/table>\n<p>&nbsp;<\/p>\n","protected":false,"raw":"<table>\r\n<tbody>\r\n<tr>\r\n<td colspan=\"2\"><a href=\"https:\/\/www.aic-iac.org\/en\/academy\/iac-council\/img_0659\/\" rel=\"attachment wp-att-25057\"><img class=\"alignright size-full wp-image-25057\" src=\"https:\/\/www.aic-iac.org\/wp-content\/uploads\/IMG_0659.jpg\" alt=\"\" width=\"3000\" height=\"2000\" \/><\/a><\/td>\r\n<\/tr>\r\n<tr>\r\n<td>\r\n<p class=\"p1\">The first general assembly of the IAC was held in 1954 at the Ariana Museum in Geneva. That year, 14 participants from 14 countries attended.<\/p>\r\n<p>Since then, biennial General Assemblies have helped build the spirit and the network of the Academy around the world.<\/p>\r\n<\/td>\r\n<td>\r\n<p class=\"p1\">Soon you will be able to explore the archive of past programs and conferences, and also see images of the exhibitions and events organized at the Assemblies.<\/p>\r\n<p>&nbsp;<\/p>\r\n<p>&nbsp;<\/p>\r\n<\/td>\r\n<\/tr>\r\n<\/tbody>\r\n<\/table>\r\n<table>\r\n<tbody>\r\n<tr>\r\n<td>\r\n<p><span style=\"text-decoration: underline;\">Previous general assemblies<\/span><\/p>\r\n<p><a href=\"https:\/\/alcobaca-caldas2024.aic-iac.org\/\">2024 Alcoba\u00e7a &amp; Caldas da Rainha, Portugal<\/a><br \/><a href=\"https:\/\/geneve2022.aic-iac.org\/\">2022 Geneva, Switzerland<\/a><br \/><a href=\"https:\/\/rovaniemi-posio2021.aic-iac.org\/\">2020 Rovaniemi\/Posio, Finland<\/a><br \/>2018 New Taipei City, Chinese Taipei<br \/><a href=\"https:\/\/barcelona2016.aic-iac.org\">2016 \u00a0Barcelona, Spain<\/a><a href=\"https:\/\/www.aic-iac.org\/wp-content\/uploads\/iac2014_F04_spreads.pdf\"><br \/>2014 \u00a0Dublin, Ireland<\/a><br \/><a href=\"https:\/\/www.aic-iac.org\/en\/accueil\/subscriptions\/activity\/general-assembly-archives\/2012-santa-fe-usa\/\">2012 \u00a0Santa Fe, United States<\/a><br \/>2010 \u00a0Paris, France<br \/><a href=\"https:\/\/www.aic-iac.org\/oldsite\/archive\/assemblies\/china\/2008xian.html\">2008 \u00a0Xi'an, China<\/a><br \/>2006 \u00a0Riga, Latvia<br \/>2004 \u00a0Icheon,\u00a0Korea<br \/>2002 \u00a0Athens, Greece<br \/>2000 \u00a0Frechen, Germany<br \/>1998 \u00a0Waterloo, Canada<br \/>1996 \u00a0Nagoya &amp; Saga, Japan<br \/>1994 \u00a0Prague, Czech Republic<br \/>1992 \u00a0Istanbul, Turkey<br \/>1990 \u00a0Edinburgh, United Kingdom<br \/>1988 \u00a0Sydney, Australia<br \/>1986 \u00a0Valencia, Spains<br \/>1984 \u00a0Boston, United States<br \/>1983 \u00a0Z\u00fcrich &amp; Ittigen, Switzerland<br \/>1982 \u00a0Sikl\u00f3s, Hungary<br \/><a href=\"https:\/\/www.aic-iac.org\/wp-content\/uploads\/histoire1981-program.pdf\">1981 \u00a0Paris, France<\/a><br \/>1980 \u00a0Kyoto, Japan<br \/>1979 \u00a0Barcelona, Spain<br \/>1978 \u00a0Geneva, Switzerland<br \/>1977 \u00a0Faenza, Italy<br \/>1976 \u00a0Vallauris, France<br \/>1975 \u00a0Brussels, Belgium<br \/>1974 \u00a0Z\u00fcrich, Switzerland<br \/>1973 \u00a0Banff, Canada<br \/>1972 \u00a0London, United Kingdom<br \/>1971 \u00a0Geneva, Switzerland<br \/>1970 \u00a0Prague, Czech Republic<br \/>1969 \u00a0Stuttgart, Germany<br \/><a href=\"https:\/\/www.aic-iac.org\/wp-content\/uploads\/histoire1968program.pdf\">1968 \u00a0Faenza, Italy<\/a><br \/>1967 \u00a0Istanbul, Turkey<br \/>1966 \u00a0Geneva, Switzerland<br \/>1965 \u00a0Geneva, Switzerland<br \/>1964 \u00a0Geneva, Switzerland<br \/>1963 \u00a0Geneva, Switzerland<br \/>1962 \u00a0Geneva, Switzerland<br \/>1961 \u00a0Geneva, Switzerland<br \/>1960 \u00a0Geneva, Switzerland<br \/>1959 \u00a0Oostende, Belgium<br \/>1958 \u00a0Geneva, Switzerland<br \/>1957 \u00a0Geneva, Switzerland<br \/>1956 \u00a0Geneva, Switzerland<br \/>1955 \u00a0Geneva, Switzerland<br \/>1954 \u00a0Geneva, Switzerland<\/p>\r\n<\/td>\r\n<\/tr>\r\n<tr>\r\n<td>\r\n<p><span style=\"text-decoration: underline;\">\u00a0<\/span><\/p>\r\n<\/td>\r\n<\/tr>\r\n<\/tbody>\r\n<\/table>\r\n<p>&nbsp;<\/p>"},"excerpt":{"rendered":"<p>The first general assembly of the IAC was held in 1954 at the Ariana Museum in Geneva. <\/p>\n","protected":false,"raw":"The first general assembly of the IAC was held in 1954 at the Ariana Museum in Geneva. "},"author":4,"featured_media":25057,"parent":17378,"menu_order":8,"comment_status":"closed","ping_status":"closed","template":"","meta":{"_fr_post_content":"<table>\r\n<tbody>\r\n<tr>\r\n<td colspan=\"2\"><a href=\"https:\/\/www.aic-iac.org\/academie\/le-conseil-de-laic\/img_0659\/\" rel=\"attachment wp-att-25057\"><img class=\"alignright wp-image-25057 size-full\" src=\"https:\/\/www.aic-iac.org\/wp-content\/uploads\/IMG_0659.jpg\" alt=\"Congr\u00e8s Barcelone 2016\" width=\"3000\" height=\"2000\" \/><\/a><\/td>\r\n<\/tr>\r\n<tr>\r\n<td>\r\n<p>La premi\u00e8re assembl\u00e9e g\u00e9n\u00e9rale de l'AIC s'est tenue en 1954 au Mus\u00e9e Ariana \u00e0 Gen\u00e8ve. Cette ann\u00e9e-l\u00e0 14 participants repr\u00e9sentaient 14 pays.<\/p>\r\n<p>Depuis cette date, 48 assembl\u00e9es g\u00e9n\u00e9rales ont contribu\u00e9 \u00e0 b\u00e2tir l'esprit et le r\u00e9seau de l'Acad\u00e9mie autour du monde.<\/p>\r\n<p>&nbsp;<\/p>\r\n<\/td>\r\n<td>\r\n<p>Bient\u00f4t vous pourrez explorer les archives des programmes et des conf\u00e9rences pass\u00e9es, mais aussi voir et revoir les images des expositions et des \u00e9v\u00e9nements organis\u00e9s lors des assembl\u00e9es.<\/p>\r\n<p>&nbsp;<\/p>\r\n<\/td>\r\n<\/tr>\r\n<\/tbody>\r\n<\/table>\r\n<table>\r\n<tbody>\r\n<tr>\r\n<td>\r\n<p><span style=\"text-decoration: underline;\"><span style=\"text-decoration: underline;\"><span style=\"text-decoration: underline;\">Assembl\u00e9es g\u00e9n\u00e9rales pr\u00e9c\u00e9dentes<\/span><\/span><\/span><\/p>\r\n<p><a href=\"https:\/\/alcobaca-caldas2024.aic-iac.org\/fr\/\">2024 Alcoba\u00e7a &amp; Caldas da Rainha, Portugal<\/a><br \/><a href=\"https:\/\/geneve2022.aic-iac.org\/\">2022 Geneve, Suisse.<\/a><br \/><a href=\"https:\/\/rovaniemi-posio2021.aic-iac.org\/fr\/\">2020 Rovaniemi\/Posio, Finland<\/a><br \/>2018 New Taipei City, Chinese Taipei<br \/><a href=\"https:\/\/barcelona2016.aic-iac.org\/fr\/\">2016 \u00a0Barcelona, Espagne<\/a><a href=\"https:\/\/www.aic-iac.org\/wp-content\/uploads\/iac2014_F04_spreads.pdf\"><br \/>2014 \u00a0Dublin, Irlande<\/a><br \/><a href=\"https:\/\/www.aic-iac.org\/accueil\/cotisation\/activite\/archives-des-assemblees-generales\/2012-santa-fe-usa\/\">2012 \u00a0Santa Fe, \u00c9tats-Unis<\/a><br \/>2010 \u00a0Paris, France<br \/><a href=\"https:\/\/www.aic-iac.org\/oldsite\/archive\/assemblies\/china\/2008xian.html\">2008 \u00a0Xi'an, Chine<\/a><br \/>2006 \u00a0Riga, Lettonie<br \/>2004 \u00a0Icheon, R\u00e9publique de Cor\u00e9e<br \/>2002 \u00a0Ath\u00e8nes, Gr\u00e8ce<br \/>2000 \u00a0Frechen, Allemagne<br \/>1998 \u00a0Waterloo, Canada<br \/>1996 \u00a0Nagoya &amp; Saga, Japon<br \/>1994 \u00a0Prague, R\u00e9publique Tch\u00e8que<br \/>1992 \u00a0Istanbul, Turquie<br \/>1990 \u00a0\u00c9dimbourg, Royaume-Uni<br \/>1988 \u00a0Sydney, Australie<br \/>1986 \u00a0Valence, Espagne<br \/>1984 \u00a0Boston, \u00c9tats-Unis<br \/>1983 \u00a0Z\u00fcrich &amp; Ittigen, Suisse<br \/>1982 \u00a0Sikl\u00f3s, Hongrie<br \/><a href=\"https:\/\/www.aic-iac.org\/wp-content\/uploads\/histoire1981-program.pdf\">1981 \u00a0Paris, France<\/a><br \/>1980 \u00a0Kyoto, Japon<br \/>1979 \u00a0Barcelone, Espagne<br \/>1978 \u00a0Gen\u00e8ve, Suisse<br \/>1977 \u00a0Faenza, Italie<br \/>1976 \u00a0Vallauris, France<br \/>1975 \u00a0Bruxelles, Belgique<br \/>1974 \u00a0Z\u00fcrich, Suisse<br \/>1973 \u00a0Banff, Canada<br \/>1972 \u00a0Londres, Royaume-Uni<br \/>1971 \u00a0Gen\u00e8ve, Suisse<br \/>1970 \u00a0Prague, R\u00e9publique Tch\u00e8que<br \/>1969 \u00a0Stuttgart, Allemagne<br \/><a href=\"https:\/\/www.aic-iac.org\/wp-content\/uploads\/histoire1968program.pdf\">1968 \u00a0Faenza, Italie<\/a><br \/>1967 \u00a0Istanbul, Turquie<br \/>1966 \u00a0Gen\u00e8ve, Suisse<br \/>1965 \u00a0Gen\u00e8ve, Suisse<br \/>1964 \u00a0Gen\u00e8ve, Suisse<br \/>1963 \u00a0Gen\u00e8ve, Suisse<br \/>1962 \u00a0Gen\u00e8ve, Suisse<br \/>1961 \u00a0Gen\u00e8ve, Suisse<br \/>1960 \u00a0Gen\u00e8ve, Suisse<br \/>1959 \u00a0Oostende, Belgique<br \/>1958 \u00a0Gen\u00e8ve, Suisse<br \/>1957 \u00a0Gen\u00e8ve, Suisse<br \/>1956 \u00a0Gen\u00e8ve, Suisse<br \/>1955 \u00a0Gen\u00e8ve, Suisse<br \/>1954 \u00a0Gen\u00e8ve, Suisse<\/p>\r\n<\/td>\r\n<\/tr>\r\n<tr>\r\n<td>\r\n<p><span style=\"text-decoration: underline;\"><span style=\"text-decoration: underline;\"><span style=\"text-decoration: underline;\">\u00a0<\/span><\/span><\/span><\/p>\r\n<\/td>\r\n<\/tr>\r\n<\/tbody>\r\n<\/table>\r\n<p>&nbsp;<\/p>","_fr_post_name":"archives-des-assemblees-generales","_fr_post_excerpt":"La premi\u00e8re assembl\u00e9 g\u00e9n\u00e9rale de l'AIC s'est tenue en 1954 au mus\u00e9e de l'Ariana \u00e0 Gen\u00e8ve. ","_fr_post_title":"Archives des Assembl\u00e9es G\u00e9n\u00e9rales","_en_post_content":"<table>\r\n<tbody>\r\n<tr>\r\n<td colspan=\"2\"><a href=\"https:\/\/www.aic-iac.org\/en\/academy\/iac-council\/img_0659\/\" rel=\"attachment wp-att-25057\"><img class=\"alignright size-full wp-image-25057\" src=\"https:\/\/www.aic-iac.org\/wp-content\/uploads\/IMG_0659.jpg\" alt=\"\" width=\"3000\" height=\"2000\" \/><\/a><\/td>\r\n<\/tr>\r\n<tr>\r\n<td>\r\n<p class=\"p1\">The first general assembly of the IAC was held in 1954 at the Ariana Museum in Geneva. That year, 14 participants from 14 countries attended.<\/p>\r\n<p>Since then, biennial General Assemblies have helped build the spirit and the network of the Academy around the world.<\/p>\r\n<\/td>\r\n<td>\r\n<p class=\"p1\">Soon you will be able to explore the archive of past programs and conferences, and also see images of the exhibitions and events organized at the Assemblies.<\/p>\r\n<p>&nbsp;<\/p>\r\n<p>&nbsp;<\/p>\r\n<\/td>\r\n<\/tr>\r\n<\/tbody>\r\n<\/table>\r\n<table>\r\n<tbody>\r\n<tr>\r\n<td>\r\n<p><span style=\"text-decoration: underline;\">Previous general assemblies<\/span><\/p>\r\n<p><a href=\"https:\/\/alcobaca-caldas2024.aic-iac.org\/\">2024 Alcoba\u00e7a &amp; Caldas da Rainha, Portugal<\/a><br \/><a href=\"https:\/\/geneve2022.aic-iac.org\/\">2022 Geneva, Switzerland<\/a><br \/><a href=\"https:\/\/rovaniemi-posio2021.aic-iac.org\/\">2020 Rovaniemi\/Posio, Finland<\/a><br \/>2018 New Taipei City, Chinese Taipei<br \/><a href=\"https:\/\/barcelona2016.aic-iac.org\">2016 \u00a0Barcelona, Spain<\/a><a href=\"https:\/\/www.aic-iac.org\/wp-content\/uploads\/iac2014_F04_spreads.pdf\"><br \/>2014 \u00a0Dublin, Ireland<\/a><br \/><a href=\"https:\/\/www.aic-iac.org\/en\/accueil\/subscriptions\/activity\/general-assembly-archives\/2012-santa-fe-usa\/\">2012 \u00a0Santa Fe, United States<\/a><br \/>2010 \u00a0Paris, France<br \/><a href=\"https:\/\/www.aic-iac.org\/oldsite\/archive\/assemblies\/china\/2008xian.html\">2008 \u00a0Xi'an, China<\/a><br \/>2006 \u00a0Riga, Latvia<br \/>2004 \u00a0Icheon,\u00a0Korea<br \/>2002 \u00a0Athens, Greece<br \/>2000 \u00a0Frechen, Germany<br \/>1998 \u00a0Waterloo, Canada<br \/>1996 \u00a0Nagoya &amp; Saga, Japan<br \/>1994 \u00a0Prague, Czech Republic<br \/>1992 \u00a0Istanbul, Turkey<br \/>1990 \u00a0Edinburgh, United Kingdom<br \/>1988 \u00a0Sydney, Australia<br \/>1986 \u00a0Valencia, Spains<br \/>1984 \u00a0Boston, United States<br \/>1983 \u00a0Z\u00fcrich &amp; Ittigen, Switzerland<br \/>1982 \u00a0Sikl\u00f3s, Hungary<br \/><a href=\"https:\/\/www.aic-iac.org\/wp-content\/uploads\/histoire1981-program.pdf\">1981 \u00a0Paris, France<\/a><br \/>1980 \u00a0Kyoto, Japan<br \/>1979 \u00a0Barcelona, Spain<br \/>1978 \u00a0Geneva, Switzerland<br \/>1977 \u00a0Faenza, Italy<br \/>1976 \u00a0Vallauris, France<br \/>1975 \u00a0Brussels, Belgium<br \/>1974 \u00a0Z\u00fcrich, Switzerland<br \/>1973 \u00a0Banff, Canada<br \/>1972 \u00a0London, United Kingdom<br \/>1971 \u00a0Geneva, Switzerland<br \/>1970 \u00a0Prague, Czech Republic<br \/>1969 \u00a0Stuttgart, Germany<br \/><a href=\"https:\/\/www.aic-iac.org\/wp-content\/uploads\/histoire1968program.pdf\">1968 \u00a0Faenza, Italy<\/a><br \/>1967 \u00a0Istanbul, Turkey<br \/>1966 \u00a0Geneva, Switzerland<br \/>1965 \u00a0Geneva, Switzerland<br \/>1964 \u00a0Geneva, Switzerland<br \/>1963 \u00a0Geneva, Switzerland<br \/>1962 \u00a0Geneva, Switzerland<br \/>1961 \u00a0Geneva, Switzerland<br \/>1960 \u00a0Geneva, Switzerland<br \/>1959 \u00a0Oostende, Belgium<br \/>1958 \u00a0Geneva, Switzerland<br \/>1957 \u00a0Geneva, Switzerland<br \/>1956 \u00a0Geneva, Switzerland<br \/>1955 \u00a0Geneva, Switzerland<br \/>1954 \u00a0Geneva, Switzerland<\/p>\r\n<\/td>\r\n<\/tr>\r\n<tr>\r\n<td>\r\n<p><span style=\"text-decoration: underline;\">\u00a0<\/span><\/p>\r\n<\/td>\r\n<\/tr>\r\n<\/tbody>\r\n<\/table>\r\n<p>&nbsp;<\/p>","_en_post_name":"archives-des-assemblees-generales","_en_post_excerpt":"The first general assembly of the IAC was held in 1954 at the Ariana Museum in Geneva. ","_en_post_title":"General Assembly Archives","_ja_post_content":"","_ja_post_name":"","_ja_post_excerpt":"","_ja_post_title":"","_zh_post_content":"","_zh_post_name":"archives-des-assemblees-generales","_zh_post_excerpt":"","_zh_post_title":"","_es_post_content":"","_es_post_name":"","_es_post_excerpt":"","_es_post_title":"","edit_language":"en"},"class_list":["post-10024","page","type-page","status-publish","has-post-thumbnail","hentry"],"_links":{"self":[{"href":"https:\/\/www.aic-iac.org\/en\/wp-json\/wp\/v2\/pages\/10024","targetHints":{"allow":["GET"]}}],"collection":[{"href":"https:\/\/www.aic-iac.org\/en\/wp-json\/wp\/v2\/pages"}],"about":[{"href":"https:\/\/www.aic-iac.org\/en\/wp-json\/wp\/v2\/types\/page"}],"author":[{"embeddable":true,"href":"https:\/\/www.aic-iac.org\/en\/wp-json\/wp\/v2\/users\/4"}],"replies":[{"embeddable":true,"href":"https:\/\/www.aic-iac.org\/en\/wp-json\/wp\/v2\/comments?post=10024"}],"version-history":[{"count":89,"href":"https:\/\/www.aic-iac.org\/en\/wp-json\/wp\/v2\/pages\/10024\/revisions"}],"predecessor-version":[{"id":85073,"href":"https:\/\/www.aic-iac.org\/en\/wp-json\/wp\/v2\/pages\/10024\/revisions\/85073"}],"up":[{"embeddable":true,"href":"https:\/\/www.aic-iac.org\/en\/wp-json\/wp\/v2\/pages\/17378"}],"wp:featuredmedia":[{"embeddable":true,"href":"https:\/\/www.aic-iac.org\/en\/wp-json\/wp\/v2\/media\/25057"}],"wp:attachment":[{"href":"https:\/\/www.aic-iac.org\/en\/wp-json\/wp\/v2\/media?parent=10024"}],"curies":[{"name":"wp","href":"https:\/\/api.w.org\/{rel}","templated":true}]}}