{"id":23317,"date":"2016-03-17T17:56:03","date_gmt":"2016-03-17T17:56:03","guid":{"rendered":"http:\/\/www.aic-iac.org\/?page_id=23317"},"modified":"2023-04-20T14:07:11","modified_gmt":"2023-04-20T14:07:11","slug":"qui-sommes-nous","status":"publish","type":"page","link":"https:\/\/www.aic-iac.org\/en\/editorial_n0\/qui-sommes-nous\/","title":{"rendered":"About","raw":"About"},"content":{"rendered":"<table>\n<tbody>\n<tr>\n<td colspan=\"2\">\n<div id=\"attachment_24533\" style=\"width: 1275px\" class=\"wp-caption alignnone\"><img loading=\"lazy\" decoding=\"async\" aria-describedby=\"caption-attachment-24533\" class=\"wp-image-24533 size-full\" src=\"https:\/\/www.aic-iac.org\/wp-content\/uploads\/lumu.png\" alt=\"lumu\" width=\"1265\" height=\"843\" srcset=\"https:\/\/www.aic-iac.org\/wp-content\/uploads\/lumu.png 1265w, https:\/\/www.aic-iac.org\/wp-content\/uploads\/lumu-300x200.png 300w, https:\/\/www.aic-iac.org\/wp-content\/uploads\/lumu-940x626.png 940w\" sizes=\"(max-width: 1265px) 100vw, 1265px\" \/><p id=\"caption-attachment-24533\" class=\"wp-caption-text\">Lumu, China<\/p><\/div>\n<\/td>\n<\/tr>\n<tr>\n<td>\n<ul>\n<li>The editorial team of the No. 0: <br \/>Carine Bel, editorial responsible in collaboration with the IAC Council, the IAC office and the generous participations of exemplary contributors.<\/li>\n<\/ul>\n<p>The International Academy of Ceramics (IAC) is a major player in the international ceramic world. The \u201cA\u201d in IAC represents a unique space for debate, exchange and reflection where opinion leaders develop their potential for expression in the field. The IAC has set up an editorial platform that includes in its network the most influential actors in the publishing and art scene.<\/p>\n<\/td>\n<td>\n<p>By publishing its online editorial, the Academy hopes to offer a series of different perspectives on this constantly contemporary art form, reflecting both its views and those of its members, be they authors, critics, institutional actors, collectors or, of course, \u201cmakers\u201d. The editorial is a space for exchange and knowledge based on themes the IAC intends to address. This dynamic platform has been designed to present and enrich discussions among various contributors on topics central to the ceramic world, and was inaugurated in September 2016.<\/p>\n<p>&nbsp;<\/p>\n<\/td>\n<\/tr>\n<tr>\n<td>\u00a0<\/td>\n<td>\u00a0<\/td>\n<\/tr>\n<tr>\n<td>\u00a0<\/td>\n<td>\u00a0<\/td>\n<\/tr>\n<\/tbody>\n<\/table>\n<p>&nbsp;<\/p>\n","protected":false,"raw":"<table>\r\n<tbody>\r\n<tr>\r\n<td colspan=\"2\">\r\n[caption id=\"attachment_24533\" align=\"alignnone\" width=\"1265\"]<img class=\"wp-image-24533 size-full\" src=\"https:\/\/www.aic-iac.org\/wp-content\/uploads\/lumu.png\" alt=\"lumu\" width=\"1265\" height=\"843\" \/> Lumu, China[\/caption]\r\n<\/td>\r\n<\/tr>\r\n<tr>\r\n<td>\r\n<ul>\r\n<li>The editorial team of the No. 0: <br \/>Carine Bel, editorial responsible in collaboration with the IAC Council, the IAC office and the generous participations of exemplary contributors.<\/li>\r\n<\/ul>\r\n<p>The International Academy of Ceramics (IAC) is a major player in the international ceramic world. The \u201cA\u201d in IAC represents a unique space for debate, exchange and reflection where opinion leaders develop their potential for expression in the field. The IAC has set up an editorial platform that includes in its network the most influential actors in the publishing and art scene.<\/p>\r\n<\/td>\r\n<td>\r\n<p>By publishing its online editorial, the Academy hopes to offer a series of different perspectives on this constantly contemporary art form, reflecting both its views and those of its members, be they authors, critics, institutional actors, collectors or, of course, \u201cmakers\u201d. The editorial is a space for exchange and knowledge based on themes the IAC intends to address. This dynamic platform has been designed to present and enrich discussions among various contributors on topics central to the ceramic world, and was inaugurated in September 2016.<\/p>\r\n<p>&nbsp;<\/p>\r\n<\/td>\r\n<\/tr>\r\n<tr>\r\n<td>\u00a0<\/td>\r\n<td>\u00a0<\/td>\r\n<\/tr>\r\n<tr>\r\n<td>\u00a0<\/td>\r\n<td>\u00a0<\/td>\r\n<\/tr>\r\n<\/tbody>\r\n<\/table>\r\n<p>&nbsp;<\/p>"},"excerpt":{"rendered":"","protected":false,"raw":""},"author":4,"featured_media":24533,"parent":12,"menu_order":13,"comment_status":"closed","ping_status":"closed","template":"","meta":{"_fr_post_content":"<table>\r\n<tbody>\r\n<tr>\r\n<td colspan=\"2\">\r\n[caption id=\"attachment_24533\" align=\"alignnone\" width=\"1265\"]<img class=\"wp-image-24533 size-full\" src=\"https:\/\/www.aic-iac.org\/wp-content\/uploads\/lumu.png\" alt=\"lumu\" width=\"1265\" height=\"843\" \/> Lumu, China[\/caption]\r\n<\/td>\r\n<\/tr>\r\n<tr>\r\n<td>\r\n<ul>\r\n<li>L'\u00e9quipe \u00e9ditorial du n\u00b00 : Carine Bel, responsable \u00e9ditorial avec la collaboration du Conseil et du si\u00e8ge de l'AIC, ainsi que des g\u00e9n\u00e9reuses contributions des diff\u00e9rents intervenants.<\/li>\r\n<\/ul>\r\n<p>L\u2019Acad\u00e9mie Internationale de la c\u00e9ramique (AIC) est un acteur majeur dans l\u2019univers international de la c\u00e9ramique. Le \u00ab\u00a0A\u00a0\u00bb de l\u2019AIC repr\u00e9sente un espace unique de d\u00e9bat, d\u2019\u00e9change et de r\u00e9flexion. Pour cette raison, et afin de d\u00e9velopper ce potentiel d\u2019expression des leaders d\u2019opinion dans le domaine, l\u2019AIC a d\u00e9velopp\u00e9 une plateforme \u00e9ditoriale qui compte dans ses relais des figures parmi les plus influentes du monde de l\u2019art et de l\u2019\u00e9dition.<\/p>\r\n<\/td>\r\n<td>\r\n<p>Avec la publication en ligne de son \u00e9ditorial, l\u2019AIC souhaite proposer des regards crois\u00e9s sur un art immuablement contemporain et refl\u00e9ter sa position et l\u2019opinion de ses membres, qu\u2019ils soient auteurs, critiques, acteurs institutionnels autant que collectionneurs et bien sur \u00ab\u00a0makers\u00a0\u00bb. L\u2019\u00e9ditorial est un lieu d\u2019\u00e9change et de savoir construit autour de th\u00e9matiques que l\u2019AIC tient \u00e0 aborder. Cette plateforme dynamique voulue pour repr\u00e9senter et enrichir les discours aff\u00e9rents des divers acteurs du monde de la c\u00e9ramique publie son num\u00e9ro inaugural en septembre 2016.<\/p>\r\n<p>&nbsp;<\/p>\r\n<\/td>\r\n<\/tr>\r\n<tr>\r\n<td>\u00a0<\/td>\r\n<td>\u00a0<\/td>\r\n<\/tr>\r\n<tr>\r\n<td>\u00a0<\/td>\r\n<td>\u00a0<\/td>\r\n<\/tr>\r\n<\/tbody>\r\n<\/table>\r\n<p>&nbsp;<\/p>","_fr_post_name":"qui-sommes-nous","_fr_post_excerpt":"The IAC editorial has just been inaugured in 2016. It is a platform for the relevant issues  concerning ceramics","_fr_post_title":"About","_en_post_content":"<table>\r\n<tbody>\r\n<tr>\r\n<td colspan=\"2\">\r\n[caption id=\"attachment_24533\" align=\"alignnone\" width=\"1265\"]<img class=\"wp-image-24533 size-full\" src=\"https:\/\/www.aic-iac.org\/wp-content\/uploads\/lumu.png\" alt=\"lumu\" width=\"1265\" height=\"843\" \/> Lumu, China[\/caption]\r\n<\/td>\r\n<\/tr>\r\n<tr>\r\n<td>\r\n<ul>\r\n<li>The editorial team of the No. 0: <br \/>Carine Bel, editorial responsible in collaboration with the IAC Council, the IAC office and the generous participations of exemplary contributors.<\/li>\r\n<\/ul>\r\n<p>The International Academy of Ceramics (IAC) is a major player in the international ceramic world. The \u201cA\u201d in IAC represents a unique space for debate, exchange and reflection where opinion leaders develop their potential for expression in the field. The IAC has set up an editorial platform that includes in its network the most influential actors in the publishing and art scene.<\/p>\r\n<\/td>\r\n<td>\r\n<p>By publishing its online editorial, the Academy hopes to offer a series of different perspectives on this constantly contemporary art form, reflecting both its views and those of its members, be they authors, critics, institutional actors, collectors or, of course, \u201cmakers\u201d. The editorial is a space for exchange and knowledge based on themes the IAC intends to address. This dynamic platform has been designed to present and enrich discussions among various contributors on topics central to the ceramic world, and was inaugurated in September 2016.<\/p>\r\n<p>&nbsp;<\/p>\r\n<\/td>\r\n<\/tr>\r\n<tr>\r\n<td>\u00a0<\/td>\r\n<td>\u00a0<\/td>\r\n<\/tr>\r\n<tr>\r\n<td>\u00a0<\/td>\r\n<td>\u00a0<\/td>\r\n<\/tr>\r\n<\/tbody>\r\n<\/table>\r\n<p>&nbsp;<\/p>","_en_post_name":"qui-sommes-nous","_en_post_excerpt":"","_en_post_title":"About","_ja_post_content":"","_ja_post_name":"qui-sommes-nous","_ja_post_excerpt":"","_ja_post_title":"","_zh_post_content":"","_zh_post_name":"","_zh_post_excerpt":"","_zh_post_title":"","_es_post_content":"","_es_post_name":"","_es_post_excerpt":"","_es_post_title":"","edit_language":"en"},"class_list":["post-23317","page","type-page","status-publish","has-post-thumbnail","hentry"],"_links":{"self":[{"href":"https:\/\/www.aic-iac.org\/en\/wp-json\/wp\/v2\/pages\/23317","targetHints":{"allow":["GET"]}}],"collection":[{"href":"https:\/\/www.aic-iac.org\/en\/wp-json\/wp\/v2\/pages"}],"about":[{"href":"https:\/\/www.aic-iac.org\/en\/wp-json\/wp\/v2\/types\/page"}],"author":[{"embeddable":true,"href":"https:\/\/www.aic-iac.org\/en\/wp-json\/wp\/v2\/users\/4"}],"replies":[{"embeddable":true,"href":"https:\/\/www.aic-iac.org\/en\/wp-json\/wp\/v2\/comments?post=23317"}],"version-history":[{"count":12,"href":"https:\/\/www.aic-iac.org\/en\/wp-json\/wp\/v2\/pages\/23317\/revisions"}],"predecessor-version":[{"id":39245,"href":"https:\/\/www.aic-iac.org\/en\/wp-json\/wp\/v2\/pages\/23317\/revisions\/39245"}],"up":[{"embeddable":true,"href":"https:\/\/www.aic-iac.org\/en\/wp-json\/wp\/v2\/pages\/12"}],"wp:featuredmedia":[{"embeddable":true,"href":"https:\/\/www.aic-iac.org\/en\/wp-json\/wp\/v2\/media\/24533"}],"wp:attachment":[{"href":"https:\/\/www.aic-iac.org\/en\/wp-json\/wp\/v2\/media?parent=23317"}],"curies":[{"name":"wp","href":"https:\/\/api.w.org\/{rel}","templated":true}]}}