{"id":40583,"date":"2019-09-13T10:29:36","date_gmt":"2019-09-13T10:29:36","guid":{"rendered":"https:\/\/www.aic-iac.org\/?page_id=40583"},"modified":"2025-03-03T15:28:13","modified_gmt":"2025-03-03T15:28:13","slug":"6e-iac-day","status":"publish","type":"page","link":"https:\/\/www.aic-iac.org\/en\/activite\/6e-iac-day\/","title":{"rendered":"6th IAC DAY","raw":"6th IAC DAY"},"content":{"rendered":"<table style=\"width: 612px;\">\n<tbody>\n<tr>\n<td style=\"width: 602px;\" colspan=\"2\">\n<div id=\"attachment_40586\" style=\"width: 876px\" class=\"wp-caption alignright\"><a href=\"https:\/\/www.aic-iac.org\/6e-iac-day\/aic-day-gold-bricks\/\"><img loading=\"lazy\" decoding=\"async\" aria-describedby=\"caption-attachment-40586\" class=\"wp-image-40586 size-full\" src=\"https:\/\/www.aic-iac.org\/wp-content\/uploads\/AIC-day-Gold-Bricks.jpg\" alt=\"\" width=\"866\" height=\"563\" srcset=\"https:\/\/www.aic-iac.org\/wp-content\/uploads\/AIC-day-Gold-Bricks.jpg 866w, https:\/\/www.aic-iac.org\/wp-content\/uploads\/AIC-day-Gold-Bricks-300x195.jpg 300w, https:\/\/www.aic-iac.org\/wp-content\/uploads\/AIC-day-Gold-Bricks-768x499.jpg 768w\" sizes=\"(max-width: 866px) 100vw, 866px\" \/><\/a><p id=\"caption-attachment-40586\" class=\"wp-caption-text\">&#8220;Gold Bricks&#8221;, a documentary film by Hongyu Tan<\/p><\/div>\n<\/td>\n<\/tr>\n<tr>\n<td style=\"width: 298px;\">\n<p><span style=\"text-decoration: underline;\">6th IAC DAY<br \/><\/span>Thursday 3rd October 2019 from 7pm to 9pm<br \/>Venue: Ariana Museum<\/p>\n<p>During the evening a documentary film will be screened, preceding which we invite you to attend the vernissage of the first edition of the\u00a0<a href=\"https:\/\/www.aic-iac.org\/en\/accueil\/activite\/treasure-bowl-collection\/\">\u00ab Treasure Bowl Collection \u00bb<\/a>\u00a0which will take place on the 1st Floor of the Ariana Museum from 6:15pm to 7pm.<\/p>\n<p><a href=\"https:\/\/www.aic-iac.org\/treasure-bowl-collection\/tbc16-2\/\" rel=\"attachment wp-att-31485\"><img loading=\"lazy\" decoding=\"async\" class=\"alignright size-full wp-image-31485\" src=\"https:\/\/www.aic-iac.org\/wp-content\/uploads\/TBC16-1.jpg\" alt=\"\" width=\"4606\" height=\"2953\" srcset=\"https:\/\/www.aic-iac.org\/wp-content\/uploads\/TBC16-1.jpg 4606w, https:\/\/www.aic-iac.org\/wp-content\/uploads\/TBC16-1-300x192.jpg 300w, https:\/\/www.aic-iac.org\/wp-content\/uploads\/TBC16-1-768x492.jpg 768w, https:\/\/www.aic-iac.org\/wp-content\/uploads\/TBC16-1-940x603.jpg 940w\" sizes=\"(max-width: 4606px) 100vw, 4606px\" \/><\/a><\/p>\n<p>&nbsp;<\/p>\n<\/td>\n<td style=\"width: 298px;\">\n<p><span style=\"text-decoration: underline;\">The documentary film<\/span><\/p>\n<p>In affiliation with the Chinese Ceramic Art Project, the Chinese filmmaker and ceramic artist Hongyu Tan will present her documentary <a href=\"https:\/\/www.parcoursceramiquecarougeois.ch\/en\/gold-bricks-1\/\">\u201cGold Bricks\u201d<\/a>,\u00a0in the presence of French ceramic artist Jacques Kaufmann, whose exhibition <a href=\"http:\/\/institutions.ville-geneve.ch\/en\/ariana\/visit\/exhibitions\/current\/mur-murs\/\">\u201cMUR\/murs\u201d<\/a> includes four Lumu gold bricks.\u00a0<\/p>\n<p>The documentary and the thoughts expressed by the two speakers on the processes employed for making these unconventional materials will be followed by a discussion.\u00a0<\/p>\n<hr \/>\n<p><span class=\"caption\">Every two years, the International Academy of Ceramics organizes lectures at the Ariana Museum in Geneva. These offer an overview of ceramics along two trajectories: the meeting of regional ceramics and the functioning of institutional structures, such as museums, centers and schools specialized in the field.<\/span><\/p>\n<hr \/>\n<\/td>\n<\/tr>\n<\/tbody>\n<\/table>\n<p>&nbsp;<\/p>\n","protected":false,"raw":"<table style=\"width: 612px;\">\r\n<tbody>\r\n<tr>\r\n<td style=\"width: 602px;\" colspan=\"2\">\r\n[caption id=\"attachment_40586\" align=\"alignright\" width=\"866\"]<a href=\"https:\/\/www.aic-iac.org\/6e-iac-day\/aic-day-gold-bricks\/\"><img class=\"wp-image-40586 size-full\" src=\"https:\/\/www.aic-iac.org\/wp-content\/uploads\/AIC-day-Gold-Bricks.jpg\" alt=\"\" width=\"866\" height=\"563\" \/><\/a> \"Gold Bricks\", a documentary film by Hongyu Tan[\/caption]\r\n<\/td>\r\n<\/tr>\r\n<tr>\r\n<td style=\"width: 298px;\">\r\n<p><span style=\"text-decoration: underline;\">6th IAC DAY<br \/><\/span>Thursday 3rd October 2019 from 7pm to 9pm<br \/>Venue: Ariana Museum<br \/><br \/>During the evening a documentary film will be screened, preceding which we invite you to attend the vernissage of the first edition of the\u00a0<a href=\"https:\/\/www.aic-iac.org\/en\/accueil\/activite\/treasure-bowl-collection\/\">\u00ab Treasure Bowl Collection \u00bb<\/a>\u00a0which will take place on the 1st Floor of the Ariana Museum from 6:15pm to 7pm.<\/p>\r\n<p><a href=\"https:\/\/www.aic-iac.org\/treasure-bowl-collection\/tbc16-2\/\" rel=\"attachment wp-att-31485\"><img class=\"alignright size-full wp-image-31485\" src=\"https:\/\/www.aic-iac.org\/wp-content\/uploads\/TBC16-1.jpg\" alt=\"\" width=\"4606\" height=\"2953\" \/><\/a><\/p>\r\n<p>&nbsp;<\/p>\r\n<\/td>\r\n<td style=\"width: 298px;\">\r\n<p><span style=\"text-decoration: underline;\">The documentary film<\/span><\/p>\r\n<p>In affiliation with the Chinese Ceramic Art Project, the Chinese filmmaker and ceramic artist Hongyu Tan will present her documentary <a href=\"https:\/\/www.parcoursceramiquecarougeois.ch\/en\/gold-bricks-1\/\">\u201cGold Bricks\u201d<\/a>,\u00a0in the presence of French ceramic artist Jacques Kaufmann, whose exhibition <a href=\"http:\/\/institutions.ville-geneve.ch\/en\/ariana\/visit\/exhibitions\/current\/mur-murs\/\">\u201cMUR\/murs\u201d<\/a> includes four Lumu gold bricks.\u00a0<\/p>\r\n<p>The documentary and the thoughts expressed by the two speakers on the processes employed for making these unconventional materials will be followed by a discussion.\u00a0<\/p>\r\n<hr \/>\r\n<p><span class=\"caption\">Every two years, the International Academy of Ceramics organizes lectures at the Ariana Museum in Geneva. These offer an overview of ceramics along two trajectories: the meeting of regional ceramics and the functioning of institutional structures, such as museums, centers and schools specialized in the field.<\/span><\/p>\r\n<hr \/><\/td>\r\n<\/tr>\r\n<\/tbody>\r\n<\/table>\r\n<p>&nbsp;<\/p>"},"excerpt":{"rendered":"<p>The 6th IAC DAY will be held on Thursday October 3rd, 2019 (from 7pm to 9pm) at the Ariana Museum.<\/p>\n","protected":false,"raw":"The 6th IAC DAY will be held on Thursday October 3rd, 2019 (from 7pm to 9pm) at the Ariana Museum."},"author":4,"featured_media":40586,"parent":17378,"menu_order":15,"comment_status":"closed","ping_status":"closed","template":"","meta":{"_fr_post_content":"<table style=\"width: 612px;\">\r\n<tbody>\r\n<tr>\r\n<td style=\"width: 602px;\" colspan=\"2\">\r\n[caption id=\"attachment_40586\" align=\"alignright\" width=\"866\"]<a href=\"https:\/\/www.aic-iac.org\/6e-iac-day\/aic-day-gold-bricks\/\"><img class=\"wp-image-40586 size-full\" src=\"https:\/\/www.aic-iac.org\/wp-content\/uploads\/AIC-day-Gold-Bricks.jpg\" alt=\"\" width=\"866\" height=\"563\" \/><\/a> \"Gold Bricks\", un film documentaire de Hongyu Tan[\/caption]\r\n<\/td>\r\n<\/tr>\r\n<tr>\r\n<td style=\"width: 298px;\">\r\n<p><span style=\"text-decoration: underline;\">6e IAC DAY<br \/><\/span>Jeudi 3 octobre 2019 de 19h \u00e0 21h<br \/>lieu: Mus\u00e9e Ariana<br \/><br \/>Lors de cette soir\u00e9e un documentaire sera montr\u00e9 et\u00a0en amont de la projection, nous vous invitons au vernissage de la premi\u00e8re \u00e9dition de <a href=\"https:\/\/www.aic-iac.org\/accueil\/activite\/treasure-bowl-collection\/\">\u00ab Treasure Bowl Collection \u00bb<\/a>\u00a0qui aura lieu au 1er \u00e9tage du Mus\u00e9e Ariana de 18h15 \u00e0 19h.<\/p>\r\n<p><a href=\"https:\/\/www.aic-iac.org\/treasure-bowl-collection\/tbc16-2\/\" rel=\"attachment wp-att-31485\"><img class=\"alignright size-full wp-image-31485\" src=\"https:\/\/www.aic-iac.org\/wp-content\/uploads\/TBC16-1.jpg\" alt=\"\" width=\"4606\" height=\"2953\" \/><\/a><\/p>\r\n<p>&nbsp;<\/p>\r\n<\/td>\r\n<td style=\"width: 298px;\">\r\n<p><span style=\"text-decoration: underline;\">Le documentaire<\/span><\/p>\r\n<p>En lien avec le Chinese Ceramic Art Project, la r\u00e9alisatrice et c\u00e9ramiste chinoise Hongyu Tan pr\u00e9sentera son documentaire <a href=\"https:\/\/www.parcoursceramiquecarougeois.ch\/gold-bricks\/\">\"Gold Bricks\"<\/a>, en pr\u00e9sence du c\u00e9ramiste fran\u00e7ais Jacques Kaufmann, dont l'exposition <a href=\"http:\/\/institutions.ville-geneve.ch\/fr\/ariana\/visiter\/expositions\/en-cours\/mur-murs\/\">\"MUR \/ murs\"<\/a> int\u00e8gre quatre briques d'or de Lumu.<\/p>\r\n<p>Le documentaire\u00a0et la\u00a0r\u00e9flexion port\u00e9e par les deux intervenants sur les processus mis en \u0153uvre pour la fabrication de ces mat\u00e9riaux\u00a0hors normes,\u00a0seront suivis d\u2019une discussion.<\/p>\r\n<hr \/>\r\n<p><span class=\"caption\">L'Acad\u00e9mie Internationale de la C\u00e9ramique organise tous les deux ans \u00e0 Gen\u00e8ve au Mus\u00e9e Ariana des conf\u00e9rences qui offrent un \u00e9tat des lieux de la c\u00e9ramique \u00e0 partir de deux trajectoires : la rencontre de cultures c\u00e9ramiques r\u00e9gionales et le fonctionnement de structures institutionnelles, telles que les mus\u00e9es, les centres et les \u00e9coles sp\u00e9cialis\u00e9s dans le domaine.<\/span><\/p>\r\n<hr \/><\/td>\r\n<\/tr>\r\n<\/tbody>\r\n<\/table>\r\n<p>&nbsp;<\/p>","_fr_post_name":"6e-iac-day","_fr_post_excerpt":"Le 6e IAC DAY aura lieu le jeudi 3 octobre (de 19h \u00e0 21h) au Mus\u00e9e Ariana.","_fr_post_title":"6E IAC DAY","_en_post_content":"<table style=\"width: 612px;\">\r\n<tbody>\r\n<tr>\r\n<td style=\"width: 602px;\" colspan=\"2\">\r\n[caption id=\"attachment_40586\" align=\"alignright\" width=\"866\"]<a href=\"https:\/\/www.aic-iac.org\/6e-iac-day\/aic-day-gold-bricks\/\"><img class=\"wp-image-40586 size-full\" src=\"https:\/\/www.aic-iac.org\/wp-content\/uploads\/AIC-day-Gold-Bricks.jpg\" alt=\"\" width=\"866\" height=\"563\" \/><\/a> \"Gold Bricks\", a documentary film by Hongyu Tan[\/caption]\r\n<\/td>\r\n<\/tr>\r\n<tr>\r\n<td style=\"width: 298px;\">\r\n<p><span style=\"text-decoration: underline;\">6th IAC DAY<br \/><\/span>Thursday 3rd October 2019 from 7pm to 9pm<br \/>Venue: Ariana Museum<br \/><br \/>During the evening a documentary film will be screened, preceding which we invite you to attend the vernissage of the first edition of the\u00a0<a href=\"https:\/\/www.aic-iac.org\/en\/accueil\/activite\/treasure-bowl-collection\/\">\u00ab Treasure Bowl Collection \u00bb<\/a>\u00a0which will take place on the 1st Floor of the Ariana Museum from 6:15pm to 7pm.<\/p>\r\n<p><a href=\"https:\/\/www.aic-iac.org\/treasure-bowl-collection\/tbc16-2\/\" rel=\"attachment wp-att-31485\"><img class=\"alignright size-full wp-image-31485\" src=\"https:\/\/www.aic-iac.org\/wp-content\/uploads\/TBC16-1.jpg\" alt=\"\" width=\"4606\" height=\"2953\" \/><\/a><\/p>\r\n<p>&nbsp;<\/p>\r\n<\/td>\r\n<td style=\"width: 298px;\">\r\n<p><span style=\"text-decoration: underline;\">The documentary film<\/span><\/p>\r\n<p>In affiliation with the Chinese Ceramic Art Project, the Chinese filmmaker and ceramic artist Hongyu Tan will present her documentary <a href=\"https:\/\/www.parcoursceramiquecarougeois.ch\/en\/gold-bricks-1\/\">\u201cGold Bricks\u201d<\/a>,\u00a0in the presence of French ceramic artist Jacques Kaufmann, whose exhibition <a href=\"http:\/\/institutions.ville-geneve.ch\/en\/ariana\/visit\/exhibitions\/current\/mur-murs\/\">\u201cMUR\/murs\u201d<\/a> includes four Lumu gold bricks.\u00a0<\/p>\r\n<p>The documentary and the thoughts expressed by the two speakers on the processes employed for making these unconventional materials will be followed by a discussion.\u00a0<\/p>\r\n<hr \/>\r\n<p><span class=\"caption\">Every two years, the International Academy of Ceramics organizes lectures at the Ariana Museum in Geneva. These offer an overview of ceramics along two trajectories: the meeting of regional ceramics and the functioning of institutional structures, such as museums, centers and schools specialized in the field.<\/span><\/p>\r\n<hr \/><\/td>\r\n<\/tr>\r\n<\/tbody>\r\n<\/table>\r\n<p>&nbsp;<\/p>","_en_post_name":"6e-iac-day","_en_post_excerpt":"The 6th IAC DAY will be held on Thursday October 3rd, 2019 (from 7pm to 9pm) at the Ariana Museum.","_en_post_title":"6th IAC DAY","_ja_post_content":"","_ja_post_name":"","_ja_post_excerpt":"","_ja_post_title":"","_zh_post_content":"","_zh_post_name":"","_zh_post_excerpt":"","_zh_post_title":"","_es_post_content":"","_es_post_name":"","_es_post_excerpt":"","_es_post_title":"","edit_language":"en"},"class_list":["post-40583","page","type-page","status-publish","has-post-thumbnail","hentry"],"_links":{"self":[{"href":"https:\/\/www.aic-iac.org\/en\/wp-json\/wp\/v2\/pages\/40583","targetHints":{"allow":["GET"]}}],"collection":[{"href":"https:\/\/www.aic-iac.org\/en\/wp-json\/wp\/v2\/pages"}],"about":[{"href":"https:\/\/www.aic-iac.org\/en\/wp-json\/wp\/v2\/types\/page"}],"author":[{"embeddable":true,"href":"https:\/\/www.aic-iac.org\/en\/wp-json\/wp\/v2\/users\/4"}],"replies":[{"embeddable":true,"href":"https:\/\/www.aic-iac.org\/en\/wp-json\/wp\/v2\/comments?post=40583"}],"version-history":[{"count":37,"href":"https:\/\/www.aic-iac.org\/en\/wp-json\/wp\/v2\/pages\/40583\/revisions"}],"predecessor-version":[{"id":64267,"href":"https:\/\/www.aic-iac.org\/en\/wp-json\/wp\/v2\/pages\/40583\/revisions\/64267"}],"up":[{"embeddable":true,"href":"https:\/\/www.aic-iac.org\/en\/wp-json\/wp\/v2\/pages\/17378"}],"wp:featuredmedia":[{"embeddable":true,"href":"https:\/\/www.aic-iac.org\/en\/wp-json\/wp\/v2\/media\/40586"}],"wp:attachment":[{"href":"https:\/\/www.aic-iac.org\/en\/wp-json\/wp\/v2\/media?parent=40583"}],"curies":[{"name":"wp","href":"https:\/\/api.w.org\/{rel}","templated":true}]}}