{"id":47831,"date":"2020-10-23T09:21:33","date_gmt":"2020-10-23T09:21:33","guid":{"rendered":"https:\/\/www.aic-iac.org\/?page_id=47831"},"modified":"2025-02-26T10:54:48","modified_gmt":"2025-02-26T10:54:48","slug":"exposition-des-nouveaux-membres-de-laic-2020","status":"publish","type":"page","link":"https:\/\/www.aic-iac.org\/en\/exposition-des-nouveaux-membres-de-laic-2020\/","title":{"rendered":"2020 IAC New Members' Exhibition and Seminar","raw":"2020 IAC New Members' Exhibition and Seminar"},"content":{"rendered":"<table style=\"height: 1306px; width: 102.164%;\">\n<tbody>\n<tr style=\"height: 471px;\">\n<td style=\"height: 471px; width: 98.7159%;\" colspan=\"2\">\n<div id=\"attachment_47905\" style=\"width: 810px\" class=\"wp-caption alignright\"><img loading=\"lazy\" decoding=\"async\" aria-describedby=\"caption-attachment-47905\" class=\"wp-image-47905 size-full\" src=\"https:\/\/www.aic-iac.org\/wp-content\/uploads\/IMG_8044_web.jpg\" alt=\"\" width=\"800\" height=\"600\" srcset=\"https:\/\/www.aic-iac.org\/wp-content\/uploads\/IMG_8044_web.jpg 800w, https:\/\/www.aic-iac.org\/wp-content\/uploads\/IMG_8044_web-300x225.jpg 300w, https:\/\/www.aic-iac.org\/wp-content\/uploads\/IMG_8044_web-768x576.jpg 768w\" sizes=\"(max-width: 800px) 100vw, 800px\" \/><p id=\"caption-attachment-47905\" class=\"wp-caption-text\">The entrance to the 2020 IAC New Members&#8217; Exhibition at the Beijing Guozhong Ceramic Art Museum.<\/p><\/div>\n<\/td>\n<\/tr>\n<tr style=\"height: 749px;\">\n<td style=\"height: 749px; width: 49.4382%;\">\n<p>THE 2020 IAC NEW MEMBERS&#8217; EXHIBITION AND SEMINAR &#8220;NEW TRENDS IN INTERNATIONAL CERAMIC ART DEVELOPMENT&#8221;<\/p>\n<p>The New Members&#8217; Exhibition should have been held within the framework of the IAC Congress in July 2020. The Covid-19 pandemic required us to employ creativity and rethink the format of the exhibition. The collaboration between the Beijing Guozhong Ceramic Art Museum and the IAC made it possible to meet this challenge. Under the patronage of Mr. Zheng Zhi, the Chairman of Yuanyang Investment Group, the museum team and the event coordinator Mr. Guangzhen Zhou, IAC Council member representative for China (from 2014 &#8211; September 2020), fully invested themselves in this project and actively contributed to the success of the exhibition and the seminar.<\/p>\n<p>The New Members&#8217; Exhibition is being held from November 7 to December 12, 2020 at the Beijing Guozhong Ceramic Art Museum in China. The works of 144 artists are on display virtually, whilst those of 62 artists are present in the in situ exhibition and its 3D version. On the occasion of the inauguration on November 7, an international online seminar was organised.<\/p>\n<p>Among the speakers who took part in the inaugural ceremony, 3 new artist members of the IAC in 2019 presented their work and artistic approach, namely King Houndekpinkou (France, Benin), Adam Chau (USA), and Belinda Blignaut (South Africa). Their presentations are available in text format hereunder (only in English).<\/p>\n<\/td>\n<td style=\"height: 749px; width: 49.2777%;\">\n<p>During the seminar, several IAC member guest speakers spoke about the development of new trends in international ceramics, including Torbj\u00f8rn Kvasb\u00f8 (Norway), Liu Zheng (China), Claudia Casali (Italy), Wayne Higby (USA), Janet DeBoos (Australia), Wan Liya (China), and as seminar moderator: Jacques Kaufmann (France). The seminar is available in text format in the right column (in English only).<\/p>\n<p>REBROADCAST OF THE INAUGURAL CEREMONY AND SEMINAR<\/p>\n<ul>\n<li>Click here to watch a replay of the artists&#8217; presentations and the seminar.<br \/><span class=\"caption\">(Available by end of May)<\/span><\/li>\n<\/ul>\n<p>EXHIBITION<\/p>\n<ul>\n<li><a href=\"http:\/\/www.guozhongtaoci.com\/en\/Exhibit.aspx?PartNodeId=1636\">Click here to visit the online exhibition of the IAC&#8217;s new members in 2019, featuring the exhibits of 144 artists (the online exhibition features artist profiles and images of the works with descriptions and occasionally videos).<\/a>\n<p><\/li>\n<li><a href=\"http:\/\/www.xinpindao.com\/topic.aspx?PartNodeId=2095\">Click here to view the video portraits of the artists.<\/a>\n<p><\/li>\n<li><a href=\"https:\/\/720yun.com\/t\/82vkOb2ydrl?scene_id=58306440\">Click here to visit the 3D version of the IAC New Members&#8217; Exhibition (the in situ exhibition showcases the works of 62 artists and was captured in a 3D version for you to visit). Enjoy your visit!<\/a><\/li>\n<\/ul>\n<p>(NOTE: Its webpages can take quite a long time to load, please be patient).<\/p>\n<\/td>\n<\/tr>\n<tr style=\"height: 19px;\">\n<td style=\"height: 19px; width: 49.4382%;\">\u00a0<\/td>\n<td style=\"height: 19px; width: 49.2777%;\">\u00a0<\/td>\n<\/tr>\n<\/tbody>\n<\/table>\n<p>&nbsp;<\/p>\n","protected":false,"raw":"<table style=\"height: 1306px; width: 102.164%;\">\r\n<tbody>\r\n<tr style=\"height: 471px;\">\r\n<td style=\"height: 471px; width: 98.7159%;\" colspan=\"2\">\r\n[caption id=\"attachment_47905\" align=\"alignright\" width=\"800\"]<img class=\"wp-image-47905 size-full\" src=\"https:\/\/www.aic-iac.org\/wp-content\/uploads\/IMG_8044_web.jpg\" alt=\"\" width=\"800\" height=\"600\" \/> The entrance to the 2020 IAC New Members' Exhibition at the Beijing Guozhong Ceramic Art Museum.[\/caption]\r\n<\/td>\r\n<\/tr>\r\n<tr style=\"height: 749px;\">\r\n<td style=\"height: 749px; width: 49.4382%;\">\r\n<p>THE 2020 IAC NEW MEMBERS' EXHIBITION AND SEMINAR \"NEW TRENDS IN INTERNATIONAL CERAMIC ART DEVELOPMENT\"<\/p>\r\n<p>The New Members' Exhibition should have been held within the framework of the IAC Congress in July 2020. The Covid-19 pandemic required us to employ creativity and rethink the format of the exhibition. The collaboration between the Beijing Guozhong Ceramic Art Museum and the IAC made it possible to meet this challenge. Under the patronage of Mr. Zheng Zhi, the Chairman of Yuanyang Investment Group, the museum team and the event coordinator Mr. Guangzhen Zhou, IAC Council member representative for China (from 2014 - September 2020), fully invested themselves in this project and actively contributed to the success of the exhibition and the seminar.<\/p>\r\n<p>The New Members' Exhibition is being held from November 7 to December 12, 2020 at the Beijing Guozhong Ceramic Art Museum in China. The works of 144 artists are on display virtually, whilst those of 62 artists are present in the in situ exhibition and its 3D version. On the occasion of the inauguration on November 7, an international online seminar was organised.<\/p>\r\n<p>Among the speakers who took part in the inaugural ceremony, 3 new artist members of the IAC in 2019 presented their work and artistic approach, namely King Houndekpinkou (France, Benin), Adam Chau (USA), and Belinda Blignaut (South Africa). Their presentations are available in text format hereunder (only in English).<\/p>\r\n<\/td>\r\n<td style=\"height: 749px; width: 49.2777%;\">\r\n<p>During the seminar, several IAC member guest speakers spoke about the development of new trends in international ceramics, including Torbj\u00f8rn Kvasb\u00f8 (Norway), Liu Zheng (China), Claudia Casali (Italy), Wayne Higby (USA), Janet DeBoos (Australia), Wan Liya (China), and as seminar moderator: Jacques Kaufmann (France). The seminar is available in text format in the right column (in English only).<\/p>\r\n<p>REBROADCAST OF THE INAUGURAL CEREMONY AND SEMINAR<\/p>\r\n<ul>\r\n<li>Click here to watch a replay of the artists' presentations and the seminar.<br \/><span class=\"caption\">(Available by end of May)<\/span><\/li>\r\n<\/ul>\r\n<p>EXHIBITION<\/p>\r\n<ul>\r\n<li><a href=\"http:\/\/www.guozhongtaoci.com\/en\/Exhibit.aspx?PartNodeId=1636\">Click here to visit the online exhibition of the IAC's new members in 2019, featuring the exhibits of 144 artists (the online exhibition features artist profiles and images of the works with descriptions and occasionally videos).<\/a><br \/><br \/><br \/><\/li>\r\n<li><a href=\"http:\/\/www.xinpindao.com\/topic.aspx?PartNodeId=2095\">Click here to view the video portraits of the artists.<\/a><br \/><br \/><br \/><\/li>\r\n<li><a href=\"https:\/\/720yun.com\/t\/82vkOb2ydrl?scene_id=58306440\">Click here to visit the 3D version of the IAC New Members' Exhibition (the in situ exhibition showcases the works of 62 artists and was captured in a 3D version for you to visit). Enjoy your visit!<\/a><\/li>\r\n<\/ul>\r\n<p>(NOTE: Its webpages can take quite a long time to load, please be patient).<\/p>\r\n<\/td>\r\n<\/tr>\r\n<tr style=\"height: 19px;\">\r\n<td style=\"height: 19px; width: 49.4382%;\">\u00a0<\/td>\r\n<td style=\"height: 19px; width: 49.2777%;\">\u00a0<\/td>\r\n<\/tr>\r\n<\/tbody>\r\n<\/table>\r\n<p>&nbsp;<\/p>"},"excerpt":{"rendered":"<p>The\u00a02020 IAC New Members Exhibition was held in November and December 2020 at the Beijing Guozhong Ceramic Art Museum in China.\u00a0<\/p>\n","protected":false,"raw":"The\u00a02020 IAC New Members Exhibition was held in November and December 2020 at the Beijing Guozhong Ceramic Art Museum in China.\u00a0"},"author":379,"featured_media":47905,"parent":0,"menu_order":22,"comment_status":"closed","ping_status":"closed","template":"","meta":{"_fr_post_content":"<table style=\"border-collapse: collapse; width: 100%;\">\r\n<tbody>\r\n<tr>\r\n<td style=\"width: 100%;\" colspan=\"2\">\r\n[caption id=\"attachment_47905\" align=\"alignright\" width=\"800\"]<a href=\"https:\/\/www.aic-iac.org\/exposition-des-nouveaux-membres-de-laic-2020\/img_8044_web\/\" rel=\"attachment wp-att-47905\"><img class=\"wp-image-47905 size-full\" src=\"https:\/\/www.aic-iac.org\/wp-content\/uploads\/IMG_8044_web.jpg\" alt=\"\" width=\"800\" height=\"600\" \/><\/a> L'entr\u00e9e de l'exposition des nouveau membres de l'AIC 2020 au Mus\u00e9e d'art c\u00e9ramique de Beijing Guozhong.[\/caption]\r\n<\/td>\r\n<\/tr>\r\n<tr>\r\n<td style=\"width: 50.483870967741936%;\">\r\n<p>EXPOSITION 2020 DES NOUVEAUX MEMBRES DE L'AIC ET S\u00c9MINAIRE \"NEW TRENDS IN INTERNATIONAL CERAMIC ART DEVELOPMENT\"<\/p>\r\n<p>L'exposition des membres aurait d\u00fb \u00eatre pr\u00e9sent\u00e9 dans le cadre du Congr\u00e8s AIC en juillet 2020. La pand\u00e9mie de Covid-19, nous a amen\u00e9 \u00e0 faire preuve de cr\u00e9ativit\u00e9 et \u00e0 repenser la forme de l'exposition. La collaboration entre le mus\u00e9e Guozhong et l'AIC a permis de relever ce challenge. Sous le patronage de Mr. Zheng Zhi,\u00a0Pr\u00e9sident de Yuanyang Investment Group, l'\u00e9quipe du mus\u00e9e et le coordinateur de l'\u00e9v\u00e8nement Mr Guangzhen Zhou, membre du Conseil de l'AIC repr\u00e9sentant pour la Chine (de 2014 - sept. 2020) se sont investis pleinement dans ce projet et ont contribu\u00e9 activement \u00e0 la r\u00e9ussite de l'exposition et du s\u00e9minaire.<\/p>\r\n<p>L'exposition des nouveaux membres se tient du 7 novembre au 12 d\u00e9cembre 2020 au Mus\u00e9e d'art c\u00e9ramique de Beijing Guozhong en Chine. 144 artistes sont expos\u00e9s virtuellement et 62 artistes ont particip\u00e9 \u00e0 l'exposition in situ et \u00e0 sa version 3D. \u00c0 l'occasion de l'inauguration du 7 novembre, un s\u00e9minaire international en ligne a \u00e9t\u00e9 organis\u00e9.<\/p>\r\n<p>Parmi les intervenants qui\u00a0ont pris part \u00e0 la c\u00e9r\u00e9monie inaugurale, 3 artistes nouveaux membres 2019 de l'AIC ont pr\u00e9sent\u00e9 leur travail et approche artistique, il s'agit de\u00a0King Houndekpinkou (France, Benin),\u00a0Adam Chau\u00a0(USA),\u00a0Belinda Blignaut (South Africa). <span style=\"color: #000000;\">Leurs pr\u00e9sentations sont disponibles en format texte ci-dessous, uniquement en anglais.<\/span><\/p>\r\n<\/td>\r\n<td style=\"width: 49.516129032258064%;\">\r\n<p>Lors du s\u00e9minaire, plusieurs invit\u00e9s membres de l\u2019AIC se sont exprim\u00e9s sur le d\u00e9veloppement des nouvelles tendances de la c\u00e9ramique internationale, dont Torbj\u00f8rn Kvasb\u00f8 (Norv\u00e8ge), Liu Zheng (Chine), Claudia Casali (Italie), Wayne Higby (USA), Janet DeBoos (Australie), Wan Liya (Chine) et en qualit\u00e9 de m\u00e9diateur du s\u00e9minaire: Jacques Kaufmann (France).\u00a0<span style=\"color: #000000;\">Le s\u00e9minaire est disponible dans la colonne de droite, uniquement en anglais.<\/span><br \/><br \/>REDIFFUSION DE LA CEREMONIE INAUGURALE ET \u00a0DU SEMINAIRE<\/p>\r\n<ul>\r\n<li>Cliquez ici pour voir la rediffusion des pr\u00e9sentations des artistes et du s\u00e9minaire.<span class=\"caption\">(Disponible d'ici fin Mai 2021)<\/span><\/li>\r\n<\/ul>\r\n<p>EXPOSITION\u00a0<\/p>\r\n<ul>\r\n<li><a href=\"http:\/\/www.guozhongtaoci.com\/en\/Exhibit.aspx?PartNodeId=1636\">Cliquez ici pour visiter l'exposition en ligne des nouveaux membres 2019 de l'AIC, 144 artistes expos\u00e9s. (L'exposition en ligne pr\u00e9sente les profils des artistes et les images des oeuvres accompagn\u00e9es de descriptions et certaine fois de vid\u00e9os.)\u00a0<\/a><br \/><br \/><br \/><\/li>\r\n<li><a href=\"http:\/\/www.xinpindao.com\/topic.aspx?PartNodeId=2095\">Cliquez ici pour visualiser les portraits d'artistes en vid\u00e9o.\u00a0<\/a><br \/><br \/><br \/><\/li>\r\n<li><a href=\"https:\/\/720yun.com\/t\/82vkOb2ydrl?scene_id=58306440\">Cliquez ici pour visiter l'exposition 3D des nouveaux membres de l'AIC. (L'exposition in situ pr\u00e9sente 62 artistes, elle a \u00e9t\u00e9 capt\u00e9e en version 3D pour que vous puissiez la visiter.) bonne visite !\u00a0<\/a><\/li>\r\n<\/ul>\r\n<p>(Le temps de chargement de ses pages web peut \u00eatre assez long, merci de patienter.)<\/p>\r\n<\/td>\r\n<\/tr>\r\n<\/tbody>\r\n<\/table>\r\n<p>&nbsp;<\/p>","_fr_post_name":"exposition-des-nouveaux-membres-de-laic-2020","_fr_post_excerpt":"L'exposition 2020 des nouveaux membres de l'AIC s'est tenue en novembre et d\u00e9cembre 2020 au Mus\u00e9e d'art c\u00e9ramique de Beijing Guozhong en Chine.\u00a0","_fr_post_title":"Exposition des nouveaux membres de l'AIC 2020 et s\u00e9minaire","_en_post_content":"<table style=\"height: 1306px; width: 102.164%;\">\r\n<tbody>\r\n<tr style=\"height: 471px;\">\r\n<td style=\"height: 471px; width: 98.7159%;\" colspan=\"2\">\r\n[caption id=\"attachment_47905\" align=\"alignright\" width=\"800\"]<img class=\"wp-image-47905 size-full\" src=\"https:\/\/www.aic-iac.org\/wp-content\/uploads\/IMG_8044_web.jpg\" alt=\"\" width=\"800\" height=\"600\" \/> The entrance to the 2020 IAC New Members' Exhibition at the Beijing Guozhong Ceramic Art Museum.[\/caption]\r\n<\/td>\r\n<\/tr>\r\n<tr style=\"height: 749px;\">\r\n<td style=\"height: 749px; width: 49.4382%;\">\r\n<p>THE 2020 IAC NEW MEMBERS' EXHIBITION AND SEMINAR \"NEW TRENDS IN INTERNATIONAL CERAMIC ART DEVELOPMENT\"<\/p>\r\n<p>The New Members' Exhibition should have been held within the framework of the IAC Congress in July 2020. The Covid-19 pandemic required us to employ creativity and rethink the format of the exhibition. The collaboration between the Beijing Guozhong Ceramic Art Museum and the IAC made it possible to meet this challenge. Under the patronage of Mr. Zheng Zhi, the Chairman of Yuanyang Investment Group, the museum team and the event coordinator Mr. Guangzhen Zhou, IAC Council member representative for China (from 2014 - September 2020), fully invested themselves in this project and actively contributed to the success of the exhibition and the seminar.<\/p>\r\n<p>The New Members' Exhibition is being held from November 7 to December 12, 2020 at the Beijing Guozhong Ceramic Art Museum in China. The works of 144 artists are on display virtually, whilst those of 62 artists are present in the in situ exhibition and its 3D version. On the occasion of the inauguration on November 7, an international online seminar was organised.<\/p>\r\n<p>Among the speakers who took part in the inaugural ceremony, 3 new artist members of the IAC in 2019 presented their work and artistic approach, namely King Houndekpinkou (France, Benin), Adam Chau (USA), and Belinda Blignaut (South Africa). Their presentations are available in text format hereunder (only in English).<\/p>\r\n<\/td>\r\n<td style=\"height: 749px; width: 49.2777%;\">\r\n<p>During the seminar, several IAC member guest speakers spoke about the development of new trends in international ceramics, including Torbj\u00f8rn Kvasb\u00f8 (Norway), Liu Zheng (China), Claudia Casali (Italy), Wayne Higby (USA), Janet DeBoos (Australia), Wan Liya (China), and as seminar moderator: Jacques Kaufmann (France). The seminar is available in text format in the right column (in English only).<\/p>\r\n<p>REBROADCAST OF THE INAUGURAL CEREMONY AND SEMINAR<\/p>\r\n<ul>\r\n<li>Click here to watch a replay of the artists' presentations and the seminar.<br \/><span class=\"caption\">(Available by end of May)<\/span><\/li>\r\n<\/ul>\r\n<p>EXHIBITION<\/p>\r\n<ul>\r\n<li><a href=\"http:\/\/www.guozhongtaoci.com\/en\/Exhibit.aspx?PartNodeId=1636\">Click here to visit the online exhibition of the IAC's new members in 2019, featuring the exhibits of 144 artists (the online exhibition features artist profiles and images of the works with descriptions and occasionally videos).<\/a><br \/><br \/><br \/><\/li>\r\n<li><a href=\"http:\/\/www.xinpindao.com\/topic.aspx?PartNodeId=2095\">Click here to view the video portraits of the artists.<\/a><br \/><br \/><br \/><\/li>\r\n<li><a href=\"https:\/\/720yun.com\/t\/82vkOb2ydrl?scene_id=58306440\">Click here to visit the 3D version of the IAC New Members' Exhibition (the in situ exhibition showcases the works of 62 artists and was captured in a 3D version for you to visit). Enjoy your visit!<\/a><\/li>\r\n<\/ul>\r\n<p>(NOTE: Its webpages can take quite a long time to load, please be patient).<\/p>\r\n<\/td>\r\n<\/tr>\r\n<tr style=\"height: 19px;\">\r\n<td style=\"height: 19px; width: 49.4382%;\">\u00a0<\/td>\r\n<td style=\"height: 19px; width: 49.2777%;\">\u00a0<\/td>\r\n<\/tr>\r\n<\/tbody>\r\n<\/table>\r\n<p>&nbsp;<\/p>","_en_post_name":"exposition-des-nouveaux-membres-de-laic-2020","_en_post_excerpt":"The\u00a02020 IAC New Members Exhibition was held in November and December 2020 at the Beijing Guozhong Ceramic Art Museum in China.\u00a0","_en_post_title":"2020 IAC New Members' Exhibition and Seminar","_ja_post_content":"","_ja_post_name":"","_ja_post_excerpt":"","_ja_post_title":"","_zh_post_content":"","_zh_post_name":"","_zh_post_excerpt":"","_zh_post_title":"","_es_post_content":"","_es_post_name":"","_es_post_excerpt":"","_es_post_title":"","edit_language":"en"},"class_list":["post-47831","page","type-page","status-publish","has-post-thumbnail","hentry"],"_links":{"self":[{"href":"https:\/\/www.aic-iac.org\/en\/wp-json\/wp\/v2\/pages\/47831","targetHints":{"allow":["GET"]}}],"collection":[{"href":"https:\/\/www.aic-iac.org\/en\/wp-json\/wp\/v2\/pages"}],"about":[{"href":"https:\/\/www.aic-iac.org\/en\/wp-json\/wp\/v2\/types\/page"}],"author":[{"embeddable":true,"href":"https:\/\/www.aic-iac.org\/en\/wp-json\/wp\/v2\/users\/379"}],"replies":[{"embeddable":true,"href":"https:\/\/www.aic-iac.org\/en\/wp-json\/wp\/v2\/comments?post=47831"}],"version-history":[{"count":122,"href":"https:\/\/www.aic-iac.org\/en\/wp-json\/wp\/v2\/pages\/47831\/revisions"}],"predecessor-version":[{"id":75625,"href":"https:\/\/www.aic-iac.org\/en\/wp-json\/wp\/v2\/pages\/47831\/revisions\/75625"}],"wp:featuredmedia":[{"embeddable":true,"href":"https:\/\/www.aic-iac.org\/en\/wp-json\/wp\/v2\/media\/47905"}],"wp:attachment":[{"href":"https:\/\/www.aic-iac.org\/en\/wp-json\/wp\/v2\/media?parent=47831"}],"curies":[{"name":"wp","href":"https:\/\/api.w.org\/{rel}","templated":true}]}}