{"id":48849,"date":"2021-01-22T09:19:48","date_gmt":"2021-01-22T09:19:48","guid":{"rendered":"https:\/\/www.aic-iac.org\/?page_id=48849"},"modified":"2026-04-05T12:22:35","modified_gmt":"2026-04-05T12:22:35","slug":"contact","status":"publish","type":"page","link":"https:\/\/www.aic-iac.org\/en\/contact\/","title":{"rendered":"Contact","raw":"Contact"},"content":{"rendered":"<table style=\"height: 749px; width: 100%;\">\n<tbody>\n<tr style=\"height: 402px;\">\n<td style=\"height: 402px; width: 98.7096%;\" colspan=\"2\"><img loading=\"lazy\" decoding=\"async\" class=\"alignnone size-full wp-image-18133\" src=\"https:\/\/www.aic-iac.org\/wp-content\/uploads\/contatcs-NB-940x626-2.jpg\" alt=\"contatcs-NB-940x626-2\" width=\"940\" height=\"626\" srcset=\"https:\/\/www.aic-iac.org\/wp-content\/uploads\/contatcs-NB-940x626-2.jpg 940w, https:\/\/www.aic-iac.org\/wp-content\/uploads\/contatcs-NB-940x626-2-300x199.jpg 300w\" sizes=\"(max-width: 940px) 100vw, 940px\" \/><\/td>\n<\/tr>\n<tr style=\"height: 190px;\">\n<td style=\"height: 190px;\" colspan=\"2\">\n<p>The Secretariat is housed in the Ariana Museum in Geneva. Please do not hesitate to contact us by email any time or by phone during our office hours.\u00a0<\/p>\n<p>The office answers your calls on:<br \/>Wednesdays from 10am to 5pm <br \/>Thursdays from 10am to 5pm<\/p>\n<p>Fridays from 10am to 12.30pm<br \/>(Central European time).<\/p>\n<\/td>\n<\/tr>\n<tr>\n<td style=\"width: 98.7096%;\" colspan=\"2\">\n<p>&nbsp;<\/p>\n<\/td>\n<\/tr>\n<tr style=\"height: 157px;\">\n<td style=\"height: 157px; width: 49.3548%;\">\n<p><span style=\"text-decoration: underline;\">Karolina Johansson<\/span><br \/>Director &#8211; Secretariat, Congress, Finances, Council correspondence<br \/><a href=\"mailto:info@aic-iac.org\"><span style=\"text-decoration: underline;\">info@aic-iac.org<\/span><\/a><\/p>\n<p><span style=\"text-decoration: underline;\">Dana\u00e9 Rota<\/span><br \/>Administrative Coordinator &#8211; Members correspondence, Membership fees<br \/><a href=\"mailto:office@aic-iac.org\"><span style=\"text-decoration: underline;\">office@aic-iac.org<\/span><\/a><\/p>\n<p><span style=\"text-decoration: underline;\">Marie Bornet Lanz<\/span><br \/>Project Coordinator &#8211; Bulletin, Publications, UNESCO<br \/><a href=\"mailto:admin@aic-iac.org\"><span style=\"text-decoration: underline;\">admin@aic-iac.org<\/span><\/a><\/p>\n<p><span style=\"text-decoration: underline;\">Nora Mdaghri<\/span><br \/>Communications Coordinator<br \/><span style=\"text-decoration: underline;\"><a href=\"mailto:communications@aic-iac.org\">communications@aic-iac.org<\/a><\/span>\u00a0<\/p>\n<\/td>\n<td style=\"height: 157px; width: 49.3548%;\">\n<p><span style=\"text-decoration: underline;\">IAC Office<\/span><br \/>Mus\u00e9e Ariana<br \/>10 avenue de la Paix<br \/>CH-1202 Geneva<br \/>Switzerland<br \/>Tel +41 77 217 62 16 (also available via WhatsApp)<\/p>\n<p><strong>Please contact Dana\u00e9 Rota for all matters related to membership fees.<\/strong><\/p>\n<\/td>\n<\/tr>\n<\/tbody>\n<\/table>\n<p>&nbsp;<\/p>\n","protected":false,"raw":"<table style=\"height: 749px; width: 100%;\">\r\n<tbody>\r\n<tr style=\"height: 402px;\">\r\n<td style=\"height: 402px; width: 98.7096%;\" colspan=\"2\"><img class=\"alignnone size-full wp-image-18133\" src=\"https:\/\/www.aic-iac.org\/wp-content\/uploads\/contatcs-NB-940x626-2.jpg\" alt=\"contatcs-NB-940x626-2\" width=\"940\" height=\"626\" \/><\/td>\r\n<\/tr>\r\n<tr style=\"height: 190px;\">\r\n<td style=\"height: 190px;\" colspan=\"2\">\r\n<p>The Secretariat is housed in the Ariana Museum in Geneva. Please do not hesitate to contact us by email any time or by phone during our office hours.\u00a0<\/p>\r\nThe office answers your calls on:<br \/>Wednesdays from 10am to 5pm <br \/>Thursdays from 10am to 5pm\r\n<p>Fridays from 10am to 12.30pm<br \/>(Central European time).<\/p>\r\n<\/td>\r\n<\/tr>\r\n<tr>\r\n<td style=\"width: 98.7096%;\" colspan=\"2\">\r\n<p>&nbsp;<\/p>\r\n<\/td>\r\n<\/tr>\r\n<tr style=\"height: 157px;\">\r\n<td style=\"height: 157px; width: 49.3548%;\">\r\n<p><span style=\"text-decoration: underline;\">Karolina Johansson<\/span><br \/>Director - Secretariat, Congress, Finances, Council correspondence<br \/><a href=\"mailto:info@aic-iac.org\"><span style=\"text-decoration: underline;\">info@aic-iac.org<\/span><\/a><\/p>\r\n<p><span style=\"text-decoration: underline;\">Dana\u00e9 Rota<\/span><br \/>Administrative Coordinator - Members correspondence, Membership fees<br \/><a href=\"mailto:office@aic-iac.org\"><span style=\"text-decoration: underline;\">office@aic-iac.org<\/span><\/a><br \/><br \/><span style=\"text-decoration: underline;\">Marie Bornet Lanz<\/span><br \/>Project Coordinator - Bulletin, Publications, UNESCO<br \/><a href=\"mailto:admin@aic-iac.org\"><span style=\"text-decoration: underline;\">admin@aic-iac.org<\/span><\/a><\/p>\r\n<p><span style=\"text-decoration: underline;\">Nora Mdaghri<\/span><br \/>Communications Coordinator<br \/><span style=\"text-decoration: underline;\"><a href=\"mailto:communications@aic-iac.org\">communications@aic-iac.org<\/a><\/span>\u00a0<\/p>\r\n<\/td>\r\n<td style=\"height: 157px; width: 49.3548%;\">\r\n<p><span style=\"text-decoration: underline;\">IAC Office<\/span><br \/>Mus\u00e9e Ariana<br \/>10 avenue de la Paix<br \/>CH-1202 Geneva<br \/>Switzerland<br \/>Tel +41 77 217 62 16 (also available via WhatsApp)<\/p>\r\n<p><strong>Please contact Dana\u00e9 Rota for all matters related to membership fees.<\/strong><\/p>\r\n<\/td>\r\n<\/tr>\r\n<\/tbody>\r\n<\/table>\r\n<p>&nbsp;<\/p>"},"excerpt":{"rendered":"<p>Contact the IAC Office for any questions.<\/p>\n","protected":false,"raw":"Contact the IAC Office for any questions."},"author":379,"featured_media":0,"parent":0,"menu_order":7,"comment_status":"closed","ping_status":"closed","template":"","meta":{"_fr_post_content":"<table style=\"height: 737px; width: 100%;\">\r\n<tbody>\r\n<tr style=\"height: 407px;\">\r\n<td style=\"width: 98.7097%; height: 407px;\" colspan=\"2\"><img class=\"alignnone size-full wp-image-18133\" src=\"https:\/\/www.aic-iac.org\/wp-content\/uploads\/contatcs-NB-940x626-2.jpg\" alt=\"contatcs-NB-940x626-2\" width=\"940\" height=\"626\" \/><\/td>\r\n<\/tr>\r\n<tr style=\"height: 168px;\">\r\n<td style=\"width: 49.3548%; height: 168px;\" colspan=\"2\">\r\n<p>Le secr\u00e9tariat de l'AIC si\u00e8ge au mus\u00e9e Ariana \u00e0 Gen\u00e8ve. Vous pouvez nous contacter en tout temps par email ou par t\u00e9l\u00e9phone durant les heures de bureau.<\/p>\r\n<span style=\"font-family: inherit;\">Le bureau r\u00e9pond \u00e0 vos appels le :<br \/>Mercredi de 10h \u00e0 17h<br \/>Jeudi de 10h \u00e0 17h<\/span>\r\n<p><span style=\"font-family: inherit;\">Vendredi de 10h \u00e0 12h30<br \/><\/span><span style=\"font-family: inherit;\"><span style=\"font-family: inherit;\">(heure d'Europe centrale). <br \/><\/span><\/span><\/p>\r\n<\/td>\r\n<\/tr>\r\n<tr style=\"height: 10px;\">\r\n<td style=\"width: 49.3548%; height: 10px;\">\u00a0<\/td>\r\n<td style=\"width: 49.3548%; height: 10px;\">\u00a0<\/td>\r\n<\/tr>\r\n<tr style=\"height: 133px;\">\r\n<td style=\"width: 49.3548%; height: 133px;\">\r\n<p><span style=\"text-decoration: underline;\">Karolina Johansson<\/span><br \/>Directrice -\u00a0 Gestion du bureau, du Congr\u00e8s et des Finances, Correspondance du Conseil<br \/><a href=\"mailto:info@aic-iac.org\"><span style=\"text-decoration: underline;\">info@aic-iac.org<\/span><\/a><\/p>\r\n<p><span style=\"text-decoration: underline;\">Dana\u00e9 Rota<\/span><br \/>Coordinatrice administrative - Correspondance des membres, Cotisations des membres<br \/><a href=\"mailto:office@aic-iac.org\"><span style=\"text-decoration: underline;\">office@aic-iac.org<\/span><\/a><\/p>\r\n<p><span style=\"text-decoration: underline;\">Marie Bornet Lanz<\/span><br \/>Coordinatrice de projets - Bulletin, Publications, UNESCO<br \/><a href=\"mailto:admin@aic-iac.org\"><span style=\"text-decoration: underline;\">admin@aic-iac.org<\/span><\/a><\/p>\r\n<p><span style=\"text-decoration: underline;\">Nora Mdaghri<br \/><\/span>Coordinatrice communication\u00a0<br \/><a href=\"mailto:communications@aic-iac.org\">communications@aic-iac.org<\/a>\u00a0<\/p>\r\n<\/td>\r\n<td style=\"width: 49.3548%; height: 133px;\">\r\n<p><span style=\"text-decoration: underline;\">Secr\u00e9tariat<\/span><br \/>Mus\u00e9e Ariana<br \/>10 avenue de la Paix<br \/>CH\u20131202\u00a0Gen\u00e8ve<br \/>Suisse<br \/>T +41 77 217 62 16 (\u00e9galement disponible via WhatsApp)<\/p>\r\n<p><strong>Veuillez contacter Dana\u00e9 Rota pour toutes questions relatives aux cotisations des membres<\/strong>.<\/p>\r\n<p>&nbsp;<\/p>\r\n<\/td>\r\n<\/tr>\r\n<tr style=\"height: 19px;\">\r\n<td style=\"width: 49.3548%; height: 19px;\">\u00a0<\/td>\r\n<td style=\"width: 49.3548%; height: 19px;\">\u00a0<\/td>\r\n<\/tr>\r\n<\/tbody>\r\n<\/table>\r\n<p><a href=\"mailto:info@aic-iac.org\">\u00a0<\/a><\/p>\r\n<p>&nbsp;<\/p>","_fr_post_name":"contact","_fr_post_excerpt":"Contactez le Secr\u00e9tariat de l'AIC pour toute question.","_fr_post_title":"Contact","_en_post_content":"<table style=\"height: 749px; width: 100%;\">\r\n<tbody>\r\n<tr style=\"height: 402px;\">\r\n<td style=\"height: 402px; width: 98.7096%;\" colspan=\"2\"><img class=\"alignnone size-full wp-image-18133\" src=\"https:\/\/www.aic-iac.org\/wp-content\/uploads\/contatcs-NB-940x626-2.jpg\" alt=\"contatcs-NB-940x626-2\" width=\"940\" height=\"626\" \/><\/td>\r\n<\/tr>\r\n<tr style=\"height: 190px;\">\r\n<td style=\"height: 190px;\" colspan=\"2\">\r\n<p>The Secretariat is housed in the Ariana Museum in Geneva. Please do not hesitate to contact us by email any time or by phone during our office hours.\u00a0<\/p>\r\nThe office answers your calls on:<br \/>Wednesdays from 10am to 5pm <br \/>Thursdays from 10am to 5pm\r\n<p>Fridays from 10am to 12.30pm<br \/>(Central European time).<\/p>\r\n<\/td>\r\n<\/tr>\r\n<tr>\r\n<td style=\"width: 98.7096%;\" colspan=\"2\">\r\n<p>&nbsp;<\/p>\r\n<\/td>\r\n<\/tr>\r\n<tr style=\"height: 157px;\">\r\n<td style=\"height: 157px; width: 49.3548%;\">\r\n<p><span style=\"text-decoration: underline;\">Karolina Johansson<\/span><br \/>Director - Secretariat, Congress, Finances, Council correspondence<br \/><a href=\"mailto:info@aic-iac.org\"><span style=\"text-decoration: underline;\">info@aic-iac.org<\/span><\/a><\/p>\r\n<p><span style=\"text-decoration: underline;\">Dana\u00e9 Rota<\/span><br \/>Administrative Coordinator - Members correspondence, Membership fees<br \/><a href=\"mailto:office@aic-iac.org\"><span style=\"text-decoration: underline;\">office@aic-iac.org<\/span><\/a><br \/><br \/><span style=\"text-decoration: underline;\">Marie Bornet Lanz<\/span><br \/>Project Coordinator - Bulletin, Publications, UNESCO<br \/><a href=\"mailto:admin@aic-iac.org\"><span style=\"text-decoration: underline;\">admin@aic-iac.org<\/span><\/a><\/p>\r\n<p><span style=\"text-decoration: underline;\">Nora Mdaghri<\/span><br \/>Communications Coordinator<br \/><span style=\"text-decoration: underline;\"><a href=\"mailto:communications@aic-iac.org\">communications@aic-iac.org<\/a><\/span>\u00a0<\/p>\r\n<\/td>\r\n<td style=\"height: 157px; width: 49.3548%;\">\r\n<p><span style=\"text-decoration: underline;\">IAC Office<\/span><br \/>Mus\u00e9e Ariana<br \/>10 avenue de la Paix<br \/>CH-1202 Geneva<br \/>Switzerland<br \/>Tel +41 77 217 62 16 (also available via WhatsApp)<\/p>\r\n<p><strong>Please contact Dana\u00e9 Rota for all matters related to membership fees.<\/strong><\/p>\r\n<\/td>\r\n<\/tr>\r\n<\/tbody>\r\n<\/table>\r\n<p>&nbsp;<\/p>","_en_post_name":"contact","_en_post_excerpt":"Contact the IAC Office for any questions.","_en_post_title":"Contact","_ja_post_content":"","_ja_post_name":"contact","_ja_post_excerpt":"","_ja_post_title":"","_zh_post_content":"<table style=\"height: 737px; width: 100%;\">\r\n<tbody>\r\n<tr style=\"height: 407px;\">\r\n<td style=\"width: 98.7097%; height: 407px;\" colspan=\"2\"><img class=\"alignnone size-full wp-image-18133\" src=\"https:\/\/www.aic-iac.org\/wp-content\/uploads\/contatcs-NB-940x626-2.jpg\" alt=\"contatcs-NB-940x626-2\" width=\"940\" height=\"626\" \/><\/td>\r\n<\/tr>\r\n<tr style=\"height: 168px;\">\r\n<td style=\"width: 98.7097%; height: 168px;\" colspan=\"2\">\r\n<p>IAC\u79d8\u4e66\u5904\u8bbe\u5728\u65e5\u5185\u74e6\u963f\u4e3d\u4e9a\u5a1c\u535a\u7269\u9986\u3002\u6b22\u8fce\u5728\u529e\u516c\u65f6\u95f4\u5185\u968f\u65f6\u901a\u8fc7\u7535\u5b50\u90ae\u4ef6\u6216\u7535\u8bdd\u8054\u7cfb\u6211\u4eec\u3002<\/p>\r\n<p><span style=\"text-decoration: underline;\">\u529e\u516c\u65f6\u95f4:<br \/><br \/><\/span><span style=\"font-family: inherit;\">\u661f\u671f\u4e09\u4e0a\u534810\u70b9\u81f3\u4e0b\u53485\u70b9\uff08\u6b27\u6d32\u4e2d\u90e8\u65f6\u95f4\uff09\uff0c\u661f\u671f\u56db\u4e0a\u534810\u70b9\u81f3\u4e0b\u53485\u70b9\uff08\u6b27\u6d32\u4e2d\u90e8\u65f6\u95f4\uff09<\/span>\uff0c\u5468\u4e94\u4e0a\u534810\u70b9\u81f3\u4e2d\u534812\u70b930\u5206\uff08\u6b27\u6d32\u4e2d\u90e8\u65f6\u95f4\uff09\u3002<\/p>\r\n<\/td>\r\n<\/tr>\r\n<tr style=\"height: 10px;\">\r\n<td style=\"width: 49.3548%; height: 10px;\">\u00a0<\/td>\r\n<td style=\"width: 49.3548%; height: 10px;\">\u00a0<\/td>\r\n<\/tr>\r\n<tr style=\"height: 133px;\">\r\n<td style=\"width: 49.3548%; height: 133px;\">\r\n<p><span style=\"text-decoration: underline;\">Karolina Johansson \u5361\u7f57\u5229\u5a1c-\u7ea6\u7ff0\u68ee<\/span><br \/>\u4e3b\u7ba1\uff1a\u529e\u516c\u5ba4\u3001\u56fd\u4f1a\u3001\u8d22\u52a1\u3001\u4e0e\u7406\u4e8b\u4f1a\u7684\u901a\u4fe1\u3002<br \/><span style=\"text-decoration: underline;\"><a href=\"mailto:info@aic-iac.org\">info@aic-iac.org<\/a><\/span><\/p>\r\n<p><span style=\"text-decoration: underline;\">Dana\u00e9 Rota \u8fbe\u7eb3\u4f0a\u7f57\u5854<\/span><br \/>\u884c\u653f\u534f\u8c03\u5458\u2014\u2014\u4f1a\u8d39\u53ca\u4f1a\u5458\u8054\u7edc\u3002<br \/><span style=\"text-decoration: underline;\"><a href=\"mailto:office@aic-iac.org\">office@aic-iac.org<\/a><\/span><\/p>\r\n<p><span style=\"text-decoration: underline;\">Marie Bornet Lanz \u739b\u4e3d*\u535a\u5185\u7279*\u5170\u5179<\/span><br \/>\u516c\u544a\u3001\u51fa\u7248\u7269\u3001\u6559\u79d1\u6587\u7ec4\u7ec7<br \/><span style=\"text-decoration: underline;\"><a href=\"mailto:admin@aic-iac.org\">admin@aic-iac.org<\/a><\/span><\/p>\r\n<p><span style=\"text-decoration: underline;\">Nora Mdaghri \u8bfa\u62c9\u00b7\u59c6\u8fbe\u683c\u91cc<\/span><br \/>\u4f20\u64ad\u534f\u8c03\u5458<br \/><a href=\"mailto:communications@aic-iac.org\"><span style=\"text-decoration: underline;\">communications@aic-iac.org<\/span><\/a><\/p>\r\n<\/td>\r\n<td style=\"width: 49.3548%; height: 133px;\">\r\n<p><span style=\"text-decoration: underline;\">\u529e\u516c\u5ba4<\/span><br \/>Mus\u00e9e Ariana\u00a0\u963f\u4e3d\u4e9a\u5a1c\u535a\u7269\u9986<br \/>10 avenue de la Paix<br \/>CH\u20131202\u00a0Geneva\u00a0\u65e5\u5185\u74e6<br \/>Switzerland\u00a0\u745e\u58eb<br \/>\u7535\u8bdd +41 77 217 62 16<\/p>\r\n<p><strong>\u8bf7\u8054\u7cfbDana\u00e9 Rota\uff0c\u4e86\u89e3\u6240\u6709\u4e0e\u4f1a\u5458\u8d39\u6709\u5173\u7684\u4e8b\u5b9c\u3002<\/strong><\/p>\r\n<\/td>\r\n<\/tr>\r\n<tr style=\"height: 19px;\">\r\n<td style=\"width: 49.3548%; height: 19px;\">\u00a0<\/td>\r\n<td style=\"width: 49.3548%; height: 19px;\">\u00a0<\/td>\r\n<\/tr>\r\n<\/tbody>\r\n<\/table>\r\n<p><a href=\"mailto:info@aic-iac.org\">\u00a0<\/a><\/p>\r\n<p>&nbsp;<\/p>","_zh_post_name":"contact","_zh_post_excerpt":"\u8054\u7cfbIAC\u529e\u516c\u5ba4","_zh_post_title":"\u8054\u7cfb\u6211\u4eec","_es_post_content":"<table style=\"width: 100%;\">\r\n<tbody>\r\n<tr>\r\n<td style=\"width: 98.7097%;\" colspan=\"2\"><img class=\"alignnone size-full wp-image-18133\" src=\"https:\/\/www.aic-iac.org\/wp-content\/uploads\/contatcs-NB-940x626-2.jpg\" alt=\"contatcs-NB-940x626-2\" width=\"940\" height=\"626\" \/><\/td>\r\n<\/tr>\r\n<tr>\r\n<td style=\"width: 98.7097%;\" colspan=\"2\">\r\n<p>La Secretar\u00eda se encuentra en el Museo Ariana de Ginebra. No dude en contactarnos por correo electr\u00f3nico en cualquier momento o por tel\u00e9fono durante el horario de oficina.<\/p>\r\n<span style=\"text-decoration: underline;\">Horas de oficina:<br \/><\/span><span style=\"font-family: inherit;\">Mi\u00e9rcoles de 10h a 17h<br \/>Jueves de 10h a 17h<\/span>\r\n<p><span style=\"font-family: inherit;\">Viernes de 10h a 12h30\u00a0<br \/><\/span><span style=\"font-family: inherit;\">(Hora central europea)<\/span><\/p>\r\n<\/td>\r\n<\/tr>\r\n<tr>\r\n<td style=\"width: 49.1935%;\">\u00a0<\/td>\r\n<td style=\"width: 49.5161%;\">\u00a0<\/td>\r\n<\/tr>\r\n<tr>\r\n<td style=\"width: 49.1935%;\">\r\n<p><span style=\"text-decoration: underline;\">Karolina Johansson<\/span><br \/>Director - Gesti\u00f3n de la oficina, del Congreso, de Finanzas, y la correspondencia del Consejo.<br \/><span style=\"text-decoration: underline;\"><a href=\"mailto:info@aic-iac.org\">info@aic-iac.org<\/a><\/span><\/p>\r\n<p><span style=\"text-decoration: underline;\">Dana\u00e9 Rota<\/span><br \/>Coordinadora de Administraci\u00f3n - Correspondencia con los miembros y cuotas de afiliaci\u00f3n\u00a0<br \/><span style=\"text-decoration: underline;\"><a href=\"mailto:office@aic-iac.org\">office@aic-iac.org<\/a><\/span><br \/><br \/><span style=\"text-decoration: underline;\">Marie Bornet Lanz<\/span><br \/>Coordinadora de Proyectos - Bolet\u00edn, Publicaciones, UNESCO.<br \/><span style=\"text-decoration: underline;\"><a href=\"mailto:admin@aic-iac.org\">admin@aic-iac.org<\/a><\/span><\/p>\r\n<p><span style=\"text-decoration: underline;\">Nora Mdaghri<\/span><br \/>Coordinadora de comunicaci\u00f3n<br \/><a href=\"mailto:communications@aic-iac.org\"><span style=\"text-decoration: underline;\">communications@aic-iac.org<\/span><\/a>\u00a0<\/p>\r\n<\/td>\r\n<td style=\"width: 49.5161%;\">\r\n<p><span style=\"text-decoration: underline;\">Oficina AIC<\/span><br \/>Mus\u00e9e Ariana<br \/>10 avenue de la Paix<br \/>CH\u20131202 Ginebra<br \/>Suiza<br \/>T +41 77 217 62 16 (tambi\u00e9n disponible a trav\u00e9s de WhatsApp)<\/p>\r\n<p><strong>P\u00f3ngase en contacto con Dana\u00e9 Rota para todo lo relacionado con las cuotas de afiliaci\u00f3n<\/strong>.<\/p>\r\n<\/td>\r\n<\/tr>\r\n<tr>\r\n<td style=\"width: 49.1935%;\">\u00a0<\/td>\r\n<td style=\"width: 49.5161%;\">\u00a0<\/td>\r\n<\/tr>\r\n<\/tbody>\r\n<\/table>\r\n<p><a href=\"mailto:info@aic-iac.org\">\u00a0<\/a><\/p>\r\n<p>&nbsp;<\/p>","_es_post_name":"contact","_es_post_excerpt":"Contacte con la Oficina de la AIC para cualquier pregunta.","_es_post_title":"Contacto","edit_language":"en"},"class_list":["post-48849","page","type-page","status-publish","hentry"],"_links":{"self":[{"href":"https:\/\/www.aic-iac.org\/en\/wp-json\/wp\/v2\/pages\/48849","targetHints":{"allow":["GET"]}}],"collection":[{"href":"https:\/\/www.aic-iac.org\/en\/wp-json\/wp\/v2\/pages"}],"about":[{"href":"https:\/\/www.aic-iac.org\/en\/wp-json\/wp\/v2\/types\/page"}],"author":[{"embeddable":true,"href":"https:\/\/www.aic-iac.org\/en\/wp-json\/wp\/v2\/users\/379"}],"replies":[{"embeddable":true,"href":"https:\/\/www.aic-iac.org\/en\/wp-json\/wp\/v2\/comments?post=48849"}],"version-history":[{"count":129,"href":"https:\/\/www.aic-iac.org\/en\/wp-json\/wp\/v2\/pages\/48849\/revisions"}],"predecessor-version":[{"id":91196,"href":"https:\/\/www.aic-iac.org\/en\/wp-json\/wp\/v2\/pages\/48849\/revisions\/91196"}],"wp:attachment":[{"href":"https:\/\/www.aic-iac.org\/en\/wp-json\/wp\/v2\/media?parent=48849"}],"curies":[{"name":"wp","href":"https:\/\/api.w.org\/{rel}","templated":true}]}}