{"id":56202,"date":"2021-09-13T08:05:53","date_gmt":"2021-09-13T08:05:53","guid":{"rendered":"https:\/\/www.aic-iac.org\/?page_id=56202"},"modified":"2025-03-03T15:28:13","modified_gmt":"2025-03-03T15:28:13","slug":"congres-aic-2022-geneve","status":"publish","type":"page","link":"https:\/\/www.aic-iac.org\/en\/activite\/congres-aic-2022-geneve\/","title":{"rendered":"Geneva 2022 IAC Congress","raw":"Geneva 2022 IAC Congress"},"content":{"rendered":"<table style=\"border-collapse: collapse; width: 100%; height: 89px;\">\n<tbody>\n<tr>\n<td style=\"width: 100%;\" colspan=\"2\">\n<h3><img loading=\"lazy\" decoding=\"async\" class=\"alignnone wp-image-56854 size-full\" src=\"https:\/\/www.aic-iac.org\/wp-content\/uploads\/Annexe2_5.png\" alt=\"\" width=\"1063\" height=\"512\" srcset=\"https:\/\/www.aic-iac.org\/wp-content\/uploads\/Annexe2_5.png 1063w, https:\/\/www.aic-iac.org\/wp-content\/uploads\/Annexe2_5-300x144.png 300w, https:\/\/www.aic-iac.org\/wp-content\/uploads\/Annexe2_5-940x453.png 940w, https:\/\/www.aic-iac.org\/wp-content\/uploads\/Annexe2_5-768x370.png 768w\" sizes=\"(max-width: 1063px) 100vw, 1063px\" \/><\/h3>\n<\/td>\n<\/tr>\n<tr>\n<td style=\"width: 100%;\" colspan=\"2\">\n<hr \/>\n<\/td>\n<\/tr>\n<tr>\n<td style=\"width: 100%;\" colspan=\"2\"><strong>More detailed information on the 2022 Congress is available on the Congress website<\/strong> <a href=\"https:\/\/geneve2022.aic-iac.org\/en\/\" target=\"_blank\" rel=\"noopener\">&gt;&gt; HERE &lt;&lt;<\/a><\/td>\n<\/tr>\n<tr>\n<td style=\"width: 100%;\" colspan=\"2\">\n<hr \/>\n<\/td>\n<\/tr>\n<tr style=\"height: 89px;\">\n<td style=\"width: 50%; height: 89px;\">\n<h3>IAC CONGRESS<br \/>GENEVA 2022<br \/>12th &#8211; 16th September 2022<\/h3>\n<p>&nbsp;<\/p>\n<p>The International Academy of Ceramics (IAC) is celebrating its 70th anniversary and its 50th congress in 2022. It was therefore in its heart, in Geneva, Switzerland, the birthplace and headquarters of the IAC that this jubilee congress\u00a0 took place from <span style=\"text-decoration: underline;\">12th to 16th September 2022.<\/span><\/p>\n<p>The central theme \u201c<a href=\"https:\/\/geneve2022.aic-iac.org\/en\/theme-du-congres\/\">Melting Pot: From the alchemist\u2019s crucible to the cultural crucible<\/a>\u201d was rightly based on the international dimension of Geneva, a city where cultures, habits and politics tend to merge. This theme was also linked to IAC&#8217;s official partnership with UNESCO as a non-governmental organization, thus emphasizing the universality of the use of earth in its diversity.<\/p>\n<\/td>\n<td style=\"width: 50%; height: 89px;\">\n<p>The 5-day programme consisted of academic and professional conferences, debates, and visits to national and international exhibitions.<\/p>\n<p>Highlights:<\/p>\n<ul>\n<li>The members&#8217; exhibition, hosted in the prestigious Ariana Museum, home of IAC.<\/li>\n<li>A novel exhibition retracing the IAC archives at the Ariana Museum.<\/li>\n<li>The exhibition of Swiss ceramicists presented in two museums, in Nyon and Neuch\u00e2tel.<\/li>\n<li>More than 30 exhibitions in national and private museums, art galleries and historical or contemporary institutions.<\/li>\n<li>An international exhibition in the heart of the UN.<\/li>\n<li>The UNESCO evening.<\/li>\n<\/ul>\n<p>The Congress was hosted by <a href=\"https:\/\/swissceramics.ch\/en\"><em>swissceramics<\/em><\/a>, the Swiss association of professional ceramicists.<\/p>\n<\/td>\n<\/tr>\n<\/tbody>\n<\/table>\n<p>&nbsp;<\/p>\n","protected":false,"raw":"<table style=\"border-collapse: collapse; width: 100%; height: 89px;\">\r\n<tbody>\r\n<tr>\r\n<td style=\"width: 100%;\" colspan=\"2\">\r\n<h3><img class=\"alignnone wp-image-56854 size-full\" src=\"https:\/\/www.aic-iac.org\/wp-content\/uploads\/Annexe2_5.png\" alt=\"\" width=\"1063\" height=\"512\" \/><\/h3>\r\n<\/td>\r\n<\/tr>\r\n<tr>\r\n<td style=\"width: 100%;\" colspan=\"2\"><hr \/><\/td>\r\n<\/tr>\r\n<tr>\r\n<td style=\"width: 100%;\" colspan=\"2\"><strong>More detailed information on the 2022 Congress is available on the Congress website<\/strong> <a href=\"https:\/\/geneve2022.aic-iac.org\/en\/\" target=\"_blank\" rel=\"noopener\">&gt;&gt; HERE &lt;&lt;<\/a><\/td>\r\n<\/tr>\r\n<tr>\r\n<td style=\"width: 100%;\" colspan=\"2\"><hr \/><\/td>\r\n<\/tr>\r\n<tr style=\"height: 89px;\">\r\n<td style=\"width: 50%; height: 89px;\">\r\n<h3>IAC CONGRESS<br \/>GENEVA 2022<br \/>12th - 16th September 2022<\/h3>\r\n<p>&nbsp;<\/p>\r\n<p>The International Academy of Ceramics (IAC) is celebrating its 70th anniversary and its 50th congress in 2022. It was therefore in its heart, in Geneva, Switzerland, the birthplace and headquarters of the IAC that this jubilee congress\u00a0 took place from <span style=\"text-decoration: underline;\">12th to 16th September 2022.<\/span><\/p>\r\n<p>The central theme \u201c<a href=\"https:\/\/geneve2022.aic-iac.org\/en\/theme-du-congres\/\">Melting Pot: From the alchemist\u2019s crucible to the cultural crucible<\/a>\u201d was rightly based on the international dimension of Geneva, a city where cultures, habits and politics tend to merge. This theme was also linked to IAC's official partnership with UNESCO as a non-governmental organization, thus emphasizing the universality of the use of earth in its diversity.<\/p>\r\n<\/td>\r\n<td style=\"width: 50%; height: 89px;\">\r\n<p>The 5-day programme consisted of academic and professional conferences, debates, and visits to national and international exhibitions.<\/p>\r\n<p>Highlights:<\/p>\r\n<ul>\r\n<li>The members' exhibition, hosted in the prestigious Ariana Museum, home of IAC.<\/li>\r\n<li>A novel exhibition retracing the IAC archives at the Ariana Museum.<\/li>\r\n<li>The exhibition of Swiss ceramicists presented in two museums, in Nyon and Neuch\u00e2tel.<\/li>\r\n<li>More than 30 exhibitions in national and private museums, art galleries and historical or contemporary institutions.<\/li>\r\n<li>An international exhibition in the heart of the UN.<\/li>\r\n<li>The UNESCO evening.<\/li>\r\n<\/ul>\r\n<p><br \/>The Congress was hosted by <a href=\"https:\/\/swissceramics.ch\/en\"><em>swissceramics<\/em><\/a>, the Swiss association of professional ceramicists.<\/p>\r\n<\/td>\r\n<\/tr>\r\n<\/tbody>\r\n<\/table>\r\n<p>&nbsp;<\/p>"},"excerpt":{"rendered":"<p>The 2022 IAC Congress was held in Geneva in September 2022.<\/p>\n","protected":false,"raw":"The 2022 IAC Congress was held in Geneva in September 2022."},"author":2192,"featured_media":57547,"parent":17378,"menu_order":12,"comment_status":"closed","ping_status":"closed","template":"","meta":{"_fr_post_content":"<table style=\"border-collapse: collapse; width: 100%;\">\r\n<tbody>\r\n<tr>\r\n<td style=\"width: 100%;\" colspan=\"2\"><span class=\"caption\"><img class=\"alignnone wp-image-56855 size-full\" src=\"https:\/\/www.aic-iac.org\/wp-content\/uploads\/Annexe2_5-1.png\" alt=\"\" width=\"1063\" height=\"512\" \/><\/span><\/td>\r\n<\/tr>\r\n<tr>\r\n<td style=\"width: 100%;\" colspan=\"2\"><hr \/><\/td>\r\n<\/tr>\r\n<tr>\r\n<td style=\"width: 100%;\" colspan=\"2\"><strong>Des informations plus d\u00e9taill\u00e9es sur le Congr\u00e8s 2022 sont disponibles sur le site du Congr\u00e8s<\/strong> <a href=\"https:\/\/geneve2022.aic-iac.org\/\" target=\"_blank\" rel=\"noopener\">&gt;&gt; ICI &lt;&lt;<\/a><\/td>\r\n<\/tr>\r\n<tr>\r\n<td style=\"width: 100%;\" colspan=\"2\"><hr \/><\/td>\r\n<\/tr>\r\n<tr>\r\n<td style=\"width: 50%;\">\r\n<h3>CONGR\u00c8S AIC<br \/>GEN\u00c8VE 2022<br \/>12-16 septembre 2022<br \/>\u00a0<\/h3>\r\n<p>L\u2019Acad\u00e9mie Internationale de la C\u00e9ramique (AIC) f\u00eatera son 70\u00e8me anniversaire et son 50\u00e8me congr\u00e8s en 2022. C\u2019est donc en son c\u0153ur, \u00e0 Gen\u00e8ve en Suisse, berceau et si\u00e8ge de l\u2019AIC que se d\u00e9roulera ce congr\u00e8s jubil\u00e9 <span style=\"text-decoration: underline;\">du 12 au 16 septembre 2022<\/span>, propos\u00e9 en pr\u00e9sentiel et en ligne.<\/p>\r\n<p>La th\u00e9matique centrale \u00ab <a href=\"https:\/\/geneve2022.aic-iac.org\/theme-du-congres\/\">Melting Pot. Du creuset alchimique au creuset culturel<\/a> \u00bb prend \u00e0 juste titre appui sur la dimension internationale de Gen\u00e8ve, ville o\u00f9 les cultures, les pratiques et la politique tendent \u00e0 se fondre. Ce th\u00e8me est \u00e9galement li\u00e9 au partenariat officiel de l\u2019AIC avec l\u2019UNESCO en tant qu\u2019organisation non gouvernementale, soulignant ainsi l\u2019universalit\u00e9 du travail de la terre dans sa diversit\u00e9.<\/p>\r\n<\/td>\r\n<td style=\"width: 50%;\">\r\n<p>Le programme de 5 jours sera compos\u00e9 de conf\u00e9rences acad\u00e9miques et professionnelles, de d\u00e9bats, de visites d\u2019expositions nationales et internationales.<\/p>\r\n<p>Points forts\u00a0:<\/p>\r\n<ul>\r\n<li>L\u2019exposition des membres accueillie dans le prestigieux Mus\u00e9e Ariana, si\u00e8ge de l\u2019AIC.<\/li>\r\n<li>Une exposition in\u00e9dite retra\u00e7ant les archives de l\u2019AIC au Mus\u00e9e Ariana.<\/li>\r\n<li>L\u2019exposition des c\u00e9ramistes suisses pr\u00e9sent\u00e9e dans deux mus\u00e9es, \u00e0 Nyon et Neuch\u00e2tel.<\/li>\r\n<li>Plus de 30 expositions dans des mus\u00e9es nationaux et priv\u00e9s, des galeries d\u2019art et des institutions historiques ou contemporaines.<\/li>\r\n<li>Une exposition internationale au c\u0153ur de l\u2019ONU.<\/li>\r\n<li>La soir\u00e9e UNESCO.<\/li>\r\n<\/ul>\r\n<p><br \/>Le Congr\u00e8s est accueilli par <a href=\"https:\/\/swissceramics.ch\/fr\/\"><em>swissceramics<\/em><\/a>, l\u2019association suisse des c\u00e9ramistes professionnels.<\/p>\r\n<\/td>\r\n<\/tr>\r\n<\/tbody>\r\n<\/table>\r\n<p>&nbsp;<\/p>","_fr_post_name":"congres-aic-2022-geneve","_fr_post_excerpt":"Le Congr\u00e8s AIC 2022 s'est d\u00e9roul\u00e9 \u00e0 Gen\u00e8ve en septembre 2022.","_fr_post_title":"Congr\u00e8s AIC 2022 Gen\u00e8ve","_en_post_content":"<table style=\"border-collapse: collapse; width: 100%; height: 89px;\">\r\n<tbody>\r\n<tr>\r\n<td style=\"width: 100%;\" colspan=\"2\">\r\n<h3><img class=\"alignnone wp-image-56854 size-full\" src=\"https:\/\/www.aic-iac.org\/wp-content\/uploads\/Annexe2_5.png\" alt=\"\" width=\"1063\" height=\"512\" \/><\/h3>\r\n<\/td>\r\n<\/tr>\r\n<tr>\r\n<td style=\"width: 100%;\" colspan=\"2\"><hr \/><\/td>\r\n<\/tr>\r\n<tr>\r\n<td style=\"width: 100%;\" colspan=\"2\"><strong>More detailed information on the 2022 Congress is available on the Congress website<\/strong> <a href=\"https:\/\/geneve2022.aic-iac.org\/en\/\" target=\"_blank\" rel=\"noopener\">&gt;&gt; HERE &lt;&lt;<\/a><\/td>\r\n<\/tr>\r\n<tr>\r\n<td style=\"width: 100%;\" colspan=\"2\"><hr \/><\/td>\r\n<\/tr>\r\n<tr style=\"height: 89px;\">\r\n<td style=\"width: 50%; height: 89px;\">\r\n<h3>IAC CONGRESS<br \/>GENEVA 2022<br \/>12th - 16th September 2022<\/h3>\r\n<p>&nbsp;<\/p>\r\n<p>The International Academy of Ceramics (IAC) is celebrating its 70th anniversary and its 50th congress in 2022. It was therefore in its heart, in Geneva, Switzerland, the birthplace and headquarters of the IAC that this jubilee congress\u00a0 took place from <span style=\"text-decoration: underline;\">12th to 16th September 2022.<\/span><\/p>\r\n<p>The central theme \u201c<a href=\"https:\/\/geneve2022.aic-iac.org\/en\/theme-du-congres\/\">Melting Pot: From the alchemist\u2019s crucible to the cultural crucible<\/a>\u201d was rightly based on the international dimension of Geneva, a city where cultures, habits and politics tend to merge. This theme was also linked to IAC's official partnership with UNESCO as a non-governmental organization, thus emphasizing the universality of the use of earth in its diversity.<\/p>\r\n<\/td>\r\n<td style=\"width: 50%; height: 89px;\">\r\n<p>The 5-day programme consisted of academic and professional conferences, debates, and visits to national and international exhibitions.<\/p>\r\n<p>Highlights:<\/p>\r\n<ul>\r\n<li>The members' exhibition, hosted in the prestigious Ariana Museum, home of IAC.<\/li>\r\n<li>A novel exhibition retracing the IAC archives at the Ariana Museum.<\/li>\r\n<li>The exhibition of Swiss ceramicists presented in two museums, in Nyon and Neuch\u00e2tel.<\/li>\r\n<li>More than 30 exhibitions in national and private museums, art galleries and historical or contemporary institutions.<\/li>\r\n<li>An international exhibition in the heart of the UN.<\/li>\r\n<li>The UNESCO evening.<\/li>\r\n<\/ul>\r\n<p><br \/>The Congress was hosted by <a href=\"https:\/\/swissceramics.ch\/en\"><em>swissceramics<\/em><\/a>, the Swiss association of professional ceramicists.<\/p>\r\n<\/td>\r\n<\/tr>\r\n<\/tbody>\r\n<\/table>\r\n<p>&nbsp;<\/p>","_en_post_name":"congres-aic-2022-geneve","_en_post_excerpt":"The 2022 IAC Congress was held in Geneva in September 2022.","_en_post_title":"Geneva 2022 IAC Congress","_ja_post_content":"","_ja_post_name":"","_ja_post_excerpt":"","_ja_post_title":"","_zh_post_content":"","_zh_post_name":"","_zh_post_excerpt":"","_zh_post_title":"","_es_post_content":"","_es_post_name":"congres-aic-2022-geneve","_es_post_excerpt":"","_es_post_title":"","edit_language":"en"},"class_list":["post-56202","page","type-page","status-publish","has-post-thumbnail","hentry"],"_links":{"self":[{"href":"https:\/\/www.aic-iac.org\/en\/wp-json\/wp\/v2\/pages\/56202","targetHints":{"allow":["GET"]}}],"collection":[{"href":"https:\/\/www.aic-iac.org\/en\/wp-json\/wp\/v2\/pages"}],"about":[{"href":"https:\/\/www.aic-iac.org\/en\/wp-json\/wp\/v2\/types\/page"}],"author":[{"embeddable":true,"href":"https:\/\/www.aic-iac.org\/en\/wp-json\/wp\/v2\/users\/2192"}],"replies":[{"embeddable":true,"href":"https:\/\/www.aic-iac.org\/en\/wp-json\/wp\/v2\/comments?post=56202"}],"version-history":[{"count":45,"href":"https:\/\/www.aic-iac.org\/en\/wp-json\/wp\/v2\/pages\/56202\/revisions"}],"predecessor-version":[{"id":85470,"href":"https:\/\/www.aic-iac.org\/en\/wp-json\/wp\/v2\/pages\/56202\/revisions\/85470"}],"up":[{"embeddable":true,"href":"https:\/\/www.aic-iac.org\/en\/wp-json\/wp\/v2\/pages\/17378"}],"wp:featuredmedia":[{"embeddable":true,"href":"https:\/\/www.aic-iac.org\/en\/wp-json\/wp\/v2\/media\/57547"}],"wp:attachment":[{"href":"https:\/\/www.aic-iac.org\/en\/wp-json\/wp\/v2\/media?parent=56202"}],"curies":[{"name":"wp","href":"https:\/\/api.w.org\/{rel}","templated":true}]}}