{"id":6,"date":"2014-10-02T16:38:59","date_gmt":"2014-10-02T16:38:59","guid":{"rendered":"http:\/\/www.aic-iac.org\/?page_id=6"},"modified":"2025-03-03T15:28:13","modified_gmt":"2025-03-03T15:28:13","slug":"congres-2021-rovaniemi","status":"publish","type":"page","link":"https:\/\/www.aic-iac.org\/en\/activite\/congres-2021-rovaniemi\/","title":{"rendered":"Congress 2021 Rovaniemi - Posio","raw":"Congress 2021 Rovaniemi - Posio"},"content":{"rendered":"<table style=\"width: 98.8655%;\">\n<tbody>\n<tr style=\"height: 415.1576232910156px;\">\n<td style=\"height: 415.158px; width: 600px;\" colspan=\"2\">\n<p><a href=\"https:\/\/www.aic-iac.org\/en\/accueil\/subscriptions\/activity\/congress-and-general-assembly\/iac_conference_logo\/\"><img loading=\"lazy\" decoding=\"async\" class=\"alignright wp-image-55857 size-full\" src=\"https:\/\/www.aic-iac.org\/wp-content\/uploads\/IAC_conference_logo.png\" alt=\"\" width=\"720\" height=\"720\" srcset=\"https:\/\/www.aic-iac.org\/wp-content\/uploads\/IAC_conference_logo.png 720w, https:\/\/www.aic-iac.org\/wp-content\/uploads\/IAC_conference_logo-300x300.png 300w, https:\/\/www.aic-iac.org\/wp-content\/uploads\/IAC_conference_logo-140x140.png 140w\" sizes=\"(max-width: 720px) 100vw, 720px\" \/><\/a><\/p>\n<\/td>\n<\/tr>\n<tr style=\"height: 277px;\">\n<td style=\"height: 277px; width: 300px;\">\n<h3>49th IAC CONGRESS &amp; GENERAL ASSEMBLY<br \/>On the Edge<\/h3>\n<p>&nbsp;<\/p>\n<p><span style=\"text-decoration: underline;\">Congress<\/span><br \/><span style=\"color: #008080;\">Online 22-23 September 2021<br \/><\/span>From 1PM to 8 PM (Rovaniemi time)<\/p>\n<p>\u00a0<br \/><span style=\"text-decoration: underline;\">General Assembly<\/span><br \/><span style=\"color: #008080;\">Online \u00a024 September 2021,<\/span><br \/>only for members<\/p>\n<p>&nbsp;<\/p>\n<\/td>\n<td style=\"height: 277px; width: 300px;\">\n<p>Registration is now closed. For more information, please visit the Congress website via the following link: <\/p>\n<p><a style=\"font-family: inherit;\" href=\"https:\/\/rovaniemi-posio2021.aic-iac.org\/programme\/\">&gt;&gt; Click here<\/a><\/p>\n<p>To see the video introducing the LIVETO platform to be used during the congress and General Assembly:<\/p>\n<p><a style=\"font-family: inherit;\" href=\"https:\/\/vimeo.com\/603883903\/84220bc18c\">&gt;&gt; Click here<\/a><\/p>\n<p>&nbsp;<\/p>\n<\/td>\n<\/tr>\n<tr>\n<td style=\"width: 300px;\">\n<p><strong>Reminder:<\/strong> The 49th Congress and General Assembly of the International Academy of Ceramics will be held online in September 2021.<\/p>\n<p>Everyone who has registered for the conference has received an email from <em>LIVETO.io<\/em>. Follow the instructions in the email and register yourself for the LIVETO online congress platform. <span style=\"text-decoration: underline;\">If you did not get the email, please check your junk mail.<\/span><\/p>\n<\/td>\n<td style=\"width: 300px;\">\n<p>If you are encountering difficulties with signing in, please contact (in English) <a href=\"mailto:asiakaspalvelu@liveto.fi\">asiakaspalvelu@liveto.fi<\/a>.<\/p>\n<p>If you have any other questions, please contact (in English)\u00a0<a href=\"mailto:congress@ulapland.fi\">congress@ulapland.fi<\/a>.<\/p>\n<\/td>\n<\/tr>\n<\/tbody>\n<\/table>\n<p>&nbsp;<\/p>\n","protected":false,"raw":"<table style=\"width: 98.8655%;\">\r\n<tbody>\r\n<tr style=\"height: 415.1576232910156px;\">\r\n<td style=\"height: 415.158px; width: 600px;\" colspan=\"2\">\r\n<p><a href=\"https:\/\/www.aic-iac.org\/en\/accueil\/subscriptions\/activity\/congress-and-general-assembly\/iac_conference_logo\/\"><img class=\"alignright wp-image-55857 size-full\" src=\"https:\/\/www.aic-iac.org\/wp-content\/uploads\/IAC_conference_logo.png\" alt=\"\" width=\"720\" height=\"720\" \/><\/a><\/p>\r\n<\/td>\r\n<\/tr>\r\n<tr style=\"height: 277px;\">\r\n<td style=\"height: 277px; width: 300px;\">\r\n<h3>49th IAC CONGRESS &amp; GENERAL ASSEMBLY<br \/>On the Edge<\/h3>\r\n<p>&nbsp;<\/p>\r\n<p><span style=\"text-decoration: underline;\">Congress<\/span><br \/><span style=\"color: #008080;\">Online 22-23 September 2021<br \/><\/span>From 1PM to 8 PM (Rovaniemi time)<\/p>\r\n<p>\u00a0<br \/><span style=\"text-decoration: underline;\">General Assembly<\/span><br \/><span style=\"color: #008080;\">Online \u00a024 September 2021,<\/span><br \/>only for members<\/p>\r\n<p>&nbsp;<\/p>\r\n<\/td>\r\n<td style=\"height: 277px; width: 300px;\">\r\n<p>Registration is now closed. For more information, please visit the Congress website via the following link: <br \/><br \/><a style=\"font-family: inherit;\" href=\"https:\/\/rovaniemi-posio2021.aic-iac.org\/programme\/\">&gt;&gt; Click here<\/a><\/p>\r\n<p>To see the video introducing the LIVETO platform to be used during the congress and General Assembly:<br \/><br \/><a style=\"font-family: inherit;\" href=\"https:\/\/vimeo.com\/603883903\/84220bc18c\">&gt;&gt; Click here<\/a><\/p>\r\n<p>&nbsp;<\/p>\r\n<\/td>\r\n<\/tr>\r\n<tr>\r\n<td style=\"width: 300px;\">\r\n<p><strong>Reminder:<\/strong> The 49th Congress and General Assembly of the International Academy of Ceramics will be held online in September 2021.<\/p>\r\n<p>Everyone who has registered for the conference has received an email from <em>LIVETO.io<\/em>. Follow the instructions in the email and register yourself for the LIVETO online congress platform. <span style=\"text-decoration: underline;\">If you did not get the email, please check your junk mail.<\/span><\/p>\r\n<\/td>\r\n<td style=\"width: 300px;\">\r\n<p>If you are encountering difficulties with signing in, please contact (in English) <a href=\"mailto:asiakaspalvelu@liveto.fi\">asiakaspalvelu@liveto.fi<\/a>.<\/p>\r\n<p><br \/>If you have any other questions, please contact (in English)\u00a0<a href=\"mailto:congress@ulapland.fi\">congress@ulapland.fi<\/a>.<\/p>\r\n<\/td>\r\n<\/tr>\r\n<\/tbody>\r\n<\/table>\r\n<p>&nbsp;<\/p>"},"excerpt":{"rendered":"<p>The Rovaniemi\/Posio Congress has been postponed to 2021<\/p>\n","protected":false,"raw":"The Rovaniemi\/Posio Congress has been postponed to 2021"},"author":1,"featured_media":32065,"parent":17378,"menu_order":6,"comment_status":"closed","ping_status":"closed","template":"","meta":{"_fr_post_content":"<table>\r\n<tbody>\r\n<tr style=\"height: 415.1576232910156px;\">\r\n<td style=\"height: 415.1576232910156px; width: 609.3381958007813px;\" colspan=\"2\">\r\n<p><a href=\"https:\/\/www.aic-iac.org\/accueil\/cotisation\/activite\/congres-et-assemblee-generale\/iac_conference_logo\/\"><img class=\"alignright wp-image-55857 size-full\" src=\"https:\/\/www.aic-iac.org\/wp-content\/uploads\/IAC_conference_logo.png\" alt=\"\" width=\"720\" height=\"720\" \/><\/a><\/p>\r\n<\/td>\r\n<\/tr>\r\n<tr style=\"height: 277px;\">\r\n<td style=\"height: 277px; width: 301.5073547363281px;\">\r\n<h3>49\u00e8me CONGR\u00c8S &amp; ASSEMBL\u00c9E G\u00c9N\u00c9RALE<\/h3>\r\n<h3>On the Edge<\/h3>\r\n<p>&nbsp;<\/p>\r\n<p><span style=\"text-decoration: underline;\">Congr\u00e8s<\/span><br \/><span style=\"color: #008080;\">En ligne le 22-23 septembre 2021<br \/><\/span><span style=\"font-family: inherit;\">De 13h \u00e0 20h (horaire de Rovaniemi)<\/span><\/p>\r\n<p><span style=\"text-decoration: underline;\">Assembl\u00e9e G\u00e9n\u00e9rale<\/span><br \/><span style=\"color: #008080;\">En ligne le 24 septembre 2021,\u00a0<\/span><br \/>pour les membres de l'AIC uniquement.\u00a0<\/p>\r\n<p>&nbsp;<\/p>\r\n<p>&nbsp;<\/p>\r\n<\/td>\r\n<td style=\"height: 277px; width: 301.5073547363281px;\">\r\n<p>Les inscriptions sont d\u00e9sormais closes. Pour plus d'information, merci de consulter le site web du congr\u00e8s sur le lien suivant : <br \/><br \/><a style=\"font-family: inherit;\" href=\"https:\/\/rovaniemi-posio2021.aic-iac.org\/fr\/\">&gt;&gt; Cliquez ici\u00a0<\/a><\/p>\r\n<p>Pour voir la vid\u00e9o pr\u00e9sentant la plateforme LIVETO qui sera utilis\u00e9e pendant le congr\u00e8s et l'assembl\u00e9e g\u00e9n\u00e9rale :<br \/><br \/><a href=\"https:\/\/vimeo.com\/603883903\/84220bc18c\">&gt;&gt; Cliquez ici<\/a><\/p>\r\n<\/td>\r\n<\/tr>\r\n<tr>\r\n<td style=\"width: 301.507px;\">\r\n<p><strong>Rappel :<\/strong> Le 49e Congr\u00e8s et l'Assembl\u00e9e g\u00e9n\u00e9rale de l'Acad\u00e9mie internationale de la c\u00e9ramique se tiendront en ligne en septembre 2021.<\/p>\r\n<p>Toutes les personnes qui se sont inscrites au Congr\u00e8s ont re\u00e7u un courriel de <em>LIVETO.io<\/em>. Suivez les instructions contenues dans l'email et inscrivez-vous sur la plateforme de congr\u00e8s en ligne LIVETO. <span style=\"text-decoration: underline;\">Si vous n'avez pas re\u00e7u l'email, veuillez v\u00e9rifier votre courrier ind\u00e9sirable.<\/span><\/p>\r\n<h3>\u00a0<\/h3>\r\n<\/td>\r\n<td style=\"width: 301.507px;\">\r\n<p>Si vous rencontrez des difficult\u00e9s pour vous connecter, veuillez contacter (en anglais) <a href=\"mailto:asiakaspalvelu@liveto.fi\">asiakaspalvelu@liveto.fi<\/a>.<\/p>\r\n<p><br \/>Si vous avez d'autres questions, veuillez contacter (en anglais) <a href=\"mailto:congress@ulapland.fi\">congress@ulapland.fi<\/a>.<\/p>\r\n<\/td>\r\n<\/tr>\r\n<\/tbody>\r\n<\/table>\r\n<p>&nbsp;<\/p>","_fr_post_name":"congres-2021-rovaniemi","_fr_post_excerpt":"Le Congr\u00e8s Rovaniemi\/Posio a \u00e9t\u00e9 report\u00e9 en 2021","_fr_post_title":"Congr\u00e8s 2021 Rovaniemi - Posio","_en_post_content":"<table style=\"width: 98.8655%;\">\r\n<tbody>\r\n<tr style=\"height: 415.1576232910156px;\">\r\n<td style=\"height: 415.158px; width: 600px;\" colspan=\"2\">\r\n<p><a href=\"https:\/\/www.aic-iac.org\/en\/accueil\/subscriptions\/activity\/congress-and-general-assembly\/iac_conference_logo\/\"><img class=\"alignright wp-image-55857 size-full\" src=\"https:\/\/www.aic-iac.org\/wp-content\/uploads\/IAC_conference_logo.png\" alt=\"\" width=\"720\" height=\"720\" \/><\/a><\/p>\r\n<\/td>\r\n<\/tr>\r\n<tr style=\"height: 277px;\">\r\n<td style=\"height: 277px; width: 300px;\">\r\n<h3>49th IAC CONGRESS &amp; GENERAL ASSEMBLY<br \/>On the Edge<\/h3>\r\n<p>&nbsp;<\/p>\r\n<p><span style=\"text-decoration: underline;\">Congress<\/span><br \/><span style=\"color: #008080;\">Online 22-23 September 2021<br \/><\/span>From 1PM to 8 PM (Rovaniemi time)<\/p>\r\n<p>\u00a0<br \/><span style=\"text-decoration: underline;\">General Assembly<\/span><br \/><span style=\"color: #008080;\">Online \u00a024 September 2021,<\/span><br \/>only for members<\/p>\r\n<p>&nbsp;<\/p>\r\n<\/td>\r\n<td style=\"height: 277px; width: 300px;\">\r\n<p>Registration is now closed. For more information, please visit the Congress website via the following link: <br \/><br \/><a style=\"font-family: inherit;\" href=\"https:\/\/rovaniemi-posio2021.aic-iac.org\/programme\/\">&gt;&gt; Click here<\/a><\/p>\r\n<p>To see the video introducing the LIVETO platform to be used during the congress and General Assembly:<br \/><br \/><a style=\"font-family: inherit;\" href=\"https:\/\/vimeo.com\/603883903\/84220bc18c\">&gt;&gt; Click here<\/a><\/p>\r\n<p>&nbsp;<\/p>\r\n<\/td>\r\n<\/tr>\r\n<tr>\r\n<td style=\"width: 300px;\">\r\n<p><strong>Reminder:<\/strong> The 49th Congress and General Assembly of the International Academy of Ceramics will be held online in September 2021.<\/p>\r\n<p>Everyone who has registered for the conference has received an email from <em>LIVETO.io<\/em>. Follow the instructions in the email and register yourself for the LIVETO online congress platform. <span style=\"text-decoration: underline;\">If you did not get the email, please check your junk mail.<\/span><\/p>\r\n<\/td>\r\n<td style=\"width: 300px;\">\r\n<p>If you are encountering difficulties with signing in, please contact (in English) <a href=\"mailto:asiakaspalvelu@liveto.fi\">asiakaspalvelu@liveto.fi<\/a>.<\/p>\r\n<p><br \/>If you have any other questions, please contact (in English)\u00a0<a href=\"mailto:congress@ulapland.fi\">congress@ulapland.fi<\/a>.<\/p>\r\n<\/td>\r\n<\/tr>\r\n<\/tbody>\r\n<\/table>\r\n<p>&nbsp;<\/p>","_en_post_name":"congres-2021-rovaniemi","_en_post_excerpt":"The Rovaniemi\/Posio Congress has been postponed to 2021","_en_post_title":"Congress 2021 Rovaniemi - Posio","_ja_post_content":"","_ja_post_name":"congres-et-assemblee-generale-2020","_ja_post_excerpt":"","_ja_post_title":"","_zh_post_content":"","_zh_post_name":"","_zh_post_excerpt":"","_zh_post_title":"","_es_post_content":"","_es_post_name":"","_es_post_excerpt":"","_es_post_title":"","edit_language":"en"},"class_list":["post-6","page","type-page","status-publish","has-post-thumbnail","hentry"],"_links":{"self":[{"href":"https:\/\/www.aic-iac.org\/en\/wp-json\/wp\/v2\/pages\/6","targetHints":{"allow":["GET"]}}],"collection":[{"href":"https:\/\/www.aic-iac.org\/en\/wp-json\/wp\/v2\/pages"}],"about":[{"href":"https:\/\/www.aic-iac.org\/en\/wp-json\/wp\/v2\/types\/page"}],"author":[{"embeddable":true,"href":"https:\/\/www.aic-iac.org\/en\/wp-json\/wp\/v2\/users\/1"}],"replies":[{"embeddable":true,"href":"https:\/\/www.aic-iac.org\/en\/wp-json\/wp\/v2\/comments?post=6"}],"version-history":[{"count":169,"href":"https:\/\/www.aic-iac.org\/en\/wp-json\/wp\/v2\/pages\/6\/revisions"}],"predecessor-version":[{"id":64243,"href":"https:\/\/www.aic-iac.org\/en\/wp-json\/wp\/v2\/pages\/6\/revisions\/64243"}],"up":[{"embeddable":true,"href":"https:\/\/www.aic-iac.org\/en\/wp-json\/wp\/v2\/pages\/17378"}],"wp:featuredmedia":[{"embeddable":true,"href":"https:\/\/www.aic-iac.org\/en\/wp-json\/wp\/v2\/media\/32065"}],"wp:attachment":[{"href":"https:\/\/www.aic-iac.org\/en\/wp-json\/wp\/v2\/media?parent=6"}],"curies":[{"name":"wp","href":"https:\/\/api.w.org\/{rel}","templated":true}]}}