{"id":86076,"date":"2025-10-02T12:41:51","date_gmt":"2025-10-02T12:41:51","guid":{"rendered":"https:\/\/www.aic-iac.org\/?page_id=86076"},"modified":"2025-10-03T07:50:07","modified_gmt":"2025-10-03T07:50:07","slug":"book-release-shaping-global-masterpieces","status":"publish","type":"page","link":"https:\/\/www.aic-iac.org\/en\/book-release-shaping-global-masterpieces\/","title":{"rendered":"BOOK RELEASE: \"Shaping Global Masterpieces\"","raw":"BOOK RELEASE: \"Shaping Global Masterpieces\""},"content":{"rendered":"<table style=\"width: 100%;\">\n<tbody>\n<tr>\n<td style=\"width: 98.7096%;\" colspan=\"2\"><img loading=\"lazy\" decoding=\"async\" class=\"alignnone wp-image-86078 size-full\" src=\"https:\/\/www.aic-iac.org\/wp-content\/uploads\/250907_AIC_MASTERPIECES_COVER_DESIGN_PREPRINT.jpg\" alt=\"\" width=\"1272\" height=\"810\" srcset=\"https:\/\/www.aic-iac.org\/wp-content\/uploads\/250907_AIC_MASTERPIECES_COVER_DESIGN_PREPRINT.jpg 1272w, https:\/\/www.aic-iac.org\/wp-content\/uploads\/250907_AIC_MASTERPIECES_COVER_DESIGN_PREPRINT-300x191.jpg 300w, https:\/\/www.aic-iac.org\/wp-content\/uploads\/250907_AIC_MASTERPIECES_COVER_DESIGN_PREPRINT-940x599.jpg 940w, https:\/\/www.aic-iac.org\/wp-content\/uploads\/250907_AIC_MASTERPIECES_COVER_DESIGN_PREPRINT-768x489.jpg 768w\" sizes=\"(max-width: 1272px) 100vw, 1272px\" \/><\/td>\n<\/tr>\n<tr>\n<td style=\"width: 98.7096%;\" colspan=\"2\">\n<h3><span style=\"color: #ff0000;\">BOOK RELEASE:<\/span> &#8220;Shaping Global Masterpieces&#8221;<\/h3>\n<\/td>\n<\/tr>\n<tr>\n<td style=\"width: 49.3548%;\">\n<p><em>&#8216;Shaping Global Masterpieces&#8217;<\/em> is the first volume in a new editorial series by the International Academy of Ceramics (IAC) celebrating the extraordinary creativity and expertise of its members worldwide. This beautifully designed inaugural volume brings together the voices of 35 artists from 21 countries, each offering a rare insight into their artistic world. Through personal reflections, descriptions of techniques and insights into contemporary ceramic practices, the contributors reveal their mastery and the vision that inspires them.<\/p>\n<p>More than just a visual showcase, the book reflects the Academy&#8217;s core mission: to foster global dialogue, elevate artistic excellence and facilitate the exchange of knowledge across cultures. With 178 pages of richly illustrated content, &#8216;<em>Shaping Global Masterpieces<\/em>&#8216; is a valuable source of inspiration and information for a wide range of readers, including ceramic artists and designers, museum and gallery professionals, collectors, educators, researchers, as well as bookshops, libraries and cultural institutions.<\/p>\n<p>By showcasing the diverse perspectives and practices of artists from around the globe, this book offers a valuable resource for anyone engaged with contemporary ceramics, whether through creation, curation, education, or collection.<\/p>\n<\/td>\n<td style=\"width: 49.3548%;\">\n<p>Key information:<\/p>\n<ul>\n<li>Title: Shaping Global Masterpieces\u00a0\u00a0<\/li>\n<li>Publisher: International Academy of Ceramics (IAC)<\/li>\n<li>Contributors: 35 IAC members<\/li>\n<li>Countries represented: 21<\/li>\n<li>Format: Print-on-demand<\/li>\n<li>Language: English<\/li>\n<li>Release: October 2025<\/li>\n<li>Length: 178 pages<\/li>\n<li>Price: $ 45 USD<\/li>\n<li>Availability: Amazon<\/li>\n<li>ISBN: 978-2-9701969-0-7\u00a0<\/li>\n<\/ul>\n<p>For further information, please contact Marie:\u00a0 <span style=\"text-decoration: underline;\"><a href=\"mailto:admin@aic-iac.org\">admin@aic-iac.org\u00a0<\/a><\/span><\/p>\n<p>&nbsp;<\/p>\n<blockquote>\n<p><span style=\"text-decoration: underline;\"><a href=\"https:\/\/www.amazon.com\/dp\/2970196905\">&gt; CLICK HERE for the Amazon (USA) link<\/a><\/span><\/p>\n<\/blockquote>\n<p><span class=\"caption\">(Please make sure to switch to your regional Amazon site to order the book.)<\/span><\/td>\n<\/tr>\n<tr>\n<td>\n<hr \/>\n<\/td>\n<td>\u00a0<\/td>\n<\/tr>\n<tr>\n<td style=\"width: 49.3548%;\">\n<ul>\n<li>Featured artists:<\/li>\n<\/ul>\n<p>Antoinette Badenhorst (United States)\u00a0<br \/>Corrie Bain (United Kingdom)\u00a0<br \/>Wei Bao (China)\u00a0<br \/>Julie Bartholomew (Australia)\u00a0<br \/>Susan Beiner (United States)\u00a0<br \/>Steven Branfman (United States)\u00a0<br \/>Ming-Shun Cho (Chinese Taipei) \u00a0<br \/>Antonella Cimatti (Italy)\u00a0<br \/>John Dermer (Australia)\u00a0<br \/>Ken Eastman (United Kingdom)\u00a0<br \/>Simcha Even Chen (Israel)\u00a0<br \/>Maria Geszler Garzuly (Hungary)\u00a0<br \/>Graham Hay (Australia),\u00a0<br \/>Agn\u00e8s Husz (Hungary)\u00a0<br \/>David Jones (United Kingdom)\u00a0<br \/>Helene Kirchmair (Austria)\u00a0<\/p>\n<\/td>\n<td style=\"width: 49.3548%;\">Nelson Lim (Singapore)\u00a0<br \/>Karen Macher (Peru)\u00a0<br \/>Daniel Maillet (Brazil)\u00a0<br \/>Ian McDonald (United States)\u00a0<br \/>Paula Murray (Canada)\u00a0<br \/>Graciela Olio (Argentina)\u00a0<br \/>Danijela Pi\u010duljan (Croatia)\u00a0<br \/>Evelyne Schoenmann (Switzerland)\u00a0<br \/>Ellen Spijkstra (Cura\u00e7ao)\u00a0<br \/>Shulamit Teiblum-Millar (Israel)\u00a0<br \/>Maria ten Kortenaar (the Netherlands)\u00a0<br \/>Ruthanne Tudball (United Kingdom)\u00a0<br \/>Jindra Vikov\u00e1 (Czech Republic)\u00a0<br \/>Vilma Villaverde (Argentina)\u00a0<br \/>Deng Wang (China)\u00a0<br \/>Patty Wouters (Belgium)\u00a0<br \/>Adil Writer (India)\u00a0<br \/>Sophia Hui Yu (China)\u00a0<br \/>Dori Schechtel Zanger (Israel)\u00a0<\/td>\n<\/tr>\n<\/tbody>\n<\/table>\n<p>&nbsp;<\/p>\n","protected":false,"raw":"<table style=\"width: 100%;\">\r\n<tbody>\r\n<tr>\r\n<td style=\"width: 98.7096%;\" colspan=\"2\"><img class=\"alignnone wp-image-86078 size-full\" src=\"https:\/\/www.aic-iac.org\/wp-content\/uploads\/250907_AIC_MASTERPIECES_COVER_DESIGN_PREPRINT.jpg\" alt=\"\" width=\"1272\" height=\"810\" \/><\/td>\r\n<\/tr>\r\n<tr>\r\n<td style=\"width: 98.7096%;\" colspan=\"2\">\r\n<h3><span style=\"color: #ff0000;\">BOOK RELEASE:<\/span> \"Shaping Global Masterpieces\"<\/h3>\r\n<\/td>\r\n<\/tr>\r\n<tr>\r\n<td style=\"width: 49.3548%;\">\r\n<p><em>'Shaping Global Masterpieces'<\/em> is the first volume in a new editorial series by the International Academy of Ceramics (IAC) celebrating the extraordinary creativity and expertise of its members worldwide. This beautifully designed inaugural volume brings together the voices of 35 artists from 21 countries, each offering a rare insight into their artistic world. Through personal reflections, descriptions of techniques and insights into contemporary ceramic practices, the contributors reveal their mastery and the vision that inspires them.<\/p>\r\n<p>More than just a visual showcase, the book reflects the Academy's core mission: to foster global dialogue, elevate artistic excellence and facilitate the exchange of knowledge across cultures. With 178 pages of richly illustrated content, '<em>Shaping Global Masterpieces<\/em>' is a valuable source of inspiration and information for a wide range of readers, including ceramic artists and designers, museum and gallery professionals, collectors, educators, researchers, as well as bookshops, libraries and cultural institutions.<\/p>\r\n<p>By showcasing the diverse perspectives and practices of artists from around the globe, this book offers a valuable resource for anyone engaged with contemporary ceramics, whether through creation, curation, education, or collection.<\/p>\r\n<\/td>\r\n<td style=\"width: 49.3548%;\">\r\n<p>Key information:<\/p>\r\n<ul>\r\n<li>Title: Shaping Global Masterpieces\u00a0\u00a0<\/li>\r\n<li>Publisher: International Academy of Ceramics (IAC)<\/li>\r\n<li>Contributors: 35 IAC members<\/li>\r\n<li>Countries represented: 21<\/li>\r\n<li>Format: Print-on-demand<\/li>\r\n<li>Language: English<\/li>\r\n<li>Release: October 2025<\/li>\r\n<li>Length: 178 pages<\/li>\r\n<li>Price: $ 45 USD<\/li>\r\n<li>Availability: Amazon<\/li>\r\n<li>ISBN: 978-2-9701969-0-7\u00a0<\/li>\r\n<\/ul>\r\n<p>For further information, please contact Marie:\u00a0 <span style=\"text-decoration: underline;\"><a href=\"mailto:admin@aic-iac.org\">admin@aic-iac.org\u00a0<\/a><\/span><\/p>\r\n<p>&nbsp;<\/p>\r\n<blockquote>\r\n<p><span style=\"text-decoration: underline;\"><a href=\"https:\/\/www.amazon.com\/dp\/2970196905\">&gt; CLICK HERE for the Amazon (USA) link<\/a><\/span><\/p>\r\n<\/blockquote>\r\n<span class=\"caption\">(Please make sure to switch to your regional Amazon site to order the book.)<\/span><\/td>\r\n<\/tr>\r\n<tr>\r\n<td><hr \/><\/td>\r\n<td>\u00a0<\/td>\r\n<\/tr>\r\n<tr>\r\n<td style=\"width: 49.3548%;\">\r\n<ul>\r\n<li>Featured artists:<\/li>\r\n<\/ul>\r\n<p>Antoinette Badenhorst (United States)\u00a0<br \/>Corrie Bain (United Kingdom)\u00a0<br \/>Wei Bao (China)\u00a0<br \/>Julie Bartholomew (Australia)\u00a0<br \/>Susan Beiner (United States)\u00a0<br \/>Steven Branfman (United States)\u00a0<br \/>Ming-Shun Cho (Chinese Taipei) \u00a0<br \/>Antonella Cimatti (Italy)\u00a0<br \/>John Dermer (Australia)\u00a0<br \/>Ken Eastman (United Kingdom)\u00a0<br \/>Simcha Even Chen (Israel)\u00a0<br \/>Maria Geszler Garzuly (Hungary)\u00a0<br \/>Graham Hay (Australia),\u00a0<br \/>Agn\u00e8s Husz (Hungary)\u00a0<br \/>David Jones (United Kingdom)\u00a0<br \/>Helene Kirchmair (Austria)\u00a0<br \/><br \/><\/p>\r\n<\/td>\r\n<td style=\"width: 49.3548%;\">Nelson Lim (Singapore)\u00a0<br \/>Karen Macher (Peru)\u00a0<br \/>Daniel Maillet (Brazil)\u00a0<br \/>Ian McDonald (United States)\u00a0<br \/>Paula Murray (Canada)\u00a0<br \/>Graciela Olio (Argentina)\u00a0<br \/>Danijela Pi\u010duljan (Croatia)\u00a0<br \/>Evelyne Schoenmann (Switzerland)\u00a0<br \/>Ellen Spijkstra (Cura\u00e7ao)\u00a0<br \/>Shulamit Teiblum-Millar (Israel)\u00a0<br \/>Maria ten Kortenaar (the Netherlands)\u00a0<br \/>Ruthanne Tudball (United Kingdom)\u00a0<br \/>Jindra Vikov\u00e1 (Czech Republic)\u00a0<br \/>Vilma Villaverde (Argentina)\u00a0<br \/>Deng Wang (China)\u00a0<br \/>Patty Wouters (Belgium)\u00a0<br \/>Adil Writer (India)\u00a0<br \/>Sophia Hui Yu (China)\u00a0<br \/>Dori Schechtel Zanger (Israel)\u00a0<\/td>\r\n<\/tr>\r\n<\/tbody>\r\n<\/table>\r\n<p>&nbsp;<\/p>"},"excerpt":{"rendered":"<p>BOOK RELEASE: &#8220;Shaping Global Masterpieces&#8221;<\/p>\n","protected":false,"raw":"BOOK RELEASE: \"Shaping Global Masterpieces\""},"author":2192,"featured_media":86121,"parent":0,"menu_order":0,"comment_status":"closed","ping_status":"closed","template":"","meta":{"_fr_post_content":"<table style=\"width: 100%; height: 1557px;\">\r\n<tbody>\r\n<tr style=\"height: 392px;\">\r\n<td style=\"width: 98.7096%; height: 392px;\" colspan=\"2\"><img class=\"alignnone wp-image-86078 size-full\" src=\"https:\/\/www.aic-iac.org\/wp-content\/uploads\/250907_AIC_MASTERPIECES_COVER_DESIGN_PREPRINT.jpg\" alt=\"\" width=\"1272\" height=\"810\" \/><\/td>\r\n<\/tr>\r\n<tr style=\"height: 36px;\">\r\n<td style=\"width: 98.7096%; height: 36px;\" colspan=\"2\">\r\n<h3><span style=\"color: #ff0000;\">SORTIE DU LIVRE :<\/span> \u00ab Shaping Global Masterpieces \u00bb<\/h3>\r\n<\/td>\r\n<\/tr>\r\n<tr style=\"height: 696px;\">\r\n<td style=\"width: 49.3548%; height: 696px;\">\r\n<p>\u00ab Shaping Global Masterpieces \u00bb est le premier volume d'une nouvelle s\u00e9rie \u00e9ditoriale de l'Acad\u00e9mie internationale de la c\u00e9ramique (AIC) qui c\u00e9l\u00e8bre la cr\u00e9ativit\u00e9 et l'expertise exceptionnelles de ses membres \u00e0 travers le monde. Ce premier volume magnifiquement con\u00e7u rassemble les t\u00e9moignages de 35 artistes issus de 21 pays, chacun offrant un aper\u00e7u rare de son univers artistique. \u00c0 travers des r\u00e9flexions personnelles, des descriptions de techniques et des aper\u00e7us des pratiques contemporaines en mati\u00e8re de c\u00e9ramique, les contributeurs r\u00e9v\u00e8lent leur ma\u00eetrise et la vision qui les inspire.<\/p>\r\n<p>Plus qu'une simple vitrine visuelle, cet ouvrage refl\u00e8te la mission fondamentale de l'Acad\u00e9mie : favoriser le dialogue mondial, promouvoir l'excellence artistique et faciliter l'\u00e9change de connaissances entre les cultures. Avec ses 178 pages richement illustr\u00e9es, \u00ab Shaping Global Masterpieces \u00bb constitue une pr\u00e9cieuse source d'inspiration et d'information pour un large \u00e9ventail de lecteurs, notamment les c\u00e9ramistes et les designers, les professionnels des mus\u00e9es et des galeries, les collectionneurs, les \u00e9ducateurs, les chercheurs, ainsi que les librairies, les biblioth\u00e8ques et les institutions culturelles.<\/p>\r\n<p>En pr\u00e9sentant les perspectives et les pratiques diverses d'artistes du monde entier, cet ouvrage constitue une ressource pr\u00e9cieuse pour toute personne impliqu\u00e9e dans la c\u00e9ramique contemporaine, que ce soit \u00e0 travers la cr\u00e9ation, la conservation, l'\u00e9ducation ou la collection.<\/p>\r\n<\/td>\r\n<td style=\"width: 49.3548%; height: 696px;\">\r\n<p>Informations cl\u00e9s :<\/p>\r\n<ul>\r\n<li>Titre : Shaping Global Masterpieces<\/li>\r\n<li>\u00c9diteur : Acad\u00e9mie internationale de la c\u00e9ramique (AIC)<\/li>\r\n<li>Contributeurs : 35 membres de l'IAC<\/li>\r\n<li>Pays repr\u00e9sent\u00e9s : 21<\/li>\r\n<li>Format : Impression \u00e0 la demande<\/li>\r\n<li>Langue : Anglais<\/li>\r\n<li>Date de publication : Octobre 2025<\/li>\r\n<li>Nombre de pages : 178<\/li>\r\n<li>Prix : 45 $ USD<\/li>\r\n<li>Disponibilit\u00e9 : Amazon<\/li>\r\n<li>ISBN : 978-2-9701969-0-7<\/li>\r\n<\/ul>\r\n<br \/>\r\n<p>Pour de plus amples informations, veuillez contacter Marie :\u00a0 <span style=\"text-decoration: underline;\"><a href=\"mailto:admin@aic-iac.org\">admin@aic-iac.org\u00a0<\/a><\/span><\/p>\r\n<p>&nbsp;<\/p>\r\n<p><span style=\"text-decoration: underline;\"><a href=\"https:\/\/www.amazon.com\/dp\/2970196905\">&gt; CLIQUEZ ICI pour le lien Amazon (USA)<\/a><\/span><\/p>\r\n<span class=\"caption\">(Veuillez vous assurer de vous rendre sur le site Amazon de votre r\u00e9gion pour commander le livre.)<\/span><\/td>\r\n<\/tr>\r\n<tr style=\"height: 34px;\">\r\n<td style=\"height: 34px;\"><hr \/><\/td>\r\n<td style=\"height: 34px;\">\u00a0<\/td>\r\n<\/tr>\r\n<tr style=\"height: 399px;\">\r\n<td style=\"width: 49.3548%; height: 399px;\">\r\n<ul>\r\n<li>Artistes pr\u00e9sent\u00e9\u00b7e\u00b7s :<\/li>\r\n<\/ul>\r\n<p>Antoinette Badenhorst (\u00c9tats-Unis)<br \/>Corrie Bain (Royaume-Uni)<br \/>Wei Bao (Chine)<br \/>Julie Bartholomew (Australie)<br \/>Susan Beiner (\u00c9tats-Unis)<br \/>Steven Branfman (\u00c9tats-Unis)<br \/>Ming-Shun Cho (Taipei chinois)<br \/>Antonella Cimatti (Italie) <br \/>John Dermer (Australie)<br \/>Ken Eastman (Royaume-Uni)<br \/>Simcha Even Chen (Isra\u00ebl)<br \/>Maria Geszler Garzuly (Hongrie)<br \/>Graham Hay (Australie),<br \/>Agn\u00e8s Husz (Hongrie)<br \/>David Jones (Royaume-Uni)<br \/>Helene Kirchmair (Autriche)<br \/><br \/><\/p>\r\n<\/td>\r\n<td style=\"width: 49.3548%; height: 399px;\">Nelson Lim (Singapour)<br \/>Karen Macher (P\u00e9rou)<br \/>Daniel Maillet (Br\u00e9sil)<br \/>Ian McDonald (\u00c9tats-Unis)<br \/>Paula Murray (Canada)<br \/>Graciela Olio (Argentine)<br \/>Danijela Pi\u010duljan (Croatie)<br \/>Evelyne Schoenmann (Suisse) <br \/>Ellen Spijkstra (Cura\u00e7ao)<br \/>Shulamit Teiblum-Millar (Isra\u00ebl)<br \/>Maria ten Kortenaar (Pays-Bas)<br \/>Ruthanne Tudball (Royaume-Uni)<br \/>Jindra Vikov\u00e1 (R\u00e9publique tch\u00e8que)<br \/>Vilma Villaverde (Argentine)<br \/>Deng Wang (Chine)<br \/>Patty Wouters (Belgique)<br \/>Adil Writer (Inde)<br \/>Sophia Hui Yu (Chine)<br \/>Dori Schechtel Zanger (Isra\u00ebl)<\/td>\r\n<\/tr>\r\n<\/tbody>\r\n<\/table>\r\n<p>&nbsp;<\/p>","_fr_post_name":"sortie-livre-shaping-global-masterpieces","_fr_post_excerpt":"SORTIE DU LIVRE : \u00ab Shaping Global Masterpieces \u00bb","_fr_post_title":"SORTIE DU LIVRE : \u00ab Shaping Global Masterpieces \u00bb","_en_post_content":"<table style=\"width: 100%;\">\r\n<tbody>\r\n<tr>\r\n<td style=\"width: 98.7096%;\" colspan=\"2\"><img class=\"alignnone wp-image-86078 size-full\" src=\"https:\/\/www.aic-iac.org\/wp-content\/uploads\/250907_AIC_MASTERPIECES_COVER_DESIGN_PREPRINT.jpg\" alt=\"\" width=\"1272\" height=\"810\" \/><\/td>\r\n<\/tr>\r\n<tr>\r\n<td style=\"width: 98.7096%;\" colspan=\"2\">\r\n<h3><span style=\"color: #ff0000;\">BOOK RELEASE:<\/span> \"Shaping Global Masterpieces\"<\/h3>\r\n<\/td>\r\n<\/tr>\r\n<tr>\r\n<td style=\"width: 49.3548%;\">\r\n<p><em>'Shaping Global Masterpieces'<\/em> is the first volume in a new editorial series by the International Academy of Ceramics (IAC) celebrating the extraordinary creativity and expertise of its members worldwide. This beautifully designed inaugural volume brings together the voices of 35 artists from 21 countries, each offering a rare insight into their artistic world. Through personal reflections, descriptions of techniques and insights into contemporary ceramic practices, the contributors reveal their mastery and the vision that inspires them.<\/p>\r\n<p>More than just a visual showcase, the book reflects the Academy's core mission: to foster global dialogue, elevate artistic excellence and facilitate the exchange of knowledge across cultures. With 178 pages of richly illustrated content, '<em>Shaping Global Masterpieces<\/em>' is a valuable source of inspiration and information for a wide range of readers, including ceramic artists and designers, museum and gallery professionals, collectors, educators, researchers, as well as bookshops, libraries and cultural institutions.<\/p>\r\n<p>By showcasing the diverse perspectives and practices of artists from around the globe, this book offers a valuable resource for anyone engaged with contemporary ceramics, whether through creation, curation, education, or collection.<\/p>\r\n<\/td>\r\n<td style=\"width: 49.3548%;\">\r\n<p>Key information:<\/p>\r\n<ul>\r\n<li>Title: Shaping Global Masterpieces\u00a0\u00a0<\/li>\r\n<li>Publisher: International Academy of Ceramics (IAC)<\/li>\r\n<li>Contributors: 35 IAC members<\/li>\r\n<li>Countries represented: 21<\/li>\r\n<li>Format: Print-on-demand<\/li>\r\n<li>Language: English<\/li>\r\n<li>Release: October 2025<\/li>\r\n<li>Length: 178 pages<\/li>\r\n<li>Price: $ 45 USD<\/li>\r\n<li>Availability: Amazon<\/li>\r\n<li>ISBN: 978-2-9701969-0-7\u00a0<\/li>\r\n<\/ul>\r\n<p>For further information, please contact Marie:\u00a0 <span style=\"text-decoration: underline;\"><a href=\"mailto:admin@aic-iac.org\">admin@aic-iac.org\u00a0<\/a><\/span><\/p>\r\n<p>&nbsp;<\/p>\r\n<blockquote>\r\n<p><span style=\"text-decoration: underline;\"><a href=\"https:\/\/www.amazon.com\/dp\/2970196905\">&gt; CLICK HERE for the Amazon (USA) link<\/a><\/span><\/p>\r\n<\/blockquote>\r\n<span class=\"caption\">(Please make sure to switch to your regional Amazon site to order the book.)<\/span><\/td>\r\n<\/tr>\r\n<tr>\r\n<td><hr \/><\/td>\r\n<td>\u00a0<\/td>\r\n<\/tr>\r\n<tr>\r\n<td style=\"width: 49.3548%;\">\r\n<ul>\r\n<li>Featured artists:<\/li>\r\n<\/ul>\r\n<p>Antoinette Badenhorst (United States)\u00a0<br \/>Corrie Bain (United Kingdom)\u00a0<br \/>Wei Bao (China)\u00a0<br \/>Julie Bartholomew (Australia)\u00a0<br \/>Susan Beiner (United States)\u00a0<br \/>Steven Branfman (United States)\u00a0<br \/>Ming-Shun Cho (Chinese Taipei) \u00a0<br \/>Antonella Cimatti (Italy)\u00a0<br \/>John Dermer (Australia)\u00a0<br \/>Ken Eastman (United Kingdom)\u00a0<br \/>Simcha Even Chen (Israel)\u00a0<br \/>Maria Geszler Garzuly (Hungary)\u00a0<br \/>Graham Hay (Australia),\u00a0<br \/>Agn\u00e8s Husz (Hungary)\u00a0<br \/>David Jones (United Kingdom)\u00a0<br \/>Helene Kirchmair (Austria)\u00a0<br \/><br \/><\/p>\r\n<\/td>\r\n<td style=\"width: 49.3548%;\">Nelson Lim (Singapore)\u00a0<br \/>Karen Macher (Peru)\u00a0<br \/>Daniel Maillet (Brazil)\u00a0<br \/>Ian McDonald (United States)\u00a0<br \/>Paula Murray (Canada)\u00a0<br \/>Graciela Olio (Argentina)\u00a0<br \/>Danijela Pi\u010duljan (Croatia)\u00a0<br \/>Evelyne Schoenmann (Switzerland)\u00a0<br \/>Ellen Spijkstra (Cura\u00e7ao)\u00a0<br \/>Shulamit Teiblum-Millar (Israel)\u00a0<br \/>Maria ten Kortenaar (the Netherlands)\u00a0<br \/>Ruthanne Tudball (United Kingdom)\u00a0<br \/>Jindra Vikov\u00e1 (Czech Republic)\u00a0<br \/>Vilma Villaverde (Argentina)\u00a0<br \/>Deng Wang (China)\u00a0<br \/>Patty Wouters (Belgium)\u00a0<br \/>Adil Writer (India)\u00a0<br \/>Sophia Hui Yu (China)\u00a0<br \/>Dori Schechtel Zanger (Israel)\u00a0<\/td>\r\n<\/tr>\r\n<\/tbody>\r\n<\/table>\r\n<p>&nbsp;<\/p>","_en_post_name":"book-release-shaping-global-masterpieces","_en_post_excerpt":"BOOK RELEASE: \"Shaping Global Masterpieces\"","_en_post_title":"BOOK RELEASE: \"Shaping Global Masterpieces\"","_ja_post_content":"","_ja_post_name":"","_ja_post_excerpt":"","_ja_post_title":"","_zh_post_content":"","_zh_post_name":"","_zh_post_excerpt":"","_zh_post_title":"","_es_post_content":"","_es_post_name":"","_es_post_excerpt":"","_es_post_title":"","edit_language":"en"},"class_list":["post-86076","page","type-page","status-publish","has-post-thumbnail","hentry"],"_links":{"self":[{"href":"https:\/\/www.aic-iac.org\/en\/wp-json\/wp\/v2\/pages\/86076","targetHints":{"allow":["GET"]}}],"collection":[{"href":"https:\/\/www.aic-iac.org\/en\/wp-json\/wp\/v2\/pages"}],"about":[{"href":"https:\/\/www.aic-iac.org\/en\/wp-json\/wp\/v2\/types\/page"}],"author":[{"embeddable":true,"href":"https:\/\/www.aic-iac.org\/en\/wp-json\/wp\/v2\/users\/2192"}],"replies":[{"embeddable":true,"href":"https:\/\/www.aic-iac.org\/en\/wp-json\/wp\/v2\/comments?post=86076"}],"version-history":[{"count":10,"href":"https:\/\/www.aic-iac.org\/en\/wp-json\/wp\/v2\/pages\/86076\/revisions"}],"predecessor-version":[{"id":86122,"href":"https:\/\/www.aic-iac.org\/en\/wp-json\/wp\/v2\/pages\/86076\/revisions\/86122"}],"wp:featuredmedia":[{"embeddable":true,"href":"https:\/\/www.aic-iac.org\/en\/wp-json\/wp\/v2\/media\/86121"}],"wp:attachment":[{"href":"https:\/\/www.aic-iac.org\/en\/wp-json\/wp\/v2\/media?parent=86076"}],"curies":[{"name":"wp","href":"https:\/\/api.w.org\/{rel}","templated":true}]}}