{"id":30349,"date":"2018-03-02T16:18:47","date_gmt":"2018-03-02T16:18:47","guid":{"rendered":"http:\/\/www.aic-iac.org\/?page_id=30349"},"modified":"2025-03-03T15:28:13","modified_gmt":"2025-03-03T15:28:13","slug":"","status":"publish","type":"page","link":"https:\/\/www.aic-iac.org\/es\/activite\/5e-iac-day\/","title":{"rendered":"","raw":""},"content":{"rendered":"","protected":false,"raw":""},"excerpt":{"rendered":"","protected":false,"raw":""},"author":4,"featured_media":30350,"parent":17378,"menu_order":7,"comment_status":"closed","ping_status":"closed","template":"","meta":{"_fr_post_content":"<table style=\"width: 612px;\">\r\n<tbody>\r\n<tr>\r\n<td style=\"width: 601px;\" colspan=\"2\">\r\n<p><img class=\"alignnone wp-image-30350 size-full\" src=\"https:\/\/www.aic-iac.org\/wp-content\/uploads\/PCC2017-AICDay\u00a9Fondation_Bruckner-9.jpg\" alt=\"\" width=\"4773\" height=\"3177\" \/><\/p>\r\n<\/td>\r\n<\/tr>\r\n<tr>\r\n<td style=\"width: 302.978271484375px;\">\r\n<p><span style=\"font-family: inherit;\">L'Acad\u00e9mie Internationale de la C\u00e9ramique organise tous les deux ans \u00e0 Gen\u00e8ve au Mus\u00e9e Ariana des conf\u00e9rences qui offrent un \u00e9tat des lieux de la c\u00e9ramique \u00e0 partir de deux trajectoires : la rencontre de cultures c\u00e9ramiques r\u00e9gionales et le fonctionnement de structures institutionnelles, telles que les mus\u00e9es, les centres et \u00a0les \u00e9coles sp\u00e9cialis\u00e9s dans le domaine.<\/span><\/p>\r\n<p>Lors de la 5e IAC DAY qui s'est d\u00e9roul\u00e9e le jeudi 21 septembre 2017 - 19h \u00e0 21h deux personnalit\u00e9s de la sc\u00e8ne c\u00e9ramique internationale ont pr\u00e9sent\u00e9 chacune une conf\u00e9rence sur leur activit\u00e9 respective.\u00a0Le Professeur Janet DeBoos, artiste australienne, explique de quelle fa\u00e7on elle a amen\u00e9 \u00e0 se rencontrer l'art aborig\u00e8ne et la c\u00e9ramique.<\/p>\r\n<p>&nbsp;<\/p>\r\n<\/td>\r\n<td style=\"width: 298.021728515625px;\">\r\n<p>\u00a0Un travail d'\u00e9coute et de partage entre des cultures et des disciplines diff\u00e9rentes. Le second invit\u00e9, Wayne Higby, artiste, curateur et \u00e9diteur a pr\u00e9sent\u00e9 le Alfred Ceramic Art Museum. Un mus\u00e9e r\u00e9cemment inaugur\u00e9 \u00e0 Alfred aux \u00c9tats-Unis. Un \u00e9crin pour la c\u00e9ramique contemporaine et une situation privil\u00e9gi\u00e9e, car ce mus\u00e9e a \u00e9t\u00e9 \u00e9difi\u00e9 avec le support de Alfred University.\u00a0<\/p>\r\n<\/td>\r\n<\/tr>\r\n<\/tbody>\r\n<\/table>\r\n<p>&nbsp;<\/p>","_fr_post_name":"5e-iac-day","_fr_post_excerpt":"L'Acad\u00e9mie Internationale de la C\u00e9ramique organise tous les deux ans \u00e0 Gen\u00e8ve au Mus\u00e9e Ariana des conf\u00e9rences.","_fr_post_title":"5e IAC DAY","_en_post_content":"<table style=\"width: 612px;\">\r\n<tbody>\r\n<tr>\r\n<td style=\"width: 601px;\" colspan=\"2\">\r\n<p><img class=\"alignnone wp-image-30350 size-full\" src=\"https:\/\/www.aic-iac.org\/wp-content\/uploads\/PCC2017-AICDay\u00a9Fondation_Bruckner-9.jpg\" alt=\"\" width=\"4773\" height=\"3177\" \/><\/p>\r\n<\/td>\r\n<\/tr>\r\n<tr>\r\n<td style=\"width: 302.978271484375px;\">\r\n<p>Every two years at the Ariana Museum (Geneva, Switzerland), the International Academy of Ceramics hosts a series of lectures on the state of play in the ceramics scene, with a twofold focus: 1) the encounter of ceramics cultures from various world regions and 2) the inner workings of institutional structures such as museums, residencies and educational centers specializing in ceramics.\u00a0<\/p>\r\n<p>&nbsp;<\/p>\r\n<p>&nbsp;<\/p>\r\n<\/td>\r\n<td style=\"width: 298.021728515625px;\">\r\n<p>During the 5th IAC DAY that took place on September 21st, 2017 (from 7pm to 9pm), two leading figures of the international ceramics scene presented their respective activities.\u00a0<br \/><br \/>Australian artist and Prof. Emer. Janet DeBoos gave a talk on how she got ceramic practice to meet Australasian aboriginal art. An undertaking drawing on mutual listening, cultural exchanges and knowledge sharing.\u00a0<br \/><br \/>American artist, curator, writer and professor Wayne Higby gave his talk on the Alfred Ceramic Art Museum, which was recently inaugurated at Alfred University, in upstate New York. A house of treasures for contemporary ceramics and a propitious location as the museum was created with the support of Alfred University.\u00a0<\/p>\r\n<\/td>\r\n<\/tr>\r\n<\/tbody>\r\n<\/table>\r\n<p>&nbsp;<\/p>","_en_post_name":"5e-iac-day","_en_post_excerpt":"Every two years, the International Academy of Ceramics hosts a series of lectures at the Ariana Museum.","_en_post_title":"5th IAC DAY","_ja_post_content":"","_ja_post_name":"","_ja_post_excerpt":"","_ja_post_title":"","_zh_post_content":"","_zh_post_name":"","_zh_post_excerpt":"","_zh_post_title":"","_es_post_content":"","_es_post_name":"","_es_post_excerpt":"","_es_post_title":"","edit_language":"es"},"class_list":["post-30349","page","type-page","status-publish","has-post-thumbnail","hentry"],"_links":{"self":[{"href":"https:\/\/www.aic-iac.org\/es\/wp-json\/wp\/v2\/pages\/30349","targetHints":{"allow":["GET"]}}],"collection":[{"href":"https:\/\/www.aic-iac.org\/es\/wp-json\/wp\/v2\/pages"}],"about":[{"href":"https:\/\/www.aic-iac.org\/es\/wp-json\/wp\/v2\/types\/page"}],"author":[{"embeddable":true,"href":"https:\/\/www.aic-iac.org\/es\/wp-json\/wp\/v2\/users\/4"}],"replies":[{"embeddable":true,"href":"https:\/\/www.aic-iac.org\/es\/wp-json\/wp\/v2\/comments?post=30349"}],"version-history":[{"count":48,"href":"https:\/\/www.aic-iac.org\/es\/wp-json\/wp\/v2\/pages\/30349\/revisions"}],"predecessor-version":[{"id":64244,"href":"https:\/\/www.aic-iac.org\/es\/wp-json\/wp\/v2\/pages\/30349\/revisions\/64244"}],"up":[{"embeddable":true,"href":"https:\/\/www.aic-iac.org\/es\/wp-json\/wp\/v2\/pages\/17378"}],"wp:featuredmedia":[{"embeddable":true,"href":"https:\/\/www.aic-iac.org\/es\/wp-json\/wp\/v2\/media\/30350"}],"wp:attachment":[{"href":"https:\/\/www.aic-iac.org\/es\/wp-json\/wp\/v2\/media?parent=30349"}],"curies":[{"name":"wp","href":"https:\/\/api.w.org\/{rel}","templated":true}]}}