{"id":31772,"date":"2018-09-22T14:27:31","date_gmt":"2018-09-22T14:27:31","guid":{"rendered":"http:\/\/www.aic-iac.org\/?page_id=31772"},"modified":"2025-02-26T10:54:48","modified_gmt":"2025-02-26T10:54:48","slug":"","status":"publish","type":"page","link":"https:\/\/www.aic-iac.org\/es\/editorial\/","title":{"rendered":"","raw":""},"content":{"rendered":"","protected":false,"raw":""},"excerpt":{"rendered":"","protected":false,"raw":""},"author":4,"featured_media":40767,"parent":0,"menu_order":34,"comment_status":"closed","ping_status":"closed","template":"","meta":{"_fr_post_content":"<table style=\"height: 384px;\">\r\n<tbody>\r\n<tr style=\"height: 449px;\">\r\n<td style=\"height: 246px; width: 614px;\" colspan=\"2\">\r\n[caption id=\"attachment_40767\" align=\"alignright\" width=\"2186\"]<a href=\"https:\/\/www.aic-iac.org\/editorial\/congress2018\/\" rel=\"attachment wp-att-40767\"><img class=\"wp-image-40767 size-full\" src=\"https:\/\/www.aic-iac.org\/wp-content\/uploads\/Congress2018.png\" alt=\"\" width=\"2186\" height=\"1454\" \/><\/a> Conf\u00e9rence lors du Congr\u00e8s 2018 \u00e0 New Taipei City.[\/caption]\r\n<p>&nbsp;<\/p>\r\n<\/td>\r\n<\/tr>\r\n<tr style=\"height: 138px;\">\r\n<td style=\"height: 138px; width: 304.20001220703125px;\">\r\n<p>Cette page web est ax\u00e9e sur le th\u00e8me g\u00e9n\u00e9ral de \u00abNouvel Orientalia - Fonctionnalit\u00e9, Spiritualit\u00e9, Diversit\u00e9\u00bb. Li\u00e9e au 48\u00e8me Congr\u00e8s de l'Acad\u00e9mie, cette page web vous invite \u00e0 d\u00e9couvrir des articles et des conf\u00e9rences tenues lors du Congr\u00e8s de l'IAC 2018 \u00e0 New Taipei City.<\/p>\r\n<\/td>\r\n<td style=\"height: 138px; width: 304.20001220703125px;\"><span style=\"color: #0000ff;\">Les conf\u00e9rences sont disponibles uniquement en anglais.<\/span><\/td>\r\n<\/tr>\r\n<\/tbody>\r\n<\/table>\r\n<p>&nbsp;<\/p>","_fr_post_name":"editorial","_fr_post_excerpt":"Cette page web est ax\u00e9e sur le th\u00e8me g\u00e9n\u00e9ral de \u00abNouvelle Orientalia - Fonctionnalit\u00e9, Spiritualit\u00e9, Diversit\u00e9\u00bb. ","_fr_post_title":"\u00e9ditorial N\u00b01","_en_post_content":"<table style=\"height: 396px;\">\r\n<tbody>\r\n<tr style=\"height: 449px;\">\r\n<td style=\"height: 258px; width: 616px;\" colspan=\"2\">\r\n[caption id=\"attachment_40767\" align=\"alignright\" width=\"2186\"]<a href=\"https:\/\/www.aic-iac.org\/editorial\/congress2018\/\" rel=\"attachment wp-att-40767\"><img class=\"wp-image-40767 size-full\" src=\"https:\/\/www.aic-iac.org\/wp-content\/uploads\/Congress2018.png\" alt=\"\" width=\"2186\" height=\"1454\" \/><\/a> Lecture during the 2018 Congress in New Taipei City[\/caption]\r\n<p>&nbsp;<\/p>\r\n<\/td>\r\n<\/tr>\r\n<tr style=\"height: 138px;\">\r\n<td style=\"height: 138px; width: 305px;\">\r\n<p>This webpage is focused on the general theme of\u00a0\"New Orientalia \u2013 Functionality, Spirituality, Diversity\". Linked to the 48th Congress of the Academy, this web page invites you to discover some articles and lectures done during the IAC Congress 2018 in New Taipei City.\u00a0<\/p>\r\n<\/td>\r\n<td style=\"height: 138px; width: 305px;\">\u00a0<\/td>\r\n<\/tr>\r\n<\/tbody>\r\n<\/table>\r\n<p>&nbsp;<\/p>","_en_post_name":"editorial","_en_post_excerpt":"This webpage is focused on the general theme of \u00ab New Orientalia \u2013 Functionality, Spirituality, Diversity \u00bb.","_en_post_title":"editorial N\u00b01","_ja_post_content":"","_ja_post_name":"","_ja_post_excerpt":"","_ja_post_title":"","_zh_post_content":"","_zh_post_name":"","_zh_post_excerpt":"","_zh_post_title":"","_es_post_content":"","_es_post_name":"","_es_post_excerpt":"","_es_post_title":"","edit_language":"es"},"class_list":["post-31772","page","type-page","status-publish","has-post-thumbnail","hentry"],"_links":{"self":[{"href":"https:\/\/www.aic-iac.org\/es\/wp-json\/wp\/v2\/pages\/31772","targetHints":{"allow":["GET"]}}],"collection":[{"href":"https:\/\/www.aic-iac.org\/es\/wp-json\/wp\/v2\/pages"}],"about":[{"href":"https:\/\/www.aic-iac.org\/es\/wp-json\/wp\/v2\/types\/page"}],"author":[{"embeddable":true,"href":"https:\/\/www.aic-iac.org\/es\/wp-json\/wp\/v2\/users\/4"}],"replies":[{"embeddable":true,"href":"https:\/\/www.aic-iac.org\/es\/wp-json\/wp\/v2\/comments?post=31772"}],"version-history":[{"count":42,"href":"https:\/\/www.aic-iac.org\/es\/wp-json\/wp\/v2\/pages\/31772\/revisions"}],"predecessor-version":[{"id":41767,"href":"https:\/\/www.aic-iac.org\/es\/wp-json\/wp\/v2\/pages\/31772\/revisions\/41767"}],"wp:featuredmedia":[{"embeddable":true,"href":"https:\/\/www.aic-iac.org\/es\/wp-json\/wp\/v2\/media\/40767"}],"wp:attachment":[{"href":"https:\/\/www.aic-iac.org\/es\/wp-json\/wp\/v2\/media?parent=31772"}],"curies":[{"name":"wp","href":"https:\/\/api.w.org\/{rel}","templated":true}]}}