{"id":41515,"date":"2019-10-25T08:26:16","date_gmt":"2019-10-25T08:26:16","guid":{"rendered":"https:\/\/www.aic-iac.org\/?page_id=41515"},"modified":"2019-10-25T08:28:57","modified_gmt":"2019-10-25T08:28:57","slug":"","status":"publish","type":"page","link":"https:\/\/www.aic-iac.org\/es\/editorial\/articles\/","title":{"rendered":"","raw":""},"content":{"rendered":"","protected":false,"raw":""},"excerpt":{"rendered":"","protected":false,"raw":""},"author":379,"featured_media":41532,"parent":31772,"menu_order":0,"comment_status":"closed","ping_status":"closed","template":"","meta":{"_fr_post_content":"<table>\r\n<tbody>\r\n<tr>\r\n<td>\r\n[caption id=\"attachment_41532\" align=\"aligncenter\" width=\"940\"]<img class=\"wp-image-41532 size-large\" src=\"https:\/\/www.aic-iac.org\/wp-content\/uploads\/Capture-d\u2019\u00e9cran-2019-10-25-\u00e0-10.17.13-940x579.png\" alt=\"\" width=\"940\" height=\"579\" \/> Fukami Sueharu, \"The Sky III\" (1990), porcelaine (gauche), et Nakamura Kimpei, \"Absorbed in Mimesis\" (1987), gr\u00e8s (droite).[\/caption]\r\n<\/td>\r\n<\/tr>\r\n<\/tbody>\r\n<\/table>\r\n<table>\r\n<tbody>\r\n<tr>\r\n<td>\r\n<p>Les articles sont disponibles uniquement dans leurs langues d'origine.\u00a0<br \/><br \/><\/p>\r\n<\/td>\r\n<td><br \/><br \/><br \/><br \/><\/td>\r\n<\/tr>\r\n<\/tbody>\r\n<\/table>\r\n<table style=\"height: 42px;\">\r\n<tbody>\r\n<tr style=\"height: 42px;\">\r\n<td style=\"height: 42px; width: 610px;\"><hr \/><\/td>\r\n<\/tr>\r\n<\/tbody>\r\n<\/table>\r\n<table>\r\n<tbody>\r\n<tr>\r\n<td>\r\n<p><span style=\"color: #9c903a;\">\u884c\u65c5\u6c34\u9109\u6ecb\u8cc0<\/span><br \/><span style=\"color: #9c903a;\">\u611f\u53d7\u65e5\u672c\u6587\u5316\u5e95\u860a\u00a0\u53ca\u00a0\u8cea\u6a38\u7684\u9676\u85dd\u9762\u8c8c<\/span><\/p>\r\n<p>Auteur : Chia-Heng Hsieh<br \/>Concernant le village de la poterie Shigaraki au Japon.<br \/>Publi\u00e9 par la revue Taiwan Ceramic Art Magazine<br \/>en 2017 (No.97).<\/p>\r\n<p><a href=\"https:\/\/www.aic-iac.org\/wp-content\/uploads\/\u884c\u65c5\u6c34\u9109\u6ecb\u8cc0-.pdf\">&gt;&gt; cliquez ici pour lire l'article de\u00a0Chia-Heng Hsieh<\/a><\/p>\r\n<\/td>\r\n<td>\r\n<p><span style=\"color: #9c903a;\">Hayashi Yasuo and Yagi Kazuo in Postwar Japanese Ceramics: The Effects of Intramural Politics and Rivalry for Rank on a Ceramic Artist's Career\u00a0<\/span><\/p>\r\n<p>Auteur : Marilyn Rose Swan<br \/>University of Kentucky<\/p>\r\n<p><a href=\"https:\/\/uknowledge.uky.edu\/cgi\/viewcontent.cgi?article=1016&amp;context=art_etds\">&gt;&gt; cliquez ici pour lire la th\u00e8se de Marilyn Rose Swan<\/a><\/p>\r\n<\/td>\r\n<\/tr>\r\n<\/tbody>\r\n<\/table>\r\n<p>&nbsp;<\/p>","_fr_post_name":"articles","_fr_post_excerpt":"Articles li\u00e9es au 48\u00e8me Congr\u00e8s de l\u2019AIC \u00e0 New Taipei City.","_fr_post_title":"Articles","_en_post_content":"<table>\r\n<tbody>\r\n<tr>\r\n<td>\r\n[caption id=\"attachment_41532\" align=\"aligncenter\" width=\"940\"]<img class=\"wp-image-41532 size-large\" src=\"https:\/\/www.aic-iac.org\/wp-content\/uploads\/Capture-d\u2019\u00e9cran-2019-10-25-\u00e0-10.17.13-940x579.png\" alt=\"\" width=\"940\" height=\"579\" \/> Fukami Sueharu, \"The Sky III\" (1990), porcelain (left), and Nakamura Kimpei, \"Absorbed in Mimesis\" (1987), stoneware (right).[\/caption]\r\n<\/td>\r\n<\/tr>\r\n<\/tbody>\r\n<\/table>\r\n<table>\r\n<tbody>\r\n<tr>\r\n<td>\r\n<p>The articles are only available in their language of origin.<br \/><br \/><\/p>\r\n<\/td>\r\n<td><br \/><br \/><br \/><br \/><\/td>\r\n<\/tr>\r\n<\/tbody>\r\n<\/table>\r\n<table style=\"height: 42px;\">\r\n<tbody>\r\n<tr style=\"height: 42px;\">\r\n<td style=\"height: 42px; width: 610px;\"><hr \/><\/td>\r\n<\/tr>\r\n<\/tbody>\r\n<\/table>\r\n<table>\r\n<tbody>\r\n<tr>\r\n<td>\r\n<p><span style=\"color: #9c903a;\">\u884c\u65c5\u6c34\u9109\u6ecb\u8cc0<\/span><br \/><span style=\"color: #9c903a;\">\u611f\u53d7\u65e5\u672c\u6587\u5316\u5e95\u860a\u00a0\u53ca\u00a0\u8cea\u6a38\u7684\u9676\u85dd\u9762\u8c8c<\/span><\/p>\r\n<p>Author : Chia-Heng Hsieh<br \/>About the Shigaraki Pottery Village in Japan.<br \/>Published by the Taiwan Ceramic Art Magazine<br \/>in 2017 (No.97).<\/p>\r\n<p><a href=\"https:\/\/www.aic-iac.org\/wp-content\/uploads\/\u884c\u65c5\u6c34\u9109\u6ecb\u8cc0-.pdf\">&gt;&gt; click here to read the article by\u00a0Chia-Heng Hsieh<\/a><\/p>\r\n<\/td>\r\n<td>\r\n<p><span style=\"color: #9c903a;\">Hayashi Yasuo and Yagi Kazuo in Postwar Japanese Ceramics: The Effects of Intramural Politics and Rivalry for Rank on a Ceramic Artist's Career\u00a0<\/span><\/p>\r\n<p>Author: Marilyn Rose Swan<br \/>University of Kentucky<\/p>\r\n<p><a href=\"https:\/\/uknowledge.uky.edu\/cgi\/viewcontent.cgi?article=1016&amp;context=art_etds\">&gt;&gt; click here to read the thesis by Marilyn Rose Swan<\/a><\/p>\r\n<\/td>\r\n<\/tr>\r\n<\/tbody>\r\n<\/table>\r\n<p>&nbsp;<\/p>","_en_post_name":"articles","_en_post_excerpt":"Articles linked to the 48th IAC Congress in New Taipei City.","_en_post_title":"Articles","_ja_post_content":"","_ja_post_name":"","_ja_post_excerpt":"","_ja_post_title":"","_zh_post_content":"","_zh_post_name":"","_zh_post_excerpt":"","_zh_post_title":"","_es_post_content":"","_es_post_name":"","_es_post_excerpt":"","_es_post_title":"","edit_language":"es"},"class_list":["post-41515","page","type-page","status-publish","has-post-thumbnail","hentry"],"_links":{"self":[{"href":"https:\/\/www.aic-iac.org\/es\/wp-json\/wp\/v2\/pages\/41515","targetHints":{"allow":["GET"]}}],"collection":[{"href":"https:\/\/www.aic-iac.org\/es\/wp-json\/wp\/v2\/pages"}],"about":[{"href":"https:\/\/www.aic-iac.org\/es\/wp-json\/wp\/v2\/types\/page"}],"author":[{"embeddable":true,"href":"https:\/\/www.aic-iac.org\/es\/wp-json\/wp\/v2\/users\/379"}],"replies":[{"embeddable":true,"href":"https:\/\/www.aic-iac.org\/es\/wp-json\/wp\/v2\/comments?post=41515"}],"version-history":[{"count":11,"href":"https:\/\/www.aic-iac.org\/es\/wp-json\/wp\/v2\/pages\/41515\/revisions"}],"predecessor-version":[{"id":41537,"href":"https:\/\/www.aic-iac.org\/es\/wp-json\/wp\/v2\/pages\/41515\/revisions\/41537"}],"up":[{"embeddable":true,"href":"https:\/\/www.aic-iac.org\/es\/wp-json\/wp\/v2\/pages\/31772"}],"wp:featuredmedia":[{"embeddable":true,"href":"https:\/\/www.aic-iac.org\/es\/wp-json\/wp\/v2\/media\/41532"}],"wp:attachment":[{"href":"https:\/\/www.aic-iac.org\/es\/wp-json\/wp\/v2\/media?parent=41515"}],"curies":[{"name":"wp","href":"https:\/\/api.w.org\/{rel}","templated":true}]}}