{"id":63727,"date":"2023-04-13T10:49:03","date_gmt":"2023-04-13T10:49:03","guid":{"rendered":"https:\/\/www.aic-iac.org\/?page_id=63727"},"modified":"2025-11-18T09:22:49","modified_gmt":"2025-11-18T09:22:49","slug":"","status":"publish","type":"page","link":"https:\/\/www.aic-iac.org\/es\/members\/membres-distingues\/","title":{"rendered":"","raw":""},"content":{"rendered":"","protected":false,"raw":""},"excerpt":{"rendered":"","protected":false,"raw":""},"author":2192,"featured_media":61575,"parent":8,"menu_order":0,"comment_status":"closed","ping_status":"closed","template":"","meta":{"_fr_post_content":"<table style=\"width: 100%;\">\r\n<tbody>\r\n<tr>\r\n<td style=\"width: 98.7096%;\" colspan=\"2\">\r\n[caption id=\"attachment_63980\" align=\"alignnone\" width=\"2560\"]<img class=\"size-full wp-image-63980\" src=\"https:\/\/www.aic-iac.org\/wp-content\/uploads\/MP06217-scaled.jpg\" alt=\"\" width=\"2560\" height=\"1706\" \/> Torbj\u00f8rn Kvasb\u00f8, Pr\u00e9sident de l'AIC, et Pieter Stockmans, nouveau Membre d'Honneur, lors de la soir\u00e9e d'inauguration du Congr\u00e8s AIC 2022 \u00e0 Gen\u00e8ve.[\/caption]\r\n<\/td>\r\n<\/tr>\r\n<tr>\r\n<td>\u00a0<\/td>\r\n<td>\u00a0<\/td>\r\n<\/tr>\r\n<tr>\r\n<td style=\"width: 49.3548%;\">\r\n<h3>Membres \u00e9m\u00e9rites<\/h3>\r\n<\/td>\r\n<td style=\"width: 49.3548%;\">\r\n<h3>Membres d'honneur<\/h3>\r\n<\/td>\r\n<\/tr>\r\n<tr>\r\n<td style=\"width: 49.3548%;\">Selon les Statuts de l'AIC, un\u00b7e Membre \u00e9m\u00e9rite est <em>\"un membre individuel qui est reconnu pour sa contribution exceptionnelle envers l\u2019Acad\u00e9mie.\"<\/em><\/td>\r\n<td style=\"width: 49.3548%;\">Selon les Statuts de l'AIC, un\u00b7e Membre d'honneur est \"<em>une personnalit\u00e9 du monde artistique, litt\u00e9raire ou politique qui a apport\u00e9 une contribution significative aux buts de l'Acad\u00e9mie.\"<\/em><\/td>\r\n<\/tr>\r\n<tr>\r\n<td><hr \/><\/td>\r\n<td><hr \/><\/td>\r\n<\/tr>\r\n<tr>\r\n<td style=\"width: 49.3548%;\">\r\n<p><span style=\"text-decoration: underline;\">Par ordre d'ann\u00e9e d'\u00e9lection:<\/span><\/p>\r\n<p>Enrique MESTRE-ESTELLES (Espagne, 2022)<\/p>\r\n<p>Suku PARK (Finlande, 2021)<\/p>\r\n<p>Roland BL\u00c4TTLER (Suisse, 2019)<br \/>Ann MORTIMER (Canada, 2019)<br \/>Emili SEMPERE (Espagne, 2019)<\/p>\r\n<p>I-Chi HSU (Chine, 2017)<br \/>Les MANNING (Australie, 2017) (d. 2020)<\/p>\r\n<p>Bernard DEJONGHE (France, 2014)<\/p>\r\n<p>Carmen DIONYSE (Belgique, 2013) (d. 2013)<br \/>Gudrun KLIX (Australie, 2013)<br \/>Kyoko TONEGAWA (Etats-Unis, 2013)<\/p>\r\n<p>Gotlind WEIGEL (Allemagne, 2011)<\/p>\r\n<p>Steve MATTISON (Royaume-Uni, 2005)<\/p>\r\n<p>Bruno ASSHOFF (Allemagne, 2002) (d. 2003)<\/p>\r\n<p>Karen PARK (Danemark, 1997) (d.)<\/p>\r\n<p>Vivika HEINO (Etats-Unis, 1995) (d. 1995)<\/p>\r\n<p>Shoji TAKEDA (Japon, 1994)<\/p>\r\n<p>Otto ECKERT (R\u00e9publique tch\u00e8que, 1990) (d. 1995)<\/p>\r\n<p>Loul COMBRES (France, 1988)<\/p>\r\n<p>Latvite MEDNIEKS (Lettonie, 1971) (d. 2018)<br \/>Ingeborg RINGER (Argentine, 1971)<\/p>\r\n<p>Imre SCHRAMMEL (Hongrie, 1970)<br \/>Tony FRANKS (Royaume-Uni, 1970)<\/p>\r\n<p>Karl SCHEID (Allemagne, 1968) (d. 2019)<\/p>\r\n<p>Eduard CHAPALLAZ (Suisse, 1965) (d. 2016)<br \/>Beate KUHN (Allemagne, 1965) (d. 2015)<\/p>\r\n<p>Pierre BOUFFARD (Suisse, 1959) (d.)<\/p>\r\n<\/td>\r\n<td style=\"width: 49.3548%;\">\r\n<p><span style=\"text-decoration: underline;\">Par ordre d'ann\u00e9e d'\u00e9lection:<\/span><\/p>\r\n<p>Mehmet T\u00dcZ\u00dcM KIZICLAN (Turquie, 2025)<\/p>\r\n<p>Cec\u00edlia DE SOUSA (Portugal, 2024)<\/p>\r\n<p>Jean GIREL (France, 2022)<br \/>Pieter STOCKMANS (Belgique, 2022)<br \/>Tatiana VALOVAYA (Suisse, 2022)<\/p>\r\n<p>Anu PENTIK (Finlande, 2021)<\/p>\r\n<p>Barbara BROWN (Etats-Unis, 2019)<br \/>Yung-Hsu HSU (Taipei Chinois, 2018)<br \/>Yuan Ta\u00ef YANG (Taipei Chinois, 2018)<\/p>\r\n<p>Toni CUMELLA (Espagne, 2016)<br \/>Yasuo HAYASHI (Japon, 2016)<\/p>\r\n<p>Milton MOON (Australie, 2015) (d. 2019)<br \/>Peter RUSHFORTH (Australie, 2015) (d. 2015)<\/p>\r\n<p>Helena BRENNAN (Irlande, 2014)<\/p>\r\n<p>Kakiemon SAKAIDA (Japon, 1992) (d. 2013)<\/p>\r\n<p>&nbsp;<\/p>\r\n<\/td>\r\n<\/tr>\r\n<tr>\r\n<td style=\"width: 49.3548%;\">\u00a0<\/td>\r\n<td style=\"width: 49.3548%;\">\u00a0<\/td>\r\n<\/tr>\r\n<\/tbody>\r\n<\/table>\r\n<p>&nbsp;<\/p>","_fr_post_name":"membres-distingues","_fr_post_excerpt":"Les membres \u00e9m\u00e9rites et les membres d'honneur sont des membres distingu\u00e9s de l'AIC.","_fr_post_title":"Membres distingu\u00e9s","_en_post_content":"<table style=\"width: 100%;\">\r\n<tbody>\r\n<tr>\r\n<td style=\"width: 98.7096%;\" colspan=\"2\">\r\n[caption id=\"attachment_63980\" align=\"alignnone\" width=\"2560\"]<img class=\"size-full wp-image-63980\" src=\"https:\/\/www.aic-iac.org\/wp-content\/uploads\/MP06217-scaled.jpg\" alt=\"\" width=\"2560\" height=\"1706\" \/> Torbj\u00f8rn Kvasb\u00f8, IAC President, and Pieter Stockmans, new Member of Honour, at the opening evening of the 2022 IAC Congress in Geneva.[\/caption]\r\n<\/td>\r\n<\/tr>\r\n<tr>\r\n<td style=\"width: 49.3548%;\">\u00a0<\/td>\r\n<td style=\"width: 49.3548%;\">\u00a0<\/td>\r\n<\/tr>\r\n<tr>\r\n<td style=\"width: 49.3548%;\">\r\n<h3>Members Emeritus<\/h3>\r\n<\/td>\r\n<td style=\"width: 49.3548%;\">\r\n<h3>Members of Honour<\/h3>\r\n<\/td>\r\n<\/tr>\r\n<tr>\r\n<td style=\"width: 49.3548%;\">According to the IAC Articles, a Member Emeritus is <em>\"an individual member with a mark of distinguished service and exceptional contribution to the Academy.\"<\/em><\/td>\r\n<td style=\"width: 49.3548%;\">According to the IAC Articles, a Member of Honour is <em>\"a personality in an artistic, literary or political field who has made a significant contribution to the aims of the Academy.\"<\/em><\/td>\r\n<\/tr>\r\n<tr>\r\n<td style=\"width: 49.3548%;\"><hr \/><\/td>\r\n<td style=\"width: 49.3548%;\"><hr \/><\/td>\r\n<\/tr>\r\n<tr>\r\n<td style=\"width: 49.3548%;\">\r\n<p><span style=\"text-decoration: underline;\">In order of election year:<\/span><\/p>\r\n<p>Enrique MESTRE-ESTELLES (Spain, 2022)<\/p>\r\n<p>Suku PARK (Finland, 2021)<\/p>\r\n<p>Roland BL\u00c4TTLER (Switzerland, 2019)<br \/>Ann MORTIMER (Canada, 2019)<br \/>Emili SEMPERE (Spain, 2019)<\/p>\r\n<p>I-Chi HSU (China, 2017)<br \/>Les MANNING (Australia, 2017) (d. 2020)<\/p>\r\n<p>Bernard DEJONGHE (France, 2014)<\/p>\r\n<p>Carmen DIONYSE (Belgium, 2013) (d. 2013)<br \/>Gudrun KLIX (Australia, 2013)<br \/>Kyoko TONEGAWA (United States, 2013)<\/p>\r\n<p>Gotlind WEIGEL (Germany, 2011)<\/p>\r\n<p>Steve MATTISON (United Kingdom, 2005)<\/p>\r\n<p>Bruno ASSHOFF (Germany, 2002) (d. 2003)<\/p>\r\n<p>Karen PARK (Denmark, 1997) (d.)<\/p>\r\n<p>Vivika HEINO (United States, 1995) (d. 1995)<\/p>\r\n<p>Shoji TAKEDA (Japan, 1994)<\/p>\r\n<p>Otto ECKERT (Czech Republic, 1990) (d. 1995)<\/p>\r\n<p>Loul COMBRES (France, 1988)<\/p>\r\n<p>Latvite MEDNIEKS (Latvia, 1971) (d. 2018)<br \/>Ingeborg RINGER (Argentina, 1971)<\/p>\r\n<p>Imre SCHRAMMEL (Hungary, 1970)<br \/>Tony FRANKS (United Kingdom, 1970)<\/p>\r\n<p>Karl SCHEID (Germany, 1968) (d. 2019)<\/p>\r\n<p>Eduard CHAPALLAZ (Switzerland, 1965) (d. 2016)<br \/>Beate KUHN (Germany, 1965) (d. 2015)<\/p>\r\n<p>Pierre BOUFFARD (Switzerland, 1959) (d.)<\/p>\r\n<\/td>\r\n<td style=\"width: 49.3548%;\">\r\n<p><span style=\"text-decoration: underline;\">In order of election year:<\/span><\/p>\r\n<p>Mehmet T\u00dcZ\u00dcM KIZICLAN (T\u00fcrkiye, 2025)<\/p>\r\n<p>Cec\u00edlia DE SOUSA (Portugal, 2024)<\/p>\r\n<p>Jean GIREL (France, 2022)<br \/>Pieter STOCKMANS (Belgium, 2022)<br \/>Tatiana VALOVAYA (Switzerland, 2022)<\/p>\r\n<p>Anu PENTIK (Finland, 2021)<\/p>\r\n<p>Barbara BROWN (United States, 2019)<br \/>Yung-Hsu HSU (Chinese Taipei, 2018)<br \/>Yuan Ta\u00ef YANG (Chinese Taipei, 2018)<\/p>\r\n<p>Toni CUMELLA (Spain, 2016)<br \/>Yasuo HAYASHI (Japan, 2016)<\/p>\r\n<p>Milton MOON (Australia, 2015) (d. 2019)<br \/>Peter RUSHFORTH (Australia, 2015) (d. 2015)<\/p>\r\n<p>Helena BRENNAN (Ireland, 2014)<\/p>\r\n<p>Kakiemon SAKAIDA (Japan, 1992) (d. 2013)<\/p>\r\n<br \/>\r\n<p>&nbsp;<\/p>\r\n<\/td>\r\n<\/tr>\r\n<tr>\r\n<td style=\"width: 49.3548%;\">\u00a0<\/td>\r\n<td style=\"width: 49.3548%;\">\u00a0<\/td>\r\n<\/tr>\r\n<\/tbody>\r\n<\/table>\r\n<p>&nbsp;<\/p>","_en_post_name":"membres-distingues","_en_post_excerpt":"Members Emeritus and Members of Honour are members of distinction of the IAC.","_en_post_title":"Members of Distinction","_ja_post_content":"","_ja_post_name":"","_ja_post_excerpt":"","_ja_post_title":"","_zh_post_content":"","_zh_post_name":"","_zh_post_excerpt":"","_zh_post_title":"","_es_post_content":"","_es_post_name":"","_es_post_excerpt":"","_es_post_title":"","edit_language":"es"},"class_list":["post-63727","page","type-page","status-publish","has-post-thumbnail","hentry"],"_links":{"self":[{"href":"https:\/\/www.aic-iac.org\/es\/wp-json\/wp\/v2\/pages\/63727","targetHints":{"allow":["GET"]}}],"collection":[{"href":"https:\/\/www.aic-iac.org\/es\/wp-json\/wp\/v2\/pages"}],"about":[{"href":"https:\/\/www.aic-iac.org\/es\/wp-json\/wp\/v2\/types\/page"}],"author":[{"embeddable":true,"href":"https:\/\/www.aic-iac.org\/es\/wp-json\/wp\/v2\/users\/2192"}],"replies":[{"embeddable":true,"href":"https:\/\/www.aic-iac.org\/es\/wp-json\/wp\/v2\/comments?post=63727"}],"version-history":[{"count":25,"href":"https:\/\/www.aic-iac.org\/es\/wp-json\/wp\/v2\/pages\/63727\/revisions"}],"predecessor-version":[{"id":89280,"href":"https:\/\/www.aic-iac.org\/es\/wp-json\/wp\/v2\/pages\/63727\/revisions\/89280"}],"up":[{"embeddable":true,"href":"https:\/\/www.aic-iac.org\/es\/wp-json\/wp\/v2\/pages\/8"}],"wp:featuredmedia":[{"embeddable":true,"href":"https:\/\/www.aic-iac.org\/es\/wp-json\/wp\/v2\/media\/61575"}],"wp:attachment":[{"href":"https:\/\/www.aic-iac.org\/es\/wp-json\/wp\/v2\/media?parent=63727"}],"curies":[{"name":"wp","href":"https:\/\/api.w.org\/{rel}","templated":true}]}}