{"id":90624,"date":"2026-03-13T08:13:12","date_gmt":"2026-03-13T08:13:12","guid":{"rendered":"https:\/\/www.aic-iac.org\/?page_id=90624"},"modified":"2026-03-17T15:10:30","modified_gmt":"2026-03-17T15:10:30","slug":"","status":"publish","type":"page","link":"https:\/\/www.aic-iac.org\/es\/terms-of-use\/","title":{"rendered":"","raw":""},"content":{"rendered":"","protected":false,"raw":""},"excerpt":{"rendered":"","protected":false,"raw":""},"author":2192,"featured_media":0,"parent":0,"menu_order":0,"comment_status":"closed","ping_status":"closed","template":"","meta":{"_fr_post_content":"<p>Les pr\u00e9sentes conditions s'appliquent \u00e0 l'ensemble du site aic-iac.org, ci-apr\u00e8s d\u00e9nomm\u00e9 \u00ab le Site \u00bb.<\/p>\r\n<p>EXPLOITANTS DU SITE WEB<\/p>\r\n<p>Ce site web est exploit\u00e9 par l'Acad\u00e9mie internationale de la c\u00e9ramique (AIC), dont le si\u00e8ge social est situ\u00e9 au Mus\u00e9e Ariana, 10 Avenue de la Paix, 1202 Gen\u00e8ve - Suisse, dont le num\u00e9ro de t\u00e9l\u00e9phone est le + 41 77 217 6216 et dont l'adresse \u00e9lectronique est info@aic-iac.org. L'Acad\u00e9mie internationale de la c\u00e9ramique est d\u00e9sign\u00e9e par les termes \u00ab nous \u00bb, \u00ab notre \u00bb et \u00ab nos \u00bb.<\/p>\r\n<p>ACCEPTATION DES CONDITIONS D'UTILISATION<\/p>\r\n<p>L'acc\u00e8s au site web et son utilisation sont r\u00e9gis exclusivement par les pr\u00e9sentes conditions d'utilisation. L'utilisation du site web implique la reconnaissance, la compr\u00e9hension et l'acceptation des pr\u00e9sentes conditions d'utilisation. Vous vous engagez \u00e0 ne pas utiliser le site web \u00e0 des fins ill\u00e9gales ou par des moyens ill\u00e9gaux ou interdits par les pr\u00e9sentes conditions d'utilisation. Si vous n'acceptez pas les pr\u00e9sentes conditions d'utilisation, vous n'\u00eates pas autoris\u00e9 \u00e0 acc\u00e9der au site web ni \u00e0 l'utiliser de quelque mani\u00e8re que ce soit.<\/p>\r\n<p>Nous nous r\u00e9servons le droit de modifier, mettre \u00e0 jour ou r\u00e9viser les pr\u00e9sentes conditions d'utilisation \u00e0 tout moment, sans notification ni obligation. Il est donc de votre responsabilit\u00e9 de v\u00e9rifier r\u00e9guli\u00e8rement si des modifications ont \u00e9t\u00e9 apport\u00e9es aux conditions d'utilisation.<\/p>\r\n<p>MODIFICATION DES PR\u00c9SENTES CONDITIONS G\u00c9N\u00c9RALES\u00a0<\/p>\r\n<p>L'IAC peut mettre \u00e0 jour les pr\u00e9sentes conditions g\u00e9n\u00e9rales de temps \u00e0 autre, \u00e0 tout moment et sans pr\u00e9avis, en publiant ces modifications sur le site Web. Nous vous encourageons \u00e0 consulter r\u00e9guli\u00e8rement les pr\u00e9sentes conditions g\u00e9n\u00e9rales afin de vous tenir inform\u00e9 de la mani\u00e8re dont l'IAC prot\u00e8ge vos informations. En continuant \u00e0 utiliser ce site Web apr\u00e8s la publication des modifications apport\u00e9es \u00e0 la pr\u00e9sente politique, vous acceptez ces modifications.<\/p>\r\n<p>Les conditions g\u00e9n\u00e9rales s'appliquent \u00e0 toutes les personnes qui acc\u00e8dent au site web (ci-apr\u00e8s d\u00e9nomm\u00e9es \u00ab utilisateur \u00bb ou \u00ab utilisateurs \u00bb ou \u00ab vous \u00bb).<\/p>\r\n<p>Nous nous effor\u00e7ons de garantir que le contenu du site web est correct et r\u00e9guli\u00e8rement mis \u00e0 jour. Cependant, nous ne pouvons garantir la pr\u00e9cision, la fiabilit\u00e9, la pertinence, l'exhaustivit\u00e9 et l'actualit\u00e9 du contenu du site web. L'utilisateur accepte par la pr\u00e9sente d'acc\u00e9der au site web et de l'utiliser sous sa propre responsabilit\u00e9. Nous ne pouvons en aucun cas \u00eatre tenus responsables des dommages r\u00e9sultant directement, indirectement ou fortuitement de l'utilisation des informations fournies sur le site Web, de l'utilisation incorrecte ou inappropri\u00e9e du site Web, d'une connexion incorrecte ou d\u00e9fectueuse ou de toute autre utilisation li\u00e9e \u00e0 du mat\u00e9riel autre que le site Web ou tout autre mat\u00e9riel ou logiciel sp\u00e9cifique.<\/p>\r\n<p>DROITS DE PROPRI\u00c9T\u00c9 INTELLECTUELLE<\/p>\r\n<p>Le site Web et son contenu, y compris, mais sans s'y limiter, les textes, graphiques, images, vid\u00e9os, bandes sonores, photos, les logos et les ic\u00f4nes, sont prot\u00e9g\u00e9s par des droits de propri\u00e9t\u00e9 intellectuelle ou d'autres droits et ne peuvent \u00eatre copi\u00e9s, reproduits, distribu\u00e9s, utilis\u00e9s, adapt\u00e9s ou traduits, en tout ou en partie, sans notre autorisation \u00e9crite, sans pr\u00e9judice de la possibilit\u00e9 de t\u00e9l\u00e9charger et d'imprimer des \u00e9l\u00e9ments du Site Web \u00e0 des fins exclusivement personnelles et non commerciales, \u00e0 condition que le contenu ne soit pas modifi\u00e9 et que les mentions de copyright et de marque d\u00e9pos\u00e9e soient conserv\u00e9es.<\/p>\r\n<p>LIENS VERS D'AUTRES SITES\u00a0<\/p>\r\n<p>Les hyperliens vers des sites web tiers disponibles sur le site web sont fournis pour votre commodit\u00e9. Si vous d\u00e9cidez d'utiliser ces liens, vous quitterez le site web. Nous ne pouvons \u00eatre tenus responsables du contenu des sites web tiers.<\/p>\r\n<p>FORMULAIRES<\/p>\r\n<p>Si vous utilisez les formulaires du site web pour fournir des informations, manifester votre int\u00e9r\u00eat ou acheter des publications, les informations que vous fournissez ne seront pas utilis\u00e9es \u00e0 d'autres fins que celles pour lesquelles elles ont \u00e9t\u00e9 fournies.<\/p>\r\n<p>COORDONN\u00c9ES<\/p>\r\n<p>Si vous avez des questions ou des pr\u00e9occupations concernant le site Web ou les pr\u00e9sentes conditions d'utilisation, n'h\u00e9sitez pas \u00e0 nous contacter \u00e0 l'adresse info@aic-iac.org.<\/p>\r\n<p>Droit applicable et juridictions comp\u00e9tentes. Votre acc\u00e8s et votre utilisation de ce site Web sont r\u00e9gis par le droit suisse. Les tribunaux de Gen\u00e8ve sont seuls comp\u00e9tents pour tous les litiges li\u00e9s \u00e0 l'acc\u00e8s ou \u00e0 l'utilisation de ce site Web.<\/p>","_fr_post_name":"terms-of-use","_fr_post_excerpt":"","_fr_post_title":"Conditions g\u00e9n\u00e9rales d'utilisation","_en_post_content":"<p>These terms shall apply to the entire site <a href=\"https:\/\/www.aic-iac.org\/\">aic-iac.org<\/a> referred to hereinafter as \u201cthe Website\u201d<\/p>\r\n<p>WEBSITE OPERATORS<\/p>\r\n<p>This Website is operated by the International Academy of Ceramics (IAC) with registered office at Mus\u00e9e Ariana, 10 Avenue de la Paix, 1202 Geneva - Switzerland, whose phone number is + 41 77 217 6216, and email address is info@aic-iac.org. International Academy of Ceramics shall be referred to as \u201cwe\u201d, \u201cour\u201d and \u201cus\u201d.<\/p>\r\n<p>ACCEPTANCE OF THE TERMS OF USE<\/p>\r\n<p>Access to the Website and its use shall be governed exclusively by these terms of use. The use of the Website involves acknowledging, understanding and accepting these terms of use. You must undertake to refrain from using the Website for unlawful purposes or by unlawful means or ones which are prohibited by these terms of use. If you do not agree to these terms of use, you shall not be authorised to access the Website or to use it in any way whatsoever.<\/p>\r\n<p>We reserve the right to amend, update or revise these terms of use at any time without notification or obligation. It is therefore your responsibility to check on a regular basis whether any changes have been made to the terms of use.<\/p>\r\n<p>CHANGES TO THESE TERMS AND CONDITIONS<\/p>\r\n<p>The IAC may update these Terms and Conditions from time to time, at any time without notice to you, by posting such changes on the Website. We encourage you to periodically review this Terms and Conditions to be informed of how the IAC is protecting your information. Your continued use of this Website following the posting of changes to this Policy will mean you accept those changes.<\/p>\r\n<p>The Terms and Conditions apply to all persons who access the Website (hereafter referred to as \u201cUser\u201d or \u201cUsers\u201d or \u201cyou\u201d).<\/p>\r\n<p>We shall strive to ensure that the content of the Website is correct and regularly updated. However, we cannot guarantee the precise, reliable, appropriate, complete, up-to-date nature of the Website content. The user hereby agrees that the Website shall be accessed and used under his own responsibility. We shall not be held responsible under any circumstances for damage stemming directly, indirectly or fortuitously from the use of information provided on the Website, the incorrect or inappropriate use of the Website, an incorrect or faulty connection or any other use linked to hardware other than the Website or any other specific hardware or software.<\/p>\r\n<p>INTELLECTUAL PROPERTY RIGHTS<\/p>\r\n<p>The Website and its content, including but not limited to texts, graphs, images, videos, soundtracks, photos, logos and icons, shall be protected by intellectual property rights or other rights and should not be copied, reproduced, distributed, used, adapted or translated in part or in their entirety without the written authorisation of us, without prejudice to the possibility of downloading and printing elements from the Website exclusively for personal, non-commercial purposes, provided that the content is not altered and the copyright and trademark instructions are maintained.<\/p>\r\n<p>LINKS TO OTHER SITES<\/p>\r\n<p>The hyperlinks to third party websites available on the Website are provided for your convenience. If you decide to use these links, you will leave the Website. We cannot be held responsible for the content of third party websites.<\/p>\r\n<p>FORMS<\/p>\r\n<p>If you use forms on the Website to provide information, register interest, or purchase publications, the information you provide will not be used for purposes other than that for which it was provided.<\/p>\r\n<p>CONTACT INFORMATION<\/p>\r\n<p>If you have any questions or concerns regarding the Website or these terms of use, please feel free to contact us at <a href=\"mailto:info@aic-iac.org\">info@aic-iac.org<\/a><\/p>\r\n<p>Applicable law and competent jurisdictions. Your access to and use of this Website shall be governed by Swiss law. The courts of Geneva shall be granted exclusive competence for all disputes linked to the access to or the use of this Website.<\/p>","_en_post_name":"terms-of-use","_en_post_excerpt":"","_en_post_title":"Terms of Use","_ja_post_content":"","_ja_post_name":"","_ja_post_excerpt":"","_ja_post_title":"","_zh_post_content":"","_zh_post_name":"","_zh_post_excerpt":"","_zh_post_title":"","_es_post_content":"","_es_post_name":"","_es_post_excerpt":"","_es_post_title":"","edit_language":"es"},"class_list":["post-90624","page","type-page","status-publish","hentry"],"_links":{"self":[{"href":"https:\/\/www.aic-iac.org\/es\/wp-json\/wp\/v2\/pages\/90624","targetHints":{"allow":["GET"]}}],"collection":[{"href":"https:\/\/www.aic-iac.org\/es\/wp-json\/wp\/v2\/pages"}],"about":[{"href":"https:\/\/www.aic-iac.org\/es\/wp-json\/wp\/v2\/types\/page"}],"author":[{"embeddable":true,"href":"https:\/\/www.aic-iac.org\/es\/wp-json\/wp\/v2\/users\/2192"}],"replies":[{"embeddable":true,"href":"https:\/\/www.aic-iac.org\/es\/wp-json\/wp\/v2\/comments?post=90624"}],"version-history":[{"count":9,"href":"https:\/\/www.aic-iac.org\/es\/wp-json\/wp\/v2\/pages\/90624\/revisions"}],"predecessor-version":[{"id":90717,"href":"https:\/\/www.aic-iac.org\/es\/wp-json\/wp\/v2\/pages\/90624\/revisions\/90717"}],"wp:attachment":[{"href":"https:\/\/www.aic-iac.org\/es\/wp-json\/wp\/v2\/media?parent=90624"}],"curies":[{"name":"wp","href":"https:\/\/api.w.org\/{rel}","templated":true}]}}