{"id":9932,"date":"2014-12-06T19:59:39","date_gmt":"2014-12-06T19:59:39","guid":{"rendered":"http:\/\/www.aic-iac.org\/?page_id=9932"},"modified":"2025-07-03T15:16:43","modified_gmt":"2025-07-03T15:16:43","slug":"","status":"publish","type":"page","link":"https:\/\/www.aic-iac.org\/es\/academie\/donation\/","title":{"rendered":"","raw":""},"content":{"rendered":"","protected":false,"raw":""},"excerpt":{"rendered":"","protected":false,"raw":""},"author":4,"featured_media":17269,"parent":17368,"menu_order":4,"comment_status":"closed","ping_status":"closed","template":"","meta":{"_fr_post_content":"<table style=\"width: 91.0323%;\">\r\n<tbody>\r\n<tr>\r\n<td style=\"width: 49.4681%;\">\r\n[caption id=\"attachment_17269\" align=\"alignnone\" width=\"717\"]<img class=\"wp-image-17269 size-full\" src=\"https:\/\/www.aic-iac.org\/wp-content\/uploads\/10582803_710222242359271_4286998059353967746_o.jpg\" alt=\"10582803_710222242359271_4286998059353967746_o\" width=\"717\" height=\"960\" \/> Gundi Dietz[\/caption]\r\n<\/td>\r\n<td style=\"width: 49.2908%;\">\r\n<p>L'Acad\u00e9mie s'engage \u00e0 r\u00e9aliser des projets d'envergure, afin de promouvoir la culture c\u00e9ramique ainsi que le d\u00e9bat, l\u2019\u00e9change, la r\u00e9flexion et la mise en commun de connaissances. L'influence de son r\u00e9seau international s'exprime \u00e0 l'\u00e9chelle globale et locale et accorde une attention particuli\u00e8re \u00e0 l'int\u00e9gration et aux sp\u00e9cificit\u00e9s.<\/p>\r\n<p>La c\u00e9ramique est un mat\u00e9riau et un m\u00e9dium aux multiples champs d\u2019application : art, design, architecture et recherche en sciences appliqu\u00e9es. L'AIC aspire \u00e0 valoriser toutes ces composantes en stricte collaboration avec les artistes, acteurs et institutions \u00e9voluant dans le monde contemporain.<\/p>\r\n<p>Ces nombreux objectifs peuvent se r\u00e9aliser seulement avec votre soutien. Merci.<\/p>\r\n<\/td>\r\n<\/tr>\r\n<tr>\r\n<td style=\"width: 49.4681%;\">\r\n<div class=\"mceTemp\">\u00a0<\/div>\r\n<\/td>\r\n<td style=\"width: 49.2908%;\">\u00a0<\/td>\r\n<\/tr>\r\n<tr>\r\n<td style=\"width: 49.4681%;\">\r\n<p>UN IMMENSE MERCI !<\/p>\r\n<p>Nous remercions de tout c\u0153ur nos membres, nos donateurs et donatrices pour leur pr\u00e9cieux soutien et leur engagement ind\u00e9fectible.\u00a0<\/p>\r\n<\/td>\r\n<td style=\"width: 49.2908%;\">\r\n<p><span style=\"text-decoration: underline;\">2025<\/span><\/p>\r\n<p>Erna Aaltonen, Jenny Beavan, Ester Beck, Trudy Chiddix, Yoshimi Futamura, Gudrun Klix, James Lawton, Claudia von Boch, Fabienne Withofs.<\/p>\r\n<p><span style=\"text-decoration: underline;\">2024<\/span><\/p>\r\n<p>Jenny Beavan, Ester Beck, Steven Branfman, Sonia Cespedes Rossel, Wayne Higby, Pim Sudhikam, Vilma Villaverde, Claudia von Boch.<\/p>\r\n<p><span style=\"text-decoration: underline;\">2023<\/span><\/p>\r\n<p>Erna Aaltonen, Rod Bamford, Ester Beck, Curtis Benzle, Sharbani Das Gupta, Jacques Kaufmann, T\u00f8rbj\u00f8rn Kvasb\u00f8, James Lawton, Linda Lighton Adkins, Enrique Mestre-Estelles, Paula Murray, Isabelle Naef Galuba, Richard Rogers, Evelyne Schoenmann<\/p>\r\n<p><span style=\"text-decoration: underline;\">2022<\/span><\/p>\r\n<p>Victor Anicet, Doris Becker, Anna Calluori Holcombe, Oriol Calvo Verg\u00e9s, Aileen Casta\u00f1eda, Monique Crick, Yuxiang DAI, Greg Daly, Diana Davila, Redo del Olmo, Galina Dulkina, Elizabeth Dychter, Simone Fraser, Lynn Frydman Kuhn, Yoshimi Futamura, C\u00e9cile Grandgirard, Toni Hambleton, Robert Harrison, Wayne Higby, Bill Hunt, Agn\u00e8s Husz, Sung Jae Choi, Lee Jong Min, Jonathan Kaplan, Jacques Kaufmann, Yoojoo Kim, Gudrun Klix, Gabriele Koch, Phyllis Kudder Sullivan, Torbj\u00f8rn Kvasb\u00f8, St\u00e9phanie Le Follic-Hadida, Martin McWilliam, Ray Meeker, Lee Middleman, Paula Murray, Isabelle Naef Galuba, Ivonne Pratts, Richard Rogers, Evelyne Schoenmann, Anne Claire Schumacher, Judith Schwartz, Anja Seiler, \u00d6m\u00fcr Tokg\u00f6z, Ann van Hoey, Monique Wuarin, Guangzhen ZHOU, La Meridiana International School of Ceramics et Spanish Association of Cities of Ceramics.<\/p>\r\n<p><span style=\"text-decoration: underline;\">2021<\/span><\/p>\r\n<p>Erna Aaltonen, Victor Anicet, Anna Calluori Holcombe, Hyeyoung Cho, Fabien Clerc, Lynn Frydman Kuhn, Wayne Higby, James Lawton, Michael Moore, Isabelle Naef Galuba, Evelyne Schoenman, Anne Claire Schumacher, Judith Schwartz, Ann van Hoey, Prue Venables, Lise Zambelli.<\/p>\r\n<p><span style=\"text-decoration: underline;\">2020<\/span><\/p>\r\n<p>Erna Aaltonen, Victor Anicet, Ester Beck, Anna Calluori Holcombe, Diana D\u00e1vila, Shabanali Ghorbani, Lynn Frydman Kuhn, Jonathan Kaplan, Torbj\u00f8rn Kvasb\u00f8, Elisabeth Langsch Wasserfallen, Wan Liya, Isabelle Naef Galuba, Piotr Nowak, Richard Rogers, Evelyne Schoenmann, Emili Sempere, Xiaoming SHI, Linda Sikora, Penny Smith, Ann Van Hoey, Monique Wuarin, Lise Zambelli<\/p>\r\n<p><span style=\"text-decoration: underline;\"><br \/>2019<\/span><\/p>\r\n<p>Erna Aaltonen, Curtis Benzle, Anna Calluori Holcombe, Lynn Frydman Kuhn, M\u00fcller. - b -, Isabelle Naef-Galuba, Martha Eugenia Pachon Rogriguez, Richard Rogers, Linda Sikora, Susanne Stephenson, Merc\u00e8 Tiana, Estefania Valls Urquijo<\/p>\r\n<p><span style=\"text-decoration: underline;\">2018<\/span><\/p>\r\n<p>Victor Anicet, Ester Beck, Margareta Daepp, Zhou Guangzhen, Jacques Kaufmann, Lynn Frydman Kuhn, Isabelle Naef Galuba, Suku Park, The Pottery Workshop Jingdezhen, Richard Rogers, Judith Schwartz, Merc\u00e8 Tiana, Ann Van Hoey\u00a0<\/p>\r\n<p><span style=\"text-decoration: underline;\">2016 - 2017<\/span><\/p>\r\n<p>Victor Anicet, Ester Beck, Les Blakebrough,\u00a0Viorica Bocioc, Joe Bova, Anna Calluori Holcombe, Janet DeBoos, Martha Drexler Lynn, Heinz Gerber-Mauer, Toni Hambleton, Wayne Higby, Jonathan Kaplan, Jacques Kaufmann, Bin Lu, Martin McWilliam, Ann Mortimer, Isabelle Naef Galuba, Martha Eugenia Pachon Rogriguez,, Suku Park, Richard Rogers, Judith Schwartz, Mitsuo Shoji, Susanne Stephenson, Merc\u00e8 Tiana, Wu Xiangdong,\u00a0Zheng Zhi, Dingfang Zhou et Guangzhen Zhou.<br \/><br \/><\/p>\r\n<p><span style=\"text-decoration: underline;\">2015<\/span><\/p>\r\n<p>YongKang Yao, Isabel Barbaformosa, Wayne Higby, Guangzhen Zhou, Suku Park, Les Blakebrough, Heinz Gerber-Mauer, Jacques Kaufmann, Toni Hambleton, Elisabeth Langsch Wasserfallen, Ester Beck, Martha Eugenia Pachon Rogriguez, Isabelle Naef Galuba, Victor Anicet, Katherine L. Ross, Ann Mortimer, Susanne Stephenson et Judith Schwartz.<\/p>\r\n<\/td>\r\n<\/tr>\r\n<\/tbody>\r\n<\/table>\r\n<p><span class=\"caption\">\u200b<\/span><\/p>","_fr_post_name":"donation","_fr_post_excerpt":"L'Acad\u00e9mie s'engage \u00e0 r\u00e9aliser des projets d'envergure, afin de promouvoir la culture c\u00e9ramique ainsi que le d\u00e9bat, l\u2019\u00e9change, la r\u00e9flexion et la mise en commun de connaissances. ","_fr_post_title":"Fonds et donations","_en_post_content":"<table style=\"width: 91.0323%;\">\r\n<tbody>\r\n<tr>\r\n<td style=\"width: 49.2908%;\">\r\n[caption id=\"attachment_17269\" align=\"alignnone\" width=\"717\"]<img class=\"wp-image-17269 size-full\" src=\"https:\/\/www.aic-iac.org\/wp-content\/uploads\/10582803_710222242359271_4286998059353967746_o.jpg\" alt=\"10582803_710222242359271_4286998059353967746_o\" width=\"717\" height=\"960\" \/> Gundi Dietz[\/caption]\r\n<\/td>\r\n<td style=\"width: 49.6454%;\">\r\n<p class=\"p1\">The Academy is committed to achieving large scale\u00a0 projects that promote ceramic culture and debate, exchange, reflection and the sharing of knowledge. Influences from its international networks are expressed at global, regional and local levels with attention to particularities of integration and specifics of context.<\/p>\r\n<p class=\"p1\">Ceramic is a material and medium with multiple fields of application: art, design, architecture and\u00a0 applied scientific research. The IAC aims to promote all these components in collaboration with artists, practitioners, and institutions that currently operate internationally.<\/p>\r\n<p class=\"p1\">These multiple objectives can only be achieved with your support. Thank you.<\/p>\r\n<\/td>\r\n<\/tr>\r\n<tr>\r\n<td style=\"width: 49.2908%;\">\u00a0<\/td>\r\n<td style=\"width: 49.6454%;\">\u00a0<\/td>\r\n<\/tr>\r\n<tr>\r\n<td style=\"width: 49.2908%;\">\r\n<p>ACKNOWLEDGEMENTS<\/p>\r\n<p>This is a heartfelt thank-you note that the IAC extends to donors for their precious support and steadfast commitment.\u00a0<\/p>\r\n<\/td>\r\n<td style=\"width: 49.6454%;\">\r\n<p><span style=\"text-decoration: underline;\">2025<\/span><\/p>\r\n<p>Erna Aaltonen, Jenny Beavan, Ester Beck, Trudy Chiddix, Yoshimi Futamura, Gudrun Klix, James Lawton, Claudia von Boch, Fabienne Withofs.<\/p>\r\n<p><span style=\"text-decoration: underline;\">2024<\/span><\/p>\r\n<p>Jenny Beavan, Ester Beck, Steven Branfman, Sonia Cespedes Rossel, Wayne Higby, Pim Sudhikam, Vilma Villaverde, Claudia von Boch.<\/p>\r\n<p><span style=\"text-decoration: underline;\">2023<\/span><\/p>\r\n<p>Erna Aaltonen, Rod Bamford, Ester Beck, Curtis Benzle, Sharbani Das Gupta, Jacques Kaufmann, T\u00f8rbj\u00f8rn Kvasb\u00f8, James Lawton, Linda Lighton Adkins, Enrique Mestre-Estelles, Paula Murray, Isabelle Naef Galuba, Richard Rogers, Evelyne Schoenmann<\/p>\r\n<p><span style=\"text-decoration: underline;\">2022<\/span><\/p>\r\n<p>Victor Anicet, Doris Becker, Anna Calluori Holcombe, Oriol Calvo Verg\u00e9s, Aileen Casta\u00f1eda, Monique Crick, Yuxiang DAI, Greg Daly, Diana Davila, Redo del Olmo, Galina Dulkina, Elizabeth Dychter, Simone Fraser, Lynn Frydman Kuhn, Yoshimi Futamura, C\u00e9cile Grandgirard, Toni Hambleton, Robert Harrison, Wayne Higby, Bill Hunt, Agn\u00e8s Husz, Sung Jae Choi, Lee Jong Min, Jonathan Kaplan, Jacques Kaufmann, Yoojoo Kim, Gudrun Klix, Gabriele Koch, Phyllis Kudder Sullivan, Torbj\u00f8rn Kvasb\u00f8, St\u00e9phanie Le Follic-Hadida, Martin McWilliam, Ray Meeker, Lee Middleman, Paula Murray, Isabelle Naef Galuba, Ivonne Pratts, Richard Rogers, Evelyne Schoenmann, Anne Claire Schumacher, Judith Schwartz, Anja Seiler, \u00d6m\u00fcr Tokg\u00f6z, Ann van Hoey, Monique Wuarin, Guangzhen ZHOU, La Meridiana International School of Ceramics et Spanish Association of Cities of Ceramics.<\/p>\r\n<p><span style=\"text-decoration: underline;\">2021<\/span><\/p>\r\n<p>Erna Aaltonen, Victor Anicet, Anna Calluori Holcombe, Hyeyoung Cho, Fabien Clerc, Lynn Frydman Kuhn, Wayne Higby, James Lawton, Michael Moore, Isabelle Naef Galuba, Evelyne Schoenman, Anne Claire Schumacher, Judith Schwartz, Ann van Hoey, Prue Venables, Lise Zambelli.<\/p>\r\n<p><span style=\"text-decoration: underline;\">2020<\/span><\/p>\r\n<p>Erna Aaltonen, Victor Anicet, Ester Beck, Anna Calluori Holcombe, Diana D\u00e1vila, Shabanali Ghorbani, Lynn Frydman Kuhn, Jonathan Kaplan, Torbj\u00f8rn Kvasb\u00f8, Elisabeth Langsch Wasserfallen, Wan Liya, Isabelle Naef Galuba, Piotr Nowak, Richard Rogers, Evelyne Schoenmann, Emili Sempere, Xiaoming SHI, Linda Sikora, Penny Smith, Ann Van Hoey, Monique Wuarin, Lise Zambelli<\/p>\r\n<p><span style=\"text-decoration: underline;\">2019<\/span><\/p>\r\n<p>Erna Aaltonen, Curtis Benzle, Anna Calluori Holcombe, Lynn Frydman Kuhn, M\u00fcller. - b -, Isabelle Naef-Galuba, Martha Eugenia Pachon Rogriguez, Richard Rogers, Linda Sikora, Susanne Stephenson, Merc\u00e8 Tiana, Estefania Valls Urquijo<\/p>\r\n<p><span style=\"text-decoration: underline;\">2018<\/span><\/p>\r\n<p>Victor Anicet, Ester Beck, Margareta Daepp, Zhou Guangzhen, Jacques Kaufmann, Lynn Frydman Kuhn, Isabelle Naef Galuba, Suku Park, The Pottery Workshop Jingdezhen, Richard Rogers, Judith Schwartz, Merc\u00e8 Tiana, Ann Van Hoey\u00a0<\/p>\r\n<p><span style=\"text-decoration: underline;\">2016 - 2017<\/span><\/p>\r\n<p>Victor Anicet, Ester Beck, Les Blakebrough,\u00a0Viorica Bocioc, Joe Bova, Anna Calluori Holcombe, Janet DeBoos, Martha Drexler Lynn, Heinz Gerber-Mauer, Toni Hambleton, Wayne Higby, Jonathan Kaplan, Jacques Kaufmann, Bin Lu, Martin McWilliam, Ann Mortimer, Isabelle Naef Galuba, Martha Eugenia Pachon Rogriguez,, Suku Park, Richard Rogers, Judith Schwartz, Mitsuo Shoji, Susanne Stephenson, Merc\u00e8 Tiana, Wu Xiangdong,\u00a0Zheng Zhi, Dingfang Zhou and Guangzhen Zhou.<\/p>\r\n<p><span style=\"text-decoration: underline;\">2015<\/span><\/p>\r\n<p>YongKang Yao, Isabel Barbaformosa, Wayne Higby, Guangzhen Zhou, Suku Park, Les Blakebrough, Heinz Gerber-Mauer, Jacques Kaufmann, Toni Hambleton, Elisabeth Langsch Wasserfallen, Ester Beck, Martha Eugenia Pachon Rogriguez, Isabelle Naef Galuba, Victor Anicet, Katherine L. Ross, Ann Mortimer, Susanne Stephenson and Judith Schwartz.<\/p>\r\n<\/td>\r\n<\/tr>\r\n<\/tbody>\r\n<\/table>\r\n<p><span class=\"caption\">\u200b<\/span><\/p>","_en_post_name":"donation","_en_post_excerpt":"The Academy is committed to achieving large scale  projects that promote ceramic culture and debate, exchange, reflection and the sharing of knowledge. ","_en_post_title":"Funds and Donations","_ja_post_content":"","_ja_post_name":"","_ja_post_excerpt":"","_ja_post_title":"","_zh_post_content":"","_zh_post_name":"","_zh_post_excerpt":"","_zh_post_title":"","_es_post_content":"","_es_post_name":"","_es_post_excerpt":"","_es_post_title":"","edit_language":"es"},"class_list":["post-9932","page","type-page","status-publish","has-post-thumbnail","hentry"],"_links":{"self":[{"href":"https:\/\/www.aic-iac.org\/es\/wp-json\/wp\/v2\/pages\/9932","targetHints":{"allow":["GET"]}}],"collection":[{"href":"https:\/\/www.aic-iac.org\/es\/wp-json\/wp\/v2\/pages"}],"about":[{"href":"https:\/\/www.aic-iac.org\/es\/wp-json\/wp\/v2\/types\/page"}],"author":[{"embeddable":true,"href":"https:\/\/www.aic-iac.org\/es\/wp-json\/wp\/v2\/users\/4"}],"replies":[{"embeddable":true,"href":"https:\/\/www.aic-iac.org\/es\/wp-json\/wp\/v2\/comments?post=9932"}],"version-history":[{"count":79,"href":"https:\/\/www.aic-iac.org\/es\/wp-json\/wp\/v2\/pages\/9932\/revisions"}],"predecessor-version":[{"id":85111,"href":"https:\/\/www.aic-iac.org\/es\/wp-json\/wp\/v2\/pages\/9932\/revisions\/85111"}],"up":[{"embeddable":true,"href":"https:\/\/www.aic-iac.org\/es\/wp-json\/wp\/v2\/pages\/17368"}],"wp:featuredmedia":[{"embeddable":true,"href":"https:\/\/www.aic-iac.org\/es\/wp-json\/wp\/v2\/media\/17269"}],"wp:attachment":[{"href":"https:\/\/www.aic-iac.org\/es\/wp-json\/wp\/v2\/media?parent=9932"}],"curies":[{"name":"wp","href":"https:\/\/api.w.org\/{rel}","templated":true}]}}