{"id":10276,"date":"2015-01-14T18:53:52","date_gmt":"2015-01-14T18:53:52","guid":{"rendered":"http:\/\/www.aic-iac.org\/?page_id=10276"},"modified":"2025-09-30T11:29:41","modified_gmt":"2025-09-30T11:29:41","slug":"","status":"publish","type":"page","link":"https:\/\/www.aic-iac.org\/ja\/activite\/cycles-de-conferences-iac-day\/","title":{"rendered":"","raw":""},"content":{"rendered":"","protected":false,"raw":""},"excerpt":{"rendered":"","protected":false,"raw":""},"author":4,"featured_media":10393,"parent":17378,"menu_order":13,"comment_status":"closed","ping_status":"closed","template":"","meta":{"_fr_post_content":"<table style=\"width: 607px;\">\r\n<tbody>\r\n<tr>\r\n<td style=\"width: 598px;\" colspan=\"2\">\r\n[caption id=\"attachment_10393\" align=\"alignnone\" width=\"967\"]<img class=\"wp-image-10393 size-full\" src=\"https:\/\/www.aic-iac.org\/wp-content\/uploads\/MuseeAriana.jpg\" alt=\"Mus\u00e9e de l'Ariana (Gen\u00e8ve, Suisse)\" width=\"967\" height=\"640\" \/> Mus\u00e9e Ariana, Gen\u00e8ve[\/caption]\r\n<\/td>\r\n<\/tr>\r\n<tr>\r\n<td style=\"width: 296px;\">\r\n<p>Depuis 2009, dans le but d\u2019afficher les liens \u00e9troits entre le Mus\u00e9e Ariana et l\u2019Acad\u00e9mie, des rencontres biennales 'IAC Day' avec les membres du Conseil sont organis\u00e9es au Mus\u00e9e.<\/p>\r\n<p>Ces cycles de conf\u00e9rences, enrichis de discussions et de d\u00e9bats autour du m\u00e9dium c\u00e9ramique, r\u00e9unissent des experts internationaux et un public de passionn\u00e9s.\u00a0<br \/><br \/><\/p>\r\n<\/td>\r\n<td style=\"width: 296px;\">\r\n<p><span style=\"text-decoration: underline;\">2025 - 7e IAC\u00a0 Day<\/span><\/p>\r\n<p>Mercredi 24 septembre 2025, 18h - 20h<br \/><span style=\"text-decoration: underline;\"><a href=\"https:\/\/www.aic-iac.org\/activite\/iac-day-2025\/\">&gt;&gt; D\u00e9tails ici<\/a><\/span><\/p>\r\n<p>Projection du documentaire \"<em>Heureux qui comme Toun\u00e8s<\/em>\"\u00a0de Delphine Champy, qui retrace l\u2019histoire d\u2019un village de potiers en \u00c9gypte, o\u00f9 la tradition c\u00e9ramique devient un moteur d\u2019\u00e9mancipation et de r\u00e9silience.<\/p>\r\n<p><span style=\"text-decoration: underline;\">2019 - 6e IAC Day\u00a0<\/span><\/p>\r\n<p>jeudi 3 octobre 2019, 19h - 21h<br \/><a href=\"https:\/\/www.aic-iac.org\/accueil\/activite\/6e-iac-day\/\"><span style=\"text-decoration: underline;\">&gt;&gt; Davantage d'informations<\/span><\/a><\/p>\r\n<p>La r\u00e9alisatrice et c\u00e9ramiste Hongyu Tan (Chine) pr\u00e9sentera son documentaire <a href=\"https:\/\/www.parcoursceramiquecarougeois.ch\/gold-bricks\/\">\"<span style=\"text-decoration: underline;\">Gold Bricks<\/span>\"<\/a>, en pr\u00e9sence de Jacques Kaufmann (France), dont l'exposition <a href=\"http:\/\/institutions.ville-geneve.ch\/fr\/ariana\/visiter\/expositions\/en-cours\/mur-murs\/\">\"<span style=\"text-decoration: underline;\">MUR \/ murs<\/span>\"<\/a> comprend quatre briques d'or de Lumu.<\/p>\r\n<p><span style=\"text-decoration: underline;\">2017 - 5e IAC Day<\/span><br \/>jeudi 21 septembre 2017<br \/><a href=\"https:\/\/www.aic-iac.org\/accueil\/activite\/5e-iac-day\/\"><span style=\"font-family: inherit;\"><span style=\"text-decoration: underline;\">&gt;&gt; Lire les conf\u00e9rences<\/span><\/span><\/a><\/p>\r\n<ul>\r\n<li>Janet DeBoos (Australie)<br \/>\"Gained in Translation: Contemporary Indigenous Ceramics in Australasia\"<\/li>\r\n<li><span style=\"font-family: inherit;\">Wayne Higby (\u00c9tats-Unis)<br \/><\/span><span style=\"font-family: inherit;\">\"The Alfred Ceramic Art Museum: North America's Treasure House of Ceramic Art\"<\/span><\/li>\r\n<\/ul>\r\n<p><span style=\"text-decoration: underline;\">2015 - 4e IAC Day<\/span><\/p>\r\n<ul>\r\n<li>St\u00e9phanie Le Follic-Hadida (France)<br \/>\"L'AIC au sein de l'UNESCO: historique et perspectives\"<\/li>\r\n<li>Zhou Guangzhen (Chine) \u00a0<br \/>\"Flying between East and West\"<\/li>\r\n<\/ul>\r\n<\/td>\r\n<\/tr>\r\n<tr>\r\n<td style=\"width: 296px;\">\u00a0<\/td>\r\n<td style=\"width: 296px;\">\r\n<p><span style=\"text-decoration: underline;\">2013 - 3e IAC DAY<\/span><\/p>\r\n<ul>\r\n<li>Isabelle Naef Galuba\u2028 (Suisse)<br \/>\"Acqu\u00e9rir, \u00e9tudier, et exposer la c\u00e9ramique contemporaine: 130 ans d\u2019histoire au Mus\u00e9e Ariana\"<\/li>\r\n<li>Judith Schwartz\u2028 (\u00c9tats-Unis)<br \/>\"InCiteful Clay: The artist provocateur\"<\/li>\r\n<\/ul>\r\n<p><span style=\"text-decoration: underline;\">2011 - 2e IAC DAY<\/span><\/p>\r\n<ul>\r\n<li>Marianne Heller\u2028 (Allemagne)<br \/>\"Galleries and their significance\"<\/li>\r\n<li>Torbj\u00f8rn Kvasb\u00f8\u2028 (Norv\u00e8ge)<br \/>\"Between clay and mind\"<\/li>\r\n<\/ul>\r\n<p><span style=\"text-decoration: underline;\">2009 - 1e IAC DAY<\/span><\/p>\r\n<ul>\r\n<li>Gustavo Perez\u2028 (Mexique)<br \/>\"Latin America - so far, so close\"<\/li>\r\n<\/ul>\r\n<\/td>\r\n<\/tr>\r\n<\/tbody>\r\n<\/table>\r\n<p><strong>\u00a0<\/strong><\/p>\r\n<p>&nbsp;<\/p>\r\n<p>&nbsp;<\/p>","_fr_post_name":"cycles-de-conferences-iac-day","_fr_post_excerpt":"Depuis 2009, l'Acad\u00e9mie organise au mus\u00e9e Ariana des cycles de conf\u00e9rence IAC DAY.","_fr_post_title":"Cycles de conf\u00e9rences 'IAC Day'","_en_post_content":"<table style=\"width: 616px;\">\r\n<tbody>\r\n<tr>\r\n<td style=\"width: 606px;\" colspan=\"2\">\r\n[caption id=\"attachment_10393\" align=\"alignnone\" width=\"967\"]<img class=\"wp-image-10393 size-full\" src=\"https:\/\/www.aic-iac.org\/wp-content\/uploads\/MuseeAriana.jpg\" alt=\"Mus\u00e9e de l'Ariana (Gen\u00e8ve, Suisse)\" width=\"967\" height=\"640\" \/> Ariana Museum, Geneva[\/caption]\r\n<\/td>\r\n<\/tr>\r\n<tr>\r\n<td style=\"width: 300px;\">\r\n<p>Since 2009, in order to demonstrate the close relationship between the Ariana Museum and the Academy, the IAC DAY, a biennial event, is held at the museum with Council members.<br \/><br \/>A series of lectures, enhanced by discussions and debates\u00a0on\u00a0ceramics, bring together international experts and an audience of enthusiasts.<\/p>\r\n<\/td>\r\n<td style=\"width: 300px;\">\r\n<p><span style=\"text-decoration: underline;\">2025 - 7th IAC\u00a0 Day<\/span><\/p>\r\n<p>Wednesday 24 September 2025, 6pm - 8pm<br \/>&gt;&gt; <span style=\"text-decoration: underline;\"><a href=\"https:\/\/www.aic-iac.org\/en\/activite\/iac-day-2025\/\">Details here<\/a><\/span><\/p>\r\n<p>Screening of the documentary \"<em>Heureux qui comme Toun\u00e8s<\/em>\" by Delphine Champy, tracing the story of a potters\u2019 village in Egypt, where ceramic tradition becomes a source of empowerment and resilience.<\/p>\r\n<p><span style=\"text-decoration: underline;\">2019 - 6th IAC DAY\u00a0<\/span><\/p>\r\n<p>Thursday 3rd October 2019, 7pm - 9pm<br \/><a href=\"https:\/\/www.aic-iac.org\/en\/accueil\/activite\/6e-iac-day\/\">&gt;&gt; <span style=\"text-decoration: underline;\">Further information<\/span><\/a><\/p>\r\n<p>Filmmaker and ceramic artist Hongyu Tan (China) will present her documentary <a href=\"https:\/\/www.parcoursceramiquecarougeois.ch\/en\/gold-bricks-1\/\">\"Gold Bricks\"<\/a>,\u00a0in the presence of Jacques Kaufmann (France), whose exhibition <a href=\"http:\/\/institutions.ville-geneve.ch\/en\/ariana\/visit\/exhibitions\/current\/mur-murs\/\">\"MUR\/murs\"<\/a> includes four Lumu gold bricks.\u00a0<\/p>\r\n<p><span style=\"text-decoration: underline;\">2017 - 5th IAC DAY\u00a0<\/span><\/p>\r\n<p>Thursday 21st September 2017<br \/><a href=\"https:\/\/www.aic-iac.org\/en\/accueil\/activite\/5e-iac-day\/\">&gt;&gt; <span style=\"text-decoration: underline;\">Read the lectures<\/span><\/a><\/p>\r\n<ul>\r\n<li>Janet DeBoos (Australia)<br \/>\"Gained in Translation: Contemporary Indigenous Ceramics in Australasia\"<\/li>\r\n<li>Wayne Higby (United States)<br \/>\"The Alfred Ceramic Art Museum: North America's Treasure House of Ceramic Art\"<\/li>\r\n<\/ul>\r\n<p><span style=\"text-decoration: underline;\">2015 - 4th IAC DAY<\/span><\/p>\r\n<ul>\r\n<li>St\u00e9phanie Le Follic-Hadida (France)<br \/>\"L'AIC au sein de l'UNESCO: historique et perspectives\"<\/li>\r\n<li>Guangzhen Zhou (China)<br \/>\"Flying between East and West\"<span style=\"text-decoration: underline;\"><br \/><\/span><\/li>\r\n<\/ul>\r\n<p><span style=\"text-decoration: underline;\">2013 - 3rd IAC DAY<\/span><\/p>\r\n<ul>\r\n<li>Isabelle Naef Galuba (Switzerland)<br \/>\"Acqu\u00e9rir, \u00e9tudier, exposer la c\u00e9ramique contemporaine: 130 ans d\u2019histoire au Mus\u00e9e Ariana\"<\/li>\r\n<li>Judith Schwartz (United States)<br \/>\"InCiteful Clay: The artist provocateur\"<\/li>\r\n<\/ul>\r\n<p><span style=\"text-decoration: underline;\">2011 - 2nd IAC DAY<\/span><\/p>\r\n<ul>\r\n<li>Marianne Heller (Germany)<br \/>\"Galleries and their significance\"<\/li>\r\n<li>Torbj\u00f8rn Kvasb\u00f8 (Norway)<br \/>\"Between clay and mind\"<\/li>\r\n<\/ul>\r\n<p><span style=\"text-decoration: underline;\">2009 - 1st IAC DAY<\/span><\/p>\r\n<ul>\r\n<li>Gustavo Perez (Mexico)<br \/>\"Latin America - so far, so close\"<\/li>\r\n<\/ul>\r\n<\/td>\r\n<\/tr>\r\n<tr>\r\n<td style=\"width: 300px;\">\r\n<p>&nbsp;<\/p>\r\n<p>&nbsp;<\/p>\r\n<\/td>\r\n<td style=\"width: 300px;\">\u00a0<\/td>\r\n<\/tr>\r\n<\/tbody>\r\n<\/table>\r\n<p>&nbsp;<\/p>","_en_post_name":"cycles-de-conferences-iac-day","_en_post_excerpt":"Since 2009, the biennial 'IAC DAY' is held at the museum with Council members.","_en_post_title":"IAC DAY Lectures","_ja_post_content":"","_ja_post_name":"","_ja_post_excerpt":"","_ja_post_title":"","_zh_post_content":"<table style=\"width: 607px; height: 1078px;\">\r\n<tbody>\r\n<tr style=\"height: 440px;\">\r\n<td style=\"width: 597px; height: 440px;\" colspan=\"2\">\r\n[caption id=\"attachment_10393\" align=\"alignnone\" width=\"967\"]<img class=\"wp-image-10393 size-full\" src=\"https:\/\/www.aic-iac.org\/wp-content\/uploads\/MuseeAriana.jpg\" alt=\"Mus\u00e9e de l'Ariana (Gen\u00e8ve, Suisse)\" width=\"967\" height=\"640\" \/> \u65e5\u5185\u74e6\u963f\u4e3d\u4e9a\u5a1c\u535a\u7269\u9986[\/caption]\r\n<\/td>\r\n<\/tr>\r\n<tr style=\"height: 281px;\">\r\n<td style=\"width: 295.5px; height: 281px;\">\r\n<p>\u81ea2009\u5e74\u4ee5\u6765\uff0c\u4e3a\u4e86\u5c55\u793a\u963f\u4e3d\u4e9a\u5a1c\u535a\u7269\u9986\u4e0e\u5b66\u9662\u4e4b\u95f4\u7684\u5bc6\u5207\u5173\u7cfb\uff0cIAC\u65e5\uff08\u6bcf\u4e24\u5e74\u4e00\u6b21\uff09\u5728\u535a\u7269\u9986\u4e0e\u7406\u4e8b\u4f1a\u6210\u5458\u4e3e\u884c\u3002<\/p>\r\n<p>\u8fd9\u4e9b\u7cfb\u5217\u8bb2\u5ea7\u901a\u8fc7\u8ba8\u8bba\u548c\u8fa9\u8bba\u589e\u5f3a\u4e86\u5bf9\u9676\u74f7\u7684\u8ba4\u8bc6\uff0c\u6c47\u96c6\u4e86\u56fd\u9645\u4e13\u5bb6\u548c\u7231\u597d\u8005\u3002<br \/><br \/><br \/><\/p>\r\n<\/td>\r\n<td style=\"width: 295.5px; height: 281px;\"><span style=\"text-decoration: underline;\">2017 - IAC\u00a0\u7b2c\u00a05\u00a0\u5c4a<\/span><span class=\"caption\"><br \/><\/span>2017\u5e749\u670821\u65e5\u661f\u671f\u56db\r\n<p>Janet DeBoos (\u6fb3\u5927\u5229\u4e9a)<br \/>\u201c\u7ffb\u8bd1\u4e2d\u83b7\u5f97\uff1a\u6fb3\u5927\u5229\u4e9a\u5f53\u4ee3\u672c\u571f\u9676\u74f7\u201d<\/p>\r\n<p><span style=\"font-family: inherit;\">Wayne Higby (\u7f8e\u56fd)<br \/><\/span><span style=\"font-family: inherit;\">\"\u963f\u5c14\u5f17\u96f7\u5fb7\u9676\u74f7\u827a\u672f\u535a\u7269\u9986\uff1a\u5317\u7f8e\u9676\u74f7\u827a\u672f\u5b9d\u5e93\"<\/span><\/p>\r\n<p><span style=\"text-decoration: underline;\">2015 - IAC\u00a0\u7b2c\u00a04\u00a0\u5c4a<\/span><br \/>St\u00e9phanie Le Follic-Hadida<br \/>\"\u6559\u79d1\u6587\u7ec4\u7ec7\u7684\u5386\u53f2\u4e0e\u5c55\u671b\"<br \/>\u5468\u5149\u771f \u00a0<br \/>\"\u5f80\u8fd4\u4e8e\u4e1c\u897f\u65b9\u4e4b\u95f4\"<\/p>\r\n<\/td>\r\n<\/tr>\r\n<tr style=\"height: 357px;\">\r\n<td style=\"width: 295.5px; height: 357px;\">\u00a0<\/td>\r\n<td style=\"width: 295.5px; height: 357px;\">\r\n<p><span style=\"text-decoration: underline;\">2013 - IAC\u00a0\u7b2c\u00a03\u00a0\u5c4a<br \/><\/span>Isabelle Naef Galuba\u2028 <br \/>\"Acqu\u00e9rir, \u00e9tudier, exposer la c\u00e9ramique contemporaine: 130 ans d\u2019histoire au Mus\u00e9e Ariana\"<br \/>Judith Schwartz\u2028 <br \/>\"\u5730\u70b9\u3001\u8eab\u4efd\u548c\u7406\u5ff5\uff1a\u7f8e\u56fd\u9676\u74f7\u7684\u4e2a\u4eba\u89c6\u89d2\"<\/p>\r\n<p><span style=\"text-decoration: underline;\">2011 - IAC\u00a0\u7b2c\u00a02\u00a0\u5c4a<br \/><\/span>Marianne Heller\u2028 <br \/>\"\u753b\u5eca\u53ca\u5176\u91cd\u8981\u610f\u4e49\"<br \/>Torbj\u00f8rn Kvasb\u00f8\u2028 <br \/>\"\u5728\u7c98\u571f\u548c\u5fc3\u7075\u4e4b\u95f4\"<\/p>\r\n<p><span style=\"text-decoration: underline;\">2009 - IAC\u00a0\u7b2c 1 \u5c4a<\/span><br \/>Gustavo Perez\u2028 <br \/>\"\u5357\u7f8e\u00a0\u2014\u00a0\u8fc4\u4eca\u4e3a\u6b62\uff0c\u5982\u6b64\u63a5\u8fd1\"<\/p>\r\n<\/td>\r\n<\/tr>\r\n<\/tbody>\r\n<\/table>\r\n<p><strong>\u00a0<\/strong><\/p>\r\n<p>&nbsp;<\/p>\r\n<p>&nbsp;<\/p>","_zh_post_name":"cycles-de-conferences-iac-day","_zh_post_excerpt":"\u81ea2009\u5e74\u4ee5\u6765, IAC\u65e5\uff08\u6bcf\u4e24\u5e74\u4e00\u6b21\uff09\u5728\u535a\u7269\u9986\u4e0e\u7406\u4e8b\u4f1a\u6210\u5458\u4e3e\u884c\u3002","_zh_post_title":"IAC \u65e5 \u8bb2\u5ea7","_es_post_content":"<table style=\"width: 607px;\">\r\n<tbody>\r\n<tr>\r\n<td style=\"width: 597px;\" colspan=\"2\">\r\n[caption id=\"attachment_10393\" align=\"alignnone\" width=\"967\"]<img class=\"wp-image-10393 size-full\" src=\"https:\/\/www.aic-iac.org\/wp-content\/uploads\/MuseeAriana.jpg\" alt=\"Mus\u00e9e de l'Ariana (Gen\u00e8ve, Suisse)\" width=\"967\" height=\"640\" \/> Museo Ariana, Ginebra[\/caption]\r\n<\/td>\r\n<\/tr>\r\n<tr>\r\n<td style=\"width: 365.7092590332031px;\">\r\n<p>Desde 2009, para mostrar la estrecha relaci\u00f3n entre el Museo Ariana y la Academia, el IAC DAY, un evento bienal, se lleva un cabo en el museo con los miembros del Consejo.<\/p>\r\n<p>Estas series de conferencias, enriquecidas por discusiones y debates sobre cer\u00e1mica, re\u00fanen a expertos internacionales y una audiencia de entusiastas.<br \/><br \/><\/p>\r\n<\/td>\r\n<td style=\"width: 231.29074096679688px;\"><span style=\"text-decoration: underline;\">2017 - 5\u00ba IAC DAY<\/span><br \/>\r\n<p>Jueves, 21 de septiembre de 2017<\/p>\r\n<span style=\"color: #000000;\">Janet DeBoos (Australia)<br \/>\u201cGanado en la traducci\u00f3n: cer\u00e1mica ind\u00edgena contempor\u00e1nea en Australia\u201d<\/span>\r\n<p><span style=\"font-family: inherit;\"><span style=\"color: #000000;\">Wayne Higby (Estados Unidos)<\/span><br \/><\/span><span style=\"font-family: inherit;\">\u201cEl Museo de Arte Cer\u00e1mico Alfred: La Casa del Tesoro de la Cer\u00e1mica de Am\u00e9rica del Norte\u201d<\/span><\/p>\r\n<p><span style=\"text-decoration: underline;\">2015 - 4\u00ba IAC DAY<\/span><br \/>St\u00e9phanie Le Follic-Hadida<br \/>\"La AIC en el seno de la UNESCO, historia y perspectivas\"<br \/>Zhou Guangzhen \u00a0<br \/>\u201cVolando entre el este y el oeste\u201d<\/p>\r\n<\/td>\r\n<\/tr>\r\n<tr>\r\n<td style=\"width: 365.7092590332031px;\">\u00a0<\/td>\r\n<td style=\"width: 231.29074096679688px;\">\r\n<p><span style=\"text-decoration: underline;\">2013 - 3\u00ba IAC DAY<br \/><\/span>Isabelle Naef Galuba\u2028 <br \/>\u201cAdquirir, estudiar, exponer la cer\u00e1mica contemporanea: 130 a\u00f1os de historia del Museo Ariana\u201d<br \/>Judith Schwartz\u2028 <br \/>\u201cLugar, identidad e idea: una perspectiva personal de las cer\u00e1micas estadounidenses\u201d<\/p>\r\n<p><span style=\"text-decoration: underline;\">2011 - 2\u00ba IAC DAY<br \/><\/span>Marianne Heller\u2028 <br \/>\u201cLas galer\u00edas y su significado\u201d<br \/>Torbj\u00f8rn Kvasb\u00f8<br \/>\u201cEntre la arcilla y la mente\u201d<\/p>\r\n<p><span style=\"text-decoration: underline;\">2009 - 1\u00ba IAC DAY<\/span><br \/>Gustavo Perez\u2028 <br \/>\"Am\u00e9rica del Sur - tan lejos, tan cerca\"<\/p>\r\n<\/td>\r\n<\/tr>\r\n<\/tbody>\r\n<\/table>\r\n<p><strong>\u00a0<\/strong><\/p>\r\n<p>&nbsp;<\/p>\r\n<p>&nbsp;<\/p>","_es_post_name":"conferencias-iac-day","_es_post_excerpt":"Desde 2009, la Academia organiza conferencias del IAC DAY en el Museo Ariana.","_es_post_title":"Conferencias de IAC DAY","edit_language":"ja"},"class_list":["post-10276","page","type-page","status-publish","has-post-thumbnail","hentry"],"_links":{"self":[{"href":"https:\/\/www.aic-iac.org\/ja\/wp-json\/wp\/v2\/pages\/10276","targetHints":{"allow":["GET"]}}],"collection":[{"href":"https:\/\/www.aic-iac.org\/ja\/wp-json\/wp\/v2\/pages"}],"about":[{"href":"https:\/\/www.aic-iac.org\/ja\/wp-json\/wp\/v2\/types\/page"}],"author":[{"embeddable":true,"href":"https:\/\/www.aic-iac.org\/ja\/wp-json\/wp\/v2\/users\/4"}],"replies":[{"embeddable":true,"href":"https:\/\/www.aic-iac.org\/ja\/wp-json\/wp\/v2\/comments?post=10276"}],"version-history":[{"count":135,"href":"https:\/\/www.aic-iac.org\/ja\/wp-json\/wp\/v2\/pages\/10276\/revisions"}],"predecessor-version":[{"id":85698,"href":"https:\/\/www.aic-iac.org\/ja\/wp-json\/wp\/v2\/pages\/10276\/revisions\/85698"}],"up":[{"embeddable":true,"href":"https:\/\/www.aic-iac.org\/ja\/wp-json\/wp\/v2\/pages\/17378"}],"wp:featuredmedia":[{"embeddable":true,"href":"https:\/\/www.aic-iac.org\/ja\/wp-json\/wp\/v2\/media\/10393"}],"wp:attachment":[{"href":"https:\/\/www.aic-iac.org\/ja\/wp-json\/wp\/v2\/media?parent=10276"}],"curies":[{"name":"wp","href":"https:\/\/api.w.org\/{rel}","templated":true}]}}