{"id":10773,"date":"2015-02-05T15:12:12","date_gmt":"2015-02-05T15:12:12","guid":{"rendered":"http:\/\/www.aic-iac.org\/?page_id=10773"},"modified":"2025-10-28T10:37:22","modified_gmt":"2025-10-28T10:37:22","slug":"membres-par-activite","status":"publish","type":"page","link":"https:\/\/www.aic-iac.org\/ja\/membres\/membres-par-activite\/","title":{"rendered":"","raw":""},"content":{"rendered":"","protected":false,"raw":""},"excerpt":{"rendered":"","protected":false,"raw":""},"author":1,"featured_media":17408,"parent":8,"menu_order":4,"comment_status":"closed","ping_status":"closed","template":"","meta":{"_fr_post_content":"<table style=\"height: 43px;\" width=\"472\">\r\n<tbody>\r\n<tr>\r\n<td><img class=\"alignnone wp-image-18009 size-medium\" src=\"https:\/\/www.aic-iac.org\/wp-content\/uploads\/Blank_Map_Pacific_Worlddark-300x209.jpg\" alt=\"Blank_Map_Pacific_Worlddark\" width=\"300\" height=\"209\" \/><\/td>\r\n<td>\r\n<p>La composition actuelle de l\u2019Acad\u00e9mie Internationale de la C\u00e9ramique est de plus de 1200 membres venant de 89 pays.<\/p>\r\n<p>Des informations officielles et artistiques sur chaque membre individuel ou institutionnel sont \u00e0 d\u00e9couvrir dans les pages personnelles ci-dessous.<\/p>\r\n<p>Les membres peuvent compl\u00e9ter leur page personnelle depuis l'espace membre.<\/p>\r\n<\/td>\r\n<\/tr>\r\n<\/tbody>\r\n<\/table>\r\n<p>[members_taxonomy sep=\"as,e\"]<\/p>","_fr_post_name":"membres-par-activite","_fr_post_excerpt":"Les membres peuvent compl\u00e9ter leur page personnelle \u00e0 partir de la section des membres.\u00a0","_fr_post_title":"Membres par activit\u00e9","_en_post_content":"<table style=\"height: 43px;\" width=\"472\">\r\n<tbody>\r\n<tr>\r\n<td><img class=\"alignnone wp-image-18009 size-medium\" src=\"https:\/\/www.aic-iac.org\/wp-content\/uploads\/Blank_Map_Pacific_Worlddark-300x209.jpg\" alt=\"Blank_Map_Pacific_Worlddark\" width=\"300\" height=\"209\" \/><\/td>\r\n<td>\r\n<p>Current membership consists of over 1200 members, representing 89 countries.<\/p>\r\n<p>Formal and artistic information about each individual or affiliate member can be consulted on the personal pages below.<br \/><br \/>Members can complete their respective personal pages in the private member area.<br \/><br \/><\/p>\r\n<\/td>\r\n<\/tr>\r\n<\/tbody>\r\n<\/table>\r\n<p>[members_taxonomy sep=\"as,e\"]<\/p>","_en_post_name":"members-per-activity","_en_post_excerpt":"Members can complete their respective personal pages in the private member area.\r\n","_en_post_title":"Members by activity","_ja_post_content":"","_ja_post_name":"membres-par-activite","_ja_post_excerpt":"","_ja_post_title":"","_zh_post_content":"<table style=\"height: 43px;\" width=\"472\">\r\n<tbody>\r\n<tr>\r\n<td><img class=\"alignnone wp-image-18009 size-medium\" src=\"https:\/\/www.aic-iac.org\/wp-content\/uploads\/Blank_Map_Pacific_Worlddark-300x209.jpg\" alt=\"Blank_Map_Pacific_Worlddark\" width=\"300\" height=\"209\" \/><\/td>\r\n<td>\r\n<p>\u76ee\u524dIAC\u7684\u6210\u5458\u5305\u62ec1200\u540d\u6210\u5458\uff0c\u4ee3\u8868\u6765\u81ea\u5404\u5927\u6d32\u768489\u4e2a\u56fd\u5bb6\u3002<br \/><br \/>\u5355\u51fb\u4e0b\u9762\u7684\u7070\u8272\u8d85\u94fe\u63a5\uff0c\u53ef\u4ee5\u67e5\u770b\u6709\u5173\u6bcf\u4e2a\u4f1a\u5458\u6216\u56e2\u4f53\u4f1a\u5458\u7684\u66f4\u591a\u4fe1\u606f\u3002<br \/><br \/>\u4f1a\u5458\u53ef\u4ee5\u5728\u5176\u4e2a\u4eba\u4f1a\u5458\u7f51\u9875\u4e0a\u521b\u5efa\u6216\u66f4\u65b0\u4e2a\u4eba\u9875\u9762\u3002<\/p>\r\n<p>&nbsp;<\/p>\r\n<\/td>\r\n<\/tr>\r\n<\/tbody>\r\n<\/table>\r\n<p>[members_taxonomy sep=\"as,e\"]<\/p>","_zh_post_name":"membres-par-activite","_zh_post_excerpt":"","_zh_post_title":"\u4f1a\u5458","_es_post_content":"<table style=\"height: 43px;\" width=\"472\">\r\n<tbody>\r\n<tr>\r\n<td><img class=\"alignnone wp-image-18009 size-medium\" src=\"https:\/\/www.aic-iac.org\/wp-content\/uploads\/Blank_Map_Pacific_Worlddark-300x209.jpg\" alt=\"Blank_Map_Pacific_Worlddark\" width=\"300\" height=\"209\" \/><\/td>\r\n<td>\r\n<p>La membres\u00eda actual de AIC consta de m\u00e1s de 1200 miembros, que representan 89 pa\u00edses.<br \/><br \/>Puede ver m\u00e1s informaci\u00f3n sobre cada miembro individual o institucional haciendo clic en los hiperv\u00ednculos de color gris a continuaci\u00f3n.<br \/><br \/>Los miembros pueden crear o actualizar sus p\u00e1ginas personales en sus cuentas de miembros privadas.<\/p>\r\n<p>&nbsp;<\/p>\r\n<\/td>\r\n<\/tr>\r\n<\/tbody>\r\n<\/table>\r\n<p>[members_taxonomy sep=\"as,e\"]<\/p>","_es_post_name":"miembros-por-actividad","_es_post_excerpt":"","_es_post_title":"Miembros por actividad","edit_language":"ja"},"class_list":["post-10773","page","type-page","status-publish","has-post-thumbnail","hentry"],"_links":{"self":[{"href":"https:\/\/www.aic-iac.org\/ja\/wp-json\/wp\/v2\/pages\/10773","targetHints":{"allow":["GET"]}}],"collection":[{"href":"https:\/\/www.aic-iac.org\/ja\/wp-json\/wp\/v2\/pages"}],"about":[{"href":"https:\/\/www.aic-iac.org\/ja\/wp-json\/wp\/v2\/types\/page"}],"author":[{"embeddable":true,"href":"https:\/\/www.aic-iac.org\/ja\/wp-json\/wp\/v2\/users\/1"}],"replies":[{"embeddable":true,"href":"https:\/\/www.aic-iac.org\/ja\/wp-json\/wp\/v2\/comments?post=10773"}],"version-history":[{"count":44,"href":"https:\/\/www.aic-iac.org\/ja\/wp-json\/wp\/v2\/pages\/10773\/revisions"}],"predecessor-version":[{"id":87034,"href":"https:\/\/www.aic-iac.org\/ja\/wp-json\/wp\/v2\/pages\/10773\/revisions\/87034"}],"up":[{"embeddable":true,"href":"https:\/\/www.aic-iac.org\/ja\/wp-json\/wp\/v2\/pages\/8"}],"wp:featuredmedia":[{"embeddable":true,"href":"https:\/\/www.aic-iac.org\/ja\/wp-json\/wp\/v2\/media\/17408"}],"wp:attachment":[{"href":"https:\/\/www.aic-iac.org\/ja\/wp-json\/wp\/v2\/media?parent=10773"}],"curies":[{"name":"wp","href":"https:\/\/api.w.org\/{rel}","templated":true}]}}