{"id":21964,"date":"2015-10-09T09:05:55","date_gmt":"2015-10-09T09:05:55","guid":{"rendered":"http:\/\/www.aic-iac.org\/?page_id=21964"},"modified":"2024-11-21T13:10:23","modified_gmt":"2024-11-21T13:10:23","slug":"","status":"publish","type":"page","link":"https:\/\/www.aic-iac.org\/ja\/academie\/donation\/fonds-membre-solidaire\/","title":{"rendered":"","raw":""},"content":{"rendered":"","protected":false,"raw":""},"excerpt":{"rendered":"","protected":false,"raw":""},"author":4,"featured_media":31248,"parent":9932,"menu_order":0,"comment_status":"closed","ping_status":"closed","template":"","meta":{"_fr_post_content":"<table>\r\n<tbody>\r\n<tr>\r\n<td>\r\n<p>Le fonds de soutien Membre Solidaire cr\u00e9\u00e9 en 2015 permet proposer des cotisations annuelles ou des frais d\u2019inscription adapt\u00e9s \u00e0 la situation financi\u00e8re des personnes concern\u00e9es. \u00a0<\/p>\r\n<p>Le d\u00e9veloppement de l\u2019AIC et l\u2019ouverture \u00e0 un r\u00e9seau international r\u00e9el sont au c\u0153ur des questionnements soulev\u00e9s par le Conseil. L\u2019objectif est de permettre \u00e0 tout ceux qui contribuent \u00e0 la promotion de la communaut\u00e9 c\u00e9ramique de pouvoir pr\u00e9tendre au statut de membre de l\u2019AIC. Aujourd\u2019hui, des actions soutenues par le Conseil et l\u2019engagement individuel de membres ont permis de compter des candidat-e-s et des membres venant de l\u2019Inde, du Kirghizistan et du Pakistan.<\/p>\r\n<p>Nous voulons souligner que les d\u00e9marches qui offrent \u00e0 la communaut\u00e9 de l\u2019AIC un acc\u00e8s \u00e0 l\u2019autre\u00a0et \u00e0 sa culture ne doivent pas rester des actions isol\u00e9es, mais\u00a0t\u00e9moignent d\u2019un engagement\u00a0g\u00e9n\u00e9ral qui doit se r\u00e9aliser et se maintenir avec le soutien des membres.<\/p>\r\n<p>Pour ce faire, l\u2019AIC demande \u00e0 ceux qui souhaitent encourager une repr\u00e9sentation\u00a0la plus\u00a0universelle de la culture c\u00e9ramique, lib\u00e9r\u00e9e des\u00a0effets n\u00e9gatifs li\u00e9s aux standards\u00a0de la globalisation actuelle, de souscrire \u00e0 une cotisation de soutien - Membre Solidaire,\u00a0dans la mesure de leurs possibilit\u00e9s.<\/p>\r\n<\/td>\r\n<td>\r\n[caption id=\"attachment_31248\" align=\"alignnone\" width=\"4000\"]<img class=\"wp-image-31248 size-full\" src=\"https:\/\/www.aic-iac.org\/wp-content\/uploads\/DSC_0222.jpg\" alt=\"\" width=\"4000\" height=\"6000\" \/> \u00a9 Min Kyoung Kim.[\/caption]\r\n<\/td>\r\n<\/tr>\r\n<tr>\r\n<td>Je souhaite faire un don via Paypal pour le Fonds AIC : [paypal type=\"don\" item=\"Don pour le fonds Membre Solidaire\"]<span style=\"text-decoration: underline;\">Cliquez ici !<\/span> [\/paypal]<\/td>\r\n<td>\u00a0<\/td>\r\n<\/tr>\r\n<\/tbody>\r\n<\/table>\r\n<p>&nbsp;<\/p>","_fr_post_name":"fonds-membre-solidaire","_fr_post_excerpt":"","_fr_post_title":"Le Fonds Membre solidaire","_en_post_content":"<table>\r\n<tbody>\r\n<tr>\r\n<td>\r\n<p>The Membership Solidarity fund allows the IAC to offer registration fees or annual fees tailored to the financial situation of those wishing to become or remain members.<\/p>\r\n<p>The development of the Academy and the opening to a truly international network are at the heart of the issues raised by the Council. The aim is to enable all those who contribute to the promotion of the ceramic community to qualify as members of the IAC. The active support of the Council and the individual commitment of some members have allowed candidates from Kyrgyzstan, Pakistan and India to join the Academy.<\/p>\r\n<p>We would like to emphasise that these steps which allow access to cultural openness should not remain isolated, but become a general commitment maintained by the existing members. In order to do this, the IAC would ask members who wish to encourage universal representation of the\u00a0ceramic\u00a0culture, irrespective of limiting concepts of international norms, to contribute to a support fund \u2013 Membership Solidarity.<\/p>\r\nI wish to make a donation to the Membership Solidarity Fund via Paypal: [paypal type=\"don\" item=\"Donation to the fund Membership Solidarity\"]<span style=\"text-decoration: underline;\">Please click here.<\/span> [\/paypal]\u00a0<\/td>\r\n<td>\r\n[caption id=\"attachment_31248\" align=\"alignnone\" width=\"4000\"]<img class=\"size-full wp-image-31248\" src=\"https:\/\/www.aic-iac.org\/wp-content\/uploads\/DSC_0222.jpg\" alt=\"\" width=\"4000\" height=\"6000\" \/> \u00a9 Min Kyoung Kim.[\/caption]\r\n<\/td>\r\n<\/tr>\r\n<\/tbody>\r\n<\/table>\r\n<p>&nbsp;<\/p>","_en_post_name":"fonds-membre-solidaire","_en_post_excerpt":"","_en_post_title":"Membership solidarity Fund","_ja_post_content":"","_ja_post_name":"","_ja_post_excerpt":"","_ja_post_title":"","_zh_post_content":"","_zh_post_name":"","_zh_post_excerpt":"","_zh_post_title":"","_es_post_content":"","_es_post_name":"fonds-membre-solidaire","_es_post_excerpt":"","_es_post_title":"","edit_language":"ja"},"class_list":["post-21964","page","type-page","status-publish","has-post-thumbnail","hentry"],"_links":{"self":[{"href":"https:\/\/www.aic-iac.org\/ja\/wp-json\/wp\/v2\/pages\/21964","targetHints":{"allow":["GET"]}}],"collection":[{"href":"https:\/\/www.aic-iac.org\/ja\/wp-json\/wp\/v2\/pages"}],"about":[{"href":"https:\/\/www.aic-iac.org\/ja\/wp-json\/wp\/v2\/types\/page"}],"author":[{"embeddable":true,"href":"https:\/\/www.aic-iac.org\/ja\/wp-json\/wp\/v2\/users\/4"}],"replies":[{"embeddable":true,"href":"https:\/\/www.aic-iac.org\/ja\/wp-json\/wp\/v2\/comments?post=21964"}],"version-history":[{"count":73,"href":"https:\/\/www.aic-iac.org\/ja\/wp-json\/wp\/v2\/pages\/21964\/revisions"}],"predecessor-version":[{"id":75740,"href":"https:\/\/www.aic-iac.org\/ja\/wp-json\/wp\/v2\/pages\/21964\/revisions\/75740"}],"up":[{"embeddable":true,"href":"https:\/\/www.aic-iac.org\/ja\/wp-json\/wp\/v2\/pages\/9932"}],"wp:featuredmedia":[{"embeddable":true,"href":"https:\/\/www.aic-iac.org\/ja\/wp-json\/wp\/v2\/media\/31248"}],"wp:attachment":[{"href":"https:\/\/www.aic-iac.org\/ja\/wp-json\/wp\/v2\/media?parent=21964"}],"curies":[{"name":"wp","href":"https:\/\/api.w.org\/{rel}","templated":true}]}}