{"id":22303,"date":"2015-10-30T13:33:04","date_gmt":"2015-10-30T13:33:04","guid":{"rendered":"http:\/\/www.aic-iac.org\/?page_id=22303"},"modified":"2025-11-10T09:46:55","modified_gmt":"2025-11-10T09:46:55","slug":"hommage","status":"publish","type":"page","link":"https:\/\/www.aic-iac.org\/ja\/membres\/hommage\/","title":{"rendered":"","raw":""},"content":{"rendered":"","protected":false,"raw":""},"excerpt":{"rendered":"","protected":false,"raw":""},"author":4,"featured_media":10245,"parent":8,"menu_order":34,"comment_status":"closed","ping_status":"closed","template":"","meta":{"_fr_post_content":"<table style=\"width: 614px;\">\r\n<tbody>\r\n<tr>\r\n<td style=\"width: 604px;\" colspan=\"2\"><img class=\"alignnone size-full wp-image-10245\" src=\"https:\/\/www.aic-iac.org\/wp-content\/uploads\/email-bleu-e1424378938391.jpg\" alt=\"email bleu\" width=\"1366\" height=\"997\" \/><\/td>\r\n<\/tr>\r\n<tr>\r\n<td style=\"width: 299px;\">L'Acad\u00e9mie pr\u00e9sente ses hommages aux membres disparu.e.s.<\/td>\r\n<td style=\"width: 299px;\">\u00a0<\/td>\r\n<\/tr>\r\n<tr>\r\n<td style=\"width: 299px;\">\r\n<p>2025<br \/>FLYNN Michael (Irlande, 1947-2025)<br \/>KEIGHERY Michael (Australie, 1949-2025)<br \/>MIMINOSHVILI Gia (Ukraine, 1958-2025)<br \/>VIOTTI Ulla (Su\u00e8de, 1933-2025)<\/p>\r\n<p>2024<br \/>FERRER-BOLUNYA Benet (Espagne, 1945-2024)<br \/>LARPENT-RUFFE Agathe (France, 1946-2024)<br \/>MISHIMA Kimiyo (Japon, 1933-2024)<br \/>SACCHI Gabriella (Italie, 1951-2024)<br \/>WEIGEL Gotlind (Allemagne, 1932-2024)<\/p>\r\n<p>2023<br \/>BRUEGGEMANN Antje (Allemagne, 1941-2023)<br \/>DYHR Hans-Henrik (Danemark, 1958-2023)<br \/>IMAI Masayuki (Japon, 1930-2023)<br \/>KUCH Wilhelm (Allemagne, 1925-2023)<br \/>SCHMIDT Lou (Suisse, 1939-2023)<br \/>SMITH Deborah (Inde, 1942-2023)<br \/>SUZUKI Aisaku (Allemagne, 1932-2023)<br \/>WEI\u00df Gustav (Allemagne, 1922-2023)<\/p>\r\n<p>2022<br \/><a href=\"https:\/\/www.aic-iac.org\/member\/sheherezade-alam\/\">ALAM Sheherezade<\/a> (Pakistan, 1948-2022)<br \/><a href=\"https:\/\/www.aic-iac.org\/member\/les-blakebrough\/\">BLAKEBROUGH Les<\/a> (Australie, 1940-2022)<br \/>BUCK Steven (Royaume-Uni, xxxx-2022)<br \/><a href=\"https:\/\/www.aic-iac.org\/member\/merran-esson\/\">ESSON Merran<\/a> (Australie, 1950-2022)<br \/>KOCH Carla (Pays-Bas, xxxx-2022)<br \/><a href=\"https:\/\/www.aic-iac.org\/member\/na-lisha\/\">LISHA Na<\/a> (Chine, 1959-2022)<br \/><a href=\"https:\/\/www.aic-iac.org\/member\/kari-marboe\/\">MARBOE Kari<\/a> (USA, 1984-2022)<br \/>PROBSTNER J\u00e1nos (Hongrie, 1943-2022)<br \/><a href=\"https:\/\/www.aic-iac.org\/member\/hanibal-salvaro\/\">SALVARO Hanibal<\/a> (Croatie, 1935-2022)<br \/>TSUBOI Asuka (Japon, 1932-2022)<br \/><a href=\"https:\/\/www.aic-iac.org\/member\/antonio-vivas-zamorano\/\">VIVAS ZAMORANO Antonio<\/a> (Espagne, 1949-2022)<\/p>\r\n<p>2021<br \/><a href=\"https:\/\/www.aic-iac.org\/member\/isabel-barbaformosa\/\">BARBA FORMOSA Isabel<\/a> (Espagne, 1947-2021)<br \/><a href=\"https:\/\/www.aic-iac.org\/member\/maria-bofill-fransi\/\">BOFILL-FRANSI Maria<\/a> (Espagne, 1937-2021)<br \/>COLMEIRO Elena (Espagne, 1932-2021)<br \/><a href=\"https:\/\/www.aic-iac.org\/member\/jonathan-middlemiss\/\">MIDDLEMISS Jonathan<\/a> (Royaume-Uni, 1949-2021)<br \/><a href=\"https:\/\/www.aic-iac.org\/member\/gabriela-nepo-stieldorf\/\">NEPO-STIELDORF Gabriela<\/a> (Autriche, 1948-2021)<br \/>RADOV\u00c1 Jind\u0159i\u0161ka (R\u00e9publique tch\u00e8que, 1925-2021)<br \/><a href=\"https:\/\/www.aic-iac.org\/member\/fritz-rossmann\/\">ROSSMANN Fritz<\/a> (Allemagne, 1958-2021)<br \/>\u0160ERAK V\u00e1clav (R\u00e9publique Tch\u00e8que, 1931-2021)<\/p>\r\n<p>2020<br \/>ALPERT Steve (USA, 1939-2020)<br \/>GEBHARDT Johannes (Allemagne, 1930-2020)<br \/>KUCHTA Ronald (USA, 1935-2020)<br \/>MADSEN Sten Lykke (Danemark, 1937-2020)<br \/>MANNING Les (Canada 1944-2020)<br \/>VAN LOON Johan (Pays-Bas 1934-2020)<br \/>WEIGEL Gerald (Allemagne, 1925-2020)<br \/>WINOKUR Robert (USA, 1933-2020)<\/p>\r\n<p>2019<br \/>MOON Milton (Australie 1926-2019)<br \/>KHARCHENKO Igor (F\u00e9d\u00e9ration de Russie 1945-2019)<br \/>YANASE Hisae (Espagne\/Japon 1943-2019)<br \/>SCHEID Karl (Allemagne 1929-2019)<\/p>\r\n<p>2018<br \/>BELL Robert (Australie, 1946-2018)<br \/>DAUER Paul (USA 1940-2018)<br \/>MEDNIEKS Latvite (Lettonie 1924-2018)<br \/>WOODMAN Betty (USA 1930-2018)<br \/>WINOKUR Paula (USA 1935-2018)<\/p>\r\n<p>2017<br \/>JAKUBCIK Lubomir (R\u00e9publique tch\u00e8que 1926-2017)<br \/>YAO YongKang (Chine 1942-2017)<br \/>BRANDT-HANSEN\u00a0Elina (Norv\u00e8ge 1955-2017)\u00a0<\/p>\r\n<p>2016<strong><br \/><\/strong><a href=\"https:\/\/www.aic-iac.org\/girones\/\">GIRONES VILLANUA Teresa (1940 Espagne)<\/a><br \/><a href=\"https:\/\/www.aic-iac.org\/hommage\/heeney-gwen\/\">HEENEY Gwen (1952 Pays de Galles, UK)<\/a><br \/>CARUSO Nino (1928-2016 Italie)<br \/><a href=\"https:\/\/www.aic-iac.org\/hommage\/nina-hole-1941-2016\/\">HOLE Nina (1941 Denmark)<\/a><br \/><a href=\"https:\/\/www.aic-iac.org\/edouard-chapallaz-1921-2016\/\">CHAPPALAZ \u00c9douard (1921 Suisse)<\/a><\/p>\r\n<p>2015<strong><br \/><\/strong>RUSHFORTH Peter (MH) (1920 Australie)<strong><br \/><\/strong><a href=\"https:\/\/www.aic-iac.org\/wp-content\/uploads\/StephensonNCConference1962_7.jpg\">STEPHENSON John H. (1929 USA)<\/a><br \/><a href=\"https:\/\/www.aic-iac.org\/hommage\/philip-cornelius-1934-2015\/\">CORNELIUS Philip G. (1934 USA)<\/a><strong><br \/><\/strong><a href=\"https:\/\/www.aic-iac.org\/hommage\/beate-kuhn-1927-2015\/\">KUHN Beate (1927 Allemagne)<\/a><br \/><a href=\"https:\/\/www.aic-iac.org\/wp-content\/uploads\/walterdexter.jpg\">DEXTER Walter, (1931 Canada)<\/a><strong><br \/><\/strong>SCHNYDER Rudolf ( 1919, CH)<br \/>ZOTTA Silvia (1969, ARG)<br \/>VANEK Imrich ( 1931, SVN)<br \/>FAVARGER Pierrette (1924, CH)<br \/>TAVELLA Leo (1920, ARG)<br \/>CARLE Carlos (1928, IT)<\/p>\r\n<p>2014<strong><br \/><\/strong>QUIST Leen<br \/>COLAKOGLU Hamiye<\/p>\r\n<p>2013<br \/>DIONYSE Carmen (1920)<br \/>SCAPIN Giancarlo (1943 )<br \/>MARTINSONS Peteris (1931)<br \/><a href=\"https:\/\/www.aic-iac.org\/wp-content\/uploads\/M-Savoie-2013.jpg\">SAVOIE Maurice Savoie (1930 CN)<\/a><br \/>BLASCO Arcadio (1928, ES)<br \/>MANSFIELD Janet (1934, AUS)<br \/>FAVRE Aline (1932, CH) <br \/>GAZZARD Marea (1928, AUS)<\/p>\r\n<p>2012<br \/>HYMAN Sylvia (1917, USA)<br \/>COOPER Emmanuel (1938, GB)<br \/>HEUVEL Netty van den (1956, NL)<br \/>MIYASHITA Zenji (1939, JP)<br \/>CROUSAZ Jean\u2010Claude de (1931 CH)<br \/>BARDIN Perla (1939, Argentina)<br \/>ARMSTRONG Juliet (South Africa)<\/p>\r\n<p>2011<br \/>AAV Marianne (1952, FI)<br \/>POITIER,Vincent (1954, FR)<\/p>\r\n<p>2010<strong><br \/><\/strong>EGNER Adolf<\/p>\r\n<p>2009<a href=\"https:\/\/www.aic-iac.org\/oldsite\/archive\/obituary\/ostermann.html\"><strong><br \/><\/strong><\/a>OSTERMANN Matthias<a href=\"https:\/\/www.aic-iac.org\/oldsite\/archive\/obituary\/ostermann.html\"><br \/><\/a>HEINO Otto<br \/>REYNOLDS Steve<br \/>PETERSON Susan<br \/>DUCKWORTH Ruth<\/p>\r\n<p>2008<br \/>SCHEID Ursula (Allemagne 1932-2008)<\/p>\r\n<p>2007<br \/>AUTIO Rudy<br \/>SEVERIN Seka<br \/>NATZLER Otto<br \/>PEASCOD Alan<br \/>KOSTANDA Alexandre<\/p>\r\n<p>2005<br \/>LEWENSTEIN Eileen<\/p>\r\n<p>2001<br \/>DOBIAS Bohumil<br \/>SANCHEZ-PACHECO Trinidad<br \/>SUZUKI Osamu<\/p>\r\n<p>2000<br \/>COULLERY Marie Therese<br \/>KOLEV Venko<br \/>MAYER Jean<br \/>STAHL Wendelin<\/p>\r\n<p>1999<br \/>PLA Josefina<br \/>COLE Walter<br \/>KOLAROV Guerguei<br \/>MANZ Richard<br \/>NASH Grete<br \/>PECKER Andr\u00e9<\/p>\r\n<p>1998<br \/>ASSHOF Ingeborg<br \/>BUCHOLTZ Jacques<br \/>DE VOGELAERE Fons<\/p>\r\n<p>1997<br \/>ALOS Angelina<br \/>CAMPBELL Joan<br \/>CHRISTENSEN Kari<br \/>CSEKOVSKY Arpad<br \/>KORAL Fureya<br \/>LEACH Janet<br \/>ROGUSZCZAK Edward<\/p>\r\n<p>1996<br \/>FRAHME Herman H.<br \/>FRIEDLAND Maud<br \/>LIFKA Hans<br \/>MEIER Otto<br \/>SUZUKI Kenji<br \/>TANIGUCHI Ryozo<\/p>\r\n<p>1995<br \/>BADEA Costel<br \/>BLIN Jacques<br \/>ECKERT Otto<br \/>HEINO Vivika<br \/>JIRANEK Moroslav<br \/>MIHAILOVA Olga<br \/>PAVLAS Frantisek<br \/>PECHADRE Madeleine<br \/>TUCNA Dagmar<\/p>\r\n<p>1994<br \/>BLUMENTHAL F. J.<br \/>CARDOSO PINTO Augusto<br \/>DRISS Abdelaziz<br \/>KOPPENHOFFER Ruth<br \/>OZOLINA Sarma<br \/>STURM Robert<\/p>\r\n<p>1993<br \/>OVERBERG Rolf<br \/>STORCK-BOTEZ Cecilia<\/p>\r\n<p>1992<br \/>SATONAKA Hideto<br \/>SHOFU Eiichi<\/p>\r\n<p>1991<br \/>KRISTIANSEN Bo<\/p>\r\n<p>1990<br \/>DE CEBALLOS-ESCALERA Isabel<\/p>\r\n<p>1989<br \/>GASTPAR Renate<br \/>GRIEMERT Hubert<br \/>SERRA i ABELLA Josep<br \/>SHAKIR Saad<\/p>\r\n<p>1988<br \/>SATO Masahiko<\/p>\r\n<p>1987<br \/>MESLNASKNE Margita<\/p>\r\n<p>1986<br \/>GUNTHER Ulrich<\/p>\r\n<\/td>\r\n<td style=\"width: 299px;\">\r\n<p>1985<br \/>CHAGALL Marc<br \/>CUMELLA Antonio<br \/>ERDOES Ida<br \/>KATO Tokuro<br \/>KAWAMOTO Goro<br \/>KONDO Yuso<br \/>KUMAKURA Junkichi<br \/>KVETENSKY Valastimil<\/p>\r\n<p>1984<br \/>KUSUBE Yaichi<br \/>SVOBODA Petr<\/p>\r\n<p>1983<br \/>CARDEW Michael<br \/>FAIDER G.<br \/>KONDO Yutaka<\/p>\r\n<p>1982<strong><br \/><\/strong>K\u00d6LLMAN Erich<br \/>KRYWIEC Rudolf<br \/>POLI Claude<br \/>STORR-BRITZ Hildegard<\/p>\r\n<p>1981<br \/>COPER Hans (1920, UK)<br \/>OLLIVIER Gabriel<br \/>VALSAMAKIS Alekos Panos<\/p>\r\n<p>1980<br \/>BALLARDINI Gaetano<br \/>BOUFFARD Pierre<br \/>GEIGER Benno<br \/>6th KIYOMIZU Rokubee<br \/>POPP Walter<\/p>\r\n<p>1979<br \/>LEACH Bernard<br \/>LIVERANI G.<br \/>LUNDGREN Tyra<\/p>\r\n<p>1978<br \/>HAMADA Shoji<\/p>\r\n<p>1977<br \/>KOVACS Margit<br \/>PYCHA Jaroslav<br \/>TABAKOVIC Ivan<\/p>\r\n<p>1976<br \/>KORACH Mauricio<\/p>\r\n<p>1975<br \/>BATTLORI-MUNNE Andres<br \/>KOYAMA Fuijo<br \/>OYGAR Ismail Hakki<\/p>\r\n<p>1973<br \/>GENSOLI Maurice<br \/>PICASSO Pablo<\/p>\r\n<p>1972<br \/>DOS SANTOS-SIMOES J.<\/p>\r\n<p>1971<br \/>ALLENBACH Jean<br \/>AMY A.<br \/>ARRANZ Fernando<br \/>ASHTON Leigh<br \/>BLACKMAN Audrey<br \/>BONIFAS Paul<br \/>MAZZOTTI Tullio<br \/>NOUL Marius<br \/>OBSIEGER Robert<br \/>SCHLEISS Emilie<br \/>SCHLEISS Franz<br \/>VERYDT Laure<\/p>\r\n<p>1970<br \/>BONTJES VAN BECK Jan<br \/>HANSSEN Louis<\/p>\r\n<p>1969<br \/>BOYRIE DE MOYA Emilio<br \/>FABRE Emile<\/p>\r\n<p>1968<br \/>FONTANA Lucio<br \/>HUBER RENFER Fritz<br \/>TOMASEVICH Aleksander<\/p>\r\n<p>1967<br \/>ABDELWAHAB Hassen Hosni<br \/>BORSI Manfredo<br \/>MAYODON<\/p>\r\n<p>1966<br \/>HAUG Hans<\/p>\r\n<p>1965<br \/>AARS Ferdinand<br \/>BAMPI Richard<br \/>DAMIRON Charles<\/p>\r\n<p>1964<br \/>REYNAUD Henri<\/p>\r\n<p>1963<br \/>DESMARQUEST<\/p>\r\n<p>1962<br \/>HERLITZ C.G.<\/p>\r\n<p>1956<br \/>ERDOES Stephan<br \/>FERRO Antonio<\/p>\r\n<\/td>\r\n<\/tr>\r\n<tr>\r\n<td style=\"width: 299px;\">\u00a0<\/td>\r\n<td style=\"width: 299px;\">\u00a0<\/td>\r\n<\/tr>\r\n<tr>\r\n<td style=\"width: 299px;\">\u00a0<\/td>\r\n<td style=\"width: 299px;\">\u00a0<\/td>\r\n<\/tr>\r\n<\/tbody>\r\n<\/table>\r\n<p>&nbsp;<\/p>","_fr_post_name":"hommage","_fr_post_excerpt":"L'Acad\u00e9mie pr\u00e9sente ses hommages aux membres disparus.","_fr_post_title":"Hommage","_en_post_content":"<table style=\"width: 618px; height: 3980px;\">\r\n<tbody>\r\n<tr style=\"height: 448px;\">\r\n<td style=\"width: 610px; height: 448px;\" colspan=\"2\"><img class=\"alignnone size-full wp-image-10245\" src=\"https:\/\/www.aic-iac.org\/wp-content\/uploads\/email-bleu-e1424378938391.jpg\" alt=\"email bleu\" width=\"1366\" height=\"997\" \/><\/td>\r\n<\/tr>\r\n<tr style=\"height: 38px;\">\r\n<td style=\"width: 302px; height: 38px;\"><span class=\"style15\">The Academy respectfully pays tribute to its past members.<\/span><\/td>\r\n<td style=\"width: 302px; height: 38px;\">\u00a0<\/td>\r\n<\/tr>\r\n<tr style=\"height: 3456px;\">\r\n<td style=\"width: 302px; height: 3456px;\">\r\n<p>2025<br \/>FLYNN Michael (Ireland, 1947-2025)<br \/>KEIGHERY Michael (Australia, 1949-2025)<br \/>MIMINOSHVILI Gia (Ukraine, 1958-2025)<br \/>VIOTTI Ulla (Sweden, 1933-2025)<\/p>\r\n<p>2024<br \/>FERRER-BOLUNYA Benet (Spain, 1945-2024)<br \/>LARPENT-RUFFE Agathe (France, 1946-2024)<br \/>MISHIMA Kimiyo (Japan, 1933-2024)<br \/>SACCHI Gabriella (Italy, 1951-2024)<br \/>WEIGEL Gotlind (Germany, 1932-2024)<\/p>\r\n<p>2023<br \/>BRUEGGEMANN Antje (Germany, 1941-2023)<br \/>DYHR Hans-Henrik (Denmark, 1958-2023)<br \/>IMAI Masayuki (Japan, 1930-2023)<br \/>KUCH Wilhelm (Germany, 1925-2023)<br \/>QIN Xilin (China, 1942-2023)<br \/>SCHMIDT Lou (Switzerland, 1939-2023)<br \/>SMITH Deborah (India, 1942-2023)<br \/>SUZUKI Aisaku (Germany, 1932-2023)<br \/>WEI\u00df Gustav (Germany, 1922-2023)<\/p>\r\n<p>2022<br \/><a href=\"https:\/\/www.aic-iac.org\/member\/sheherezade-alam\/\">ALAM Sheherezade<\/a> (Pakistan, 1948-2022)<br \/><a href=\"https:\/\/www.aic-iac.org\/member\/les-blakebrough\/\">BLAKEBROUGH Les<\/a> (Australia, 1940-2022)<br \/>BUCK Steve (United Kingdom,\u00a0 xxxx-2022)<br \/><a href=\"https:\/\/www.aic-iac.org\/member\/merran-esson\/\">ESSON Merran<\/a> (Australia, 1950-2022)<br \/>KOCH Carla (Netherlands, xxxx-2022)<br \/><a href=\"https:\/\/www.aic-iac.org\/member\/na-lisha\/\">LISHA Na<\/a> (China, 1959-2022)<br \/><a href=\"https:\/\/www.aic-iac.org\/member\/kari-marboe\/\">MARBOE Kari<\/a> (United States, 1984-2022)<br \/>PROBSTNER J\u00e1nos (Hungary, 1943-2022)<br \/><a href=\"https:\/\/www.aic-iac.org\/member\/hanibal-salvaro\/\">SALVARO Hanibal<\/a> (Croatia, 1935-2022)<br \/>TSUBOI Asuka (Japan, 1932-2022)<br \/><a href=\"https:\/\/www.aic-iac.org\/member\/antonio-vivas-zamorano\/\">VIVAS ZAMORANO Antonio<\/a> (Spain, 1949-2022)<\/p>\r\n<p>2021<br \/><a href=\"https:\/\/www.aic-iac.org\/member\/isabel-barbaformosa\/\">BARBA FORMOSA Isabel<\/a> (Spain, 1947-2021)<br \/><a href=\"https:\/\/www.aic-iac.org\/member\/maria-bofill-fransi\/\">BOFILL-FRANSI Maria<\/a> (Spain, 1937-2021)<br \/>COLMEIRO Elena (Spain, 1932-2021)<br \/><a href=\"https:\/\/www.aic-iac.org\/member\/jonathan-middlemiss\/\">MIDDLEMISS Jonathan<\/a> (United Kingdom, 1949-2021)<br \/><a href=\"https:\/\/www.aic-iac.org\/member\/gabriela-nepo-stieldorf\/\">NEPO-STIELDORF Gabriela<\/a> (Austria, 1948-2021)<br \/>RADOV\u00c1 Jind\u0159i\u0161ka (Czech Republic, 1925-2021)<br \/><a href=\"https:\/\/www.aic-iac.org\/member\/fritz-rossmann\/\">ROSSMANN Fritz<\/a> (Germany, 1958-2021)<br \/>\u0160ERAK V\u00e1clav (Czech Republic, 1931-2021)<\/p>\r\n<p>2020<br \/>ALPERT Steve (United States, 1939-2020)<br \/>GEBHARDT Johannes (Germany, 1930-2020)<br \/>KUCHTA Ronald (United States, 1935-2020)<br \/>MADSEN Sten Lykke (Denmark, 1937-2020)<br \/>MANNING Les (Canada 1944-2020)<br \/>VAN LOON Johan (Netherlands 1934-2020)<br \/>WEIGEL Gerald (Germany, 1925-2020)<br \/>WINOKUR Robert (United States, 1933-2020)<\/p>\r\n<p>2019<br \/>MOON Milton (Australia, 1926-2019)<br \/>KHARCHENKO Igor (Russian Federation, 1945-2019)<br \/>YANASE Hisae, (Spain\/Japan, 1943-2019)<br \/>SCHEID Karl (Germany, 1929-2019)<\/p>\r\n<p>2018<br \/>BELL Robert (Australia, 1946-2018)<br \/>DAUER Paul (USA, 1940-2018)<br \/>MEDNIEKS Latvite (Latvia, 1924-2018)<br \/>WOODMAN Betty (USA, 1930-2018)<br \/>WINOKUR Paula (USA, 1935-2018)<\/p>\r\n<p>2017<br \/>JAKUBCIK Lubomir (Czech Republic 1926-2017)<br \/>YAO YongKang (China 1942-2017)<br \/>BRANDT-HANSEN\u00a0Elina (Norway 1955-2017)\u00a0<\/p>\r\n<p>2016<strong><br \/><\/strong><a href=\"https:\/\/www.aic-iac.org\/girones\/\">GIRONES VILLANUA Teresa (1940 Spain)<\/a><br \/><a href=\"https:\/\/www.aic-iac.org\/en\/tribute\/gwen-heeney\/\">HEENEY Gwen (1952 Wales, UK)<\/a><br \/>CARUSO Nino (1928-2016 Italy)<br \/><a href=\"https:\/\/www.aic-iac.org\/hommage\/nina-hole-1941-2016\/\">HOLE Nina (1941 Denmark)<\/a><br \/><a href=\"https:\/\/www.aic-iac.org\/edouard-chapallaz-1921-2016\/\">CHAPPALAZ \u00c9douard (1921 CH)<\/a><\/p>\r\n<p>2015<strong><br \/><\/strong>RUSHFORTH\u00a0Peter (MH) (1920 Australia)<a href=\"https:\/\/www.aic-iac.org\/wp-content\/uploads\/StephensonNCConference1962_7.jpg\"><br \/>STEPHENSON John H. (1929 USA)<\/a><br \/><a href=\"https:\/\/www.aic-iac.org\/hommage\/philip-cornelius-1934-2015\/\">CORNELIUS Philip G. (1934 USA)<\/a><strong><br \/><\/strong><a href=\"https:\/\/www.aic-iac.org\/hommage\/beate-kuhn-1927-2015\/\">KUHN Beate (1927 Germany)<\/a><br \/><a href=\"https:\/\/www.aic-iac.org\/wp-content\/uploads\/walterdexter.jpg\">DEXTER Walter, (1931 Canada)<\/a><strong><br \/><\/strong>SCHNYDER Rudolf ( 1919, CH)<br \/>ZOTTA Silvia (1969, ARG)<br \/>VANEK Imrich ( 1931, SVN)<br \/>FAVARGER Pierrette (1924, CH)<br \/>TAVELLA Leo (1920, ARG)<br \/>CARLE Carlos (1928, IT)<\/p>\r\n<p>2014<strong><br \/><\/strong>QUIST Leen<br \/>COLAKOGLU Hamiye<\/p>\r\n<p>2013<br \/>DIONYSE Carmen (1920-2013)<br \/>SCAPIN Giancarlo (1943 - 2013)<br \/>MARTINSONS Peteris (1931-2013)<br \/><a href=\"https:\/\/www.aic-iac.org\/wp-content\/uploads\/M-Savoie-2013.jpg\">SAVOIE Maurice Savoie (1930-2013 CN)<\/a><br \/>BLASCO Arcadio (1928. ES)<br \/>MANSFIELD Janet (1934, AU)<br \/>FAVRE Aline (1932, CH) <br \/>GAZZARD Mare (1928-2013)<\/p>\r\n<p>2012<br \/>HYMAN, Sylvia (1917, USA)<br \/>COOPER, Emmanuel (1938, GB)<br \/>HEUVEL, Netty van den (1956, NL)<br \/>MIYASHITA, Zenji (1939, JP)<br \/>CROUSAZ, Jean\u2010Claude de (1931 CH)<br \/>BARDIN Perla (1939, Argentina)<br \/>ARMSTRONG, Juliet (South Africa)<\/p>\r\n<p>2011<br \/>AAV, Marianne (1952, FI)<br \/>POITIER, Vincent (1954, FR)<\/p>\r\n<p>2010<strong><br \/><\/strong>EGNER, Adolf<\/p>\r\n<p>2009<a href=\"https:\/\/www.aic-iac.org\/oldsite\/archive\/obituary\/ostermann.html\"><strong><br \/><\/strong><\/a>OSTERMANN Matthias<a href=\"https:\/\/www.aic-iac.org\/oldsite\/archive\/obituary\/ostermann.html\"><br \/><\/a>HEINO, Otto<br \/>REYNOLDS, Steve<br \/>PETERSON, Susan<br \/>DUCKWORTH, Ruth<\/p>\r\n<p>2008<br \/>SCHEID Ursula (Germany 1932-2008)<\/p>\r\n<p>2007<br \/>AUTIO, Rudy<br \/>SEVERIN, Seka<br \/>NATZLER, Otto<br \/>PEASCOD, Alan<br \/>KOSTANDA, Alexandre<\/p>\r\n<p>2005<br \/>LEWENSTEIN, Eileen<\/p>\r\n<p>2001<br \/>DOBIAS, Bohumil<br \/>SANCHEZ-PACHECO, Trinidad<br \/>SUZUKI, Osamu<\/p>\r\n<p>2000<br \/>COULLERY, Marie Therese<br \/>KOLEV, Venko<br \/>MAYER, Jean<br \/>STAHL, Wendelin<\/p>\r\n<p>1999<br \/>PLA Josefina<br \/>COLE, Walter<br \/>KOLAROV, Guerguei<br \/>MANZ, Richard<br \/>NASH, Grete<br \/>PECKER, Andr\u00e9<\/p>\r\n<p>1998<br \/>ASSHOF, Ingeborg<br \/>BUCHOLTZ, Jacques<br \/>DE VOGELAERE, Fons<\/p>\r\n<p>1997<br \/>ALOS, Angelina<br \/>CAMPBELL, Joan<br \/>CHRISTENSEN, Kari<br \/>CSEKOVSKY, Arpad<br \/>KORAL, Fureya<br \/>LEACH, Janet<br \/>ROGUSZCZAK, Edward<\/p>\r\n<p>1996<br \/>FRAHME, Herman H.<br \/>FRIEDLAND, Maud<br \/>LIFKA, Hans<br \/>MEIER, Otto<br \/>SUZUKI, Kenji<br \/>TANIGUCHI, Ryozo<\/p>\r\n<p>1995<br \/>BADEA, Costel<br \/>BLIN, Jacques<br \/>ECKERT, Otto<br \/>HEINO, Vivika<br \/>JIRANEK, Moroslav<br \/>MIHAILOVA, Olga<br \/>PAVLAS, Frantisek<br \/>PECHADRE, Madeleine<br \/>TUCNA, Dagmar<\/p>\r\n<p>1994<br \/>BLUMENTHAL, F. J.<br \/>CARDOSO PINTO, Augusto<br \/>DRISS, Abdelaziz<br \/>KOPPENHOFFER, Ruth<br \/>OZOLINA, Sarma<br \/>STURM, Robert<\/p>\r\n<p>1993<br \/>OVERBERG, Rolf<br \/>STORCK-BOTEZ, Cecilia<\/p>\r\n<p>1992<br \/>SATONAKA, Hideto<br \/>SHOFU, Eiichi<\/p>\r\n<p>1991<br \/>KRISTIANSEN, Bo<\/p>\r\n<p>1990<br \/>DE CEBALLOS-ESCALERA, Isabel<\/p>\r\n<p>1989<br \/>GASTPAR, Renate<br \/>GRIEMERT, Hubert<br \/>SERRA i ABELLA, Josep<br \/>SHAKIR, Saad<\/p>\r\n<p>1988<br \/>SATO, Masahiko<\/p>\r\n<p>1987<br \/>MESLNASKNE, Margita<\/p>\r\n<p>1986<br \/>GUNTHER, Ulrich<\/p>\r\n<\/td>\r\n<td style=\"width: 302px; height: 3456px;\">\r\n<p>1985<br \/>CHAGALL Marc<br \/>CUMELLA Antonio<br \/>ERDOES Ida<br \/>KATO Tokuro<br \/>KAWAMOTO Goro<br \/>KONDO Yuso<br \/>KUMAKURA Junkichi<br \/>KVETENSKY Valastimil<\/p>\r\n<p>1984<br \/>KUSUBE Yaichi<br \/>SVOBODA Petr<\/p>\r\n<p>1983<br \/>CARDEW Michael<br \/>FAIDER G.<br \/>KONDO Yutaka<\/p>\r\n<p>1982<strong><br \/><\/strong>K\u00d6LLMAN Erich<br \/>KRYWIEC Rudolf<br \/>POLI Claude<br \/>STORR-BRITZ Hildegard<\/p>\r\n<p>1981<br \/>COPER Hans<br \/>OLLIVIER Gabriel<br \/>VALSAMAKIS Alekos Panos<\/p>\r\n<p>1980<br \/>BALLARDINI Gaetano<br \/>BOUFFARD Pierre<br \/>GEIGER Benno<br \/>6th KIYOMIZU Rokubee<br \/>POPP Walter<\/p>\r\n<p>1979<br \/>LEACH Bernard<br \/>LIVERANI G.<br \/>LUNDGREN Tyra<\/p>\r\n<p>1978<br \/>HAMADA Shoji<\/p>\r\n<p>1977<br \/>KOVACS Margit<br \/>PYCHA Jaroslav<br \/>TABAKOVIC Ivan<\/p>\r\n<p>1976<br \/>KORACH Mauricio<\/p>\r\n<p>1975<br \/>BATTLORI-MUNNE Andres<br \/>KOYAMA Fuijo<br \/>OYGAR Ismail Hakki<\/p>\r\n<p>1973<br \/>GENSOLI Maurice<br \/>PICASSO Pablo<\/p>\r\n<p>1972<br \/>DOS SANTOS-SIMOES J.<\/p>\r\n<p>1971<br \/>ALLENBACH Jean<br \/>AMY A.<br \/>ARRANZ Fernando<br \/>ASHTON Leigh<br \/>BLACKMAN Audrey<br \/>BONIFAS Paul<br \/>MAZZOTTI Tullio<br \/>NOUL Marius<br \/>OBSIEGER Robert<br \/>SCHLEISS Emilie<br \/>SCHLEISS Franz<br \/>VERYDT Laure<\/p>\r\n<p>1970<br \/>BONTJES VAN BECK Jan<br \/>HANSSEN Louis<\/p>\r\n<p>1969<br \/>BOYRIE DE MOYA Emilio<br \/>FABRE Emile<\/p>\r\n<p>1968<br \/>FONTANA Lucio<br \/>HUBER RENFER Fritz<br \/>TOMASEVICH Aleksander<\/p>\r\n<p>1967<br \/>ABDELWAHAB Hassen Hosni<br \/>BORSI Manfredo<br \/>MAYODON<\/p>\r\n<p>1966<br \/>HAUG, Hans<\/p>\r\n<p>1965<br \/>AARS, Ferdinand<br \/>BAMPI, Richard<br \/>DAMIRON, Charles<\/p>\r\n<p>1964<br \/>REYNAUD, Henri<\/p>\r\n<p>1963<br \/>DESMARQUEST<\/p>\r\n<p>1962<br \/>Herlitz, C.G.<\/p>\r\n<p>1956<br \/>ERDOES, Stephan<br \/>FERRO, Antonio<\/p>\r\n<\/td>\r\n<\/tr>\r\n<tr style=\"height: 19px;\">\r\n<td style=\"width: 302px; height: 19px;\">\u00a0<\/td>\r\n<td style=\"width: 302px; height: 19px;\">\u00a0<\/td>\r\n<\/tr>\r\n<tr style=\"height: 19px;\">\r\n<td style=\"width: 302px; height: 19px;\">\u00a0<\/td>\r\n<td style=\"width: 302px; height: 19px;\">\u00a0<\/td>\r\n<\/tr>\r\n<\/tbody>\r\n<\/table>\r\n<p>&nbsp;<\/p>","_en_post_name":"hommage","_en_post_excerpt":"The Academy respectfully pays tribute to its past members.","_en_post_title":"Tribute","_ja_post_content":"","_ja_post_name":"hommage","_ja_post_excerpt":"","_ja_post_title":"","_zh_post_content":"","_zh_post_name":"hommage","_zh_post_excerpt":"","_zh_post_title":"","_es_post_content":"","_es_post_name":"hommage","_es_post_excerpt":"","_es_post_title":"","edit_language":"ja"},"class_list":["post-22303","page","type-page","status-publish","has-post-thumbnail","hentry"],"_links":{"self":[{"href":"https:\/\/www.aic-iac.org\/ja\/wp-json\/wp\/v2\/pages\/22303","targetHints":{"allow":["GET"]}}],"collection":[{"href":"https:\/\/www.aic-iac.org\/ja\/wp-json\/wp\/v2\/pages"}],"about":[{"href":"https:\/\/www.aic-iac.org\/ja\/wp-json\/wp\/v2\/types\/page"}],"author":[{"embeddable":true,"href":"https:\/\/www.aic-iac.org\/ja\/wp-json\/wp\/v2\/users\/4"}],"replies":[{"embeddable":true,"href":"https:\/\/www.aic-iac.org\/ja\/wp-json\/wp\/v2\/comments?post=22303"}],"version-history":[{"count":154,"href":"https:\/\/www.aic-iac.org\/ja\/wp-json\/wp\/v2\/pages\/22303\/revisions"}],"predecessor-version":[{"id":89188,"href":"https:\/\/www.aic-iac.org\/ja\/wp-json\/wp\/v2\/pages\/22303\/revisions\/89188"}],"up":[{"embeddable":true,"href":"https:\/\/www.aic-iac.org\/ja\/wp-json\/wp\/v2\/pages\/8"}],"wp:featuredmedia":[{"embeddable":true,"href":"https:\/\/www.aic-iac.org\/ja\/wp-json\/wp\/v2\/media\/10245"}],"wp:attachment":[{"href":"https:\/\/www.aic-iac.org\/ja\/wp-json\/wp\/v2\/media?parent=22303"}],"curies":[{"name":"wp","href":"https:\/\/api.w.org\/{rel}","templated":true}]}}