{"id":30542,"date":"2018-03-13T15:21:23","date_gmt":"2018-03-13T15:21:23","guid":{"rendered":"http:\/\/www.aic-iac.org\/?page_id=30542"},"modified":"2025-11-25T11:47:31","modified_gmt":"2025-11-25T11:47:31","slug":"","status":"publish","type":"page","link":"https:\/\/www.aic-iac.org\/ja\/activite\/rdv-ceramique\/","title":{"rendered":"","raw":""},"content":{"rendered":"","protected":false,"raw":""},"excerpt":{"rendered":"","protected":false,"raw":""},"author":4,"featured_media":76070,"parent":17378,"menu_order":3,"comment_status":"closed","ping_status":"closed","template":"","meta":{"_fr_post_content":"<table style=\"width: 100%; height: 5380px;\">\r\n<tbody>\r\n<tr style=\"height: 452px;\">\r\n<td style=\"height: 452px; width: 98.7096%;\" colspan=\"2\">\r\n[caption id=\"attachment_76070\" align=\"alignnone\" width=\"2560\"]<img class=\"wp-image-76070 size-full\" src=\"https:\/\/www.aic-iac.org\/wp-content\/uploads\/5-\u8d75\u6dcb\u4f5c\u54c1\u300a\u4e07\u7269\u540c\u6e90\u300b\u8363\u83b7\u4e8c\u7b49\u5956-scaled.jpg\" alt=\"\" width=\"2560\" height=\"1707\" \/> \"All Things Come From the Same Origin\" by Zhao Lin, 2nd Prize at the 12th Shiwan Cup.[\/caption]\r\n<\/td>\r\n<\/tr>\r\n<tr style=\"height: 58px;\">\r\n<td style=\"height: 58px; width: 98.7096%;\" colspan=\"2\"><em>Cette page est r\u00e9serv\u00e9e aux grandes manifestations et opportunit\u00e9s de c\u00e9ramique. Nous invitons nos membres collectifs et autres partenaires institutionnels \u00e0 nous envoyer leurs programmes afin qu\u2019ils soient publi\u00e9s sur le site internet de l\u2019AIC.<\/em>\u00a0<\/td>\r\n<\/tr>\r\n<tr style=\"height: 83px;\">\r\n<td style=\"height: 83px; width: 98.7096%;\" colspan=\"2\"><hr \/>\r\n<h3>- APPELS OUVERTS -<\/h3>\r\n<\/td>\r\n<\/tr>\r\n<tr style=\"height: 34px;\">\r\n<td style=\"height: 34px; width: 98.7096%;\" colspan=\"2\"><hr \/><\/td>\r\n<\/tr>\r\n<tr>\r\n<td style=\"width: 49.3548%;\">\r\n<h3><img class=\"alignnone wp-image-85657 size-full\" src=\"https:\/\/www.aic-iac.org\/wp-content\/uploads\/banner_appel_a_projet_cic_2026-e1756818437224.png\" alt=\"\" width=\"314\" height=\"254\" \/>20e Concours international de c\u00e9ramique contemporaine de Carouge<\/h3>\r\n<p>Lieu : Carouge, Suisse<br \/>Date limite : <strong>31 d\u00e9cembre 2025<\/strong><br \/><span style=\"text-decoration: underline;\"><a href=\"https:\/\/www.carouge.ch\/cic\" target=\"_blank\" rel=\"noopener\">Site web<\/a><\/span><\/p>\r\n<\/td>\r\n<td style=\"width: 49.3548%;\">\r\n<h3><img class=\"alignnone wp-image-85863 size-full\" src=\"https:\/\/www.aic-iac.org\/wp-content\/uploads\/_20250908164219-e1758015108683.png\" alt=\"\" width=\"2809\" height=\"2154\" \/>Biennale internationale d'art c\u00e9ramique de Jingdezhen 2026<\/h3>\r\n<p>Lieu : Jingdezhen, Chine<br \/>Date limite: <strong>31 d\u00e9cembre 2025<\/strong><br \/><span style=\"text-decoration: underline;\"><a href=\"http:\/\/www.cjicb.com\/\">Site web<\/a><\/span><br \/><span style=\"text-decoration: underline;\"><a href=\"https:\/\/www.aic-iac.org\/wp-content\/uploads\/\u82f1\u6587-0811-final-\u74f7\u7684\u672a\u6765\u5f81\u96c6\u516c\u544a.pdf\">&gt; Appel \u00e0 contribution (en anglais)<\/a><\/span><\/p>\r\n<\/td>\r\n<\/tr>\r\n<tr>\r\n<td style=\"width: 49.3548%;\">\r\n<h3><img class=\"alignnone wp-image-85865 size-full\" src=\"https:\/\/www.aic-iac.org\/wp-content\/uploads\/bck2025.jpg\" alt=\"\" width=\"1600\" height=\"1123\" \/>Biennale internationale de c\u00e9ramique contemporaine 2026<\/h3>\r\n<p>Lieu : \u00cele de Rhodes, Gr\u00e8ce<br \/>Date limite : <strong>10 janvier 2026<br \/><\/strong><span style=\"text-decoration: underline;\"><a href=\"https:\/\/bigbluedot.art\/\">Site web<\/a><\/span><\/p>\r\n<\/td>\r\n<td style=\"width: 49.3548%;\">\u00a0<\/td>\r\n<\/tr>\r\n<tr style=\"height: 103px;\">\r\n<td style=\"height: 103px; width: 98.7096%;\" colspan=\"2\">\u00a0<hr \/>\r\n<h3>- \u00c9V\u00c9NEMENTS ACTUELS -<\/h3>\r\n<\/td>\r\n<\/tr>\r\n<tr style=\"height: 34px;\">\r\n<td style=\"height: 34px; width: 98.7096%;\" colspan=\"2\"><hr \/><\/td>\r\n<\/tr>\r\n<tr style=\"height: 1382px;\">\r\n<td style=\"width: 49.3548%;\">\r\n<h3><img class=\"alignnone size-medium wp-image-76324\" src=\"https:\/\/www.aic-iac.org\/wp-content\/uploads\/The-12th-300x420.jpg\" alt=\"\" width=\"300\" height=\"420\" \/>12e Symposium international de la c\u00e9ramique de Changchun<\/h3>\r\n<p>Lieu : Changchun, Chine<strong><br \/><\/strong>Symposium: 5 ao\u00fbt au 31 d\u00e9cembre 2025<strong><br \/><\/strong><span style=\"text-decoration: underline;\"><a href=\"http:\/\/www.cctyg.com\/En\/News\/2025-01-06\/199.html\" target=\"_blank\" rel=\"noopener\">Site web<\/a><\/span><\/p>\r\n<\/td>\r\n<td style=\"width: 49.3548%; height: 604px;\">\r\n<h3><img class=\"alignnone wp-image-76323 size-medium\" src=\"https:\/\/www.aic-iac.org\/wp-content\/uploads\/Latvia-Ceramics-Biennale-2025-Open-Call-3-1024x576-1-e1739783961638-300x300.jpg\" alt=\"\" width=\"300\" height=\"300\" \/>Prix Martinsons 2025, Biennale de la c\u00e9ramique de Lettonie<\/h3>\r\nLieu : Lettonie<br \/>Exposition : 5 septembre 2025 au 1 f\u00e9vrier 2026<br \/><span style=\"text-decoration: underline;\"><a href=\"https:\/\/rothkomuseum.com\/en\/winners-announced-for-the-martinsons-award\/\" target=\"_blank\" rel=\"noopener\">Site web<\/a><\/span>\r\n<p>&nbsp;<\/p>\r\n<\/td>\r\n<\/tr>\r\n<tr style=\"height: 615px;\">\r\n<td style=\"width: 49.3548%; height: 604px;\">\r\n<h3><img class=\"alignnone size-full wp-image-75386\" src=\"https:\/\/www.aic-iac.org\/wp-content\/uploads\/BC25_OPEN_CALL_1080X1080PX.jpg\" alt=\"\" width=\"1080\" height=\"1080\" \/><\/h3>\r\n<h3>XVI Biennale internationale de l'art c\u00e9ramique d'Aveiro<\/h3>\r\nLieu : Aveiro, Portugal<br \/>Exposition : 18 octobre 2025 au 18 janvier 2026<br \/><span style=\"text-decoration: underline;\"><a href=\"https:\/\/bienalceramicaaveiro.pt\/en\/home-en\/\" target=\"_blank\" rel=\"noopener\">Site web<\/a><\/span><\/td>\r\n<td style=\"width: 49.3548%;\">\r\n<h3><img class=\"alignnone wp-image-78272 size-full\" src=\"https:\/\/www.aic-iac.org\/wp-content\/uploads\/The-4th-Blanc-de-Chine-ICAA.png\" alt=\"\" width=\"4501\" height=\"8001\" \/>4e Prix international d'art c\u00e9ramique Blanc de Chine<\/h3>\r\n<p>Lieu : Chine<br \/>Exposition : 2026 (\u00e0 confirmer)<strong><br \/><\/strong><span style=\"text-decoration: underline;\"><a href=\"https:\/\/en.blancdechineicaa.com\/#page2\" target=\"_blank\" rel=\"noopener\">Site web<\/a><\/span><strong><br \/><\/strong><\/p>\r\n<\/td>\r\n<\/tr>\r\n<\/tbody>\r\n<\/table>\r\n<p>\u200b<\/p>\r\n<p>\u200b<\/p>\r\n<p>&nbsp;<\/p>","_fr_post_name":"rdv-ceramique","_fr_post_excerpt":"Cette page est r\u00e9serv\u00e9e aux grandes manifestations de c\u00e9ramique. ","_fr_post_title":"RDV c\u00e9ramique","_en_post_content":"<table style=\"width: 100%;\">\r\n<tbody>\r\n<tr>\r\n<td style=\"width: 98.7096%;\" colspan=\"2\">\r\n[caption id=\"attachment_76070\" align=\"alignnone\" width=\"2560\"]<img class=\"wp-image-76070 size-full\" src=\"https:\/\/www.aic-iac.org\/wp-content\/uploads\/5-\u8d75\u6dcb\u4f5c\u54c1\u300a\u4e07\u7269\u540c\u6e90\u300b\u8363\u83b7\u4e8c\u7b49\u5956-scaled.jpg\" alt=\"\" width=\"2560\" height=\"1707\" \/> \"All Things Come From the Same Origin\" by Zhao Lin, 2nd Prize at the 12th Shiwan Cup.[\/caption]\r\n<\/td>\r\n<\/tr>\r\n<tr>\r\n<td style=\"width: 98.7096%;\" colspan=\"2\"><em>This page will be limited to renowned ceramic events and opportunities. We encourage our collective members and other institutional partners to send us their programmes so that we can publish them on the IAC website.<\/em><\/td>\r\n<\/tr>\r\n<tr>\r\n<td style=\"width: 98.7096%;\" colspan=\"2\"><hr \/>\r\n<h3>- OPEN CALLS -<\/h3>\r\n<\/td>\r\n<\/tr>\r\n<tr>\r\n<td style=\"width: 98.7096%;\" colspan=\"2\"><hr \/><\/td>\r\n<\/tr>\r\n<tr>\r\n<td style=\"width: 49.3548%;\">\r\n<h3><img class=\"alignnone wp-image-85657 size-full\" src=\"https:\/\/www.aic-iac.org\/wp-content\/uploads\/banner_appel_a_projet_cic_2026-e1756818437224.png\" alt=\"\" width=\"314\" height=\"254\" \/>20th International Contemporary Ceramic Competition of Carouge<\/h3>\r\n<p>Location: Carouge, Switzerland<br \/>Deadline: 31 December 2025<br \/><span style=\"text-decoration: underline;\"><a href=\"https:\/\/www.carouge.ch\/cic\" target=\"_blank\" rel=\"noopener\">Website<\/a><\/span><\/p>\r\n<\/td>\r\n<td style=\"width: 49.3548%;\">\r\n<h3><img class=\"alignnone wp-image-85863 size-full\" src=\"https:\/\/www.aic-iac.org\/wp-content\/uploads\/_20250908164219-e1758015108683.png\" alt=\"\" width=\"2809\" height=\"2154\" \/>Jingdezhen International Ceramic Art Biennale 2026<\/h3>\r\n<p>Location: Jingdezhen, China<br \/>Deadline: <strong>31 December 2025<\/strong><br \/><span style=\"text-decoration: underline;\"><a href=\"http:\/\/www.cjicb.com\/\">Website<\/a><\/span><br \/><span style=\"text-decoration: underline;\"><a href=\"https:\/\/www.aic-iac.org\/wp-content\/uploads\/\u82f1\u6587-0811-final-\u74f7\u7684\u672a\u6765\u5f81\u96c6\u516c\u544a.pdf\">&gt; Open call for submissions <\/a><\/span><\/p>\r\n<\/td>\r\n<\/tr>\r\n<tr>\r\n<td>\r\n<h3><img class=\"alignnone wp-image-85865 size-full\" src=\"https:\/\/www.aic-iac.org\/wp-content\/uploads\/bck2025.jpg\" alt=\"\" width=\"1600\" height=\"1123\" \/>Biennale of Contemporary Keramics 2026<\/h3>\r\n<p>Location: Rhodes Island, Greece<br \/>Deadline: <strong>10 January 2026<br \/><\/strong><span style=\"text-decoration: underline;\"><a href=\"https:\/\/bigbluedot.art\/\">Website<\/a><\/span><\/p>\r\n<\/td>\r\n<td>\u00a0<\/td>\r\n<\/tr>\r\n<tr>\r\n<td style=\"width: 98.7096%;\" colspan=\"2\"><hr \/>\r\n<h3>- CURRENT EVENTS -<\/h3>\r\n<hr \/><\/td>\r\n<\/tr>\r\n<tr>\r\n<td style=\"width: 49.5161%;\">\r\n<h3><img class=\"alignnone size-medium wp-image-76324\" src=\"https:\/\/www.aic-iac.org\/wp-content\/uploads\/The-12th-300x420.jpg\" alt=\"\" width=\"300\" height=\"420\" \/>The 12th China Changchun International Ceramics Symposium<\/h3>\r\n<p>Location: Changchun, China<strong><br \/><\/strong>Symposium from 5 to 25 August 2025.<br \/>Exhibition: 13 October to 31 December 2025<strong><br \/><\/strong><span style=\"text-decoration: underline;\"><a href=\"http:\/\/www.cctyg.com\/En\/News\/2025-01-06\/199.html\" target=\"_blank\" rel=\"noopener\">Site web<\/a><\/span><\/p>\r\n<\/td>\r\n<td style=\"width: 49.5161%;\">\r\n<h3><img class=\"alignnone size-medium wp-image-76323\" src=\"https:\/\/www.aic-iac.org\/wp-content\/uploads\/Latvia-Ceramics-Biennale-2025-Open-Call-3-1024x576-1-e1739783961638-300x300.jpg\" alt=\"\" width=\"300\" height=\"300\" \/>Martinsons Award 2025, Latvia Ceramics Biennale<\/h3>\r\n<p>Location: Rothko Museum, Latvia<strong><br \/><\/strong>Exhibition: 5 September 2025 to 1 February 2026<strong><br \/><\/strong><span style=\"text-decoration: underline;\"><a href=\"https:\/\/rothkomuseum.com\/en\/for-artists\/biennaleeng\/\" target=\"_blank\" rel=\"noopener\">Site web<\/a><\/span><\/p>\r\n\u00a0<\/td>\r\n<\/tr>\r\n<tr>\r\n<td style=\"width: 49.1935%;\">\r\n<p><img class=\"alignnone size-full wp-image-75386\" src=\"https:\/\/www.aic-iac.org\/wp-content\/uploads\/BC25_OPEN_CALL_1080X1080PX.jpg\" alt=\"\" width=\"1080\" height=\"1080\" \/><\/p>\r\n<h3>XVII International Biennale of Ceramic Art of Aveiro<\/h3>\r\n<p>Location: Aveiro, Portugal<br \/>Exhibition: 18 October 2025 to 18 January 2026<br \/><span style=\"text-decoration: underline;\"><a href=\"http:\/\/bienalceramicaaveiro.pt\/en\/opencall-en\/\" target=\"_blank\" rel=\"noopener\">Website<\/a><\/span><\/p>\r\n<\/td>\r\n<td style=\"width: 49.1935%;\">\r\n<h3><img class=\"alignnone wp-image-78272 size-full\" src=\"https:\/\/www.aic-iac.org\/wp-content\/uploads\/The-4th-Blanc-de-Chine-ICAA.png\" alt=\"\" width=\"4501\" height=\"8001\" \/>4th Blanc de Chine International Ceramic Art Award<\/h3>\r\n<p>Location: China<br \/>Exhibition: 2026 (to be confirmed)<strong><br \/><\/strong><span style=\"text-decoration: underline;\"><a href=\"https:\/\/en.blancdechineicaa.com\/#page2\" target=\"_blank\" rel=\"noopener\">Website<\/a><\/span><strong><br \/><\/strong><\/p>\r\n<\/td>\r\n<\/tr>\r\n<\/tbody>\r\n<\/table>\n<br \/>","_en_post_name":"rdv-ceramique","_en_post_excerpt":"Posts on this page will be limited to renowned ceramic events and opportunities.","_en_post_title":"Ceramic Calendar","_ja_post_content":"","_ja_post_name":"","_ja_post_excerpt":"","_ja_post_title":"","_zh_post_content":"","_zh_post_name":"rdv-ceramique","_zh_post_excerpt":"","_zh_post_title":"","_es_post_content":"","_es_post_name":"rdv-ceramique","_es_post_excerpt":"","_es_post_title":"","edit_language":"ja"},"class_list":["post-30542","page","type-page","status-publish","has-post-thumbnail","hentry"],"_links":{"self":[{"href":"https:\/\/www.aic-iac.org\/ja\/wp-json\/wp\/v2\/pages\/30542","targetHints":{"allow":["GET"]}}],"collection":[{"href":"https:\/\/www.aic-iac.org\/ja\/wp-json\/wp\/v2\/pages"}],"about":[{"href":"https:\/\/www.aic-iac.org\/ja\/wp-json\/wp\/v2\/types\/page"}],"author":[{"embeddable":true,"href":"https:\/\/www.aic-iac.org\/ja\/wp-json\/wp\/v2\/users\/4"}],"replies":[{"embeddable":true,"href":"https:\/\/www.aic-iac.org\/ja\/wp-json\/wp\/v2\/comments?post=30542"}],"version-history":[{"count":430,"href":"https:\/\/www.aic-iac.org\/ja\/wp-json\/wp\/v2\/pages\/30542\/revisions"}],"predecessor-version":[{"id":89318,"href":"https:\/\/www.aic-iac.org\/ja\/wp-json\/wp\/v2\/pages\/30542\/revisions\/89318"}],"up":[{"embeddable":true,"href":"https:\/\/www.aic-iac.org\/ja\/wp-json\/wp\/v2\/pages\/17378"}],"wp:featuredmedia":[{"embeddable":true,"href":"https:\/\/www.aic-iac.org\/ja\/wp-json\/wp\/v2\/media\/76070"}],"wp:attachment":[{"href":"https:\/\/www.aic-iac.org\/ja\/wp-json\/wp\/v2\/media?parent=30542"}],"curies":[{"name":"wp","href":"https:\/\/api.w.org\/{rel}","templated":true}]}}