{"id":31318,"date":"2018-07-04T13:00:37","date_gmt":"2018-07-04T13:00:37","guid":{"rendered":"http:\/\/www.aic-iac.org\/?page_id=31318"},"modified":"2023-04-26T12:29:11","modified_gmt":"2023-04-26T12:29:11","slug":"","status":"publish","type":"page","link":"https:\/\/www.aic-iac.org\/ja\/activite\/treasure-bowl-collection\/","title":{"rendered":"","raw":""},"content":{"rendered":"","protected":false,"raw":""},"excerpt":{"rendered":"","protected":false,"raw":""},"author":4,"featured_media":31485,"parent":17378,"menu_order":45,"comment_status":"closed","ping_status":"closed","template":"","meta":{"_fr_post_content":"<table style=\"width: 614px;\">\r\n<tbody>\r\n<tr>\r\n<td style=\"width: 604px;\" colspan=\"2\">\r\n<p><img class=\"alignnone wp-image-31322 size-full\" src=\"https:\/\/www.aic-iac.org\/wp-content\/uploads\/tgbdoublepageprintfinal-copie.jpg\" alt=\"\" width=\"4606\" height=\"2953\" \/><\/p>\r\n<\/td>\r\n<\/tr>\r\n<tr>\r\n<td style=\"width: 604px;\" colspan=\"2\">\u00a0<\/td>\r\n<\/tr>\r\n<tr>\r\n<td style=\"width: 302px;\">\r\n<h3>Le Conseil de l\u2019Acad\u00e9mie Internationale de la C\u00e9ramique a le plaisir de pr\u00e9senter \u00ab\u00a0Treasure Bowl Collection\u00a0\u00bb. D\u00e9velopp\u00e9e de 2016 \u00e0 2018, cette collection est tout \u00e0 fait unique dans la c\u00e9ramique contemporaine. Les fonds tir\u00e9s de la vente de la collection ont vocation \u00e0 soutenir les activit\u00e9s internationales de l\u2019AIC.<\/h3>\r\n<p>&nbsp;<\/p>\r\n<\/td>\r\n<td style=\"width: 302px;\" rowspan=\"2\">\r\n<p>Le th\u00e8me de la collection, \u00ab\u00a0Native Clay\u00a0\u00bb, s'est pr\u00e9sent\u00e9 comme une \u00e9vidence. La curatrice s\u2019est confi\u00e9e sur sa vision du th\u00e8me, dans un texte \u00e0 lire plus en d\u00e9tail dans la publication qui accompagne la collection: pour elle, le sens du mot \u00ab\u00a0Native\u00a0\u00bb n\u2019est plus assimilable \u00e0 une simple cat\u00e9gorie g\u00e9ographique. Le terme inclut les sp\u00e9cificit\u00e9s propres \u00e0 chaque individu, produites par l\u2019environnement, l\u2019histoire et la culture de sa terre natale ou du lieu sp\u00e9cifique o\u00f9 cette personne s\u2019est install\u00e9e.<br \/><br \/><span style=\"font-family: inherit;\">\u00c0 travers l\u2019exercice fondamental du fa\u00e7onnage d\u2019un bol, les artistes invit\u00e9.e.s, fort.e.s de savoir-faire d\u2019exception tant traditionnels que contemporains, se sont employ\u00e9.e.s \u00e0 l\u2019expression du natif, du soi et des valeurs communes. Pour l\u2019artiste c\u00e9ramiste, le bol est une forme arch\u00e9typale. Dans ses variations multiples, c\u2019est un objet iconique symbolisant l\u2019universalit\u00e9 de la conscience et des n\u00e9cessit\u00e9s humaines. Son potentiel expressif, voix de plusieurs cultures, t\u00e9moigne de sa grande valeur artistique.<\/span><\/p>\r\n<p>&nbsp;<\/p>\r\n<\/td>\r\n<\/tr>\r\n<tr>\r\n<td style=\"width: 302px;\">\r\n<p>Treasure Bowl Collection est l\u2019aboutissement d\u2019une pr\u00e9cieuse collaboration entre 10 artistes internationaux et la curatrice Misun Rheem, tou.te.s membres de l\u2019Acad\u00e9mie.\u00a0Misun Rheem y c\u00e9l\u00e8bre la philosophie de l'AIC, fond\u00e9e sur le partage des connaissances et la fraternit\u00e9.<br \/><br \/><br \/><\/p>\r\n<p>&nbsp;<\/p>\r\n<\/td>\r\n<\/tr>\r\n<tr>\r\n<td style=\"width: 302px;\">\r\n<h3>Les \u0153uvres de cette premi\u00e8re \u00e9dition ont \u00e9t\u00e9 r\u00e9alis\u00e9es par : \u00a0<\/h3>\r\n<p><br \/>\u00a0\u00a0<br \/>- Abbas Akbari (Iran)<br \/>- Philippe Barde (Suisse)<br \/>- Janet DeBoos (Australie)<br \/>- Wayne Higby (\u00c9tats-Unis)<br \/>- Kyung Jo Roe (Cor\u00e9e du Sud)<br \/>- Toshio Ohi Chozaemon XI (Japon)<br \/>- Gustavo P\u00e9rez (Mexique)<br \/>- Ann Van Hoey (Belgique)<br \/>- Wen Yeh (Taipei chinois)<br \/>- Fiona Lai Ching Wong (Hong Kong)<\/p>\r\n<\/td>\r\n<td style=\"width: 302px;\"><img class=\"alignnone size-full wp-image-31323\" src=\"https:\/\/www.aic-iac.org\/wp-content\/uploads\/Capture-d\u2019\u00e9cran-2018-07-04-\u00e0-15.02.26.png\" alt=\"\" width=\"768\" height=\"818\" \/><br \/><em><span style=\"color: #999999;\">D\u00e9tail d'un bol: Toshio Ohi Chozaemon XI (Japon)<\/span><\/em><\/td>\r\n<\/tr>\r\n<tr>\r\n<td style=\"width: 302px;\">\r\n<h3>\u00a0<\/h3>\r\n<\/td>\r\n<td style=\"width: 302px;\">\u00a0<\/td>\r\n<\/tr>\r\n<tr>\r\n<td style=\"width: 302px;\">Cette \u00e9dition est constitu\u00e9e de 12 sets num\u00e9rot\u00e9s de 1 \u00e0 12, compos\u00e9s chacun de 10 bols sign\u00e9s par les artistes.\u00a0Un certificat garantit l\u2019authenticit\u00e9 des\u00a0pi\u00e8ces.\u00a0La limitation \u00e0 12 sets et 10 artistes fait de cet ensemble une r\u00e9alisation unique dans le monde de la c\u00e9ramique contemporaine.<br \/>\u00a0<br \/>Le projet n\u2019aurait pu aboutir sans m\u00e9c\u00e9nat international. Ainsi, l\u2019AIC adresse ses remerciements les plus sinc\u00e8res aux deux m\u00e9c\u00e8nes qui ont accept\u00e9 d\u2019apporter leur soutien financier \u00e0 ce projet, avant m\u00eame que les \u0153uvres n\u2019existent. Ce t\u00e9moignage de confiance envers l\u2019AIC et ses membres fonde un moment important de l'histoire de l\u2019association.<br \/><br \/>Outre le soutien initial de ces m\u00e9c\u00e8nes, deux institutions de renomm\u00e9e internationale se sont propos\u00e9es d\u2019acqu\u00e9rir chacune un set: le Mus\u00e9e Ariana en Suisse et le Alfred Ceramic Art Museum, aux\u00a0\u00c9tats-Unis.\u00a0Quelques sets sont encore disponibles, \u00e0 l\u2019attention des personnes et institutions qui souhaitent soutenir la qualit\u00e9 et la diversit\u00e9 de l\u2019art c\u00e9ramique dans le monde. Vous \u00eates sensibles \u00e0 notre travail? Devenez m\u00e9c\u00e8ne de l\u2019AIC.<\/td>\r\n<td style=\"width: 302px;\">\r\n<p>Le prix de d\u00e9part de chaque set est fix\u00e9 \u00e0 CHF 18'000.<\/p>\r\n<p>Une seconde \u00e9dition de \u00ab\u00a0Treasure Bowl Collection\u00a0\u00bb est actuellement en cours et sera pr\u00e9sent\u00e9e lors du Congr\u00e8s de l\u2019AIC \u00e0 Rovaniemi, Finlande, en juillet 2020.<\/p>\r\n<p><br \/>Pour tout renseignement compl\u00e9mentaire, veuillez contacter le Secr\u00e9tariat de l\u2019AIC, par email ou par t\u00e9l\u00e9phone\u00a0: contacts@aic-iac.org\/ +41 22\u00a0418 54 76.<\/p>\r\n<p>&nbsp;<\/p>\r\n<hr \/>\r\n<p>&nbsp;<\/p>\r\n<p>EXPOSITIONS DE TREASURE BOWL COLLECTION (TBC)<\/p>\r\n<p><span style=\"text-decoration: underline;\">Mus\u00e9e Ariana<br \/><\/span>Exposition de la collection du 2 septembre \u00e0 3 novembre 2019, et vernissage le 3 octobre du 18h15 \u00e0 19h lors de l'\u00e9venenent\u00a0<a href=\"https:\/\/www.aic-iac.org\/accueil\/activite\/6e-iac-day\/\">6e IAC Day<\/a>.<\/p>\r\n<p><span style=\"text-decoration: underline;\">Salon R\u00e9v\u00e9lations<br \/><\/span>Exposition de la collection lors de la 4e \u00e9dition du salon des m\u00e9tiers d\u2019art et de la cr\u00e9ation internationale \u2018R\u00e9v\u00e9lations\u2019 qui a eu lieu au Grand Palais \u00e0 Paris du 23 au 26 mai 2019.<\/p>\r\n<p><span style=\"text-decoration: underline;\">Yingge Ceramics Museum<\/span><br \/>Exposition de la collection en septembre 2018 au Yingge Ceramics Museum, \u00e0 New Taipei City, dans le cadre du Congr\u00e8s de l\u2019AIC 2018.<\/p>\r\n<p>&nbsp;<\/p>\r\n<hr \/><span class=\"caption\"><span style=\"font-family: inherit;\">Cr\u00e9dits photo: Guillaume Mausset<\/span><br \/><\/span><\/td>\r\n<\/tr>\r\n<tr>\r\n<td style=\"width: 604px;\" colspan=\"2\">\u00a0<\/td>\r\n<\/tr>\r\n<tr>\r\n<td style=\"width: 302px;\">\r\n<p>POUR CONSULTER LE CATALOGUE :\u00a0<br \/><span style=\"color: #777777; font-family: inherit;\">(Cliquez sur la premi\u00e8re image ci-dessous)<\/span><\/p>\r\n<\/td>\r\n<td style=\"width: 302px;\">\r\n<p>POUR T\u00c9L\u00c9CHARGER LE CATALOGUE :\u00a0<br \/><span style=\"color: #808080;\">Tous droits de reproduction du contenu du catalogue TBC sont r\u00e9serv\u00e9s \u00e0 l'AIC.\u00a0<\/span><\/p>\r\n<p><a href=\"https:\/\/www.aic-iac.org\/wp-content\/uploads\/TBCAICIAC.pdf\">&gt;&gt; Cliquez sur ce lien<\/a><\/p>\r\n<\/td>\r\n<\/tr>\r\n<\/tbody>\r\n<\/table>\r\n<p>[gallery ids=\"31470,31471,31472,31473,31474,31475,31476,31477,31478,31479,31480,31481,31482,31483,31484,31485,31486,31487,31488,31489,31490,31491,31492,31493,31494,31495,31496,31497,31498,31499,31500\"]<\/p>","_fr_post_name":"treasure-bowl-collection","_fr_post_excerpt":"Treasure Bowl Collection est l\u2019aboutissement d\u2019une pr\u00e9cieuse collaboration entre 10 artistes.","_fr_post_title":"Treasure Bowl Collection","_en_post_content":"<table style=\"width: 614px;\">\r\n<tbody>\r\n<tr>\r\n<td style=\"width: 604px;\" colspan=\"2\">\r\n<p><img class=\"alignnone wp-image-31322 size-full\" src=\"https:\/\/www.aic-iac.org\/wp-content\/uploads\/tgbdoublepageprintfinal-copie.jpg\" alt=\"\" width=\"4606\" height=\"2953\" \/><\/p>\r\n<\/td>\r\n<\/tr>\r\n<tr>\r\n<td style=\"width: 604px;\" colspan=\"2\">\u00a0<\/td>\r\n<\/tr>\r\n<tr>\r\n<td style=\"width: 299px;\">\r\n<h3>The International Academy of Ceramics Council is pleased to announce \u201cThe Treasure Bowl Collection\u201d is open for acquisition. Developed from 2016 to 2018, this collection is unique in contemporary ceramics. Funds from the purchase of this collection will go to support the work of the IAC throughout the world.<br \/><br \/><\/h3>\r\n<\/td>\r\n<td style=\"width: 299px;\" rowspan=\"2\">\r\n<p>The theme of the collection, \u201cNative Clay\u201d, was a natural choice. Curator Rheem explained the theme in the following words, which are offered in more detail in her essay included in the accompanying catalogue for the collection: The meaning of \u2018Native\u2019 can no longer be limited to a geographical category. Native includes the unique characteristics of an individual formed by the environment, by history and by the culture of one\u2019s homeland or specific place where he or she resides.<\/p>\r\n<p>Through the fundamental act of shaping a bowl, the invited artists used their remarkable traditional and contemporary skills to express the concepts of native self and common values. For the ceramic artist, the bowl is an archetypal form. In all its variations, it is an iconic object symbolic of universal human consciousness and necessity. Its expressive potential as the voice of many cultures testifies to its great artistic value.<\/p>\r\n<\/td>\r\n<\/tr>\r\n<tr>\r\n<td style=\"width: 299px;\">\r\n<p>The Treasure Bowl Collection is the result of a rare collaboration of 10 international artists and curator Misun Rheem, all IAC members.\u00a0Curator Misun Rheem celebrates the IAC philosophy based on the sharing of knowledge and friendship.<\/p>\r\n<\/td>\r\n<\/tr>\r\n<tr>\r\n<td style=\"width: 299px;\">\r\n<h3>Artworks in this first edition were made by:\u00a0<br \/><br \/><br \/><br \/><\/h3>\r\n<p><br \/><br \/>- Abbas Akbari (Iran)<br \/>- Philippe Barde (Switzerland)<br \/>- Janet DeBoos (Australia)<br \/>- Wayne Higby (United States)<br \/>- Kyung Jo Roe (South Korea)<br \/>- Toshio Ohi Chozaemon XI (Japan)<br \/>- Gustavo P\u00e9rez (Mexico)<br \/>- Ann Van Hoey (Belgium)<br \/>- Wen Yeh (Chinese Taipei)<br \/>- Fiona Lai Ching Wong (Hong Kong)<\/p>\r\n<\/td>\r\n<td style=\"width: 299px;\">\r\n[caption id=\"attachment_31323\" align=\"alignnone\" width=\"768\"]<img class=\"wp-image-31323 size-full\" src=\"https:\/\/www.aic-iac.org\/wp-content\/uploads\/Capture-d\u2019\u00e9cran-2018-07-04-\u00e0-15.02.26.png\" alt=\"\" width=\"768\" height=\"818\" \/> Bowl detail, Toshio Ohi Chozaemon XI (Japan)[\/caption]\r\n<\/td>\r\n<\/tr>\r\n<tr>\r\n<td style=\"width: 299px;\">\r\n<h3>\u00a0<\/h3>\r\n<\/td>\r\n<td style=\"width: 299px;\">\u00a0<\/td>\r\n<\/tr>\r\n<tr>\r\n<td style=\"width: 299px;\">This edition is made of 12 numbered sets, each composed of 10 bowls signed by the respective artists. A certificate attests to the authenticity of all artworks. The limitation to 12 sets and 10 artists makes this edition a unique achievement in the world of contemporary ceramics.<br \/><br \/>The collection could not have been possible without international philanthropy. The IAC therefore extends its utmost gratitude to the two patrons who agreed to support this project financially, even before the artworks existed. Their trust in the IAC and its members makes the TBC an important step in the association's history.<br \/><br \/>In addition to the initial support of those art benefactors, the Mus\u00e9e Ariana in Switzerland and the Alfred Ceramic Art Museum in the United States have each committed to acquiring 1 set of the Treasure Bowl Collection. A few sets are still available for acquisition for those wishing to help the International Academy of Ceramics continue to support the quality and diversity of ceramic art around the globe. Thank you for your consideration. Become a patron of the IAC.<\/td>\r\n<td style=\"width: 299px;\">\r\n<p>The acquisition price of each collection set starts at CHF 18,000.<\/p>\r\n<p>A second edition of the \u201cTreasure Bowl Collection\u201d is currently underway and will be presented at the IAC Congress in Rovaniemi, Finland, in July 2020.<\/p>\r\n<p>Please contact the IAC Secretariat for further details, by email or by phone: <br \/>contacts@aic-iac.org<br \/>\/ +41 22\u00a0418 54 76.<\/p>\r\n<hr \/>\r\n<p>&nbsp;<\/p>\r\n<p>EXHIBITIONS OF THE TREASURE BOWL COLLECTION (TBC)<\/p>\r\n<p><span style=\"text-decoration: underline;\">Ariana Museum<\/span><br \/>TBC Exhibition from September 2nd until November 3rd 2019, with the vernissage on October 3rd from 6:15pm to 7pm during the <a href=\"https:\/\/www.aic-iac.org\/en\/accueil\/activite\/6e-iac-day\/\">6th IAC Day<\/a>.<\/p>\r\n<p><span style=\"text-decoration: underline;\">R\u00e9v\u00e9lations Fair<\/span><br \/>TBC Exhibition at the\u00a04th edition of the international biannual fine arts and crafts fair \u2018R\u00e9v\u00e9lations\u2019, which was held in the Grand Palais in Paris from May 23rd to 26th 2019.<\/p>\r\n<p><span style=\"text-decoration: underline;\">Yingge Ceramics Museum<\/span><br \/>TBC Exhibition in\u00a0September 2018 at the Yingge Ceramics Museum, in New Taipei City, in the context of the IAC 2018 Congress.<\/p>\r\n<p>&nbsp;<\/p>\r\n<hr \/>\r\n<p><span style=\"color: #777777; font-family: inherit;\">Photo credits: Guillaume Mausset<\/span><\/p>\r\n<\/td>\r\n<\/tr>\r\n<tr>\r\n<td style=\"width: 604px;\" colspan=\"2\">\u00a0<\/td>\r\n<\/tr>\r\n<tr>\r\n<td style=\"width: 299px;\">\r\n<p>SEE THE TBC CATALOGUE:\u00a0<br \/><span style=\"color: #777777; font-family: inherit;\">(By clicking the first image below)<\/span><\/p>\r\n<\/td>\r\n<td style=\"width: 299px;\">\r\n<p>DOWNLOAD THE TBC CATALOGUE:<br \/><span style=\"color: #808080;\">The content of this catalogue are protected by IAC copyright.\u00a0<\/span><\/p>\r\n<p><a href=\"https:\/\/www.aic-iac.org\/wp-content\/uploads\/TBCAICIAC.pdf\">&gt;&gt; Catalogue in pdf format<\/a><\/p>\r\n<\/td>\r\n<\/tr>\r\n<\/tbody>\r\n<\/table>\r\n<p>[gallery ids=\"31500,31499,31498,31497,31496,31495,31494,31493,31492,31491,31490,31489,31488,31487,31486,31485,31484,31483,31482,31481,31480,31479,31478,31477,31476,31475,31474,31473,31472,31471,31470\"]<\/p>","_en_post_name":"treasure-bowl-collection","_en_post_excerpt":"The Treasure Bowl Collection is the result of a rare collaboration of 10 international artists.","_en_post_title":"Treasure Bowl Collection","_ja_post_content":"","_ja_post_name":"","_ja_post_excerpt":"","_ja_post_title":"","_zh_post_content":"","_zh_post_name":"","_zh_post_excerpt":"","_zh_post_title":"","_es_post_content":"","_es_post_name":"","_es_post_excerpt":"","_es_post_title":"","edit_language":"ja"},"class_list":["post-31318","page","type-page","status-publish","has-post-thumbnail","hentry"],"_links":{"self":[{"href":"https:\/\/www.aic-iac.org\/ja\/wp-json\/wp\/v2\/pages\/31318","targetHints":{"allow":["GET"]}}],"collection":[{"href":"https:\/\/www.aic-iac.org\/ja\/wp-json\/wp\/v2\/pages"}],"about":[{"href":"https:\/\/www.aic-iac.org\/ja\/wp-json\/wp\/v2\/types\/page"}],"author":[{"embeddable":true,"href":"https:\/\/www.aic-iac.org\/ja\/wp-json\/wp\/v2\/users\/4"}],"replies":[{"embeddable":true,"href":"https:\/\/www.aic-iac.org\/ja\/wp-json\/wp\/v2\/comments?post=31318"}],"version-history":[{"count":64,"href":"https:\/\/www.aic-iac.org\/ja\/wp-json\/wp\/v2\/pages\/31318\/revisions"}],"predecessor-version":[{"id":64268,"href":"https:\/\/www.aic-iac.org\/ja\/wp-json\/wp\/v2\/pages\/31318\/revisions\/64268"}],"up":[{"embeddable":true,"href":"https:\/\/www.aic-iac.org\/ja\/wp-json\/wp\/v2\/pages\/17378"}],"wp:featuredmedia":[{"embeddable":true,"href":"https:\/\/www.aic-iac.org\/ja\/wp-json\/wp\/v2\/media\/31485"}],"wp:attachment":[{"href":"https:\/\/www.aic-iac.org\/ja\/wp-json\/wp\/v2\/media?parent=31318"}],"curies":[{"name":"wp","href":"https:\/\/api.w.org\/{rel}","templated":true}]}}