{"id":32118,"date":"2019-01-10T15:59:01","date_gmt":"2019-01-10T15:59:01","guid":{"rendered":"http:\/\/www.aic-iac.org\/?page_id=32118"},"modified":"2019-01-11T08:30:44","modified_gmt":"2019-01-11T08:30:44","slug":"","status":"publish","type":"page","link":"https:\/\/www.aic-iac.org\/ja\/membres\/politique-de-confidentialite\/","title":{"rendered":"","raw":""},"content":{"rendered":"","protected":false,"raw":""},"excerpt":{"rendered":"","protected":false,"raw":""},"author":4,"featured_media":0,"parent":8,"menu_order":2,"comment_status":"closed","ping_status":"closed","template":"","meta":{"_fr_post_content":"<table>\r\n<tbody>\r\n<tr>\r\n<td colspan=\"2\">\u00a0<\/td>\r\n<\/tr>\r\n<tr>\r\n<td>Pour t\u00e9l\u00e9charger la politique de confidentialit\u00e9 de l\u2019AIC,\u00a0<a href=\"https:\/\/www.aic-iac.org\/wp-content\/uploads\/ProtectionDonn\u00e9esFR.pdf\">cliquez ici.<\/a><\/td>\r\n<td>\u00a0<\/td>\r\n<\/tr>\r\n<\/tbody>\r\n<\/table>\r\n<p>&nbsp;<\/p>","_fr_post_name":"politique-de-confidentialite","_fr_post_excerpt":"T\u00e9l\u00e9charger la politique de confidentialit\u00e9 de l\u2019AIC sur cette page.","_fr_post_title":"POLITIQUE DE CONFIDENTIALIT\u00c9","_en_post_content":"<table>\r\n<tbody>\r\n<tr>\r\n<td colspan=\"2\">\u00a0<\/td>\r\n<\/tr>\r\n<tr>\r\n<td>To download the privacy policy of the International Academy of Ceramics, <a href=\"https:\/\/www.aic-iac.org\/wp-content\/uploads\/ClauseDataProtectionEN.pdf\">click here.<\/a><\/td>\r\n<td>\u00a0<\/td>\r\n<\/tr>\r\n<\/tbody>\r\n<\/table>\r\n<p>&nbsp;<\/p>","_en_post_name":"privacy-policy","_en_post_excerpt":"Download the privacy policy of the IAC on this page.","_en_post_title":"PRIVACY POLICY","_ja_post_content":"","_ja_post_name":"","_ja_post_excerpt":"","_ja_post_title":"","_zh_post_content":"","_zh_post_name":"","_zh_post_excerpt":"","_zh_post_title":"","_es_post_content":"","_es_post_name":"","_es_post_excerpt":"","_es_post_title":"","edit_language":"ja"},"class_list":["post-32118","page","type-page","status-publish","hentry"],"_links":{"self":[{"href":"https:\/\/www.aic-iac.org\/ja\/wp-json\/wp\/v2\/pages\/32118","targetHints":{"allow":["GET"]}}],"collection":[{"href":"https:\/\/www.aic-iac.org\/ja\/wp-json\/wp\/v2\/pages"}],"about":[{"href":"https:\/\/www.aic-iac.org\/ja\/wp-json\/wp\/v2\/types\/page"}],"author":[{"embeddable":true,"href":"https:\/\/www.aic-iac.org\/ja\/wp-json\/wp\/v2\/users\/4"}],"replies":[{"embeddable":true,"href":"https:\/\/www.aic-iac.org\/ja\/wp-json\/wp\/v2\/comments?post=32118"}],"version-history":[{"count":10,"href":"https:\/\/www.aic-iac.org\/ja\/wp-json\/wp\/v2\/pages\/32118\/revisions"}],"predecessor-version":[{"id":32128,"href":"https:\/\/www.aic-iac.org\/ja\/wp-json\/wp\/v2\/pages\/32118\/revisions\/32128"}],"up":[{"embeddable":true,"href":"https:\/\/www.aic-iac.org\/ja\/wp-json\/wp\/v2\/pages\/8"}],"wp:attachment":[{"href":"https:\/\/www.aic-iac.org\/ja\/wp-json\/wp\/v2\/media?parent=32118"}],"curies":[{"name":"wp","href":"https:\/\/api.w.org\/{rel}","templated":true}]}}