{"id":40735,"date":"2019-09-30T16:44:38","date_gmt":"2019-09-30T16:44:38","guid":{"rendered":"https:\/\/www.aic-iac.org\/?page_id=40735"},"modified":"2025-12-18T13:20:19","modified_gmt":"2025-12-18T13:20:19","slug":"","status":"publish","type":"page","link":"https:\/\/www.aic-iac.org\/ja\/forums\/","title":{"rendered":"","raw":""},"content":{"rendered":"","protected":false,"raw":""},"excerpt":{"rendered":"","protected":false,"raw":""},"author":4,"featured_media":30724,"parent":0,"menu_order":39,"comment_status":"closed","ping_status":"closed","template":"","meta":{"_fr_post_content":"<table width=\"619\">\r\n<tbody>\r\n<tr>\r\n<td>\r\n<p>Les pistes de travail par St\u00e9phanie Le Follic-Hadida\"Chaque ann\u00e9e, le Comit\u00e9 de Liaison des ONG partenaires de l'UNESCO \u00e9nonce des th\u00e8mes de Journ\u00e9es ou de Forums et d\u00e9termine des lieux pour chacun de ces \u00e9v\u00e9nements. Si elle \u00e9met des propositions pertinentes et faisables, l\u2019AIC peut s'inscrire dans ces th\u00e9matiques. L'Acad\u00e9mie doit pouvoir s'appuyer sur tous ses membres. La vitalit\u00e9 de notre partenariat d\u00e9pend de l'engagement et de la bonne volont\u00e9 de tous. Dans un souci d'efficacit\u00e9, j'aimerais, notamment, pouvoir compter sur des membres-relais dans chacun de nos 55 pays.<\/p>\r\n<p>&nbsp;<\/p>\r\n<p>&nbsp;<\/p>\r\n<\/td>\r\n<td>\r\n<p>Permettez-moi de vous d\u00e9finir en quelques mots les secteurs sur lesquels l\u2019UNESCO souhaiterait nous voir travailler\u00a0: l\u2019\u00e9ducation (petite enfance, \u00e9ducation et jeunes filles, statut de la femme son r\u00f4le dans l\u2019\u00e9conomie des pays pauvres...), l\u2019\u00e9cologie (\u00e9conomie et construction durables, la question de l\u2019eau, l\u2019adaptation aux changements climatiques, la gestion des d\u00e9chets...), le patrimoine et la culture \u00e0 travers, notamment, ce programme portant le Patrimoine culturel immat\u00e9riel (Intangible Cultural Heritage). Cinq secteurs sont ici concern\u00e9s\u00a0: la tradition orale, l\u2019art de la sc\u00e8ne (musique, pantomime, th\u00e9\u00e2tre traditionnels), les c\u00e9r\u00e9monies rituelles (et de quelle mani\u00e8re elles continuent de f\u00e9d\u00e9rer un groupe social), la tradition artisanale, la perp\u00e9tuation et la transmission de pratiques ancestrales dans la gestion d\u2019un paysage et des esp\u00e8ces qui l\u2019habitent.<br \/>Les \u00c9tats Membres de l\u2019UNESCO attendent \u2013 souhaitent m\u00eame \u2013 des ONG des propositions pragmatiques, en corr\u00e9lation avec les probl\u00e8mes climatiques, \u00e9conomiques et \u00e9ducatifs qu\u2019ils rencontrent.<br \/>Les zones prioritaires d\u00e9termin\u00e9es sont l'Asie, l'Afrique et l'Am\u00e9rique du Sud.<\/p>\r\n<p>Cliquez sur le lien pour consulter le rapport :\u00a0<br \/><a href=\"https:\/\/www.aic-iac.org\/wp-content\/uploads\/Conseil-ex%C2%8Ecutif-du-Comit%C2%8E-sur-les-partenaires-non-gouvernementaux.pdf\">Les partenaires non gouvernementaux<\/a><\/p>\r\n<\/td>\r\n<\/tr>\r\n<tr>\r\n<td colspan=\"2\"><hr \/>\r\n<p>&nbsp;<\/p>\r\n<\/td>\r\n<\/tr>\r\n<tr>\r\n<td><span style=\"color: #000000;\"><span class=\"caption\">2015, \u00e9v\u00e9nements\u00a0pr\u00e9c\u00e9dents:\u00a0 \u00a0<span style=\"text-decoration: underline;\">Ve Forum ONG\/UNESCO - Beijing<strong><br \/><\/strong><\/span>\"Rapprochement des cultures, au-del\u00e0 des diversit\u00e9s\".\u00a0<\/span><span class=\"caption\">Appel \u00e0 suggestions de la part des membres de l\u2019Acad\u00e9mie. Plus d'information\u00a0<a style=\"color: #000000;\" href=\"http:\/\/fr.unesco.org\/events\/rapprochement-cultures-seule-humanite-au-dela-diversites-cinquieme-forum-international-ong\">cliquez ici.<\/a><span style=\"text-decoration: underline;\">70\u00e8me anniversaire de l'UNESCO<br \/><\/span>Le comit\u00e9 de liaison organisera une c\u00e9r\u00e9monie\/spectacle les 3 et 4 juillet, \u00e0 Paris.\u00a0<\/span><span class=\"caption\">Appel \u00e0 suggestions de la part des membres de l\u2019Acad\u00e9mie. Plus d'information\u00a0<a style=\"color: #000000;\" href=\"https:\/\/www.aic-iac.org\/wp-content\/uploads\/WG-for-the-Celebration-of-the-70-Aniversary-of-UNESCO.pdf\">cliquez ici<\/a>.<span style=\"text-decoration: underline;\">Forum 4: 18-19 juin 2014 \u00e0 Paris<\/span><\/span><span class=\"caption\">Sur 2 jours. Th\u00e8me\u00a0\"<a style=\"color: #000000;\" href=\"https:\/\/www.aic-iac.org\/wp-content\/uploads\/Forum-sur-le-r\u00f4le-des-femmes-dans-la-lutte-contre-la-Pauvret\u00e9.pdf\">R\u00f4le des femmes dans la lutte contre la pauvret\u00e9<\/a>\u00a0\". Les propositions sont closes. L\u2019AIC a particip\u00e9 aux r\u00e9unions d\u2019\u00e9laboration et a fait des propositions d\u2019interventions.\u00a0<span style=\"text-decoration: underline;\">Concours photo\u00a0<br \/><\/span>Organis\u00e9 par l\u2019ONG WFPA\u00a0(World Folklore Photographers Association)\u00a0M. Shen Che) sur le th\u00e8me du patrimoine mat\u00e9riel et immat\u00e9riel\u00a0ouvert aux photographes professionnels et amateurs du monde entier\u00a0:\u00a0<a style=\"color: #000000;\" href=\"http:\/\/www.worldfpa.org\/?p=7305\">http:\/\/www.worldfpa.org\/?p=7305<\/a><\/span><\/span><\/td>\r\n<td>\r\n<p>En 2016, les axes de travail d\u00e9finis par le Comit\u00e9 de Liaison ONG\/UNESCO sont les suivants :<\/p>\r\n<p>- FORUM \"PAIX\", en Am\u00e9rique du Sud. Lieu et date restent \u00e0 pr\u00e9ciser.<br \/>- FORUM \"OC\u00c9ANS\". Lieu et date restent \u00e0 pr\u00e9ciser.<br \/>- Donner une suite au FORUM \"RAPPROCHEMENT DES CULTURES, AU-DEL\u00c0 DES DIVERSIT\u00c9S\" (suite Beijing 2015)<\/p>\r\n<p>Je ne manquerai pas de vous en donner le d\u00e9tail d\u00e8s que les projets prendront corps.<\/p>\r\n<p>Le bureau de l'AIC envisage faire des propositions pour le Forum \"Paix\" Si certains membres de l'AIC r\u00e9sidant en Am\u00e9rique du Sud souhaitent nous apporter leur soutien, ils peuvent d'ores et d\u00e9j\u00e0 le faire savoir \u00e0 Anja Seiler : info@aic-iac.org<\/p>\r\n<p>&nbsp;<\/p>\r\n<\/td>\r\n<\/tr>\r\n<\/tbody>\r\n<\/table>\r\n<p><a href=\"mailto:\">\u00a0<\/a><\/p>","_fr_post_name":"forums","_fr_post_excerpt":"Forums 2015 et 2016","_fr_post_title":"ARCHIVE_Forums 2015 et 2016","_en_post_content":"<table style=\"height: 632px;\" width=\"619\">\r\n<tbody>\r\n<tr>\r\n<td style=\"width: 301px;\">\r\n<p><span style=\"text-decoration: underline;\">Ways to work by St\u00e9phanie Le Follic-Hadida<\/span><\/p>\r\n<p>\u201cEvery year, the NGO-UNESCO Liaison Committee sets the themes for Days or Forums and determines locations for each event. The Academy can contribute to these themes, if relevant and feasible proposals are made. All members should support the Academy because the vitality of our partnership depends on the commitment and the willingness of all. In order to be effective, I would like to be able to count on the involvement of members in each of our 55 countries.<\/p>\r\n<p><span style=\"text-decoration: underline;\">\u00a0<\/span><\/p>\r\n<\/td>\r\n<td style=\"width: 301px;\">\r\n<p>Allow me to describe briefly the areas in which UNESCO would like to see our involvement: education (infants, girls\u2019 education, women\u2019s status and role in the economies of poor countries\u2026), environmental protection (sustainable economies and construction, water issues, climate change adaptation, waste management\u2026), and heritage and culture, for instance through the Intangible Cultural Heritage programme. There are five main areas in this regard: oral traditions, performing arts (traditional music, pantomime, theatre), ritual ceremonies (and how they continue to bind social groups together), traditional crafts, and the perpetuation and transmission of ancestral practices that help to preserve the natural environment.<\/p>\r\n<p>UNESCO Member States expect and want NGOs to make practical proposals relating to the educational, economic and climate-related problems they face.<\/p>\r\n<p>&nbsp;<\/p>\r\n<\/td>\r\n<\/tr>\r\n<tr style=\"height: 78px;\">\r\n<td style=\"width: 608.6666870117188px; height: 78px;\" colspan=\"2\"><hr \/>\r\n<p>&nbsp;<\/p>\r\n<\/td>\r\n<\/tr>\r\n<tr style=\"height: 544px;\">\r\n<td style=\"width: 301px; height: 544px;\">\r\n<p><span style=\"text-decoration: underline;\">In 2016,<\/span> work areas defined by the NGO-UNESCO Liaison Committee are:<\/p>\r\n<p>- FORUM \"PEACE\" in South America. Place and date yet to be determined.<br \/>- FORUM \"OCEANS\". Place and date yet to be determined.<br \/>- The follow-up of the FORUM \"RAPPROCHEMENT OF CULTURE\" (after Beijing 2015)<\/p>\r\n<p>I will keep you informed as soon as the projects take shape.<\/p>\r\n<p>The IAC office is planning to make proposals to the Forum \"Peace\". If IAC members residing in South America wish to support us, they may already contact Anja Seiler to : info@aic-iac.org<\/p>\r\n<p>&nbsp;<\/p>\r\n<p><span style=\"text-decoration: underline;\">\u00a0<\/span><\/p>\r\n<\/td>\r\n<td style=\"width: 301px; height: 544px;\">\r\n<p><span style=\"text-decoration: underline;\">In 2015 : (previous event)<\/span><\/p>\r\n<p>Forum of NGO's in China : Beijing<br \/>Two days, Theme : \" Rapprochement of Cultures\"\u00a0<br \/>Call for suggestions from IAC members. More information, click here.<\/p>\r\n<p>UNESCO'S 70th anniversary celebrations<br \/>The liaison committee will organize a ceremony on 3-4 July in Paris.\u00a0<br \/>Call for suggestions from IAC members. More information, click here.<\/p>\r\n<p>Forum 4 : 18-19 June 2014 in Paris<br \/>Two days, theme : \" The role of women in fight against the poverty \". The proposal are closed. The IAC participated in the meeting and made proposals and interventions.<\/p>\r\n<p>Photo awards<br \/>Organized by WFPA (World Folklore Photographers Association)\u00a0M. Shen Che). <br \/>Link :\u00a0http:\/\/www.worldfpa.org\/?p=7305\u00a0<\/p>\r\n<p>&nbsp;<\/p>\r\n<\/td>\r\n<\/tr>\r\n<\/tbody>\r\n<\/table>\r\n<p><a href=\"mailto:\">\u00a0<\/a><\/p>","_en_post_name":"forums","_en_post_excerpt":"Forums in 2015\/2016","_en_post_title":"Forums 2015 and 2016","_ja_post_content":"","_ja_post_name":"","_ja_post_excerpt":"","_ja_post_title":"","_zh_post_content":"","_zh_post_name":"","_zh_post_excerpt":"","_zh_post_title":"","_es_post_content":"","_es_post_name":"","_es_post_excerpt":"","_es_post_title":"","edit_language":"ja"},"class_list":["post-40735","page","type-page","status-publish","has-post-thumbnail","hentry"],"_links":{"self":[{"href":"https:\/\/www.aic-iac.org\/ja\/wp-json\/wp\/v2\/pages\/40735","targetHints":{"allow":["GET"]}}],"collection":[{"href":"https:\/\/www.aic-iac.org\/ja\/wp-json\/wp\/v2\/pages"}],"about":[{"href":"https:\/\/www.aic-iac.org\/ja\/wp-json\/wp\/v2\/types\/page"}],"author":[{"embeddable":true,"href":"https:\/\/www.aic-iac.org\/ja\/wp-json\/wp\/v2\/users\/4"}],"replies":[{"embeddable":true,"href":"https:\/\/www.aic-iac.org\/ja\/wp-json\/wp\/v2\/comments?post=40735"}],"version-history":[{"count":10,"href":"https:\/\/www.aic-iac.org\/ja\/wp-json\/wp\/v2\/pages\/40735\/revisions"}],"predecessor-version":[{"id":89727,"href":"https:\/\/www.aic-iac.org\/ja\/wp-json\/wp\/v2\/pages\/40735\/revisions\/89727"}],"wp:featuredmedia":[{"embeddable":true,"href":"https:\/\/www.aic-iac.org\/ja\/wp-json\/wp\/v2\/media\/30724"}],"wp:attachment":[{"href":"https:\/\/www.aic-iac.org\/ja\/wp-json\/wp\/v2\/media?parent=40735"}],"curies":[{"name":"wp","href":"https:\/\/api.w.org\/{rel}","templated":true}]}}