{"id":41395,"date":"2019-10-24T09:18:23","date_gmt":"2019-10-24T09:18:23","guid":{"rendered":"https:\/\/www.aic-iac.org\/?page_id=41395"},"modified":"2023-04-26T09:54:50","modified_gmt":"2023-04-26T09:54:50","slug":"","status":"publish","type":"page","link":"https:\/\/www.aic-iac.org\/ja\/editorial\/conferences-diversite\/","title":{"rendered":"","raw":""},"content":{"rendered":"","protected":false,"raw":""},"excerpt":{"rendered":"","protected":false,"raw":""},"author":379,"featured_media":41539,"parent":31772,"menu_order":0,"comment_status":"closed","ping_status":"closed","template":"","meta":{"_fr_post_content":"<table>\r\n<tbody>\r\n<tr>\r\n<td>\r\n[caption id=\"attachment_41539\" align=\"aligncenter\" width=\"940\"]<img class=\"wp-image-41539 size-large\" src=\"https:\/\/www.aic-iac.org\/wp-content\/uploads\/Capture-d\u2019\u00e9cran-2019-10-25-\u00e0-10.58.29-940x650.png\" alt=\"\" width=\"940\" height=\"650\" \/> Bertrand F\u00e8vre, \"Ceci n'est pas\" (2010)[\/caption]\r\n<\/td>\r\n<\/tr>\r\n<\/tbody>\r\n<\/table>\r\n<table>\r\n<tbody>\r\n<tr>\r\n<td colspan=\"2\">\r\n<h3>Diversit\u00e9<\/h3>\r\n<\/td>\r\n<\/tr>\r\n<tr>\r\n<td>\r\n<p>La diversit\u00e9 met l\u2019accent sur les interconnexions entre la c\u00e9ramique et les autres medias d\u2019expression et ses hybridations dans d\u2019autres modes d\u2019expression culturelle. L\u2019art, la culture et les styles locaux s\u2019expriment \u00e0 travers des processus cr\u00e9atifs divers tels que le design, les multim\u00e9dias et la culture.<\/p>\r\n<\/td>\r\n<td>Les conf\u00e9rences sont disponibles uniquement en anglais.<\/td>\r\n<\/tr>\r\n<\/tbody>\r\n<\/table>\r\n<p>&nbsp;<\/p>","_fr_post_name":"conferences-diversite","_fr_post_excerpt":"La diversit\u00e9 met l\u2019accent sur les interconnexions entre la c\u00e9ramique et les autres medias d\u2019expression et ses hybridations dans d\u2019autres modes d\u2019expression culturelle.","_fr_post_title":"Conf\u00e9rences: Diversit\u00e9","_en_post_content":"<table>\r\n<tbody>\r\n<tr>\r\n<td>\r\n[caption id=\"attachment_41539\" align=\"aligncenter\" width=\"940\"]<img class=\"wp-image-41539 size-large\" src=\"https:\/\/www.aic-iac.org\/wp-content\/uploads\/Capture-d\u2019\u00e9cran-2019-10-25-\u00e0-10.58.29-940x650.png\" alt=\"\" width=\"940\" height=\"650\" \/> Bertrand F\u00e8vre, \"Ceci n'est pas\" (2010)[\/caption]\r\n<\/td>\r\n<\/tr>\r\n<\/tbody>\r\n<\/table>\r\n<table>\r\n<tbody>\r\n<tr>\r\n<td colspan=\"2\">\r\n<h3>Diversity<\/h3>\r\n<\/td>\r\n<\/tr>\r\n<tr>\r\n<td>\r\n<p>Diversity\u00a0accentuates the interrelatedness of ceramics and its crossovers into other aspects of cultural expression. Local art, culture and style are expressed through diverse creative processes including design, multimedia and culture.<\/p>\r\n<\/td>\r\n<td>\u00a0<\/td>\r\n<\/tr>\r\n<\/tbody>\r\n<\/table>\r\n<p>&nbsp;<\/p>","_en_post_name":"conferences-diversite","_en_post_excerpt":"Diversity\u00a0accentuates the interrelatedness of ceramics and its crossovers into other aspects of cultural expression.","_en_post_title":"Lectures: Diversity","_ja_post_content":"","_ja_post_name":"","_ja_post_excerpt":"","_ja_post_title":"","_zh_post_content":"","_zh_post_name":"","_zh_post_excerpt":"","_zh_post_title":"","_es_post_content":"","_es_post_name":"","_es_post_excerpt":"","_es_post_title":"","edit_language":"ja"},"class_list":["post-41395","page","type-page","status-publish","has-post-thumbnail","hentry"],"_links":{"self":[{"href":"https:\/\/www.aic-iac.org\/ja\/wp-json\/wp\/v2\/pages\/41395","targetHints":{"allow":["GET"]}}],"collection":[{"href":"https:\/\/www.aic-iac.org\/ja\/wp-json\/wp\/v2\/pages"}],"about":[{"href":"https:\/\/www.aic-iac.org\/ja\/wp-json\/wp\/v2\/types\/page"}],"author":[{"embeddable":true,"href":"https:\/\/www.aic-iac.org\/ja\/wp-json\/wp\/v2\/users\/379"}],"replies":[{"embeddable":true,"href":"https:\/\/www.aic-iac.org\/ja\/wp-json\/wp\/v2\/comments?post=41395"}],"version-history":[{"count":5,"href":"https:\/\/www.aic-iac.org\/ja\/wp-json\/wp\/v2\/pages\/41395\/revisions"}],"predecessor-version":[{"id":41540,"href":"https:\/\/www.aic-iac.org\/ja\/wp-json\/wp\/v2\/pages\/41395\/revisions\/41540"}],"up":[{"embeddable":true,"href":"https:\/\/www.aic-iac.org\/ja\/wp-json\/wp\/v2\/pages\/31772"}],"wp:featuredmedia":[{"embeddable":true,"href":"https:\/\/www.aic-iac.org\/ja\/wp-json\/wp\/v2\/media\/41539"}],"wp:attachment":[{"href":"https:\/\/www.aic-iac.org\/ja\/wp-json\/wp\/v2\/media?parent=41395"}],"curies":[{"name":"wp","href":"https:\/\/api.w.org\/{rel}","templated":true}]}}