{"id":56989,"date":"2021-10-28T12:39:17","date_gmt":"2021-10-28T12:39:17","guid":{"rendered":"https:\/\/www.aic-iac.org\/?page_id=56989"},"modified":"2023-04-26T11:29:29","modified_gmt":"2023-04-26T11:29:29","slug":"exposition-thematique-des-membres-2020","status":"publish","type":"page","link":"https:\/\/www.aic-iac.org\/ja\/activite\/congres-et-assemblee-generale-2020\/exposition-thematique-des-membres-2020\/","title":{"rendered":"","raw":""},"content":{"rendered":"","protected":false,"raw":""},"excerpt":{"rendered":"","protected":false,"raw":""},"author":2192,"featured_media":56992,"parent":6,"menu_order":0,"comment_status":"closed","ping_status":"closed","template":"","meta":{"_fr_post_content":"<table style=\"border-collapse: collapse; width: 100%;\">\r\n<tbody>\r\n<tr>\r\n<td style=\"width: 100%;\" colspan=\"2\"><img class=\"alignnone size-full wp-image-56992\" src=\"https:\/\/www.aic-iac.org\/wp-content\/uploads\/Screenshot-2021-10-28-at-13.50.11.png\" alt=\"\" width=\"2782\" height=\"1530\" \/><\/td>\r\n<\/tr>\r\n<tr>\r\n<td style=\"width: 50%;\">\r\n<h3>Exposition th\u00e9matique des membres\u00a0<\/h3>\r\n<p>&nbsp;<\/p>\r\n<p>L'exposition th\u00e9matique des membres est la premi\u00e8re exposition virtuelle de l'AIC et a \u00e9t\u00e9 inaugur\u00e9e lors du Congr\u00e8s 2021 de l'AIC.\u00a0<\/p>\r\n<p>Fr\u00e9d\u00e9ric Bodet, curateur et membre de l'AIC, en collaboration avec Jacques Kaufmann, pr\u00e9sident \u00e9m\u00e9rite, le comit\u00e9 ex\u00e9cutif, le secr\u00e9tariat, et avec le soutien technique de l'agence Designers Unit \u00e0 Paris, ont fait un travail incroyable pour r\u00e9aliser cette exposition.<\/p>\r\n<p>Sous intitul\u00e9e \"Remain Upright\" par Fr\u00e9d\u00e9ric Bodet, cette exhortation \u00e0 rester debout, digne et combatif face \u00e0 l'adversit\u00e9 rencontr\u00e9e au cours d'une vie humaine, pourrait tr\u00e8s bien r\u00e9sumer l'\u00e9tat d'esprit qui traverse cette exposition.<\/p>\r\n<p>L'exposition, compos\u00e9e de 41 propositions d'artistes s\u00e9lectionn\u00e9es \u00e0 partir d'un appel ouvert par l'AIC, r\u00e9v\u00e8le un point commun entre tous les artistes : leurs \u0153uvres mettent en lumi\u00e8re le triste \u00e9tat d'un monde o\u00f9 le principe de tous pour tous, op\u00e9rant g\u00e9n\u00e9ralement par le bas, au rythme d'une mondialisation \u00e9conomique et culturelle rapide aux cons\u00e9quences effroyables (lib\u00e9ralisme sans limite, surconsommation, conditionnement mental, changement climatique dramatique), laisse une grande partie de l'humanit\u00e9 d\u00e9munie, affaiblie, au bord du chemin... pour ne pas dire <em>\"on the edge\"<\/em>.<\/p>\r\n<\/td>\r\n<td style=\"width: 50%;\">\r\n<p>Pourtant, de ces constats unanimement inqui\u00e9tants \u00e9manent beaucoup d'espoir, de conviction et de force. A travers un v\u00e9ritable foisonnement de propositions cr\u00e9atives, ils font preuve d'un sens des responsabilit\u00e9s et d'une remarquable volont\u00e9 de r\u00e9sistance et de vigilance.<\/p>\r\n<p>&nbsp;<\/p>\r\n<p>POUR CONSULTER L'EXPOSITION EN LIGNE :<\/p>\r\n<p><a href=\"https:\/\/iac2021membersexhibition.aic-iac.org\/\">&gt;&gt; Exposition th\u00e9matique des membres<\/a><\/p>\r\n<hr \/>\r\n<p><span class=\"caption\"><img class=\"wp-image-57002 aligncenter\" src=\"https:\/\/www.aic-iac.org\/wp-content\/uploads\/IAC_Makela_Pieta_photo_Kalle_Kaitala.jpg\" alt=\"\" width=\"293\" height=\"350\" \/><\/span><span class=\"caption\">Maarit Ma\u0308kela\u0308, \"Pi\u00e9ta\", 2019<\/span><\/p>\r\n<\/td>\r\n<\/tr>\r\n<\/tbody>\r\n<\/table>\r\n<p>&nbsp;<\/p>\r\n<p>&nbsp;<\/p>","_fr_post_name":"exposition-thematique-des-membres-on-the-edge","_fr_post_excerpt":"L'exposition th\u00e9matique des membres est maintenant ouverte au public.","_fr_post_title":"Exposition th\u00e9matique des membres - On the Edge","_en_post_content":"<table style=\"border-collapse: collapse; width: 100%;\">\r\n<tbody>\r\n<tr>\r\n<td style=\"width: 50%;\" colspan=\"2\"><img class=\"alignnone size-full wp-image-56992\" src=\"https:\/\/www.aic-iac.org\/wp-content\/uploads\/Screenshot-2021-10-28-at-13.50.11.png\" alt=\"\" width=\"2782\" height=\"1530\" \/><\/td>\r\n<\/tr>\r\n<tr>\r\n<td style=\"width: 50%;\">\r\n<h3>Thematic Members'\u00a0 Exhibition<\/h3>\r\n<p>&nbsp;<\/p>\r\n<p>The Thematic Members' Exhibition is the first IAC virtual exhibition and was inaugurated during the 2021 IAC Congress.<\/p>\r\n<p>Fr\u00e9d\u00e9ric Bodet, curator and IAC member, in collaboration with Jacques Kaufmann, president Emeritus, the Executive Committee, the Office, and with the technical support of the agency Designers Unit in Paris, have done incredible work to create this exhibition.<\/p>\r\n<p>Subtitled \"Remain Upright\" by Bodet, this exhortation to stand upright, dignified and combative in the face of adversity encountered over the course of a human lifetime, could very well summarise the mindset flowing through this exhibition.<\/p>\r\n<p>The exhibition composed of 41 artist proposals selected from an open call by the IAC exposes a common thread among all artists: their works put into focus the sorry state of a world where the principal of all for all, operating generally at the bottom, to the rhythm of a rapid economic and cultural globalisation with appalling consequences (limitless liberalism, over-consumption, mental conditioning, dramatic climate change), leaves a large part of humanity destitute, weakened, by the wayside... suffice to say \"<em>on the edge<\/em>.\"<\/p>\r\n<\/td>\r\n<td style=\"width: 50%;\">\r\n<p>Yet, from these unanimously worrying observations emanates a lot of hope, conviction and strength. Through a veritable wealth of creative proposals, the artists prove a sense of responsibility and a remarkable desire for resistance and vigilance.<\/p>\r\n<p>&nbsp;<\/p>\r\n<p>TO VIEW THE ONLINE EXHIBITION :<\/p>\r\n<p><a href=\"https:\/\/iac2021membersexhibition.aic-iac.org\/\">&gt;&gt; Thematic Members' Exhibition<\/a><\/p>\r\n<hr \/><span class=\"caption\"><img class=\"wp-image-57002 aligncenter\" src=\"https:\/\/www.aic-iac.org\/wp-content\/uploads\/IAC_Makela_Pieta_photo_Kalle_Kaitala.jpg\" alt=\"\" width=\"305\" height=\"364\" \/>Maarit Ma\u0308kela\u0308, \"Pi\u00e9ta\", 2019<br \/><\/span><\/td>\r\n<\/tr>\r\n<\/tbody>\r\n<\/table>\r\n<p>&nbsp;<\/p>","_en_post_name":"exposition-thematique-des-membres-on-the-edge","_en_post_excerpt":"The 2020 Thematic Members' Exhibition is now open to the public.","_en_post_title":"Thematic Members' Exhibition - On the Edge","_ja_post_content":"","_ja_post_name":"exposition-thematique-des-membres-2020","_ja_post_excerpt":"","_ja_post_title":"","_zh_post_content":"","_zh_post_name":"","_zh_post_excerpt":"","_zh_post_title":"","_es_post_content":"","_es_post_name":"","_es_post_excerpt":"","_es_post_title":"","edit_language":"ja"},"class_list":["post-56989","page","type-page","status-publish","has-post-thumbnail","hentry"],"_links":{"self":[{"href":"https:\/\/www.aic-iac.org\/ja\/wp-json\/wp\/v2\/pages\/56989","targetHints":{"allow":["GET"]}}],"collection":[{"href":"https:\/\/www.aic-iac.org\/ja\/wp-json\/wp\/v2\/pages"}],"about":[{"href":"https:\/\/www.aic-iac.org\/ja\/wp-json\/wp\/v2\/types\/page"}],"author":[{"embeddable":true,"href":"https:\/\/www.aic-iac.org\/ja\/wp-json\/wp\/v2\/users\/2192"}],"replies":[{"embeddable":true,"href":"https:\/\/www.aic-iac.org\/ja\/wp-json\/wp\/v2\/comments?post=56989"}],"version-history":[{"count":35,"href":"https:\/\/www.aic-iac.org\/ja\/wp-json\/wp\/v2\/pages\/56989\/revisions"}],"predecessor-version":[{"id":57077,"href":"https:\/\/www.aic-iac.org\/ja\/wp-json\/wp\/v2\/pages\/56989\/revisions\/57077"}],"up":[{"embeddable":true,"href":"https:\/\/www.aic-iac.org\/ja\/wp-json\/wp\/v2\/pages\/6"}],"wp:featuredmedia":[{"embeddable":true,"href":"https:\/\/www.aic-iac.org\/ja\/wp-json\/wp\/v2\/media\/56992"}],"wp:attachment":[{"href":"https:\/\/www.aic-iac.org\/ja\/wp-json\/wp\/v2\/media?parent=56989"}],"curies":[{"name":"wp","href":"https:\/\/api.w.org\/{rel}","templated":true}]}}