{"id":58295,"date":"2022-03-02T11:06:53","date_gmt":"2022-03-02T11:06:53","guid":{"rendered":"https:\/\/www.aic-iac.org\/?page_id=58295"},"modified":"2025-12-17T15:49:08","modified_gmt":"2025-12-17T15:49:08","slug":"","status":"publish","type":"page","link":"https:\/\/www.aic-iac.org\/ja\/activite\/non-a-la-guerre-en-ukraine\/","title":{"rendered":"","raw":""},"content":{"rendered":"","protected":false,"raw":""},"excerpt":{"rendered":"","protected":false,"raw":""},"author":2193,"featured_media":58315,"parent":17378,"menu_order":3,"comment_status":"closed","ping_status":"closed","template":"","meta":{"_fr_post_content":"<h3>NON A LA GUERRE EN UKRAINE.<\/h3>\r\n<h3>NON \u00c0 LA VIOLATION DU DROIT INTERNATIONAL.<\/h3>\r\n<p>&nbsp;<\/p>\r\n<table style=\"width: 100%; border-collapse: collapse;\">\r\n<tbody>\r\n<tr>\r\n<td style=\"width: 30%;\">\r\n<p><em>2 mars 2022<\/em><\/p>\r\n<p>L'Acad\u00e9mie Internationale de C\u00e9ramique, organisation non gouvernementale en partenariat officiel avec l'UNESCO depuis 1958, appelle \u00e0 la paix, au respect des cultures et \u00e0 la r\u00e9solution des conflits par la diplomatie.<\/p>\r\n<p>L'Acad\u00e9mie Internationale de la C\u00e9ramique soutient toutes les victimes de conflits et entend contribuer \u00e0 la protection de ses membres et confr\u00e8res c\u00e9ramistes.<\/p>\r\n<p>A ce jour, l'Acad\u00e9mie Internationale de C\u00e9ramique :<\/p>\r\n<ul>\r\n<li>exon\u00e8re ses membres ukrainiens de leurs cotisations pour 2022. Si celles-ci ont d\u00e9j\u00e0 \u00e9t\u00e9 per\u00e7ues, elles seront rembours\u00e9es.<\/li>\r\n<li>utilisera les dons \u00e0 son fonds Membre Solidaire (envoy\u00e9s d'ici au 30 avril) pour r\u00e9pondre aux urgences actuelles et pour reconstruire une paix durable \u00e0 la suite du conflit.<\/li>\r\n<li>souhaite r\u00e9pondre favorablement aux demandes individuelles des membres et coll\u00e8gues qui lui seront adress\u00e9es :\r\n<ul>\r\n<li>d'accueillir les membres de l'AIC qui souhaitent \u00eatre h\u00e9berg\u00e9s dans une zone s\u00fbre.<\/li>\r\n<li>de permettre aux artistes c\u00e9ramistes de travailler en toute s\u00e9curit\u00e9 dans des ateliers individuels ou des r\u00e9sidences artistiques partenaires en dehors de la zone de conflit.<\/li>\r\n<li>permettre aux \u00e9tudiants de poursuivre leurs \u00e9tudes dans des \u00e9coles partenaires hors de la zone de conflit.<\/li>\r\n<li>permettre aux enseignants d'enseigner dans des sites partenaires situ\u00e9s en dehors de la zone de conflit.<br \/>(Nous demandons aux candidats et aux h\u00f4tes de s'annoncer par e-mail au bureau de l'AIC).<\/li>\r\n<\/ul>\r\n<\/li>\r\n<li>l'AIC souhaite \u00e9tablir un inventaire des collections de c\u00e9ramique du pays actuellement menac\u00e9es par les bombardements, afin d'alerter les instances internationales capables d'agir pour les prot\u00e9ger.<\/li>\r\n<\/ul>\r\n<\/td>\r\n<td style=\"width: 30%;\">\r\n[caption id=\"attachment_58303\" align=\"alignnone\" width=\"300\"]<img class=\"size-medium wp-image-58303\" src=\"https:\/\/www.aic-iac.org\/wp-content\/uploads\/IMG_5906-300x377.jpeg\" alt=\"Rothko YellowBlue\" width=\"300\" height=\"377\" \/> Marc Rothko (1902-1970), Untitled (Yellow and Blue), 1954[\/caption]\r\n<ul>\r\n<li>a d\u00e9cid\u00e9 de partager sur une page d\u00e9di\u00e9e de son site internet la correspondance des membres directement touch\u00e9s par le conflit. Cette correspondance sera anonymis\u00e9e et relay\u00e9e sur les r\u00e9seaux sociaux \u00e0 travers la page de l'AIC.<\/li>\r\n<\/ul>\r\n<p>Dans le m\u00eame temps, l'AIC d\u00e9nonce toute action violente, et demande \u00e0 nos membres de ne pas entrer dans une spirale d'exclusion mutuelle. L'AIC n'exclura aucun de ses membres sur la base de leur identit\u00e9. La x\u00e9nophobie n'a AUCUNE place au sein de l'AIC. L'AIC est un espace de paix partag\u00e9 par tous les c\u00e9ramistes et coll\u00e8gues (auteurs, conservateurs, \u00e9tudiants etc.) du monde.<\/p>\r\n<p>Soyons unis comme jamais auparavant.<\/p>\r\n<p>Au nom de l'AIC,<\/p>\r\n<p>Torbjorn Kvasbo, Pr\u00e9sident de l'AIC<\/p>\r\n<\/td>\r\n<\/tr>\r\n<\/tbody>\r\n<\/table>\r\n<p>&nbsp;<\/p>\r\n<hr \/>\r\n<h3>Lettres des membres de l'AIC:<\/h3>\r\n<table style=\"height: 2276px; width: 100%; border-collapse: collapse;\">\r\n<tbody>\r\n<tr style=\"height: 796px;\">\r\n<td style=\"width: 50%; height: 796px;\">\r\n<p><em>1. De l'Ukraine<\/em><\/p>\r\n<p>Sujet : Je ne me sens pas \u00e0 l'aise pour demander une faveur. Mais je n'ai pas d'autres choix pour agir.<\/p>\r\n<p>Bonjour, je suis un.e artiste ukrainien.ne, membre de l'Acad\u00e9mie internationale de c\u00e9ramique. Ces derni\u00e8res ann\u00e9es, il m'a \u00e9t\u00e9 difficile, comme \u00e0 de nombreux artistes ukrainiens, de participer \u00e0 des projets artistiques internationaux et \u00e0 des programmes de l'acad\u00e9mie, mais cela arrive encore. Il y a beaucoup de probl\u00e8mes \u00e9conomiques en Ukraine, mais je n'ai pas refus\u00e9, comme d'autres membres ukrainiens de l'acad\u00e9mie, de payer les cotisations. J'en suis certain.ne.<\/p>\r\n<p>En ce moment, l'Ukraine est au bord de la guerre en raison de l'agression russe. Cette situation est unique dans la mesure o\u00f9 elle peut \u00eatre r\u00e9solue par la diplomatie sans recourir \u00e0 la violence. Et cela n\u00e9cessite une consolidation et une position active de la communaut\u00e9 mondiale. Il m'est difficile d'exprimer les sentiments qu'absolument tous les Ukrainiens \u00e9prouvent maintenant, ceci ne s'est jamais produit auparavant. La peur, m\u00eame dans les yeux des enfants...<\/p>\r\n<p>Je ne veux pas de guerre, et je fais ce que je peux. Je vous demande de faire des publications dans les r\u00e9seaux sociaux et de soutenir l'Ukraine.<\/p>\r\n<p>Dans ma lettre de motivation lors de mon entr\u00e9e \u00e0 l'acad\u00e9mie, j'ai \u00e9crit que pour moi c'est une opportunit\u00e9 de promouvoir l'Ukraine dans l'espace culturel international. L'aspect culturel est un puissant facteur d'influence politique. Veuillez faire des publications de quelques mots pour soutenir l'Ukraine. C'est tr\u00e8s important. Il est important de pr\u00e9venir la trag\u00e9die.<\/p>\r\n<p>Merci et tous mes voeux.<\/p>\r\n<p>Meilleures salutations,<\/p>\r\n<\/td>\r\n<td style=\"width: 50%; height: 796px;\">\r\n<p><em>2. De la F\u00e9d\u00e9ration de Russie<\/em><\/p>\r\n<p>Bonjour,<\/p>\r\n<p>En tant que membre d'une organisation internationale pacifique, je tiens \u00e0 exprimer mes sentiments sur la trag\u00e9die entre les peuples russe et ukrainien.<\/p>\r\n<p>Parmi nous, il y a des enfants et des petits-enfants de ceux qui ont combattu pendant la Seconde Guerre mondiale, ceux qui ont \u00e9t\u00e9 t\u00e9moins directs de la guerre et qui y ont particip\u00e9. En chacun de nous vit la m\u00e9moire g\u00e9n\u00e9tique de la guerre. Nous ne voulons pas d'une nouvelle guerre, nous ne voulons pas que des gens perdent la vie.<\/p>\r\n<p>Tous mes amis sont contre la guerre, les gens ont peur et, croyez-moi, ils comprennent \u00e0 quel point cela peut mal finir. Nous ne savons pas ce que font les dirigeants mondiaux, j'attends toutes les heures un message sur la n\u00e9gociation d'une tr\u00eave. Je suis contre toutes les incursions militaires pass\u00e9es et pr\u00e9sentes, et je suis contre l'hypocrisie politique. Il est temps pour l'humanit\u00e9 du 21\u00e8me si\u00e8cle de comprendre \u00e0 quel point notre monde est fragile. Nous devons dire non \u00e0 la guerre !\u00a0 Oui \u00e0 la paix.<\/p>\r\n<p>Que ressentons-nous ? Peur, douleur et impuissance, les gens sont d\u00e9prim\u00e9s. Chers amis, les Russes commencent \u00e0 peine \u00e0 s'habituer \u00e0 la vie normale, mais un nouvel isolement commence. Vous pouvez rire, mais nous sommes habitu\u00e9s (cela semble terrible, il suffit d'y penser !) \u00e0 vivre mal, habitu\u00e9s \u00e0 endurer des difficult\u00e9s, et pourtant, c'est toujours mieux que la guerre.<\/p>\r\n<p>Depuis l'enfance, je me souviens de la phrase que l'on me disait en cas d'\u00e9chec : tout va bien, tant qu'il n'y a pas de guerre...<\/p>\r\n<p>J'esp\u00e8re que le peuple ukrainien pourra retrouver le plus rapidement possible une vie normale et paisible !<\/p>\r\n<\/td>\r\n<\/tr>\r\n<tr style=\"height: 660px;\">\r\n<td style=\"width: 50%; height: 660px;\">\r\n<p><em>3. De la F\u00e9d\u00e9ration de Russie<\/em><\/p>\r\n<p>\"JE SUIS CONTRE LA GUERRE !\"<\/p>\r\n<p>Chers amis et coll\u00e8gues !<\/p>\r\n<p>Ces derniers jours ont \u00e9t\u00e9 les pires de ma vie. Je n'ai pas \u00e9crit parce que je ne trouvais pas les mots. Ce qui se passe est terrible et le pire, c'est que nous ne pouvons rien changer. Pardonnez-nous ! Je ne crois pas en Dieu, mais il semble que nous ne pouvons compter que sur lui. Je veux \u00e9crire \u00e0 l'Acad\u00e9mie que moi, en tant qu'artiste et en tant que personne, je ne soutiens pas la politique agressive de mon pays. Je veux que tout le monde le sache. Je sais que d'autres membres russes me soutiendront. Je ne peux pas r\u00e9pondre pour tout le monde, mais je suis s\u00fbr des amis proches.<\/p>\r\n<p>Si l'Acad\u00e9mie d\u00e9cide d'annuler notre adh\u00e9sion, je prendrai personnellement cette d\u00e9cision avec humilit\u00e9, sachant qu'il s'agira d'une d\u00e9cision forc\u00e9e. M\u00eame si, bien s\u00fbr, ce sera une \u00e9norme perte pour moi.<\/p>\r\n<p>Paix \u00e0 nous tous !<\/p>\r\n<p>Avec le plus grand respect.<\/p>\r\n<\/td>\r\n<td style=\"width: 50%; height: 660px;\">\r\n<p><em>4. De la F\u00e9d\u00e9ration de Russie<\/em><\/p>\r\n<p>Chers coll\u00e8gues ! Respect\u00e9 Conseil de l'Acad\u00e9mie !<\/p>\r\n<p>La situation politique actuelle nous choque tous. Toute personne qui se consid\u00e8re comme une personne saine d'esprit ne doit pas accepter une guerre. C'est toujours du chagrin, de la douleur et des larmes. Et c'est ce que nous ressentons en ce moment. Ni moi, ni ma famille ne voulons et n'avons voulu cette guerre. La guerre est le mal. C'est mauvais pour nous tous.<\/p>\r\n<p>Nous avons des parents et des amis \u00e0 Kiev, avec lesquels nous continuons \u00e0 communiquer. Ils nous aiment autant que nous les aimons. Toutes les actions militaires sont les jeux des politiciens, mais pas la guerre des Russes et des Ukrainiens ! Il n'est pas n\u00e9cessaire de jeter de l'huile sur le feu de la confrontation attis\u00e9 par les politiciens, pas besoin de les aider \u00e0 diviser les gens et \u00e0 construire des murs entre nous.<\/p>\r\n<p>J'esp\u00e8re vraiment que les politiciens auront assez de bon sens pour arr\u00eater cette folie. Mais alors, les gens ordinaires, y compris nous, les artistes, devront restaurer ce monde.<\/p>\r\n<p>J'esp\u00e8re que la situation politique ne d\u00e9truira pas les relations au sein de la communaut\u00e9 artistique. Nous ne sommes pas des politiciens, nous sommes des artistes !<\/p>\r\n<p>Arr\u00eatons la guerre ! Que la paix r\u00e8gne ! !!<\/p>\r\n<p>Sinc\u00e8rement v\u00f4tre.<\/p>\r\n<\/td>\r\n<\/tr>\r\n<tr style=\"height: 291px;\">\r\n<td style=\"width: 50%; height: 291px;\">\r\n<p><em>5. De la F\u00e9d\u00e9ration de Russie<\/em><\/p>\r\n<p>Je suis un.e artiste russe.<\/p>\r\n<p>Dans ma famille, depuis 4 g\u00e9n\u00e9rations, il n'y avait que des artistes. Ils ont connu les temps difficiles des r\u00e9volutions et des guerres en Russie. Et maintenant, je pense \u00e0 eux, j'imagine comment ils ont pu survivre \u00e0 cette incroyable douleur et \u00e0 cette honte. Je prie de tout mon c\u0153ur, de toutes mes forces, avec mes amis ukrainiens. Pardonnez-nous !<\/p>\r\n<p>Je ne sais pas quoi dire, seulement des larmes... Pas de guerre !!!!!<\/p>\r\n<\/td>\r\n<td style=\"width: 50%; height: 291px;\">\r\n<p><em>6. De la F\u00e9d\u00e9ration de Russie<\/em><\/p>\r\n<p>Je suis profond\u00e9ment inqui\u00e8t.e de ce qui se passe maintenant avec nos pays !<\/p>\r\n<p>C'est un grand chagrin ! La guerre est la pire chose qui puisse arriver aux gens !!!\u00a0<\/p>\r\n<p>Tr\u00e8s effrayant !!!!!! Non \u00e0 la guerre !<\/p>\r\n<\/td>\r\n<\/tr>\r\n<tr style=\"height: 529px;\">\r\n<td style=\"width: 50%; height: 529px;\">\r\n<p><em>7. De la F\u00e9d\u00e9ration de Russie<\/em><\/p>\r\n<p>Chers tous ! En ces jours monstrueusement difficiles, je suis en France avec ma famille et je pense qu'il est absolument n\u00e9cessaire d'exprimer ma position.\u00a0<\/p>\r\n<p>Je suis horrifi\u00e9.e par ce que fait le gouvernement russe, je suis terriblement inqui\u00e8t.e pour l'Ukraine et tous les innocents qui meurent \u00e0 cause de la folie de cette guerre. Dire que j'ai honte parce que la Russie s'est r\u00e9v\u00e9l\u00e9e \u00eatre un ennemi pour le monde entier, c'est ne rien dire. Je sais que la majorit\u00e9 de mes compatriotes penseurs sont devenus les otages de cette folie et partagent ma position.\u00a0<\/p>\r\n<p>S'il vous pla\u00eet, faites comprendre \u00e0 nos coll\u00e8gues de l'AIC que le peuple russe et le gouvernement russe ne sont pas la m\u00eame chose, et que prendre des mesures contre les membres russes de l'AIC revient \u00e0 nous couper l'herbe sous le pied. Nous avons un ennemi commun, une menace commune, et nous devons les affronter ensemble autant que possible. L'art. Embrassez, esp\u00e9rez et priez pour le r\u00e9tablissement de la paix.<\/p>\r\n<\/td>\r\n<td style=\"width: 50%; height: 529px;\">\r\n<p><em>8. De l'Ukraine<\/em><\/p>\r\n<p>Chers membres et dirigeants de l'IAC, nous vous remercions sinc\u00e8rement pour votre soutien et votre assistance en cette p\u00e9riode difficile pour mon pays.<\/p>\r\n<p><br \/>Je reste \u00e0 Kiev et je fais tout ce qui est en mon pouvoir pour vaincre ce mal mondial.<\/p>\r\n<p><br \/>Votre soutien est extr\u00eamement important pour moi et mon pays.<\/p>\r\n<p><br \/>Merci beaucoup.<\/p>\r\n<p>&nbsp;<\/p>\r\n<\/td>\r\n<\/tr>\r\n<tr>\r\n<td>\u00a0<\/td>\r\n<td>\u00a0<\/td>\r\n<\/tr>\r\n<\/tbody>\r\n<\/table>\r\n<p>&nbsp;<\/p>","_fr_post_name":"non-a-la-guerre-en-ukraine","_fr_post_excerpt":"Non \u00e0 la guerre en Ukraine","_fr_post_title":"NON A LA GUERRE EN UKRAINE.","_en_post_content":"<h3>NO TO THE WAR IN UKRAINE.<\/h3>\r\n<h3>NO TO THE VIOLATION OF INTERNATIONAL LAW.<br \/><br \/><\/h3>\r\n<table style=\"width: 100%; border-collapse: collapse;\">\r\n<tbody>\r\n<tr>\r\n<td style=\"width: 15%;\">\r\n<p><em>2 March 2022<\/em><\/p>\r\n<p>The International Academy of Ceramics, a non-governmental organisation in official partnership with UNESCO since 1958, calls for peace, respect for cultures and the resolution of conflicts through diplomacy.<\/p>\r\n<p>The International Academy of Ceramics supports all victims of conflict and intends to help protect its members and fellow ceramists.<\/p>\r\n<p>As of today, the International Academy of Ceramics:<\/p>\r\n<ul>\r\n<li>exempts its Ukrainian members from their 2022 membership fees. If these have already been collected, they will be refunded.<\/li>\r\n<li>will use donations to its Membership Solidarity fund (sent from now until April 30) to respond to current emergencies and to rebuild a lasting peace in the aftermath of the conflict.<\/li>\r\n<li>wishes to respond favorably to individual requests from members and colleagues that may be addressed to it:\r\n<ul>\r\n<li>to welcome IAC members that wish to be hosted in a secure area.<\/li>\r\n<li>to allow ceramic artists to work safely in individual studios or partner art residences outside the conflict zone.<\/li>\r\n<li>to allow students to continue their studies in partner schools outside the conflict zone.<\/li>\r\n<li>to allow teachers to teach in partner sites outside the conflict zone.<br \/>(We ask that applicants and hosts announce themselves by e-mail to the IAC office.)<\/li>\r\n<\/ul>\r\n<\/li>\r\n<li>the IAC would like to establish an inventory of the country's ceramic collections currently threatened by bombing, in order to alert international bodies capable of acting to protect them.<\/li>\r\n<\/ul>\r\n<\/td>\r\n<td style=\"width: 15%;\">\r\n[caption id=\"attachment_58303\" align=\"alignnone\" width=\"300\"]<img class=\"size-medium wp-image-58303\" src=\"https:\/\/www.aic-iac.org\/wp-content\/uploads\/IMG_5906-300x377.jpeg\" alt=\"Rothko YellowBlue\" width=\"300\" height=\"377\" \/> Marc Rothko (1902-1970), Untitled (Yellow and Blue), 1954[\/caption]\r\n<ul>\r\n<li>has decided to share on a dedicated page on its website the correspondence from members directly affected by the conflict. This correspondence will be anonymized and relayed on social networks through the IAC page<\/li>\r\n<\/ul>\r\n<p>At the same time, the IAC denounces any violent action, and asks our members not to enter a spiral of mutual exclusion. The IAC will not exclude any of its members on the basis of their identity. Xenophobia has NO space within the IAC. The IAC is a space of peace shared by all ceramists and colleagues (authors, curators, students etc.) of the world.<\/p>\r\n<p>Let us stand together united as never before.<\/p>\r\n<p>On behalf of the IAC,<\/p>\r\n<p>Torbjorn Kvasbo, IAC President<\/p>\r\n<\/td>\r\n<\/tr>\r\n<\/tbody>\r\n<\/table>\r\n<p>&nbsp;<\/p>\r\n<hr \/>\r\n<h3>Letters from IAC Members:<br \/><br \/><\/h3>\r\n<table style=\"height: 2276px; width: 100%; border-collapse: collapse;\">\r\n<tbody>\r\n<tr style=\"height: 796px;\">\r\n<td style=\"width: 50%; height: 796px;\">\r\n<p><em>1. From Ukraine:<\/em><\/p>\r\n<p>Subject:\u00a0I don't feel comfortable asking for a favour. But I have no other options to act.<\/p>\r\n<p>Hello, I am an artist from Ukraine, a member of the International Academy of Ceramics. In recent years, it has been difficult for me, like many Ukrainian artists, to take part in international art projects and academy programs, but it still happens. There are many economic problems in Ukraine, but I, like other members of the academy from Ukraine, did not refuse to pay membership fees.\u00a0I'm sure of it.<\/p>\r\n<p>At the moment, Ukraine is on the verge of war as a result of Russian aggression. This situation is unique in that it can be resolved through diplomacy without resorting to violence. And this requires consolidation and an active position of the world community. It is difficult for me to convey the feelings that absolutely all Ukrainians are now experiencing, this has never happened before.\u00a0Fear even in the eyes of children...<\/p>\r\n<p>I do not want war, and I do what I can. I ask you to make publications in social networks and support Ukraine.<\/p>\r\n<p>In my motivation letter when I entered the academy, I wrote that for me this is an opportunity to promote Ukraine in the international cultural space. The cultural aspect is a powerful political factor of influence. Please make publications of a few words in support of Ukraine. Now this is very important. It is important to prevent tragedy.<\/p>\r\n<p>Thank you and all the best.<\/p>\r\n<p>Best regards,<\/p>\r\n<p>&nbsp;<\/p>\r\n<\/td>\r\n<td style=\"width: 50%; height: 796px;\">\r\n<p><em>2. From the Russian Federation:<\/em><\/p>\r\n<p>Hello,\u00a0<\/p>\r\n<p>As a member of a peaceful international organization, I want to express my feelings about the tragedy between the Russian and Ukrainian peoples.<\/p>\r\n<p>Among us there are children and grandchildren of those who fought in World War II, those who witnessed the war first-hand and participated in the war. In each of us lives the genetic memory of the war. We do not want a new war, we do not want people to lose their lives.\u00a0<\/p>\r\n<p>All of my friends are against the war, people are afraid and, believe me, they understand how badly it can end. We don\u2019t know what the world leaders are up to, I wait every hour for a message about negotiating a truce. I\u2019m against any past and present military incursions, and I\u2019m against political hypocrisy. it is time for humanity of the 21st century to understand how fragile our world is. We must say no to war!\u00a0 Peace&#x1f64f;<\/p>\r\n<p>What do we feel? Fear, pain and helplessness, people are depressed. Dear friends, Russians have just begun to get used to normal life, but a new isolation begins. You may laugh, but we are accustomed (it sounds terrible, just think about it!) to live badly, accustomed to endure hardships, and yet, it's still better than war.\u00a0<\/p>\r\n<p>Since childhood, I remember the phrase that was told to me in case of any failures: it's okay, as long as there is no war...\u00a0<\/p>\r\n<p>I hope that people of Ukraine can return as soon as possible to normal peaceful life!<\/p>\r\n<\/td>\r\n<\/tr>\r\n<tr style=\"height: 660px;\">\r\n<td style=\"width: 50%; height: 660px;\">\r\n<p><em>3. From the Russian Federation:<\/em><\/p>\r\n<p>\u201cI\u2019M AGAINST WAR!\"<\/p>\r\n<p>Dear friends and colleagues!<\/p>\r\n<p>The last few days have been the worst in my life. I didn't write because I just couldn't find the words. What is happening is terrible and the worst thing, we cannot change anything. Forgive us! I do not believe in God, but it seems that we have nothing else to rely on. I want to write to the Academy that I, as an artist and a person, do not support the aggressive policy of my country. I just want everyone to know this. I know that other Russian members will support me. I can\u2019t answer for everyone, but I\u2019m sure of close friends.<\/p>\r\n<p>If the Academy decides to cancel our membership, I personally will make this decision humbly, knowing that this will be a forced decision. Although, of course, it will be a huge loss for me.<\/p>\r\n<p>Peace to all of us!<\/p>\r\n<p>With deep respect,<\/p>\r\n<p>&nbsp;<\/p>\r\n<\/td>\r\n<td style=\"width: 50%; height: 660px;\">\r\n<p><em>4. From the Russian Federation:<\/em><\/p>\r\n<p>Dear colleagues! Respected Council of Academy!<\/p>\r\n<p>The current political situation shocks all of us. Everyone who considers himself sane person must not accept a war. It is always grief, pain and tears. And that is we are feeling right now. Neither I, nor my family want and did not want this war. War is evil. This is bad for all of us.<\/p>\r\n<p>We have relatives and friends in Kyiv, with whom we continue to communicate. They love us just as much as we love them. All military actions are the games of politicians, but\u00a0not the war of Russians and Ukrainians! There is no need to throw oil to that bonfire of confrontation fanned by politicians, no need to help them divide people and build walls between us.<\/p>\r\n<p>I really hope that the politicians have enough sanity to stop this madness. But then, ordinary people, including us artists, will have to restore this world.<\/p>\r\n<p>I hope that the political situation will not destroy relationship in the art community. We are not politicians, we are artists!<\/p>\r\n<p>Let's stop the war! Let there be peace!!!<\/p>\r\n<p>Sincerely yours,<\/p>\r\n<\/td>\r\n<\/tr>\r\n<tr style=\"height: 291px;\">\r\n<td style=\"width: 50%; height: 291px;\">\r\n<p><em>5. From the Russian Federation:<\/em><\/p>\r\n<p>I am a Russian artist.<\/p>\r\n<p>In my family for 4 generations there were only artists. They experienced difficult times of revolutions and wars in Russia. And now, I think about them, I imagine how they could survive this incredible pain and shame. I am with all my heart, with all my strength, prayers with my Ukrainian friends. Forgive us!\u00a0<\/p>\r\n<p>I don't know what to say, only tears... No war!!!!! \u00a0<\/p>\r\n<\/td>\r\n<td style=\"width: 50%; height: 291px;\">\r\n<p><em>6. From the Russian Federation:<\/em><\/p>\r\n<p>I am deeply worried about what is happening now with our countries!\u00a0<\/p>\r\n<p>This is a big grief! War is the worst thing that can happen to people!!! \u00a0<\/p>\r\n<p>Very scary!!!!!! No War! \u00a0<\/p>\r\n<\/td>\r\n<\/tr>\r\n<tr style=\"height: 529px;\">\r\n<td style=\"width: 50%; height: 529px;\">\r\n<p><em>7. From the Russian Federation:<\/em><\/p>\r\n<p>Dear all! In these monstrously difficult days I am in France with my family and I feel it absolutely necessary to express my position. \u00a0<\/p>\r\n<p>I am horrified by what the Russian government is doing, I am terribly worried about Ukraine and all the innocent people who are dying because of the madness of this war. To say that I am ashamed because Russia turned out to be an enemy for the whole world is to say nothing. I know that the majority of my thinking compatriots have become hostages of this madness and share my position. \u00a0<\/p>\r\n<p>Please, make our IAC colleagues aware that the Russian people and the Russian government are not the same thing, and to take any action against the Russian members of the IAC is to kick the ground out from under our feet. We have a common enemy, a common threat, and let's confront them together as much as we can. Art. Embrace and hope and pray for the restoration of peace.<\/p>\r\n<\/td>\r\n<td style=\"width: 50%; height: 529px;\">\r\n<p><em>8. From Ukraine<\/em><\/p>\r\n<p>Dear members and leaders of the IAC, thank you<br \/>sincerely for your support and assistance in this difficult time for my country.<\/p>\r\n<p><br \/>I remain in Kyiv and do everything in my power to defeat this global evil.<\/p>\r\n<p>Your support is extremely important to me and my country.<\/p>\r\n<p>Thank you very much.<\/p>\r\n<\/td>\r\n<\/tr>\r\n<\/tbody>\r\n<\/table>\r\n<p>&nbsp;<\/p>","_en_post_name":"non-a-la-guerre-en-ukraine","_en_post_excerpt":"No to the war in Ukraine","_en_post_title":"No to the War in Ukraine","_ja_post_content":"","_ja_post_name":"","_ja_post_excerpt":"","_ja_post_title":"","_zh_post_content":"","_zh_post_name":"","_zh_post_excerpt":"","_zh_post_title":"","_es_post_content":"","_es_post_name":"","_es_post_excerpt":"","_es_post_title":"","edit_language":"ja"},"class_list":["post-58295","page","type-page","status-publish","has-post-thumbnail","hentry"],"_links":{"self":[{"href":"https:\/\/www.aic-iac.org\/ja\/wp-json\/wp\/v2\/pages\/58295","targetHints":{"allow":["GET"]}}],"collection":[{"href":"https:\/\/www.aic-iac.org\/ja\/wp-json\/wp\/v2\/pages"}],"about":[{"href":"https:\/\/www.aic-iac.org\/ja\/wp-json\/wp\/v2\/types\/page"}],"author":[{"embeddable":true,"href":"https:\/\/www.aic-iac.org\/ja\/wp-json\/wp\/v2\/users\/2193"}],"replies":[{"embeddable":true,"href":"https:\/\/www.aic-iac.org\/ja\/wp-json\/wp\/v2\/comments?post=58295"}],"version-history":[{"count":48,"href":"https:\/\/www.aic-iac.org\/ja\/wp-json\/wp\/v2\/pages\/58295\/revisions"}],"predecessor-version":[{"id":89684,"href":"https:\/\/www.aic-iac.org\/ja\/wp-json\/wp\/v2\/pages\/58295\/revisions\/89684"}],"up":[{"embeddable":true,"href":"https:\/\/www.aic-iac.org\/ja\/wp-json\/wp\/v2\/pages\/17378"}],"wp:featuredmedia":[{"embeddable":true,"href":"https:\/\/www.aic-iac.org\/ja\/wp-json\/wp\/v2\/media\/58315"}],"wp:attachment":[{"href":"https:\/\/www.aic-iac.org\/ja\/wp-json\/wp\/v2\/media?parent=58295"}],"curies":[{"name":"wp","href":"https:\/\/api.w.org\/{rel}","templated":true}]}}