{"id":76186,"date":"2025-02-04T09:14:24","date_gmt":"2025-02-04T09:14:24","guid":{"rendered":"https:\/\/www.aic-iac.org\/?page_id=76186"},"modified":"2025-10-02T14:18:35","modified_gmt":"2025-10-02T14:18:35","slug":"","status":"publish","type":"page","link":"https:\/\/www.aic-iac.org\/ja\/election-des-nouveaux-membres-2025\/candidatures\/","title":{"rendered":"","raw":""},"content":{"rendered":"","protected":true,"raw":""},"excerpt":{"rendered":"","protected":true,"raw":""},"author":2192,"featured_media":0,"parent":76144,"menu_order":11,"comment_status":"closed","ping_status":"closed","template":"","meta":{"_fr_post_content":"<p>[inscription]<\/p>\r\n<div id=\"delete-action\"><a class=\"submitdelete deletion\" href=\"https:\/\/www.aic-iac.org\/wp-admin\/post.php?post=76186&amp;action=trash&amp;_wpnonce=14db676585\">D\u00e9placer dans la corbeille<\/a><\/div>\r\n<h3>\u00a0<\/h3>\r\n<table style=\"height: 349px;\" width=\"617\">\r\n<tbody>\r\n<tr>\r\n<td style=\"width: 302px;\">\r\n<p>&nbsp;<\/p>\r\n<hr \/>\r\n<h3>Les inscriptions se cl\u00f4tureront le 31 mai 2025.<br \/><br \/><\/h3>\r\n<p>Pour des raisons de gestion des dossiers, le formulaire en ligne sera <strong>d\u00e9sactiv\u00e9 le 31 mai 2025, \u00e0 17h00 (heure de Gen\u00e8ve)<\/strong><span style=\"color: #ff0000;\">.<\/span> Pass\u00e9 ce d\u00e9lai les dossiers de candidature ne seront pas accept\u00e9s.\u00a0<br \/><br \/>Si les frais d\u2019inscription ne sont pas pay\u00e9s avant le 10 juin 2025, le dossier ne sera pas retenu.\u00a0<\/p>\r\n<p>\u00c0 noter \u00e9galement que les parrains et marraines doivent \u00eatre \u00e0 jour de leur cotisation annuelle, au plus tard le 10 juin 2025, pour que le dossier du\u00b7de la candidat\u00b7e puisse \u00eatre valable et soumis au Comit\u00e9 de s\u00e9lection.<\/p>\r\n<p>Chaque dossier sera v\u00e9rifi\u00e9 et les candidat\u00b7e\u00b7s recevront une confirmation d'inscription d'ici fin juin.\u00a0<br \/><br \/>Le r\u00e9sultat de l'\u00e9lection des Nouveaux Membres sera annonc\u00e9 apr\u00e8s la r\u00e9union du Conseil de l'AIC, en automne 2025.<\/p>\r\n<p><span style=\"text-decoration: underline;\">Pour nous contacter :<\/span> <br \/><a href=\"mailto:office@aic-iac.org\"><span style=\"text-decoration: underline;\">office@aic-iac.org<\/span>\u00a0<\/a><br \/>T +41 22 575 48 42<br \/><br \/>\u00a0Vous pouvez nous contacter en tout temps par courriel ou par t\u00e9l\u00e9phone pendant les heures de bureau le mercredi de 13h00 \u00e0 17h00 et le jeudi de 10h00 \u00e0 17h00 (heures de Gen\u00e8ve).<\/p>\r\n<\/td>\r\n<\/tr>\r\n<\/tbody>\r\n<\/table>\r\n<p>&nbsp;<\/p>","_fr_post_name":"candidatures","_fr_post_excerpt":"","_fr_post_title":"Candidature \u00e0 l'\u00e9lection des nouveaux membres 2025","_en_post_content":"<p>[inscription]<\/p>\r\n<h3>\u00a0<\/h3>\r\n<table>\r\n<tbody>\r\n<tr>\r\n<td><hr \/>\r\n<h3>Applications will close on 31 May 2025.<\/h3>\r\n<p>&nbsp;<\/p>\r\n<p>In order to manage the processing of applications, the online application form will be <strong>deactivated on 31 May 2025, at 5pm (Geneva time)<\/strong>. After this deadline no further applications will be accepted.<\/p>\r\n<p>If the registration fee is not paid by 10 June 2025, the candidate's file will be discarded.<\/p>\r\n<p>It should also be noted that sponsors must have settled all outstanding annual fee(s) by 10 June 2025, so as to ensure their sponsored candidate's application is validated and submitted to the Council.<\/p>\r\n<p>Each application will be processed and all candidates will receive confirmation of their registration by the end of June.<\/p>\r\n<p>The results of the election of New Members will be announced after the IAC Council meeting in Autumn 2025.<\/p>\r\n<p>To contact us:<br \/><a href=\"mailto:office@aic-iac.org\"><span style=\"text-decoration: underline;\">office@aic-iac.org<\/span><\/a><br \/>T +41 22 575 48 42<\/p>\r\n<p>Please do not hesitate to contact us at any time by e-mail or by phone during our office hours: <br \/>Wednesdays from 1pm to 5pm and Thursdays from 10am to 5pm (Geneva time).<\/p>\r\n<\/td>\r\n<\/tr>\r\n<\/tbody>\r\n<\/table>\r\n<p>&nbsp;<\/p>","_en_post_name":"candidatures","_en_post_excerpt":"","_en_post_title":"2025 New Member applications","_ja_post_content":"","_ja_post_name":"","_ja_post_excerpt":"","_ja_post_title":"","_zh_post_content":"","_zh_post_name":"candidatures","_zh_post_excerpt":"","_zh_post_title":"","_es_post_content":"","_es_post_name":"candidatures","_es_post_excerpt":"","_es_post_title":"","edit_language":"ja"},"class_list":["post-76186","page","type-page","status-publish","post-password-required","hentry"],"_links":{"self":[{"href":"https:\/\/www.aic-iac.org\/ja\/wp-json\/wp\/v2\/pages\/76186","targetHints":{"allow":["GET"]}}],"collection":[{"href":"https:\/\/www.aic-iac.org\/ja\/wp-json\/wp\/v2\/pages"}],"about":[{"href":"https:\/\/www.aic-iac.org\/ja\/wp-json\/wp\/v2\/types\/page"}],"author":[{"embeddable":true,"href":"https:\/\/www.aic-iac.org\/ja\/wp-json\/wp\/v2\/users\/2192"}],"replies":[{"embeddable":true,"href":"https:\/\/www.aic-iac.org\/ja\/wp-json\/wp\/v2\/comments?post=76186"}],"version-history":[{"count":6,"href":"https:\/\/www.aic-iac.org\/ja\/wp-json\/wp\/v2\/pages\/76186\/revisions"}],"predecessor-version":[{"id":84345,"href":"https:\/\/www.aic-iac.org\/ja\/wp-json\/wp\/v2\/pages\/76186\/revisions\/84345"}],"up":[{"embeddable":true,"href":"https:\/\/www.aic-iac.org\/ja\/wp-json\/wp\/v2\/pages\/76144"}],"wp:attachment":[{"href":"https:\/\/www.aic-iac.org\/ja\/wp-json\/wp\/v2\/media?parent=76186"}],"curies":[{"name":"wp","href":"https:\/\/api.w.org\/{rel}","templated":true}]}}