{"id":9934,"date":"2014-12-06T20:11:17","date_gmt":"2014-12-06T20:11:17","guid":{"rendered":"http:\/\/www.aic-iac.org\/?page_id=9934"},"modified":"2026-03-18T11:24:24","modified_gmt":"2026-03-18T11:24:24","slug":"le-conseil-de-laic","status":"publish","type":"page","link":"https:\/\/www.aic-iac.org\/ja\/academie\/le-conseil-de-laic\/","title":{"rendered":"","raw":""},"content":{"rendered":"","protected":false,"raw":""},"excerpt":{"rendered":"","protected":false,"raw":""},"author":4,"featured_media":75346,"parent":17368,"menu_order":7,"comment_status":"closed","ping_status":"closed","template":"","meta":{"_fr_post_content":"<table style=\"width: 100%;\">\r\n<tbody>\r\n<tr style=\"height: 452px;\">\r\n<td style=\"width: 98.7096%; height: 452px;\" colspan=\"2\">\r\n[caption id=\"attachment_75346\" align=\"alignnone\" width=\"1080\"]<img class=\"wp-image-75346 size-full\" src=\"https:\/\/www.aic-iac.org\/wp-content\/uploads\/IAC_Congress_Caldas-7.jpg\" alt=\"\" width=\"1080\" height=\"720\" \/> Assembl\u00e9e g\u00e9n\u00e9rale 2024, Caldas da Rainha. Photo : Joana Gale\u00e3o.[\/caption]\r\n<\/td>\r\n<\/tr>\r\n<tr>\r\n<td style=\"width: 56.129%;\">Le Conseil est compos\u00e9 de 15 \u00e0 18 membres, dont le\u00b7la repr\u00e9sentant\u00b7e de l\u2019UNESCO. Les membres du Conseil sont \u00e9lu\u00b7e\u00b7s pour un terme de six ans. Il\u00b7elle\u00b7s sont nomm\u00e9\u00b7e\u00b7s parmi des membres individuels de I'Acad\u00e9mie.<\/td>\r\n<td style=\"width: 42.5806%;\">Le Conseil d\u00e9cide de la fonction de ses membres en accord avec ses besoins. La composition du Conseil correspond, autant que possible, aux diverses r\u00e9gions g\u00e9ographiques repr\u00e9sent\u00e9es par l'Acad\u00e9mie.<\/td>\r\n<\/tr>\r\n<tr>\r\n<td style=\"width: 56.129%;\"><hr \/>\r\n<h3>Conseil de l'AIC<\/h3>\r\n<\/td>\r\n<td style=\"width: 42.5806%;\">\u00a0<\/td>\r\n<\/tr>\r\n<tr>\r\n<td style=\"width: 56.129%;\">\r\n<p><span style=\"text-decoration: underline;\">Pr\u00e9sident 2024-2030<br \/>Repr\u00e9sentant pour l'Europe m\u00e9ridionale<br \/><\/span>Oriol Calvo Verg\u00e9s, Espagne<\/p>\r\n<span style=\"text-decoration: underline;\">Pr\u00e9sident \u00e9m\u00e9rite<\/span>\r\n<p><span style=\"text-decoration: underline;\">Repr\u00e9sentant pour la Scandinavie et la Finlande<\/span><br \/>Torbj\u00f8rn Kvasb\u00f8, Norv\u00e8ge<\/p>\r\n<p><span style=\"text-decoration: underline;\">Vice-pr\u00e9sidente 2023-2029<br \/>Repr\u00e9sentante pour l'Allemagne et l'Autriche<\/span><br \/>Monika Gass, Allemagne<\/p>\r\n<p><span style=\"text-decoration: underline;\">Vice-pr\u00e9sidente 2023-2029<br \/>Repr\u00e9sentante pour l'Asie du Sud-Est et l'Inde<\/span><br \/>Pim Sudhikam, Tha\u00eflande<\/p>\r\n<p><span style=\"text-decoration: underline;\">Vice-pr\u00e9sidente 2024-2030<br \/>Repr\u00e9sentante pour l'Am\u00e9rique du Nord<\/span><br \/>Elaine Henry, Etats-Unis<\/p>\r\n<p><span style=\"text-decoration: underline;\">Tr\u00e9sori\u00e8re 2024-2030<br \/><\/span>Lynn Frydman Kuhn, Suisse<\/p>\r\n<\/td>\r\n<td style=\"width: 42.5806%;\">\r\n<p><span style=\"text-decoration: underline;\">Repr\u00e9sentante pour l'Oc\u00e9anie 2024-2030<\/span><br \/>Avi Amesbury, Australie<\/p>\r\n<p><span style=\"text-decoration: underline;\">Repr\u00e9sentante pour l'Am\u00e9rique latine &amp; les Cara\u00efbes 2024-2030<\/span><br \/>Fanny Auger, Chili<\/p>\r\n<p><span style=\"text-decoration: underline;\">Repr\u00e9sentant pour l'Afrique 2024-2030<\/span><br \/>Ossama Emam, Egypte<\/p>\r\n<p><span style=\"text-decoration: underline;\">Repr\u00e9sentant pour le Moyen-Orient 2022-2028<\/span><br \/>Shamai Gibsh, Isra\u00ebl<\/p>\r\n<p><span style=\"text-decoration: underline;\">Repr\u00e9sentante pour l'Europe de l'Est 2022-2028<\/span><br \/>Hana Novotn\u00e1, R\u00e9publique Tch\u00e8que<\/p>\r\n<p><span style=\"text-decoration: underline;\">Repr\u00e9sentante pour la R\u00e9publique de Cor\u00e9e 2024-2030<\/span><br \/>Misun Rheem, R\u00e9publique de Cor\u00e9e<\/p>\r\n<p><span style=\"text-decoration: underline;\">Repr\u00e9sentante pour la Suisse 2020-2026<\/span><br \/>Anja Seiler, Suisse<\/p>\r\n<p><span style=\"text-decoration: underline;\">Repr\u00e9sentant pour la Chine 2020-2026<\/span><br \/>Liya WAN, Chine<\/p>\r\n<p><span style=\"text-decoration: underline;\">Repr\u00e9sentante aupr\u00e8s de l'UNESCO 2025-2031<\/span><br \/>Patty Wouters, Belgique<\/p>\r\n<p><span style=\"text-decoration: underline;\">Repr\u00e9sentante pour le Japon 2024-2030<\/span><br \/>Naho Yamashita, Japon<\/p>\r\n<p><span style=\"text-decoration: underline;\">Repr\u00e9sentante pour le Royaume-Uni, l'Irlande et le Benelux<\/span><br \/>Kay Aplin, Royaume-Uni<\/p>\r\n<\/td>\r\n<\/tr>\r\n<tr>\r\n<td><hr \/>\r\n<p><span style=\"text-decoration: underline;\">Directrice du Secr\u00e9tariat<\/span><br \/>Karolina Johansson, Suisse<\/p>\r\n<\/td>\r\n<td>\u00a0<\/td>\r\n<\/tr>\r\n<\/tbody>\r\n<\/table>\r\n<table style=\"width: 100%;\">\r\n<tbody>\r\n<tr>\r\n<td style=\"width: 1.6129%;\" colspan=\"2\">\r\n[caption id=\"attachment_90614\" align=\"alignnone\" width=\"2560\"]<img class=\"wp-image-90614 size-full\" src=\"https:\/\/www.aic-iac.org\/wp-content\/uploads\/New-Council-members-grid-1-scaled.png\" alt=\"\" width=\"2560\" height=\"2560\" \/> Membres du Conseil de l'AIC[\/caption]\r\n<p>&nbsp;<\/p>\r\n<p>&nbsp;<\/p>\r\n<p>&nbsp;<\/p>\r\n<\/td>\r\n<\/tr>\r\n<\/tbody>\r\n<\/table>\r\n<p>\u200b<\/p>\r\n<p>&nbsp;<\/p>","_fr_post_name":"conseil","_fr_post_excerpt":"Le Conseil de l'AIC est compos\u00e9 de 17 membres venant de 16 pays diff\u00e9rents.","_fr_post_title":"Le Conseil de l'AIC","_en_post_content":"<table style=\"width: 100%; height: 1348px;\">\r\n<tbody>\r\n<tr style=\"height: 452px;\">\r\n<td style=\"width: 98.7096%; height: 452px;\" colspan=\"2\">\r\n[caption id=\"attachment_75346\" align=\"alignnone\" width=\"1080\"]<img class=\"wp-image-75346 size-full\" src=\"https:\/\/www.aic-iac.org\/wp-content\/uploads\/IAC_Congress_Caldas-7.jpg\" alt=\"\" width=\"1080\" height=\"720\" \/> General Assembly 2024, Caldas da Rainha. Photo: Joana Gale\u00e3o.[\/caption]\r\n<\/td>\r\n<\/tr>\r\n<tr style=\"height: 97px;\">\r\n<td style=\"width: 56.129%; height: 97px;\">\r\n<p>The Council is made up of 15 to 18 members, including the UNESCO representative. Members of the Council are elected for a term of six years. They are appointed from among individual members of the Academy.<\/p>\r\n<\/td>\r\n<td style=\"width: 42.5806%; height: 97px;\">The Council decides on the function of its members in accordance with its needs. The composition of the Council corresponds, as far as possible, to the various geographical regions represented by the Academy.<\/td>\r\n<\/tr>\r\n<tr style=\"height: 83px;\">\r\n<td style=\"width: 56.129%; height: 83px;\"><hr \/>\r\n<h3>IAC Council<\/h3>\r\n<\/td>\r\n<td style=\"width: 42.5806%; height: 83px;\">\u00a0<\/td>\r\n<\/tr>\r\n<tr style=\"height: 716px;\">\r\n<td style=\"width: 56.129%; height: 716px;\">\r\n<p><span style=\"text-decoration: underline;\">President 2024 - 2030<br \/>Representative for Southern Europe<br \/><\/span>Oriol Calvo Verg\u00e9s, Spain<\/p>\r\n<p><span style=\"text-decoration: underline;\">President Emeritus<\/span><br \/><span style=\"text-decoration: underline;\">Representative for Scandinavia &amp; Finland<\/span><br \/>Torbj\u00f8rn Kvasb\u00f8, Norway<\/p>\r\n<p><span style=\"text-decoration: underline;\">Vice President 2023-2029<\/span><br \/><span style=\"text-decoration: underline;\">Representative for Germany and Austria<\/span><br \/>Monika Gass, Germany<\/p>\r\n<p><span style=\"text-decoration: underline;\">Vice President 2023-2029<br \/>Representative for Southeast Asia and India<br \/><\/span>Pim Sudhikam, Thailand<\/p>\r\n<p><span style=\"text-decoration: underline;\">Vice President 2024-2030<br \/>Representative for North America<\/span><br \/>Elaine Henry, USA<\/p>\r\n<p><span style=\"text-decoration: underline;\">Treasurer 2024-2030<br \/><\/span>Lynn Frydman Kuhn, Switzerland<\/p>\r\n<\/td>\r\n<td style=\"width: 42.5806%; height: 716px;\">\r\n<p><span style=\"text-decoration: underline;\">Representative for Oceania 2024-2030<\/span><br \/>Avi Amesbury, Australia<\/p>\r\n<p><span style=\"text-decoration: underline;\">Representative for Latin America &amp; the Caribbean 2024-2030<\/span><br \/>Fanny Auger, Chile<\/p>\r\n<p><span style=\"text-decoration: underline;\">Representative for Africa 2024-2030<\/span><br \/>Ossama Emam, Egypt<\/p>\r\n<p><span style=\"text-decoration: underline;\">Representative for the Middle East 2022-2028<\/span><br \/>Shamai Gibsh, Israel<\/p>\r\n<p><span style=\"text-decoration: underline;\">Representative for Eastern Europe 2022-2028<\/span><br \/>Hana Novotn\u00e1, Czech Republic<\/p>\r\n<p><span style=\"text-decoration: underline;\">Representative for the Republic of Korea 2024-2030<\/span><br \/>Misun Rheem, Republic of Korea<\/p>\r\n<p><span style=\"text-decoration: underline;\">Representative for Switzerland 2020-2026<\/span><br \/>Anja Seiler, Switzerland<\/p>\r\n<p><span style=\"text-decoration: underline;\">Representative for China 2020-2026<\/span><br \/>Liya WAN, China<\/p>\r\n<p><span style=\"text-decoration: underline;\">Representative to UNESCO 2025-2031<\/span><br \/>Patty Wouters, Belgium<\/p>\r\n<p><span style=\"text-decoration: underline;\">Representative for Japan 2024-2030<\/span><br \/>Naho Yamashita, Japan<\/p>\r\n<p><span style=\"text-decoration: underline;\">Representative for the United Kingdom, Ireland &amp; the Benelux<\/span><br \/>Kay Aplin, United Kingdom<\/p>\r\n<\/td>\r\n<\/tr>\r\n<tr>\r\n<td style=\"width: 56.129%;\"><hr \/>\r\n<p><span style=\"text-decoration: underline;\">Director of the Secretariat<\/span><br \/>Karolina Johansson, Switzerland<\/p>\r\n<\/td>\r\n<td style=\"width: 42.5806%;\">\u00a0<\/td>\r\n<\/tr>\r\n<\/tbody>\r\n<\/table>\r\n<table style=\"width: 100%;\">\r\n<tbody>\r\n<tr>\r\n<td style=\"width: 1.6129%;\" colspan=\"2\">\r\n[caption id=\"attachment_90614\" align=\"alignnone\" width=\"2560\"]<img class=\"wp-image-90614 size-full\" src=\"https:\/\/www.aic-iac.org\/wp-content\/uploads\/New-Council-members-grid-1-scaled.png\" alt=\"\" width=\"2560\" height=\"2560\" \/> IAC Council members[\/caption]\r\n<\/td>\r\n<\/tr>\r\n<\/tbody>\r\n<\/table>\r\n<p>&nbsp;<\/p>","_en_post_name":"conseil","_en_post_excerpt":"The IAC Council has 17 members from 16 different countries.","_en_post_title":"IAC Council","_ja_post_content":"","_ja_post_name":"le-conseil-de-laic","_ja_post_excerpt":"","_ja_post_title":"","_zh_post_content":"<table style=\"width: 100%; height: 1348px;\">\r\n<tbody>\r\n<tr style=\"height: 452px;\">\r\n<td style=\"width: 98.7096%; height: 452px;\" colspan=\"2\">\r\n[caption id=\"attachment_75346\" align=\"alignnone\" width=\"1080\"]<img class=\"wp-image-75346 size-full\" src=\"https:\/\/www.aic-iac.org\/wp-content\/uploads\/IAC_Congress_Caldas-7.jpg\" alt=\"\" width=\"1080\" height=\"720\" \/> General Assembly 2024, Caldas da Rainha. Photo: Joana Gale\u00e3o.[\/caption]\r\n<\/td>\r\n<\/tr>\r\n<tr style=\"height: 97px;\">\r\n<td style=\"width: 56.129%; height: 97px;\">\r\n<p>\u7406\u4e8b\u4f1a\u753115-18\u540d\u6210\u5458\u7ec4\u6210\uff0c\u5176\u4e2d\u5305\u62ec\u8054\u5408\u56fd\u6559\u79d1\u6587\u7ec4\u7ec7\u4ee3\u8868\uff0c\u4ee5\u53ca\u65e0\u6295\u7968\u6743\u7684\u540d\u8a89\u548c\u884c\u653f\u804c\u4f4d\u3002\u7406\u4e8b\u4f1a\u6210\u5458\u5fc5\u987b\u662f\u4e2a\u4eba\u6210\u5458\u3002\u4ed6\u4eec\u7531\u5b66\u4f1a\u4e2a\u4eba\u6210\u5458\u9009\u51fa\uff0c\u4efb\u671f\u516d\u5e74\u3002<br \/><br \/><\/p>\r\n<\/td>\r\n<td style=\"width: 42.5806%; height: 97px;\">\u7406\u4e8b\u4f1a\u6839\u636e\u9700\u8981\u51b3\u5b9a\u5176\u6210\u5458\u7684\u804c\u80fd\u3002\u7406\u4e8b\u4f1a\u6210\u5458\u5e94\u5c3d\u53ef\u80fd\u4e0e\u5b66\u4f1a\u6240\u4ee3\u8868\u7684\u5404\u4e2a\u5730\u7406\u533a\u57df\u76f8\u5bf9\u5e94\u3002<\/td>\r\n<\/tr>\r\n<tr style=\"height: 83px;\">\r\n<td style=\"width: 56.129%; height: 83px;\"><hr \/>\r\n<h3>\u56fd\u9645\u9676\u827a\u5b66\u4f1a\u7406\u4e8b\u4f1a<\/h3>\r\n<\/td>\r\n<td style=\"width: 42.5806%; height: 83px;\">\u00a0<\/td>\r\n<\/tr>\r\n<tr style=\"height: 716px;\">\r\n<td style=\"width: 56.129%; height: 716px;\">\r\n<p><span style=\"text-decoration: underline;\">\u4e3b\u5e2d 2024 - 2030<br \/>\u5357\u6b27\u4ee3\u8868<br \/><\/span>Oriol Calvo Verg\u00e9s, Spain<\/p>\r\n<p><span style=\"text-decoration: underline;\">\u8363\u8a89\u4e3b\u5e2d<\/span><br \/><span style=\"text-decoration: underline;\">\u65af\u582a\u7684\u7eb3\u7ef4\u4e9a\u4ee3\u8868<\/span><br \/>Torbj\u00f8rn Kvasb\u00f8, Norway<\/p>\r\n<p><span style=\"text-decoration: underline;\">\u526f\u4e3b\u5e2d 2023-2029<\/span><br \/><span style=\"text-decoration: underline;\">\u5fb7\u56fd\u548c\u5965\u5730\u5229\u4ee3\u8868<\/span><br \/>Monika Gass, Germany<\/p>\r\n<p><span style=\"text-decoration: underline;\">\u526f\u4e3b\u5e2d 2023-2029<br \/>\u4e1c\u5357\u4e9a\u548c\u5370\u5ea6\u5730\u533a\u4ee3\u8868<br \/><\/span>Pim Sudhikam, Thailand<br \/><br \/><\/p>\r\n<p><span style=\"text-decoration: underline;\">\u526f\u4e3b\u5e2d 2024-2030<br \/>\u5317\u7f8e\u5730\u533a\u4ee3\u8868 <\/span><br \/>Elaine Henry, USA<\/p>\r\n<p><span style=\"text-decoration: underline;\">\u8d22\u52a1\u4e3b\u7ba1 2024-2030<br \/><\/span>Lynn Frydman Kuhn, Switzerland<\/p>\r\n<\/td>\r\n<td style=\"width: 42.5806%; height: 716px;\">\r\n<p><span style=\"text-decoration: underline;\">\u5927\u6d0b\u6d32\u4ee3\u8868 2024-2030<\/span><br \/>Avi Amesbury, Australia<\/p>\r\n<p><span style=\"text-decoration: underline;\">\u62c9\u4e01\u7f8e\u6d32\u548c\u52a0\u52d2\u6bd4\u5730\u533a\u4ee3\u8868 2024-2030<\/span><br \/>Fanny Auger, Chile<\/p>\r\n<p><span style=\"text-decoration: underline;\">\u975e\u6d32\u4ee3\u8868 2024-2030<\/span><br \/>Ossama Emam, Egypt<\/p>\r\n<p><span style=\"text-decoration: underline;\">\u4e2d\u4e1c\u5730\u533a\u4ee3\u8868 2022-2028<\/span><br \/>Shamai Gibsh, Israel<\/p>\r\n<p><span style=\"text-decoration: underline;\">\u4e1c\u6b27\u5730\u533a\u4ee3\u8868 2022-2028<\/span><br \/>Hana Novotn\u00e1, Czech Republic<\/p>\r\n<p><span style=\"text-decoration: underline;\">\u97e9\u56fd\u4ee3\u8868 2024-2030<\/span><br \/>Misun Rheem, Republic of Korea<\/p>\r\n<p><span style=\"text-decoration: underline;\">\u745e\u58eb\u4ee3\u8868 2020-2026<\/span><br \/>Anja Seiler, Switzerland<\/p>\r\n<p><span style=\"text-decoration: underline;\">\u4e2d\u56fd\u4ee3\u8868 2020-2026<\/span><br \/>Liya WAN, China<\/p>\r\n<p><span style=\"text-decoration: underline;\">\u56fd\u9645\u9676\u74f7\u827a\u672f\u534f\u4f1a\uff08IAC\uff09\u4ee3\u8868\u52a0\u5165\u8054\u5408\u56fd\u6559\u80b2\u3001\u79d1\u5b66\u53ca\u6587\u5316\u7ec4\u7ec7\uff08UNESCO\uff09 2025-2031<\/span><br \/>Patty Wouters, Belgium<\/p>\r\n<p><span style=\"text-decoration: underline;\">\u65e5\u672c\u4ee3\u8868 2024-2030<\/span><br \/>Naho Yamashita, Japan<\/p>\r\n<p><span style=\"text-decoration: underline;\">\u82f1\u56fd\u3001\u7231\u5c14\u5170\u548c\u6bd4\u8377\u5362\u4e09\u56fd\u4ee3\u8868<\/span><br \/>Kay Aplin, United Kingdom<\/p>\r\n<\/td>\r\n<\/tr>\r\n<tr>\r\n<td><hr \/>\r\n<p><span style=\"text-decoration: underline;\">\u79d8\u4e66\u5904\u4e3b\u4efb<\/span><br \/>Karolina Johansson, Switzerland<\/p>\r\n<\/td>\r\n<td>\u00a0<\/td>\r\n<\/tr>\r\n<\/tbody>\r\n<\/table>\r\n<table style=\"width: 100%;\">\r\n<tbody>\r\n<tr>\r\n<td style=\"width: 1.6129%;\" colspan=\"2\">\r\n<p><img class=\"alignnone wp-image-90614 size-full\" src=\"https:\/\/www.aic-iac.org\/wp-content\/uploads\/New-Council-members-grid-1-scaled.png\" alt=\"\" width=\"2560\" height=\"2560\" \/><\/p>\r\n<\/td>\r\n<\/tr>\r\n<\/tbody>\r\n<\/table>\r\n<p>&nbsp;<\/p>","_zh_post_name":"conseil","_zh_post_excerpt":"\u7406\u4e8b\u4f1a\u753115-18\u540d\u6210\u5458\u7ec4\u6210\uff0c\u5176\u4e2d\u5305\u62ec\u8054\u5408\u56fd\u6559\u79d1\u6587\u7ec4\u7ec7\u4ee3\u8868\uff0c\u4ee5\u53ca\u65e0\u6295\u7968\u6743\u7684\u540d\u8a89\u548c\u884c\u653f\u804c\u4f4d","_zh_post_title":"IAC \u7406\u4e8b\u4f1a","_es_post_content":"<table style=\"width: 100%; height: 1348px;\">\r\n<tbody>\r\n<tr style=\"height: 452px;\">\r\n<td style=\"width: 98.7096%; height: 452px;\" colspan=\"2\">\r\n[caption id=\"attachment_75346\" align=\"alignnone\" width=\"1080\"]<img class=\"wp-image-75346 size-full\" src=\"https:\/\/www.aic-iac.org\/wp-content\/uploads\/IAC_Congress_Caldas-7.jpg\" alt=\"\" width=\"1080\" height=\"720\" \/> General Assembly 2024, Caldas da Rainha. Photo: Joana Gale\u00e3o.[\/caption]\r\n<\/td>\r\n<\/tr>\r\n<tr style=\"height: 97px;\">\r\n<td style=\"width: 55.8064%; height: 97px;\">\r\n<p>El Consejo est\u00e1 compuesto por entre 15 y 18 miembros, incluido el representante ante la UNESCO. Los miembros del Consejo deben ser miembros individuales. Son elegidos por un per\u00edodo de seis a\u00f1os por los miembros individuales de la Academia.<\/p>\r\n<\/td>\r\n<td style=\"width: 42.9032%; height: 97px;\">El Consejo decide las funciones de sus miembros de acuerdo a sus necesidades. La membres\u00eda del Consejo, en la medida de lo posible, se corresponde con las distintas regiones geogr\u00e1ficas representadas en la Academia.<\/td>\r\n<\/tr>\r\n<tr style=\"height: 83px;\">\r\n<td style=\"width: 55.8064%; height: 83px;\"><hr \/>\r\n<h3>El Consejo de la AIC<\/h3>\r\n<\/td>\r\n<td style=\"width: 42.9032%; height: 83px;\">\u00a0<\/td>\r\n<\/tr>\r\n<tr style=\"height: 716px;\">\r\n<td style=\"width: 55.8064%; height: 716px;\">\r\n<p><span style=\"text-decoration: underline;\">Presidente 2024 - 2030<br \/>Representante para Europa del Sur<br \/><\/span>Oriol Calvo Verg\u00e9s, Espa\u00f1a<\/p>\r\n<p><span style=\"text-decoration: underline;\">Presidente em\u00e9rito<\/span><br \/><span style=\"text-decoration: underline;\">Representante de Escandinavia<\/span><br \/>Torbj\u00f8rn Kvasb\u00f8, Noruega<\/p>\r\n<p><span style=\"text-decoration: underline;\">Vicepresidente 2023-2029<\/span><br \/><span style=\"text-decoration: underline;\">Representante por Alemania y Austria<\/span><br \/>Monika Gass, Alemania<\/p>\r\n<p><span style=\"text-decoration: underline;\">Vicepresidente 2023-2029<br \/>Representante para el sudeste asi\u00e1tico y la India<br \/><\/span>Pim Sudhikam, Tailandia<\/p>\r\n<p><span style=\"text-decoration: underline;\">Vicepresidente 2024-2030<br \/>Representative for North America<\/span><br \/>Elaine Henry, EE.UU.<\/p>\r\n<p><span style=\"text-decoration: underline;\">Tesorera 2024-2030<br \/><\/span>Lynn Frydman Kuhn, Suiza<\/p>\r\n<p>&nbsp;<\/p>\r\n<\/td>\r\n<td style=\"width: 42.9032%; height: 716px;\">\r\n<p><span style=\"text-decoration: underline;\">Representante para Ocean\u00eda 2024-2030<\/span><br \/>Avi Amesbury, Australia<\/p>\r\n<p><span style=\"text-decoration: underline;\">Representante para Am\u00e9rica Latina y el Caribe 2024-2030<\/span><br \/>Fanny Auger, Chile<\/p>\r\n<p><span style=\"text-decoration: underline;\">Representante para Africa 2024-2030<\/span><br \/>Ossama Emam, Egipto<\/p>\r\n<p><span style=\"text-decoration: underline;\">Representante para Oriente Medio 2022-2028<\/span><br \/>Shamai Gibsh, Israel<\/p>\r\n<p><span style=\"text-decoration: underline;\">Representante para Europa del Este 2022-2028<\/span><br \/>Hana Novotn\u00e1, Rep\u00fablica Checa<\/p>\r\n<p><span style=\"text-decoration: underline;\">Representante para Corea del Sur 2024-2030<\/span><br \/>Misun Rheem, Corea del Sur<\/p>\r\n<p><span style=\"text-decoration: underline;\">Representante para Suiza 2020-2026<\/span><br \/>Anja Seiler, Suiza<\/p>\r\n<p><span style=\"text-decoration: underline;\">Representante para China 2020-2026<\/span><br \/>Liya WAN, China<\/p>\r\n<p><span style=\"text-decoration: underline;\">Representante ante la UNESCO 2025-2031<\/span><br \/>Patty Wouters, B\u00e9lgica<\/p>\r\n<p><span style=\"text-decoration: underline;\">Representante para Jap\u00f3n 2024-2030<\/span><br \/>Naho Yamashita, Jap\u00f3n<\/p>\r\n<p><span style=\"text-decoration: underline;\">Representante para el Reino Unido, Irlanda y el Benelux<\/span><br \/>Kay Aplin, Reino Unido<\/p>\r\n<\/td>\r\n<\/tr>\r\n<tr>\r\n<td><hr \/>\r\n<p><span style=\"text-decoration: underline;\">Directora de la Secretar\u00eda<\/span><br \/>Karolina Johansson, Suiza<\/p>\r\n<\/td>\r\n<td>\u00a0<\/td>\r\n<\/tr>\r\n<\/tbody>\r\n<\/table>\r\n<table style=\"width: 100%;\">\r\n<tbody>\r\n<tr>\r\n<td style=\"width: 1.6129%;\" colspan=\"2\">\r\n<p><img class=\"alignnone wp-image-90614 size-full\" src=\"https:\/\/www.aic-iac.org\/wp-content\/uploads\/New-Council-members-grid-1-scaled.png\" alt=\"\" width=\"2560\" height=\"2560\" \/><\/p>\r\n<\/td>\r\n<\/tr>\r\n<\/tbody>\r\n<\/table>\r\n<p>&nbsp;<\/p>","_es_post_name":"conseil","_es_post_excerpt":"El Consejo de la AIC cuenta con 16 miembros de 16 pa\u00edses diferentes.","_es_post_title":"EL Consejo de la AIC","edit_language":"ja"},"class_list":["post-9934","page","type-page","status-publish","has-post-thumbnail","hentry"],"_links":{"self":[{"href":"https:\/\/www.aic-iac.org\/ja\/wp-json\/wp\/v2\/pages\/9934","targetHints":{"allow":["GET"]}}],"collection":[{"href":"https:\/\/www.aic-iac.org\/ja\/wp-json\/wp\/v2\/pages"}],"about":[{"href":"https:\/\/www.aic-iac.org\/ja\/wp-json\/wp\/v2\/types\/page"}],"author":[{"embeddable":true,"href":"https:\/\/www.aic-iac.org\/ja\/wp-json\/wp\/v2\/users\/4"}],"replies":[{"embeddable":true,"href":"https:\/\/www.aic-iac.org\/ja\/wp-json\/wp\/v2\/comments?post=9934"}],"version-history":[{"count":333,"href":"https:\/\/www.aic-iac.org\/ja\/wp-json\/wp\/v2\/pages\/9934\/revisions"}],"predecessor-version":[{"id":90732,"href":"https:\/\/www.aic-iac.org\/ja\/wp-json\/wp\/v2\/pages\/9934\/revisions\/90732"}],"up":[{"embeddable":true,"href":"https:\/\/www.aic-iac.org\/ja\/wp-json\/wp\/v2\/pages\/17368"}],"wp:featuredmedia":[{"embeddable":true,"href":"https:\/\/www.aic-iac.org\/ja\/wp-json\/wp\/v2\/media\/75346"}],"wp:attachment":[{"href":"https:\/\/www.aic-iac.org\/ja\/wp-json\/wp\/v2\/media?parent=9934"}],"curies":[{"name":"wp","href":"https:\/\/api.w.org\/{rel}","templated":true}]}}