{"id":23602,"date":"2016-06-21T16:18:41","date_gmt":"2016-06-21T16:18:41","guid":{"rendered":"http:\/\/www.aic-iac.org\/?page_id=23602"},"modified":"2016-06-21T16:21:55","modified_gmt":"2016-06-21T16:21:55","slug":"","status":"publish","type":"page","link":"https:\/\/www.aic-iac.org\/zh\/membres\/hommage\/edouard-chapallaz-1921-2016\/","title":{"rendered":"","raw":""},"content":{"rendered":"","protected":false,"raw":""},"excerpt":{"rendered":"","protected":false,"raw":""},"author":4,"featured_media":0,"parent":22303,"menu_order":0,"comment_status":"closed","ping_status":"closed","template":"","meta":{"_fr_post_content":"<table>\r\n<tbody>\r\n<tr>\r\n<td colspan=\"2\"><img class=\"alignnone size-full wp-image-23603\" src=\"https:\/\/www.aic-iac.org\/wp-content\/uploads\/Chappalaz.jpg\" alt=\"Chappalaz\" width=\"640\" height=\"426\" \/><\/td>\r\n<\/tr>\r\n<tr>\r\n<td colspan=\"2\">\u00a0<\/td>\r\n<\/tr>\r\n<tr>\r\n<td>\r\n<p>\u00c9douard Chapallaz (1921-2016) s\u2019est envol\u00e9 il y a quelques semaines pour le paradis des potiers. Avec lui dispara\u00eet l\u2019une des personnalit\u00e9s majeures de la c\u00e9ramique suisse de la seconde moiti\u00e9 du 20<sup>e<\/sup> si\u00e8cle. Form\u00e9 au m\u00e9tier de tourneur \u00e0 l\u2019\u00e9cole de Chavannes-Renens, o\u00f9 il fait la connaissance de Philippe Lambercy (1919-2006), il s\u2019engage dans l\u2019industrie comme tourneur puis directeur technique en Suisse al\u00e9manique puis dans le canton de Vaud. Ces ann\u00e9es pass\u00e9es dans l\u2019industrie c\u00e9ramique le doteront d\u2019un solide bagage technique.<\/p>\r\n<p>Chapallaz d\u00e9veloppe progressivement, le soir apr\u00e8s son travail, dans sa maison de Duillier (VD), un travail personnel de recherche sur le gr\u00e8s et les \u00e9maux. Il \u00e9prouvera un choc esth\u00e9tique, en visitant une exposition de porcelaine chinoise \u00e0 Paris, pour la formidable diversit\u00e9 et la profondeur des gla\u00e7ures orientales dont les appellations po\u00e9tiques le transportent\u00a0: \u00ab\u00a0bleu du ciel apr\u00e8s la pluie\u00a0\u00bb, \u00ab\u00a0poils de perdrix\u00a0\u00bb ou \u00ab\u00a0fourrure de li\u00e8vre\u00a0\u00bb.<\/p>\r\n<\/td>\r\n<td>\r\n<p>Afin d\u2019obtenir la cuisson en r\u00e9duction n\u00e9cessaire notamment \u00e0 la r\u00e9ussite du c\u00e9l\u00e8bre \u00e9mail au cuivre \u00ab\u00a0sang de b\u0153uf\u00a0\u00bb, Chapallaz d\u00e9veloppe une technique toute particuli\u00e8re en introduisant des hydrocarbures dans son four \u00e9lectrique. Au terme de longs et patients essais, il montre pour la premi\u00e8re fois ses travaux en 1957, sans grand succ\u00e8s. Rapidement cependant, les vases de Chapallaz rencontreront un engouement consid\u00e9rable, en Suisse comme \u00e0 l\u2019\u00e9tranger, provoquant m\u00eame des queues \u00e0 l\u2019ouverture des galeries.<\/p>\r\n<p>Outre quelques incursions dans le domaine de l\u2019architecture pour laquelle il r\u00e9alisera des murs d\u00e9coratifs, Chapallaz restera fid\u00e8le sa carri\u00e8re durant au contenant c\u00e9ramique, pi\u00e8ces uniques tourn\u00e9es aux formes g\u00e9n\u00e9reuses et aux \u00e9maux sublimes. Le Mus\u00e9e Ariana conserve une large collection de 181 \u0153uvres d\u2019\u00c9douard Chapallaz\u00a0; certains de ses vases \u00e9taient expos\u00e9s l\u2019an dernier lors de l\u2019exposition \u00ab\u00a0Artigas, Chapallaz de Montmollin \u2013 Chantres des \u00e9maux\u00a0\u00bb\u00a0; cette ann\u00e9e, il figure en bonne place dans la s\u00e9lection op\u00e9r\u00e9e au sein de la collection Frank Nievergelt, expos\u00e9e actuellement et g\u00e9n\u00e9reusement offerte \u00e0 notre institution par le collectionneur.<\/p>\r\n<p>Anne-Claire Schumacher<br \/> Conservatrice Mus\u00e9e Ariana<\/p>\r\n<\/td>\r\n<\/tr>\r\n<tr>\r\n<td>\u00a0<\/td>\r\n<td>\u00a0<\/td>\r\n<\/tr>\r\n<\/tbody>\r\n<\/table>\r\n<p>&nbsp;<\/p>","_fr_post_name":"edouard-chapallaz-1921-2016","_fr_post_excerpt":"","_fr_post_title":"\u00c9douard Chapallaz (1921-2016)","_en_post_content":"","_en_post_name":"","_en_post_excerpt":"","_en_post_title":"","_ja_post_content":"","_ja_post_name":"","_ja_post_excerpt":"","_ja_post_title":"","_zh_post_content":"","_zh_post_name":"","_zh_post_excerpt":"","_zh_post_title":"","_es_post_content":"","_es_post_name":"","_es_post_excerpt":"","_es_post_title":"","edit_language":"zh"},"class_list":["post-23602","page","type-page","status-publish","hentry"],"_links":{"self":[{"href":"https:\/\/www.aic-iac.org\/zh\/wp-json\/wp\/v2\/pages\/23602","targetHints":{"allow":["GET"]}}],"collection":[{"href":"https:\/\/www.aic-iac.org\/zh\/wp-json\/wp\/v2\/pages"}],"about":[{"href":"https:\/\/www.aic-iac.org\/zh\/wp-json\/wp\/v2\/types\/page"}],"author":[{"embeddable":true,"href":"https:\/\/www.aic-iac.org\/zh\/wp-json\/wp\/v2\/users\/4"}],"replies":[{"embeddable":true,"href":"https:\/\/www.aic-iac.org\/zh\/wp-json\/wp\/v2\/comments?post=23602"}],"version-history":[{"count":4,"href":"https:\/\/www.aic-iac.org\/zh\/wp-json\/wp\/v2\/pages\/23602\/revisions"}],"predecessor-version":[{"id":23609,"href":"https:\/\/www.aic-iac.org\/zh\/wp-json\/wp\/v2\/pages\/23602\/revisions\/23609"}],"up":[{"embeddable":true,"href":"https:\/\/www.aic-iac.org\/zh\/wp-json\/wp\/v2\/pages\/22303"}],"wp:attachment":[{"href":"https:\/\/www.aic-iac.org\/zh\/wp-json\/wp\/v2\/media?parent=23602"}],"curies":[{"name":"wp","href":"https:\/\/api.w.org\/{rel}","templated":true}]}}