{"id":29656,"date":"2017-09-28T10:08:47","date_gmt":"2017-09-28T10:08:47","guid":{"rendered":"http:\/\/www.aic-iac.org\/?page_id=29656"},"modified":"2023-04-26T11:58:52","modified_gmt":"2023-04-26T11:58:52","slug":"","status":"publish","type":"page","link":"https:\/\/www.aic-iac.org\/zh\/membres\/nouveaux-membres-2017\/","title":{"rendered":"","raw":""},"content":{"rendered":"","protected":false,"raw":""},"excerpt":{"rendered":"","protected":false,"raw":""},"author":1291,"featured_media":29658,"parent":8,"menu_order":0,"comment_status":"closed","ping_status":"closed","template":"","meta":{"_fr_post_content":"<table style=\"height: 265px;\" width=\"637\">\r\n<tbody>\r\n<tr>\r\n<td style=\"width: 610px;\">\r\n[caption id=\"attachment_29658\" align=\"alignnone\" width=\"940\"]<a href=\"https:\/\/www.aic-iac.org\/wp-content\/uploads\/Sangwoo-KIM-Autumn-2016.jpg\"><img class=\"wp-image-29658 size-large\" src=\"https:\/\/www.aic-iac.org\/wp-content\/uploads\/Sangwoo-KIM-Autumn-2016-940x628.jpg\" alt=\"\" width=\"940\" height=\"628\" \/><\/a> Sangwoo Kim, Autumn (2016)[\/caption]\r\n<p>&nbsp;<\/p>\r\n<\/td>\r\n<\/tr>\r\n<\/tbody>\r\n<\/table>\r\n<table style=\"width: 615.9266357421875px;\">\r\n<tbody>\r\n<tr>\r\n<td style=\"width: 275px;\">\r\n<h3>Bienvenue aux 152 nouveaux membres 2017 de l'Acad\u00e9mie<\/h3>\r\n<\/td>\r\n<td style=\"width: 327.9266357421875px;\">\u00a0<\/td>\r\n<\/tr>\r\n<tr>\r\n<td style=\"width: 275px;\">\u00a0<\/td>\r\n<td style=\"width: 327.9266357421875px;\">\u00a0<\/td>\r\n<\/tr>\r\n<tr>\r\n<td style=\"width: 275px;\">Cette \u00e9lection\u00a02017 a \u00e9t\u00e9 l'occasion de recevoir de nombreux\u00a0dossiers particuli\u00e8rement remarquables. L'AIC\u00a0remercie l'ensemble des candidats et des sponsors pour leur soutien au d\u00e9veloppement de ce r\u00e9seau de professionnels passionn\u00e9s de c\u00e9ramique.<\/td>\r\n<td style=\"width: 327.9266357421875px;\">\r\n<p>Vous pourrez d\u00e9couvrir les nouveaux membres en consultant leurs profils sur la webpage Membres. Les profils des artistes sont d\u00e9j\u00e0 en ligne et mise \u00e0 jour prochainement. Pour consulter la webpage Membres\u00a0cliquez <a href=\"https:\/\/www.aic-iac.org\/membres\/\">ici<\/a><\/p>\r\n<\/td>\r\n<\/tr>\r\n<\/tbody>\r\n<\/table>\r\n<table style=\"width: 617px;\">\r\n<tbody>\r\n<tr>\r\n<td style=\"width: 302.5516357421875px;\">\u00a0<\/td>\r\n<td style=\"width: 300.4483642578125px;\">\u00a0<\/td>\r\n<\/tr>\r\n<tr>\r\n<td style=\"width: 302.5516357421875px;\">\r\n<h3>Membres individuels :<\/h3>\r\n<p><span style=\"text-decoration: underline;\">Artiste<\/span><\/p>\r\n<ul>\r\n<li>Alharbi Saad, Kowe\u00eft<\/li>\r\n<li>\u00a0Ajdari\u00a0Behzad,\u00a0R\u00e9publique Islamique d'Iran<\/li>\r\n<li>Ariciu Ciprian, Roumanie<\/li>\r\n<li>Arish\u00a0Kourosh,\u00a0R\u00e9publique Islamique d'Iran<\/li>\r\n<li>Bartholomew Julie, Australie<\/li>\r\n<li>Basarab Vlad Constantin, Roumanie<\/li>\r\n<li>Becker Doris, Luxembourg<\/li>\r\n<li>Callas Peter, Etats-Unis<\/li>\r\n<li>Capati III Pablo K.,\u00a0Philippines<\/li>\r\n<li>Cappadoro Alejandrina, Argentine<\/li>\r\n<li>Cassell Halima, Royaume-Uni<\/li>\r\n<li>Cespedes Rossel Sonia, P\u00e9rou<\/li>\r\n<li>Chagu\u00e9 Thi\u00e9baut, France<\/li>\r\n<li>Cheong Thomas, Singapour<\/li>\r\n<li>Cheung Maria, Br\u00e9sil<\/li>\r\n<li>Cimatti Antonella, Italie<\/li>\r\n<li>Clerc Fabien, Suisse<\/li>\r\n<li>Coste Christine, France<\/li>\r\n<li>Crulis Patrick, France<\/li>\r\n<li>Dai Yuxiang, Chine<\/li>\r\n<li>Das Gupta Sharbani, Etats-Unis<\/li>\r\n<li>D\u00e1vila Diana, Etats-Unis<\/li>\r\n<li>Del Cueto Javier, Mexique<\/li>\r\n<li>Duchamp Karima, France<\/li>\r\n<li>Dyalvane Andile, Afrique du Sud<\/li>\r\n<li>Dychter Elizabeth, Argentine<\/li>\r\n<li>Emam Ossama, Egypte<\/li>\r\n<li>Fayyazi Bita, R\u00e9publique Islamique d'Iran<\/li>\r\n<li>Filsoofi Raheleh, Etats-Unis<\/li>\r\n<li>Forsberg Jennifer, Su\u00e8de<\/li>\r\n<li>Fraser Simone, Australie<\/li>\r\n<li>Geankoplis Nicholas, Chine<\/li>\r\n<li>Ghorbani Shabanali, R\u00e9publique Islamique d'Iran<\/li>\r\n<li>Gibsh Shamai, Isra\u00ebl<\/li>\r\n<li>Gonzales Noi, Philippines<\/li>\r\n<li>Griffith Roberta, Etats-Unis<\/li>\r\n<li>Gu Meiqun, Chine<\/li>\r\n<li>Harman Wen-Hsi, Taipei Chinois<\/li>\r\n<li>Harman Martin, Royaume-Uni<\/li>\r\n<li>Hellman \u00c5sa, Finlande<\/li>\r\n<li>Hemmatazad Hirbod, R\u00e9publique Islamique d'Iran<\/li>\r\n<li>Hosseini Rojhane, R\u00e9publique Islamique d'Iran<\/li>\r\n<li>Huang Yu-Ying, Taipei chinois<\/li>\r\n<li>Ichsan Nurdian, Indon\u00e9sie<\/li>\r\n<li>Inoue Hideki, Japon<\/li>\r\n<li>Jermyn Jane, Irlande<\/li>\r\n<li>Jiang Guoxing, Chine<\/li>\r\n<li>Jin Win, Chine<\/li>\r\n<li>J0 Wonjae<\/li>\r\n<li>Johnston Randy, Etats-Unis<\/li>\r\n<li>Jones Ian, Australie<\/li>\r\n<li>Kaibo Xiong, Chine<\/li>\r\n<li>Ke Huang, Chine<\/li>\r\n<li>Keighery Michael, Australie<\/li>\r\n<li>Khalaj\u00a0Nafiseh,\u00a0R\u00e9publique Islamique d'Iran<\/li>\r\n<li>Kim Sangwoo, France<\/li>\r\n<li>Kim Min Kyoung, Finlande<\/li>\r\n<li>Kosma Iosifina, Gr\u00e8ce<\/li>\r\n<li>Kotan Ipek, Pays-Bas<\/li>\r\n<li>Lantin Martina, Canada<\/li>\r\n<li>Lee Taxoo, R\u00e9publique de Cor\u00e9e<\/li>\r\n<li>Lee Boo Yun, R\u00e9publique de Cor\u00e9e<\/li>\r\n<li>Lehmann Pascale, Chili<\/li>\r\n<li>Leon Leon Patricia Maria, Equateur<\/li>\r\n<li>Li Yuhua, Chine<\/li>\r\n<li>Lim Jason, Singapour<\/li>\r\n<li>Liu Runfu, Chine<\/li>\r\n<li>Lucas Lilian Cheryl, Nouvelle-Z\u00e9lande<\/li>\r\n<li>Luenganantakul Krisaya, Tha\u00eflande<\/li>\r\n<li>Lynn Frydman Kuhn, Suisse<\/li>\r\n<li>Mahamart Amornthep, Tha\u00eflande<\/li>\r\n<li>Maillet Daniel, Br\u00e9sil<\/li>\r\n<li>M\u00e4kel\u00e4 Maarit, Finlande<\/li>\r\n<li>M\u00e4ki-Patola Leena, Finlande<\/li>\r\n<li>Ma\u00f1\u00e9 Guillermo Jorge, Argentine<\/li>\r\n<li>Marcet i Vila-Abadal Jordi i Rosa, Espagne<\/li>\r\n<li>March Paul, Suisse<\/li>\r\n<li>Marin Tere, Chili<\/li>\r\n<li>Mbembo Saint, R\u00e9publique D\u00e9mocratique du Congo<\/li>\r\n<li>Mbwanga Stanis, R\u00e9publique D\u00e9mocratique du Congo<\/li>\r\n<li>Mendoza Hadrian, Philippines<\/li>\r\n<li>Meng Fuwei, Chine<\/li>\r\n<li>Miller Lapidot Gila, Isra\u00ebl<\/li>\r\n<li>Mitchell Ryan, Chine<\/li>\r\n<li>Mohamad Shamsu, Malaisie<\/li>\r\n<li>Murray Paula, Canada<\/li>\r\n<li>Musatov Yuriy, Ukraine<\/li>\r\n<li>Myronowa Janina, Pologne<\/li>\r\n<li>Na Lisha, Chine<\/li>\r\n<li>Naitoh Megumi, Etats-Unis<\/li>\r\n<li>Ning Gang, Chine<\/li>\r\n<li>Nwe Soe Yu, Myanmar<\/li>\r\n<li>Palprame Supphaka, Tha\u00eflande<\/li>\r\n<li>Pauwels Marieke, Belgique<\/li>\r\n<li>Pavlinc Karel, Slov\u00e9nie<\/li>\r\n<li>Prvacki Delia Singapour<\/li>\r\n<li>Rakanovic Lana, Serbie<\/li>\r\n<li>Repina Yulia, F\u00e9d\u00e9ration de Russie<\/li>\r\n<li>Riordan Elaine, Irlande<\/li>\r\n<li>Robert Ocen, Ouganda<\/li>\r\n<li>Roos Stephanie, Allemagne<\/li>\r\n<li>Ruiz-Tagle Keka, Chili<\/li>\r\n<li>Sacchi Gabriella, Italie<\/li>\r\n<li>Sang Choon Nelson Lim, Singapour<\/li>\r\n<li>Satake Shoji, Etats-Unis<\/li>\r\n<li>Scotchie Virginia, Etats-Unis<\/li>\r\n<li>Setyawan Albert Yonathan, Japon<\/li>\r\n<li>Shen Min, Chine<\/li>\r\n<li>Sheybani\u00a0Gazaleh,\u00a0R\u00e9publique Islamique d'Iran<\/li>\r\n<li>Shibata Hitomi, Etats-Unis<\/li>\r\n<li>Spijkstra Ellen, Antilles N\u00e9erlandaises<\/li>\r\n<li>Subrahmanian madhvi, Singapour<\/li>\r\n<li>Taebi\u00a0Reza,\u00a0R\u00e9publique Islamique d'Iran<\/li>\r\n<li>Tan Teck Heng Alvin, Singapour<\/li>\r\n<li>Ten Kortenaar Maria, Pays-Bas<\/li>\r\n<li>Teo Huey Ling, Singapour<\/li>\r\n<li>Teo Huey Min, Singapour<\/li>\r\n<li>Tetsuya Tanaka, Japon<\/li>\r\n<li>Varga Judit, Hongrie<\/li>\r\n<li>Velarde Kukuli, P\u00e9rou<\/li>\r\n<li>Walk Sally, Australie<\/li>\r\n<li>Wang Shengli, Chine<\/li>\r\n<li>\u017dbontar Dani, Slov\u00e9nie<\/li>\r\n<li>Zhang Jingjing, Chine<\/li>\r\n<li>Zhang Ming, Chine<\/li>\r\n<li>Zhao Lantao, Chine<\/li>\r\n<li>Zhi Min, Chine<span style=\"text-decoration: underline;\"><br \/><\/span><br \/><br \/><\/li>\r\n<\/ul>\r\n<\/td>\r\n<td style=\"width: 300.4483642578125px;\">\r\n<p>&nbsp;<\/p>\r\n<p><span style=\"text-decoration: underline;\">Ambassadeur Culturel<\/span><\/p>\r\n<ul>\r\n<li>Cadez Dragica, Slov\u00e9nie<\/li>\r\n<li>Coll Jaime, Espagne<\/li>\r\n<li>de Almeida Silva Jose Luiz, Portugal<\/li>\r\n<li>Gracia Estefania, Colombie<\/li>\r\n<li>Marcher Mette Blum, Danemark<\/li>\r\n<\/ul>\r\n<p><span style=\"text-decoration: underline;\">Collectionneur<\/span><\/p>\r\n<ul>\r\n<li>Sabouret Viviane, France<\/li>\r\n<\/ul>\r\n<p><span style=\"text-decoration: underline;\">Conservateur<\/span><\/p>\r\n<ul>\r\n<li>Piechowski Cedric, Belgique<\/li>\r\n<\/ul>\r\n<p><span style=\"text-decoration: underline;\">Ecrivain<\/span><\/p>\r\n<ul>\r\n<li>Schoenmann Evelyne, Suisse<\/li>\r\n<li>Vivas Mart\u00ednez Wladimir, Espagne<\/li>\r\n<\/ul>\r\n<p><span style=\"text-decoration: underline;\">Galeriste<br \/><\/span><\/p>\r\n<ul>\r\n<li>Shacter Mayer, Mexique<\/li>\r\n<li>Ting Peter, Royaume-Uni<\/li>\r\n<\/ul>\r\n<p>&nbsp;<\/p>\r\n<h3>Membres collectifs :<\/h3>\r\n<p><span style=\"text-decoration: underline;\">Centre c\u00e9ramique<\/span><\/p>\r\n<ul>\r\n<li>Shangyu Celadon-Modern International Ceramic Art Center, Chine<\/li>\r\n<li>The Pottery Workshop, Chine<\/li>\r\n<li>Atelier Terre Croix-Baragnon, France<\/li>\r\n<li>Sundaymorning@ekwc, the European Ceramic Workcentre, Pays-Bas<\/li>\r\n<\/ul>\r\n<p><span style=\"text-decoration: underline;\">Ecole<\/span><\/p>\r\n<ul>\r\n<li>Werkschule - Werkstatt f\u00fcr Kunst und Kulturarbeit e.V., Allemagne<\/li>\r\n<li>La Meridiana International School of Ceramics, Italie<\/li>\r\n<li>Jingdezhen Ceramic Institute, Chine<\/li>\r\n<\/ul>\r\n<p><span style=\"text-decoration: underline;\">Galerie Associative<\/span><\/p>\r\n<ul>\r\n<li>Panev\u0117\u017eys Civic Art Gallery, Lituanie<\/li>\r\n<\/ul>\r\n<p><span style=\"text-decoration: underline;\">Mus\u00e9e<\/span><\/p>\r\n<ul>\r\n<li>Museo Internazionale delle Ceramiche in Faenza, Italie<\/li>\r\n<li>Beijing Guozhong Ceramics Museum, Chine<\/li>\r\n<li>Liling Ceramics Valley Museum, Chine<\/li>\r\n<li>Centre of Ceramic Art, York Art Gallery, Royaume-Uni<\/li>\r\n<li>Henan Museum, Chine<\/li>\r\n<\/ul>\r\n<p>&nbsp;<\/p>\r\n<p>&nbsp;<\/p>\r\n<\/td>\r\n<\/tr>\r\n<tr>\r\n<td style=\"width: 302.5516357421875px;\">\u00a0<\/td>\r\n<td style=\"width: 300.4483642578125px;\">\u00a0<\/td>\r\n<\/tr>\r\n<\/tbody>\r\n<\/table>\r\n<p>&nbsp;<\/p>","_fr_post_name":"nouveaux-membres-2017","_fr_post_excerpt":"Bienvenue aux nouveaux membres 2017 de l'Acad\u00e9mie","_fr_post_title":"Nouveaux Membres 2017","_en_post_content":"<table style=\"height: 265px;\" width=\"637\">\r\n<tbody>\r\n<tr>\r\n<td style=\"width: 610px;\">\r\n[caption id=\"attachment_29658\" align=\"alignnone\" width=\"940\"]<a href=\"https:\/\/www.aic-iac.org\/wp-content\/uploads\/Sangwoo-KIM-Autumn-2016.jpg\"><img class=\"wp-image-29658 size-large\" src=\"https:\/\/www.aic-iac.org\/wp-content\/uploads\/Sangwoo-KIM-Autumn-2016-940x628.jpg\" alt=\"\" width=\"940\" height=\"628\" \/><\/a> Sangwoo Kim, Autumn (2016)[\/caption]\r\n<p>&nbsp;<\/p>\r\n<\/td>\r\n<\/tr>\r\n<\/tbody>\r\n<\/table>\r\n<table style=\"width: 615.9266357421875px;\">\r\n<tbody>\r\n<tr>\r\n<td style=\"width: 275px;\">\r\n<h3>Welcome to the 152 new Members of the Academy\u00a0<\/h3>\r\n<\/td>\r\n<td style=\"width: 327.9266357421875px;\">\r\n<p>&nbsp;<\/p>\r\n<p>&nbsp;<\/p>\r\n<\/td>\r\n<\/tr>\r\n<tr>\r\n<td style=\"width: 275px;\">This year the IAC received outstanding applications and would like to thank the candidates and the sponsors for their support in the development of this network of enthusiastic professionals in ceramics.<\/td>\r\n<td style=\"width: 327.9266357421875px;\">Information about the new members is available on their individual pages and these will be updated soon. The artists\u2019 pages are already online on the Members webpage. To view the Members webpage click <a href=\"https:\/\/www.aic-iac.org\/en\/members\/\">here<\/a><\/td>\r\n<\/tr>\r\n<\/tbody>\r\n<\/table>\r\n<table style=\"width: 617px; height: 2592px;\">\r\n<tbody>\r\n<tr style=\"height: 19px;\">\r\n<td style=\"width: 302.546875px; height: 19px;\">\u00a0<\/td>\r\n<td style=\"width: 300.4375px; height: 19px;\">\u00a0<\/td>\r\n<\/tr>\r\n<tr style=\"height: 2554px;\">\r\n<td style=\"width: 302.546875px; height: 2554px;\">\r\n<h3>Individual Members:<\/h3>\r\n<p><span style=\"text-decoration: underline;\">Artist<\/span><\/p>\r\n<ul>\r\n<li>Alharbi Saad, Kuwait<\/li>\r\n<li>Ajdari\u00a0Behzad,\u00a0Islamic Republic of Iran<\/li>\r\n<li>Ariciu Ciprian, Romania<\/li>\r\n<li>Kourosh Arish,\u00a0Islamic Republic of Iran<\/li>\r\n<li>Bartholomew Julie, Australia<\/li>\r\n<li>Basarab Vlad Constantin, Romania<\/li>\r\n<li>Becker Doris, Luxembourg<\/li>\r\n<li>Callas Peter,\u00a0USA<\/li>\r\n<li>Capati III Pablo K.,\u00a0Philippines<\/li>\r\n<li>Cappadoro Alejandrina, Argentina<\/li>\r\n<li>Cassell Halima,\u00a0United Kingdom<\/li>\r\n<li>Cespedes Rossel Sonia,\u00a0Peru<\/li>\r\n<li>Chagu\u00e9 Thi\u00e9baut, France<\/li>\r\n<li>Cheong Thomas, Singapour<\/li>\r\n<li>Cheung Maria, Brasil<\/li>\r\n<li>Cimatti Antonella, Italia<\/li>\r\n<li>Clerc Fabien,\u00a0Switzerland<\/li>\r\n<li>Coste Christine, France<\/li>\r\n<li>Crulis Patrick, France<\/li>\r\n<li>Dai Yuxiang, China<\/li>\r\n<li>Das Gupta Sharbani,\u00a0USA<\/li>\r\n<li>D\u00e1vila Diana,\u00a0USA<\/li>\r\n<li>Del Cueto Javier,\u00a0Mexico<\/li>\r\n<li>Duchamp Karima, France<\/li>\r\n<li>Dyalvane Andile, South Africa<\/li>\r\n<li>Dychter Elizabeth, Argentina<\/li>\r\n<li>Emam Ossama, Egypt<\/li>\r\n<li>Fayyazi Bita, Islamic Republic of Iran<\/li>\r\n<li>Filsoofi Raheleh,\u00a0USA<\/li>\r\n<li>Forsberg Jennifer, Sweden<\/li>\r\n<li>Fraser Simone, Australia<\/li>\r\n<li>Geankoplis Nicholas, China<\/li>\r\n<li>Ghorbani Shabanali, Islamic Republic of Iran<\/li>\r\n<li>Gibsh Shamai, Israel<\/li>\r\n<li>Gonzales Noi, Philippines<\/li>\r\n<li>Griffith Roberta,\u00a0USA<\/li>\r\n<li>Gu Meiqun, China<\/li>\r\n<li>Harman Wen-Hsi,\u00a0Chinese Taipei<\/li>\r\n<li>Harman Martin, United Kingdom<\/li>\r\n<li>Hellman \u00c5sa, Finland<\/li>\r\n<li>Hemmatazad Hirbod, Islamic Republic of Iran<\/li>\r\n<li>Hosseini Rojhane, Islamic Republic of Iran<\/li>\r\n<li>Huang Yu-Ying, Chinese Taipei<\/li>\r\n<li>Ichsan Nurdian, Indonesia<\/li>\r\n<li>Inoue Hideki, Japan<\/li>\r\n<li>Jermyn Jane, Ireland<\/li>\r\n<li>Jiang Guoxing, China<\/li>\r\n<li>Jin Win, China<\/li>\r\n<li>J0 Wonjae, South Korea<\/li>\r\n<li>Johnston Randy,\u00a0USA<\/li>\r\n<li>Jones Ian, Australia<\/li>\r\n<li>Kaibo Xiong, China<\/li>\r\n<li>Ke Huang, China<\/li>\r\n<li>Keighery Michael, Australia<\/li>\r\n<li>Khalaj Nafiseh,\u00a0Islamic Republic of Iran<\/li>\r\n<li>Kim Sangwoo, France<\/li>\r\n<li>Kim Min Kyoung, Finland<\/li>\r\n<li>Kosma Iosifina, Greece<\/li>\r\n<li>Kotan Ipek, Netherlands<\/li>\r\n<li>Lantin Martina, Canada<\/li>\r\n<li>Lee Taxoo,\u00a0South Korea\u00a0<\/li>\r\n<li>Lee Boo Yun, South Korea<\/li>\r\n<li>Lehmann Pascale, Chile<\/li>\r\n<li>Leon Leon Patricia Maria, Equator<\/li>\r\n<li>Li Yuhua, China<\/li>\r\n<li>Lim Jason, Singapour<\/li>\r\n<li>Liu Runfu, China<\/li>\r\n<li>Lucas Lilian Cheryl, New Zealand<\/li>\r\n<li>Luenganantakul Krisaya, Thailand<\/li>\r\n<li>Lynn Frydman Kuhn, Switzerland<\/li>\r\n<li>Mahamart Amornthep, Thailand<\/li>\r\n<li>Maillet Daniel, Brasil<\/li>\r\n<li>M\u00e4kel\u00e4 Maarit, Finland<\/li>\r\n<li>M\u00e4ki-Patola Leena, Finland<\/li>\r\n<li>Ma\u00f1\u00e9 Guillermo Jorge, Argentina<\/li>\r\n<li>Marcet i Vila-Abadal Jordi i Rosa,\u00a0Spain<\/li>\r\n<li>March Paul, Switzerland<\/li>\r\n<li>Marin Tere, Chile<\/li>\r\n<li>Mbembo Saint, Democratic Republic of Congo<\/li>\r\n<li>Mbwanga Stanis, Democratic Republic of Congo<\/li>\r\n<li>Mendoza Hadrian, Philippines<\/li>\r\n<li>Meng Fuwei, China<\/li>\r\n<li>Miller Lapidot Gila, Israel<\/li>\r\n<li>Mitchell Ryan, China<\/li>\r\n<li>Mohamad Shamsu, Malaysia<\/li>\r\n<li>Murray Paula, Canada<\/li>\r\n<li>Musatov Yuriy, Ukraine<\/li>\r\n<li>Myronowa Janina, Poland<\/li>\r\n<li>Na Lisha, China<\/li>\r\n<li>Naitoh Megumi,\u00a0USA<\/li>\r\n<li>Ning Gang, China<\/li>\r\n<li>Nwe Soe Yu, Myanmar<\/li>\r\n<li>Palprame Supphaka, Thailand<\/li>\r\n<li>Pauwels Marieke, Belgium<\/li>\r\n<li>Pavlinc Karel, Slovenia<\/li>\r\n<li>Prvacki Delia Singapour<\/li>\r\n<li>Rakanovic Lana, Serbia<\/li>\r\n<li>Repina Yulia, Russian Federation<\/li>\r\n<li>Riordan Elaine, Ireland<\/li>\r\n<li>Robert Ocen, Uganda<\/li>\r\n<li>Roos Stephanie, Germany<\/li>\r\n<li>Ruiz-Tagle Keka, Chile<\/li>\r\n<li>Sacchi Gabriella, Italia<\/li>\r\n<li>Sang Choon Nelson Lim, Singapour<\/li>\r\n<li>Satake Shoji,\u00a0USA<\/li>\r\n<li>Scotchie Virginia,\u00a0USA<\/li>\r\n<li>Setyawan Albert Yonathan, Japan<\/li>\r\n<li>Shen Min, China<\/li>\r\n<li>Sheybani\u00a0Gazaleh,\u00a0Islamic Republic of Iran<\/li>\r\n<li>Shibata Hitomi,\u00a0USA<\/li>\r\n<li>Spijkstra Ellen, Netherlands Antilles<\/li>\r\n<li>Subrahmanian Madhvi, Singapour<\/li>\r\n<li>Taebi\u00a0Reza,\u00a0Islamic Republic of Iran<\/li>\r\n<li>Tan Teck Heng Alvin, Singapour<\/li>\r\n<li>Ten Kortenaar Maria, Netherlands<\/li>\r\n<li>Teo Huey Ling, Singapour<\/li>\r\n<li>Teo Huey Min, Singapour<\/li>\r\n<li>Tetsuya Tanaka, Japan<\/li>\r\n<li>Varga Judit, Hungary<\/li>\r\n<li>Velarde Kukuli, Peru<\/li>\r\n<li>Walk Sally, Australia<\/li>\r\n<li>Wang Shengli, China<\/li>\r\n<li>\u017dbontar Dani, Slovenia<\/li>\r\n<li>Zhang Jingjing, China<\/li>\r\n<li>Zhang Ming, China<\/li>\r\n<li>Zhao Lantao, China<\/li>\r\n<li>Zhi Min, China<span style=\"text-decoration: underline;\"><br \/><\/span><br \/><br \/><\/li>\r\n<\/ul>\r\n<\/td>\r\n<td style=\"width: 300.4375px; height: 2554px;\">\r\n<p>&nbsp;<\/p>\r\n<p><span style=\"text-decoration: underline;\">Cultural Ambassador<\/span><\/p>\r\n<ul>\r\n<li>Cadez Dragica, Slovenia<\/li>\r\n<li>Coll Jaime,\u00a0Spain<\/li>\r\n<li>de Almeida Silva Jose Luiz, Portugal<\/li>\r\n<li>Gracia Estefania, Colombia<\/li>\r\n<li>Marcher Mette Blum, Denmark<\/li>\r\n<\/ul>\r\n<p><span style=\"text-decoration: underline;\">Collector<\/span><\/p>\r\n<ul>\r\n<li>Sabouret Viviane, France<\/li>\r\n<\/ul>\r\n<p><span style=\"text-decoration: underline;\">Curator<\/span><\/p>\r\n<ul>\r\n<li>Piechowski Cedric, Belgium<\/li>\r\n<\/ul>\r\n<p><span style=\"text-decoration: underline;\">Writer<\/span><\/p>\r\n<ul>\r\n<li>Schoenmann Evelyne,\u00a0Switzerland<\/li>\r\n<li>Vivas Mart\u00ednez Wladimir,\u00a0Spain<\/li>\r\n<\/ul>\r\n<p><span style=\"text-decoration: underline;\">Gallerist<br \/><\/span><\/p>\r\n<ul>\r\n<li>Shacter Mayer, Mexico<\/li>\r\n<li>Ting Peter, United Kingdom<\/li>\r\n<\/ul>\r\n<p>&nbsp;<\/p>\r\n<h3>Affiliate Members:<\/h3>\r\n<p><span style=\"text-decoration: underline;\">Ceramic centre - residency<\/span><\/p>\r\n<ul>\r\n<li>Shangyu Celadon-Modern International Ceramic Art Center, China<\/li>\r\n<li>The Pottery Workshop, China<\/li>\r\n<li>Atelier Terre Croix-Baragnon, France<\/li>\r\n<li>Sundaymorning@ekwc, the European Ceramic Workcentre,\u00a0Netherlands<\/li>\r\n<\/ul>\r\n<p><span style=\"text-decoration: underline;\">School<\/span><\/p>\r\n<ul>\r\n<li>Werkschule - Werkstatt f\u00fcr Kunst und Kulturarbeit e.V.,\u00a0Germany<\/li>\r\n<li>La Meridiana International School of Ceramics, Italia<\/li>\r\n<li>Jingdezhen Ceramic Institute, China<\/li>\r\n<\/ul>\r\n<p><span style=\"text-decoration: underline;\">Gallery<\/span><\/p>\r\n<ul>\r\n<li>Panev\u0117\u017eys Civic Art Gallery, Lithuania<\/li>\r\n<\/ul>\r\n<p><span style=\"text-decoration: underline;\">Museum<\/span><\/p>\r\n<ul>\r\n<li>Museo Internazionale delle Ceramiche in Faenza, Italia<\/li>\r\n<li>Beijing Guozhong Ceramics Museum, China<\/li>\r\n<li>Liling Ceramics Valley Museum, China<\/li>\r\n<li>Centre of Ceramic Art, York Art Gallery, United Kingdom<\/li>\r\n<li>Henan Museum, China<\/li>\r\n<\/ul>\r\n<p>&nbsp;<\/p>\r\n<p>&nbsp;<\/p>\r\n<\/td>\r\n<\/tr>\r\n<tr style=\"height: 19px;\">\r\n<td style=\"width: 302.546875px; height: 19px;\">\u00a0<\/td>\r\n<td style=\"width: 300.4375px; height: 19px;\">\u00a0<\/td>\r\n<\/tr>\r\n<\/tbody>\r\n<\/table>\r\n<p>&nbsp;<\/p>","_en_post_name":"nouveaux-membres-2017","_en_post_excerpt":"Welcome to IAC's 2017 New Members","_en_post_title":"New Members 2017","_ja_post_content":"","_ja_post_name":"","_ja_post_excerpt":"","_ja_post_title":"","_zh_post_content":"","_zh_post_name":"","_zh_post_excerpt":"","_zh_post_title":"","_es_post_content":"","_es_post_name":"","_es_post_excerpt":"","_es_post_title":"","edit_language":"zh"},"class_list":["post-29656","page","type-page","status-publish","has-post-thumbnail","hentry"],"_links":{"self":[{"href":"https:\/\/www.aic-iac.org\/zh\/wp-json\/wp\/v2\/pages\/29656","targetHints":{"allow":["GET"]}}],"collection":[{"href":"https:\/\/www.aic-iac.org\/zh\/wp-json\/wp\/v2\/pages"}],"about":[{"href":"https:\/\/www.aic-iac.org\/zh\/wp-json\/wp\/v2\/types\/page"}],"author":[{"embeddable":true,"href":"https:\/\/www.aic-iac.org\/zh\/wp-json\/wp\/v2\/users\/1291"}],"replies":[{"embeddable":true,"href":"https:\/\/www.aic-iac.org\/zh\/wp-json\/wp\/v2\/comments?post=29656"}],"version-history":[{"count":47,"href":"https:\/\/www.aic-iac.org\/zh\/wp-json\/wp\/v2\/pages\/29656\/revisions"}],"predecessor-version":[{"id":41068,"href":"https:\/\/www.aic-iac.org\/zh\/wp-json\/wp\/v2\/pages\/29656\/revisions\/41068"}],"up":[{"embeddable":true,"href":"https:\/\/www.aic-iac.org\/zh\/wp-json\/wp\/v2\/pages\/8"}],"wp:featuredmedia":[{"embeddable":true,"href":"https:\/\/www.aic-iac.org\/zh\/wp-json\/wp\/v2\/media\/29658"}],"wp:attachment":[{"href":"https:\/\/www.aic-iac.org\/zh\/wp-json\/wp\/v2\/media?parent=29656"}],"curies":[{"name":"wp","href":"https:\/\/api.w.org\/{rel}","templated":true}]}}