{"id":48146,"date":"2020-11-19T11:46:22","date_gmt":"2020-11-19T11:46:22","guid":{"rendered":"https:\/\/www.aic-iac.org\/?page_id=48146"},"modified":"2021-06-18T12:07:29","modified_gmt":"2021-06-18T12:07:29","slug":"","status":"publish","type":"page","link":"https:\/\/www.aic-iac.org\/zh\/exposition-des-nouveaux-membres-de-laic-2020\/torbjorn-kvasbo-keynote\/","title":{"rendered":"","raw":""},"content":{"rendered":"","protected":false,"raw":""},"excerpt":{"rendered":"","protected":false,"raw":""},"author":379,"featured_media":48577,"parent":47831,"menu_order":10,"comment_status":"closed","ping_status":"closed","template":"","meta":{"_fr_post_content":"<table style=\"border-collapse: collapse; width: 100%; height: 2435px;\">\r\n<tbody>\r\n<tr style=\"height: 792px;\">\r\n<td style=\"width: 50%; height: 792px;\">\r\n<p>KEYNOTE SPEECH<\/p>\r\n<p>Dear friends and colleagues, a warm welcome to you!<\/p>\r\n<p>\"The complexity of Earth, Water, Air and Fire. The distance between these ancient building blocks and artworks in ceramics is surprisingly short.\" (from \u00abEarth, Wind, Fire, Water\u00bb, Arnoldsche Art Publisher).<\/p>\r\n<p>The goal of the IAC is to stimulate friendship and communication between professionals in the field of ceramics in all countries. The IAC develops and encourages all forms of international cooperation to promote ceramics and to encourage and maintain production at the highest level of quality in all ceramic cultures.<\/p>\r\n<p>In November 2019, the International Academy of Ceramics signed a Strategic Cooperation Agreement with Beijing\u2019s Guozhong Ceramic Research Institute (GIC) for the development of future projects. GIC is a nonprofit borderless institute for academic research, education and international exchange in the field of ceramics. GIC\u2019s mission is to provide funding for specific IAC-initiated projects as well as other ceramic projects. GIC\u2019s development objectives are consistent with the IAC\u2019s goals and mission.<\/p>\r\n<p>The theme of this seminar needs to be sharpened. New Trends in International Ceramic Art Development :\u00a0 there is much, or nothing to look at using this term.<\/p>\r\n<p>Trend is a word that breeds different connotations, and I, for my part, will interpret the word as Tendencies, which is not much more precise, but reflects my attitude to art as a lasting value.<\/p>\r\n<\/td>\r\n<td style=\"width: 50%; height: 792px;\">\r\n[caption id=\"attachment_48576\" align=\"alignright\" width=\"853\"]<a href=\"https:\/\/www.aic-iac.org\/torbjorn-kvasbo-keynote\/cluster-of-vases-oeu_ne-kime-7\/\" rel=\"attachment wp-att-48576\"><img class=\"wp-image-48576 size-full\" src=\"https:\/\/www.aic-iac.org\/wp-content\/uploads\/Cluster-of-Vases-\u00aeoeU_ne-Kime-7.jpeg\" alt=\"\" width=\"853\" height=\"1280\" \/><\/a> Torbj\u00f8rn Kvasb\u00f8, IAC President[\/caption]\r\n<br \/><br \/><a href=\"https:\/\/www.aic-iac.org\/torbjorn-kvasbo-keynote\/dsc00037-1\/\" rel=\"attachment wp-att-48579\"><br \/><\/a>\r\n<p>Since the topic is extensive, it will be very interesting to hear what the following speakers will specifically direct the content towards.<\/p>\r\n<p>There is content behind all art, such as utterances or language, about events, about nature. There is content behind all our members' statements, be it visually or in words and text or in actions. Artists are socially conscious and committed, and ceramic art deals with the same issues as all other art forms. Everything has content.<\/p>\r\n<\/td>\r\n<\/tr>\r\n<tr style=\"height: 10px;\">\r\n<td style=\"width: 50%; height: 10px;\">\u00a0<\/td>\r\n<td style=\"width: 50%; height: 10px;\"><hr \/><\/td>\r\n<\/tr>\r\n<tr style=\"height: 34px;\">\r\n<td style=\"width: 100%; height: 34px;\" colspan=\"2\">\u00a0<\/td>\r\n<\/tr>\r\n<tr style=\"height: 627px;\">\r\n<td style=\"width: 50%; height: 627px;\">\r\n<p>THE CLIMATE AND ENVIRONMENTAL CRISIS<\/p>\r\n<p>The climate and the environmental crisis constitute a cultural crisis. How we understand ourselves in the world and in nature, how we organize our lives and our society, and what we think about the future, are questions that force themselves forward in the face of the great changes that are taking place across the globe.<\/p>\r\n<p>Artists have long been concerned with climate and the environment. In literature, exhibitions and stage productions the death of bees is made visible, as is plastic waste, the sound of whales, the consequences of oil extraction and the relationship between climate destruction and social injustice.<\/p>\r\n<p>Does art have enough power to create change? Can cultural life find a new language for the challenges, promote action or come up with actual solutions?<\/p>\r\n<p>Is the cultural field in danger of becoming a naive echo chamber, and art purely a political tool? Is there room for the dilemmas and contradictions?<\/p>\r\n<p>What do young artists think about the art and life practice of the future? Are we moving towards a bleak future - or is there only now the momentum to really act?<\/p>\r\n<\/td>\r\n<td style=\"width: 50%; height: 627px;\">\r\n<p>&nbsp;<\/p>\r\n<p>Ceramists use various strategies, skills, and a deep knowledge of materials to address ongoing environmental issues. Many of the works in the New Members\u2019 Exhibition recognize the interdependence between humans, materials and organisms that we often overlook. Several works focus on the fragility of our earthly existence, where collaboration with materials places the artist in a position of deep connection with his surroundings, a piece of land, or with the material itself.<\/p>\r\n<p>We live in a time of enormous change in technology and science, at the same time as the environmental crisis requires discussions about our relationship with the material world.<\/p>\r\n<p>What crafts and ceramics represent, is a phenomenon relevant far beyond the field of visual art \u2013 the relationship between humans and materials. Craft artists are specialists in their chosen material, spending their entire career pushing the limits of what is possible within their materials\u2019 boundaries. They use their extensive material knowledge to address issues relating to humans, materials and the environment.<\/p>\r\n<p>Ceramists play an active role in this philosophical discourse, as specialists acting in the clay material.<\/p>\r\n<\/td>\r\n<\/tr>\r\n<tr>\r\n<td style=\"width: 50%;\">\u00a0<\/td>\r\n<td style=\"width: 50%;\"><hr \/><\/td>\r\n<\/tr>\r\n<tr style=\"height: 34px;\">\r\n<td style=\"width: 100%; height: 34px;\" colspan=\"2\">\u00a0<\/td>\r\n<\/tr>\r\n<tr style=\"height: 928px;\">\r\n<td style=\"width: 50%; height: 862px;\">\r\n<p>THE IAC'S ROLE IN A NEW WORLD<\/p>\r\n<p>Then, what is the International Academy of Ceramics in this world?<\/p>\r\n<p>The way we interact has already been changed since the world\u2019s collective lockdown, with the physical now more closely intertwined with the digital, and this development will provide more sophisticated digital interaction platforms as Skype, Teams and Zoom \u00a0soon become something everyone masters.<\/p>\r\n<p>Crisis often make the values we build on stronger and the value choices we make clearer. And out of major crisis, a stronger sense of community can grow. We find that we need each other for the most important things in life and in society.<\/p>\r\n<p>How do we develop the IAC for the future? What can continue as before the coronavirus pandemic, and what needs to change? Will we be able to continue to develop and adapt the IAC organization to become an increasingly relevant tool for our members? Will we be able to create enough meeting places, or must we develop alternative ways of meeting, and if so, which ones? Do we manage to keep the conversations going to maintain and develop the IAC's mission - empathy and thus peace, the interaction between people, and between nature and people?<\/p>\r\n<p>The IAC will increase the communication between its members, more professional information about each other's work, exhibitions and projects. We have the human resources within the framework of the IAC, between makers, writers, curators, collectors, institutions, and between all our members of all categories. We have to find ways to reduce our impact in terms of resource use and still develop ways to maintain or even increase cultural and cross-cultural exchanges.<\/p>\r\n<p>This is also a question of survival for the IAC. We need to think about how to organize our activities, individual and institutional, to meet the needs of today and tomorrow.<\/p>\r\n<\/td>\r\n<td style=\"width: 50%; height: 862px;\">\r\n<p>&nbsp;<\/p>\r\n<p>How to position the IAC in a post-Covid-19 society?<\/p>\r\n<p>To name a few key areas:<\/p>\r\n<ul>\r\n<li>Develop a vision for the future of the IAC: establish a think tank for tomorrow, mapping out the future by identifying major lines in the development of the IAC.<\/li>\r\n<li>To be enlightened and sensitive to future cultural, environmental and social issues, we must address future planning in a post-COVID environment and develop reflections to respond to these issues. These might include issues of sustainability, developing community, developing research groups, linking research groups, publishing position papers as research, organizing roundtable sessions, and developing ecological and social charters that map future activities of the IAC.<br \/><br \/><\/li>\r\n<li>To achieve global representation of IAC members<\/li>\r\n<li>Fundraising:\u00a0 Strengthen the IAC\u2019s finances so that the IAC is able to financially develop meaningful actions, from locally to globally.<br \/><br \/><\/li>\r\n<li>To continue to develop the IAC\/UNESCO partnership through diverse and proactive projects.<\/li>\r\n<\/ul>\r\n<p>We are continuously discovering new things about the world around us, and our place in it. The importance of being actively involved with our local surroundings in order to comprehend how even the smallest interventions in nature have direct and measurable consequences, provokes our need to constantly rethink and reorganise our priorities and behavioural patterns.\u00a0<\/p>\r\n<p>Thank you!<\/p>\r\n<\/td>\r\n<\/tr>\r\n<tr style=\"height: 19px;\">\r\n<td style=\"width: 100%; height: 19px;\" colspan=\"2\">\u00a0<\/td>\r\n<\/tr>\r\n<tr style=\"height: 19px;\">\r\n<td style=\"width: 100%; height: 19px;\" colspan=\"2\">\r\n<table style=\"width: 100%; border-collapse: collapse; background-color: #f5f7eb;\">\r\n<tbody>\r\n<tr>\r\n<td style=\"width: 50%;\">\r\n<p>&nbsp;<\/p>\r\n<p><span style=\"color: #808000;\">BIOGRAPHY<\/span><\/p>\r\n<p>Torbj\u00f8rn Kvasb\u00f8 (b. 1953) is one of Norway's most internationally renowned artists. He lives and works in Venabygd in Ringebu municipality.<\/p>\r\n<p>Kvasb\u00f8 studied at the Bergen Academy of the Arts, KHiB, in Norway. He was for many years the professor and Head of the Department of Ceramic Arts of HDK-Valand at the University of Gothenburg, Sweden, as well as the Head of the Department of Ceramics &amp; Glass at the Konstfack University of Arts, Crafts and Design in Stockholm, Sweden. He is affiliated with many art colleges, including art colleges in Oslo and Bergen, and the Royal College in London.\u00a0<\/p>\r\n<p>He is a major figure in Norwegian contemporary ceramics, noted for his large, sculptural works in plastic clay and his ceramic techniques.<\/p>\r\n<\/td>\r\n<td style=\"width: 50%;\">\r\n<p>&nbsp;<\/p>\r\n<p>&nbsp;<\/p>\r\n<p>Kvasb\u00f8 has participated in a large number of exhibitions in China, Korea, Europe, Australia and the United States, and is often invited to give lectures and workshops around the world. Artworks by Torbj\u00f8rn Kvasb\u00f8 are held in the collections of many art museums in Europe, U.S.A, China, Korea and Japan, as well as in most art museums in Norway. He has been awarded a number of prizes nationally and internationally.<\/p>\r\n<p>Torbj\u00f8rn Kvasb\u00f8 has been a\u00a0member of the International Academy of Ceramics (IAC) since 1990 and President of the International Academy of Ceramics (IAC) for the mandate of 2018-2024.<\/p>\r\n<\/td>\r\n<\/tr>\r\n<\/tbody>\r\n<\/table>\r\n<\/td>\r\n<\/tr>\r\n<tr style=\"height: 19px;\">\r\n<td style=\"width: 50%; height: 19px;\">\u00a0<\/td>\r\n<td style=\"width: 50%; height: 19px;\">\u00a0<\/td>\r\n<\/tr>\r\n<tr style=\"height: 19px;\">\r\n<td style=\"width: 50%; height: 19px;\">\u00a0<\/td>\r\n<td style=\"width: 50%; height: 19px;\">\u00a0<\/td>\r\n<\/tr>\r\n<\/tbody>\r\n<\/table>\r\n<p>&nbsp;<\/p>","_fr_post_name":"torbjorn-kvasbo-keynote","_fr_post_excerpt":"Keynote speech by Torbj\u00f8rn Kvasb\u00f8, IAC President 2018-2024 and IAC artist member since 1990. ","_fr_post_title":"Torbj\u00f8rn Kvasb\u00f8 - SEMINAR","_en_post_content":"","_en_post_name":"","_en_post_excerpt":"","_en_post_title":"","_ja_post_content":"","_ja_post_name":"","_ja_post_excerpt":"","_ja_post_title":"","_zh_post_content":"","_zh_post_name":"","_zh_post_excerpt":"","_zh_post_title":"","_es_post_content":"","_es_post_name":"","_es_post_excerpt":"","_es_post_title":"","edit_language":"zh"},"class_list":["post-48146","page","type-page","status-publish","has-post-thumbnail","hentry"],"_links":{"self":[{"href":"https:\/\/www.aic-iac.org\/zh\/wp-json\/wp\/v2\/pages\/48146","targetHints":{"allow":["GET"]}}],"collection":[{"href":"https:\/\/www.aic-iac.org\/zh\/wp-json\/wp\/v2\/pages"}],"about":[{"href":"https:\/\/www.aic-iac.org\/zh\/wp-json\/wp\/v2\/types\/page"}],"author":[{"embeddable":true,"href":"https:\/\/www.aic-iac.org\/zh\/wp-json\/wp\/v2\/users\/379"}],"replies":[{"embeddable":true,"href":"https:\/\/www.aic-iac.org\/zh\/wp-json\/wp\/v2\/comments?post=48146"}],"version-history":[{"count":13,"href":"https:\/\/www.aic-iac.org\/zh\/wp-json\/wp\/v2\/pages\/48146\/revisions"}],"predecessor-version":[{"id":64216,"href":"https:\/\/www.aic-iac.org\/zh\/wp-json\/wp\/v2\/pages\/48146\/revisions\/64216"}],"up":[{"embeddable":true,"href":"https:\/\/www.aic-iac.org\/zh\/wp-json\/wp\/v2\/pages\/47831"}],"wp:featuredmedia":[{"embeddable":true,"href":"https:\/\/www.aic-iac.org\/zh\/wp-json\/wp\/v2\/media\/48577"}],"wp:attachment":[{"href":"https:\/\/www.aic-iac.org\/zh\/wp-json\/wp\/v2\/media?parent=48146"}],"curies":[{"name":"wp","href":"https:\/\/api.w.org\/{rel}","templated":true}]}}