{"id":55957,"date":"2021-07-28T21:51:31","date_gmt":"2021-07-28T21:51:31","guid":{"rendered":"https:\/\/www.aic-iac.org\/?page_id=55957"},"modified":"2023-04-26T12:00:19","modified_gmt":"2023-04-26T12:00:19","slug":"","status":"publish","type":"page","link":"https:\/\/www.aic-iac.org\/zh\/membres\/nouveaux-membres-2019\/presentation-nouveaux-membres-2019\/","title":{"rendered":"","raw":""},"content":{"rendered":"","protected":false,"raw":""},"excerpt":{"rendered":"","protected":false,"raw":""},"author":4,"featured_media":56813,"parent":40809,"menu_order":0,"comment_status":"closed","ping_status":"closed","template":"","meta":{"_fr_post_content":"<table style=\"border-collapse: collapse; width: 100%; height: 657px;\">\r\n<tbody>\r\n<tr style=\"height: 541px;\">\r\n<td style=\"width: 50%; height: 541px;\" colspan=\"2\">\r\n<p>[embed]https:\/\/youtu.be\/4tAYgE-f8yk[\/embed]<\/p>\r\n<\/td>\r\n<\/tr>\r\n<tr>\r\n<td style=\"width: 50%;\">\r\n<h3>Bienvenue aux 224 nouveaux membres 2019 de l'Acad\u00e9mie.<\/h3>\r\n<\/td>\r\n<td style=\"width: 50%;\">\u00a0<\/td>\r\n<\/tr>\r\n<tr style=\"height: 97px;\">\r\n<td style=\"width: 50%; height: 97px;\">L'\u00e9lection 2019 a \u00e9t\u00e9 l'occasion de recevoir de nombreux dossiers particuli\u00e8rement remarquables. L'AIC remercie l'ensemble des candidats et des sponsors pour leur soutien au d\u00e9veloppement de ce r\u00e9seau de professionnels passionn\u00e9s de c\u00e9ramique.<\/td>\r\n<td style=\"width: 50%; height: 97px;\">Vous pourrez d\u00e9couvrir les nouveaux membres en consultant leurs profils qui seront mis \u00e0 jour prochainement sur la webpage Membres. Les profils des artistes sont d\u00e9j\u00e0 en ligne. Pour consulter la webpage Membres cliquez <a href=\"https:\/\/www.aic-iac.org\/membres\/\">ici<\/a><\/td>\r\n<\/tr>\r\n<\/tbody>\r\n<\/table>\r\n<p>&nbsp;<\/p>","_fr_post_name":"presentation-nouveaux-membres-2019","_fr_post_excerpt":"Vid\u00e9o d'introduction des nouveaux membres 2019.","_fr_post_title":"Pr\u00e9sentation des Nouveaux membres 2019","_en_post_content":"<table style=\"border-collapse: collapse; width: 100%; height: 116px;\">\r\n<tbody>\r\n<tr style=\"height: 19px;\">\r\n<td style=\"width: 50%; height: 19px;\" colspan=\"2\">\r\n<p>[embed]https:\/\/youtu.be\/4tAYgE-f8yk[\/embed]<\/p>\r\n<\/td>\r\n<\/tr>\r\n<tr>\r\n<td style=\"width: 50%;\">\r\n<h3>The Academy would like to welcome its 224 new members of 2019.<\/h3>\r\n<\/td>\r\n<td style=\"width: 50%;\">\u00a0<\/td>\r\n<\/tr>\r\n<tr style=\"height: 97px;\">\r\n<td style=\"width: 50%; height: 97px;\">This year the IAC received outstanding applications and would like to thank the candidates and the sponsors for their support in the development of this network of enthusiastic professionals in ceramics.<\/td>\r\n<td style=\"width: 50%; height: 97px;\">Information about the new members is available on their individual pages and these will be updated soon. The artists\u2019 pages are already online on the Members webpage. To view the Members webpage click <a href=\"https:\/\/www.aic-iac.org\/en\/members\/\">here<\/a><\/td>\r\n<\/tr>\r\n<\/tbody>\r\n<\/table>\r\n<p>&nbsp;<\/p>","_en_post_name":"presentation-nouveaux-membres-2019","_en_post_excerpt":"Introductory video of the new members of 2019.","_en_post_title":"Introducing 2019 New Members","_ja_post_content":"","_ja_post_name":"","_ja_post_excerpt":"","_ja_post_title":"","_zh_post_content":"","_zh_post_name":"","_zh_post_excerpt":"","_zh_post_title":"","_es_post_content":"","_es_post_name":"","_es_post_excerpt":"","_es_post_title":"","edit_language":"zh"},"class_list":["post-55957","page","type-page","status-publish","has-post-thumbnail","hentry"],"_links":{"self":[{"href":"https:\/\/www.aic-iac.org\/zh\/wp-json\/wp\/v2\/pages\/55957","targetHints":{"allow":["GET"]}}],"collection":[{"href":"https:\/\/www.aic-iac.org\/zh\/wp-json\/wp\/v2\/pages"}],"about":[{"href":"https:\/\/www.aic-iac.org\/zh\/wp-json\/wp\/v2\/types\/page"}],"author":[{"embeddable":true,"href":"https:\/\/www.aic-iac.org\/zh\/wp-json\/wp\/v2\/users\/4"}],"replies":[{"embeddable":true,"href":"https:\/\/www.aic-iac.org\/zh\/wp-json\/wp\/v2\/comments?post=55957"}],"version-history":[{"count":12,"href":"https:\/\/www.aic-iac.org\/zh\/wp-json\/wp\/v2\/pages\/55957\/revisions"}],"predecessor-version":[{"id":64261,"href":"https:\/\/www.aic-iac.org\/zh\/wp-json\/wp\/v2\/pages\/55957\/revisions\/64261"}],"up":[{"embeddable":true,"href":"https:\/\/www.aic-iac.org\/zh\/wp-json\/wp\/v2\/pages\/40809"}],"wp:featuredmedia":[{"embeddable":true,"href":"https:\/\/www.aic-iac.org\/zh\/wp-json\/wp\/v2\/media\/56813"}],"wp:attachment":[{"href":"https:\/\/www.aic-iac.org\/zh\/wp-json\/wp\/v2\/media?parent=55957"}],"curies":[{"name":"wp","href":"https:\/\/api.w.org\/{rel}","templated":true}]}}