{"id":9992,"date":"2014-12-07T15:05:11","date_gmt":"2014-12-07T15:05:11","guid":{"rendered":"http:\/\/www.aic-iac.org\/?page_id=9992"},"modified":"2025-12-17T13:07:39","modified_gmt":"2025-12-17T13:07:39","slug":"commissions","status":"publish","type":"page","link":"https:\/\/www.aic-iac.org\/zh\/academie\/commissions\/","title":{"rendered":"","raw":""},"content":{"rendered":"","protected":false,"raw":""},"excerpt":{"rendered":"","protected":false,"raw":""},"author":4,"featured_media":75871,"parent":17368,"menu_order":2,"comment_status":"closed","ping_status":"closed","template":"","meta":{"_fr_post_content":"<table style=\"width: 100%; height: 2185px;\">\r\n<tbody>\r\n<tr style=\"height: 452px;\">\r\n<td style=\"height: 452px;\" colspan=\"2\">\r\n[caption id=\"attachment_75871\" align=\"alignnone\" width=\"1080\"]<img class=\"size-full wp-image-75871\" src=\"https:\/\/www.aic-iac.org\/wp-content\/uploads\/IAC_Congress_Caldas-13.jpg\" alt=\"\" width=\"1080\" height=\"720\" \/> Tables rondes pendant le Congr\u00e8s AIC 2024 au Portugal. \u00a9 Joana Gale\u00e3o[\/caption]\r\n<\/td>\r\n<\/tr>\r\n<tr style=\"height: 121px;\">\r\n<td style=\"width: 49.3548%; height: 121px;\">\r\n<p>Afin de d\u00e9velopper son programme, l\u2019AIC peut<br \/>cr\u00e9er des Commissions charg\u00e9es d\u2019\u00e9tudier des aspects sp\u00e9cifiques li\u00e9s aux activit\u00e9s de l'Acad\u00e9mie qui n\u00e9cessitent des recommandations ou des propositions (voir Article 11).<\/p>\r\n<\/td>\r\n<td style=\"width: 49.3548%; height: 121px;\">\r\n<p>Les membres de l'AIC qui sont int\u00e9ress\u00e9s et qui pensent apporter par leur expertise des solutions pertinentes aux questions soulev\u00e9es sont invit\u00e9s \u00e0 prendre contact directement avec le conseiller qui pr\u00e9side la commission.<\/p>\r\n<\/td>\r\n<\/tr>\r\n<tr style=\"height: 79px;\">\r\n<td style=\"width: 49.3548%; height: 79px;\">\r\n<h3>Commissions actuelles<\/h3>\r\n<p>Le Conseil compte actuellement cinq commissions<\/p>\r\n<\/td>\r\n<td style=\"width: 49.3548%; height: 79px;\">\u00a0<\/td>\r\n<\/tr>\r\n<tr style=\"height: 1533px;\">\r\n<td style=\"width: 49.3548%; height: 1533px;\">\r\n<ul>\r\n<li>ARTICLES ET R\u00c8GLES INTERNES<\/li>\r\n<\/ul>\r\n<p>Mandat : Examiner et proposer des modifications aux statuts et au r\u00e8glement int\u00e9rieur de la AIC.<\/p>\r\n<p><span style=\"text-decoration: underline;\">Groupe<\/span> : <br \/>Anna Calluori Holcombe (Chair)<br \/>Elaine Henry (co-chair)<br \/>Ivan Albreht<br \/>Monika Gass<br \/>David Jones<br \/>Lynn Frydman Kuhn<br \/>Lee Middleman<br \/>Nikolaus Steindlm\u00fcller<br \/><br \/><br \/><\/p>\r\n<ul>\r\n<li>FINANCES<\/li>\r\n<\/ul>\r\n<p>Mandat: Examiner et \u00e9valuer la situation financi\u00e8re actuelle de l'AIC et proposer de nouvelles strat\u00e9gies fiscales.<\/p>\r\n<p><span style=\"text-decoration: underline;\">Groupe<\/span> :<br \/>Avi Amesbury (Chair)<br \/>Oriol Calvo Verg\u00e9s<br \/>Aileen Casta\u00f1eda<br \/>Alejandrina Cappadoro<br \/>Arturo Castillo Claudett\u00a0<br \/>Elizabeth Dychter<br \/>Lynn Frydman Kuhn<br \/>Monika Gass<br \/>Shamai Gibsh<br \/>Patricia Glave<br \/>Alejandra Jones<br \/>Linda Lighton<br \/>Lucrecia Palza<br \/>Rick Rogers<br \/>Mariel Tarela<br \/>Judit Varga<br \/>Catalina Vial<br \/>Vilma Villaverde<\/p>\r\n<p>&nbsp;<\/p>\r\n<p>&nbsp;<\/p>\r\n<\/td>\r\n<td style=\"width: 49.3548%; height: 1533px;\">\r\n<ul>\r\n<li>FUTURE FORMATS DE L'ASSEMBL\u00c9E G\u00c9N\u00c9RALE ET DU CONGR\u00c8S<\/li>\r\n<\/ul>\r\n<p>Mandat : envisager des formes alternatives plus durables pour l'organisation des futurs congr\u00e8s et assembl\u00e9es g\u00e9n\u00e9rales.<\/p>\r\n<p><span style=\"text-decoration: underline;\">Groupe<\/span> :<br \/>Anja Seiler (Chair)<br \/>Ray Chen<br \/>Micheal Strand<br \/>Jo\u00eblle Swanet<\/p>\r\n<p>&nbsp;<\/p>\r\n<ul>\r\n<li>COMMUNICATION<\/li>\r\n<\/ul>\r\n<p>Mandat : Mettre \u00e0 jour les canaux de communication de l'AIC : Site web, m\u00e9dias sociaux, lettres d'information et bulletin d'information.<\/p>\r\n<p><span style=\"text-decoration: underline;\">Groupe<\/span> :<br \/>Yoshinori Akazawa<br \/>Fanny Auger<br \/>Jenny Beavan<br \/>Julia Feld<br \/>Swanica Ligtenberg<br \/>Hana Novotna<br \/>Valentina Savic<br \/>Pim Sudhikam<\/p>\r\n<p>&nbsp;<\/p>\r\n<ul>\r\n<li>EXPOSITIONS<\/li>\r\n<\/ul>\r\n<p>Mandat : d\u00e9finir des protocoles pour les expositions des membres de l'AIC et explorer de nouvelles possibilit\u00e9s d'exposition.<br \/><br \/><span style=\"text-decoration: underline;\">Groupe<\/span> :<br \/>Cesar Forero<br \/>Monika Gass<br \/>Phyllis Kudder Sullivan<br \/>Patty Wouters<br \/>Adil Writer<br \/><br \/><\/p>\r\n<\/td>\r\n<\/tr>\r\n<\/tbody>\r\n<\/table>\r\n<p>&nbsp;<\/p>\r\n<p>&nbsp;<\/p>\r\n<p>&nbsp;<\/p>\r\n<p>&nbsp;<\/p>\r\n<p>&nbsp;<\/p>\r\n<p>&nbsp;<\/p>","_fr_post_name":"commissions","_fr_post_excerpt":"Une institution comme l'AIC soul\u00e8ve d'int\u00e9ressantes questions, afin d'y r\u00e9pondre efficacement le Conseil a cr\u00e9\u00e9 plusieurs commissions. ","_fr_post_title":"Les commissions de l'AIC","_en_post_content":"<table style=\"width: 100.161%; height: 1173px;\">\r\n<tbody>\r\n<tr>\r\n<td colspan=\"2\">\r\n[caption id=\"attachment_75871\" align=\"alignnone\" width=\"1080\"]<img class=\"size-full wp-image-75871\" src=\"https:\/\/www.aic-iac.org\/wp-content\/uploads\/IAC_Congress_Caldas-13.jpg\" alt=\"\" width=\"1080\" height=\"720\" \/> Roundtables during the 2024 IAC Congress in Portugal. \u00a9 Joana Gale\u00e3o[\/caption]\r\n<\/td>\r\n<\/tr>\r\n<tr>\r\n<td>\r\n<p>To carry out its programme, the IAC may create Commissions or working groups to study particular aspects of the Academy's activities and make recommendations or proposals (see Article 11).<\/p>\r\n<\/td>\r\n<td>IAC members who are interested and would like to offer their expertise and reflections on the issues raised below are invited to make direct contact with the\u00a0 chair of the committee.<\/td>\r\n<\/tr>\r\n<tr>\r\n<td>\r\n<h3>Current Commissions<\/h3>\r\n<p>The Council currently has five commissions.<\/p>\r\n<\/td>\r\n<td>\u00a0<\/td>\r\n<\/tr>\r\n<tr>\r\n<td>\r\n<ul>\r\n<li>ARTICLES AND INTERNAL RULES<\/li>\r\n<\/ul>\r\n<p>Mandate: To review and suggest modifications to the IAC Articles and Internal Rules.<\/p>\r\n<p><span style=\"text-decoration: underline;\">Members:<\/span> <br \/>Anna Calluori Holcombe (Chair)<br \/>Elaine Henry (co-chair)<br \/>Ivan Albreht<br \/>Monika Gass<br \/>David Jones<br \/>Lynn Frydman Kuhn<br \/>Lee Middleman<br \/>Nikolaus Steindlm\u00fcller<\/p>\r\n<p>&nbsp;<\/p>\r\n<ul>\r\n<li>FINANCE<\/li>\r\n<\/ul>\r\n<p>Mandate: To examine and evaluate the IAC financial situation and propose new fiscal strategies<span style=\"text-decoration: underline;\">.<br \/><\/span><\/p>\r\n<p><span style=\"text-decoration: underline;\">Members:<\/span><br \/>Avi Amesbury (Chair)<br \/>Oriol Calvo-Verg\u00e9s<br \/>Aileen Casta\u00f1eda<br \/>Alejandrina Cappadoro<br \/>Arturo Castillo Claudett\u00a0<br \/>Elizabeth Dychter<br \/>Lynn Frydman Kuhn<br \/>Monika Gass<br \/>Shamai Gibsh<br \/>Patricia Glave<br \/>Alejandra Jones<br \/>Linda Lighton<br \/>Lucrecia Palza<br \/>Rick Rogers<br \/>Mariel Tarela<br \/>Judit Varga<br \/>Catalina Vial<br \/>Vilma Villaverde<\/p>\r\n<\/td>\r\n<td>\r\n<ul>\r\n<li>FUTURE FORMATS OF GENERAL ASSEMBLY AND CONGRESS<\/li>\r\n<\/ul>\r\n<p>Mandate: To imagine new more sustainable forms of organising future congresses and general assemblies.<\/p>\r\n<p><span style=\"text-decoration: underline;\">Members:<\/span><br \/>Anja Seiler (Chair)<br \/>Ray Chen<br \/>Micheal Strand<br \/>Jo\u00eblle Swanet<\/p>\r\n<p>&nbsp;<\/p>\r\n<ul>\r\n<li>COMMUNICATION<\/li>\r\n<\/ul>\r\n<p>Mandate: To update IAC communication channels, from the website to social media, newsletters and bulletins<\/p>\r\n<p><span style=\"text-decoration: underline;\">Members:<\/span><br \/>Yoshinori Akazawa<br \/>Fanny Auger<br \/>Jenny Beavan<br \/>Julia Feld<br \/>Swanica Ligtenberg<br \/>Hana Novotna<br \/>Valentina Savic<br \/>Pim Sudhikam<\/p>\r\n<p>&nbsp;<\/p>\r\n<ul>\r\n<li>EXHIBITIONS<\/li>\r\n<\/ul>\r\n<p>Mandate: Define protocols for future IAC member exhibitions and develop new exhibition opportunities.<\/p>\r\n<p>Cesar Forero<br \/>Monika Gass<br \/>Phyllis Kudder Sullivan<br \/>Patty Wouters<br \/>Adil Writer<\/p>\r\n<\/td>\r\n<\/tr>\r\n<\/tbody>\r\n<\/table>\r\n<p>&nbsp;<\/p>\r\n<p>&nbsp;<\/p>\r\n<p>&nbsp;<\/p>\r\n<p>&nbsp;<\/p>\r\n<p>&nbsp;<\/p>\r\n<p>&nbsp;<\/p>","_en_post_name":"commissions","_en_post_excerpt":"An institution like the IAC raises interesting issues. In order to respond effectively to these questions the Council has established various committees.","_en_post_title":"IAC Commissions\u2028\u2028","_ja_post_content":"","_ja_post_name":"commisions","_ja_post_excerpt":"","_ja_post_title":"","_zh_post_content":"","_zh_post_name":"commissions","_zh_post_excerpt":"","_zh_post_title":"","_es_post_content":"","_es_post_name":"commissions","_es_post_excerpt":"","_es_post_title":"","edit_language":"zh"},"class_list":["post-9992","page","type-page","status-publish","has-post-thumbnail","hentry"],"_links":{"self":[{"href":"https:\/\/www.aic-iac.org\/zh\/wp-json\/wp\/v2\/pages\/9992","targetHints":{"allow":["GET"]}}],"collection":[{"href":"https:\/\/www.aic-iac.org\/zh\/wp-json\/wp\/v2\/pages"}],"about":[{"href":"https:\/\/www.aic-iac.org\/zh\/wp-json\/wp\/v2\/types\/page"}],"author":[{"embeddable":true,"href":"https:\/\/www.aic-iac.org\/zh\/wp-json\/wp\/v2\/users\/4"}],"replies":[{"embeddable":true,"href":"https:\/\/www.aic-iac.org\/zh\/wp-json\/wp\/v2\/comments?post=9992"}],"version-history":[{"count":164,"href":"https:\/\/www.aic-iac.org\/zh\/wp-json\/wp\/v2\/pages\/9992\/revisions"}],"predecessor-version":[{"id":89679,"href":"https:\/\/www.aic-iac.org\/zh\/wp-json\/wp\/v2\/pages\/9992\/revisions\/89679"}],"up":[{"embeddable":true,"href":"https:\/\/www.aic-iac.org\/zh\/wp-json\/wp\/v2\/pages\/17368"}],"wp:featuredmedia":[{"embeddable":true,"href":"https:\/\/www.aic-iac.org\/zh\/wp-json\/wp\/v2\/media\/75871"}],"wp:attachment":[{"href":"https:\/\/www.aic-iac.org\/zh\/wp-json\/wp\/v2\/media?parent=9992"}],"curies":[{"name":"wp","href":"https:\/\/api.w.org\/{rel}","templated":true}]}}